{"id":90602,"date":"2026-04-01T00:01:00","date_gmt":"2026-04-01T04:01:00","guid":{"rendered":"https:\/\/milesopedia.com\/best-credit-cards-in-canada\/retirees\/"},"modified":"2026-04-01T14:35:07","modified_gmt":"2026-04-01T18:35:07","slug":"retirees","status":"publish","type":"page","link":"https:\/\/milesopedia.com\/en\/best-credit-cards-in-canada\/retirees\/","title":{"rendered":"Best Credit Cards for Retirees \u2013 April 2026"},"content":{"rendered":"<div class=\"wpb-content-wrapper\"><p>[vc_row][vc_column][vc_column_text css=&#8221;&#8221;]<\/p>\n<p>These 3 credit cards offer insurance packages that are particularly well suited to young retirees.<\/p>\n<p>[\/vc_column_text][vc_column_text css=&#8221;&#8221;]<\/p>\n<p>Here is a table summarizing the different offers. They are the best both for the points they earn and for the travel insurance they offer for those <a href=\"https:\/\/milesopedia.com\/en\/personal-finance\/insurance\/travel-insurance-65-and-over\/\" target=\"_blank\" rel=\"noopener\">aged 65 and over<\/a>. For more details, read on or click on the name of a card.<\/p>\n<p>[\/vc_column_text]<div class=\"wpb_content_element wpb_miles_element\">\t\t<div\n\t\t\t\tdata-template='compare'\n\t\t\t\tdata-post_type='card'\n\t\t\t\tdata-per_page='4'\n\t\t\t\tclass='deferred_container--preload container_card container_template--compare container_count--3'\n\n\t\t\t\t\t\t\t\t\tdata-tag=\"card_id\"\n\t\t\t\t\t\t\tdata-post_ids=\"22642,401432,22641\"\n\t\t\t\t\t\t\tdata-utm=\"wpb\"\n\t\t\t\t\t\t\t>\n\t\t\n    <div class=\"card card-list card-list-header\">\n        <div class=\"shimmer shimmer-bar shimmer-dark shimmer-bar--short card-specs--title\"><\/div>\n        <div class=\"shimmer shimmer-bar shimmer-dark shimmer-bar--short card-specs--title\"><\/div>\n    <\/div>\n\n\n<div class=\"card card-list\">\n\n\t<div class=\"card-list--grid\">\n\n\t\t<div class=\"card-list--card\">\n\t\t\t<div class=\"card-graphic-cta shimmer shimmer-card\"><\/div>\n\t\t<\/div>\n\n\t\t<div class=\"card-list--title-offer\">\n\n\t\t\t<div class=\"card--title\">\n\t\t\t\t<div class=\"shimmer shimmer-bar\"><\/div>\n\t\t\t<\/div>\n\n\t\t\t<div class=\"card-list--offer\">\n\t\t\t\t<div class=\"shimmer shimmer-bar\"><\/div>\n\t\t\t<\/div>\n\n\t\t<\/div>\n\n\t\t<div>\n\t\t\t<div class=\"card--apply\">\n\t\t\t\t<div class=\"shimmer shimmer-btn\"><\/div>\n\t\t\t<\/div>\n\t\t<\/div>\n\n\t<\/div>\n\n<\/div>\n<div class=\"card card-list\">\n\n\t<div class=\"card-list--grid\">\n\n\t\t<div class=\"card-list--card\">\n\t\t\t<div class=\"card-graphic-cta shimmer shimmer-card\"><\/div>\n\t\t<\/div>\n\n\t\t<div class=\"card-list--title-offer\">\n\n\t\t\t<div class=\"card--title\">\n\t\t\t\t<div class=\"shimmer shimmer-bar\"><\/div>\n\t\t\t<\/div>\n\n\t\t\t<div class=\"card-list--offer\">\n\t\t\t\t<div class=\"shimmer shimmer-bar\"><\/div>\n\t\t\t<\/div>\n\n\t\t<\/div>\n\n\t\t<div>\n\t\t\t<div class=\"card--apply\">\n\t\t\t\t<div class=\"shimmer shimmer-btn\"><\/div>\n\t\t\t<\/div>\n\t\t<\/div>\n\n\t<\/div>\n\n<\/div>\n<div class=\"card card-list\">\n\n\t<div class=\"card-list--grid\">\n\n\t\t<div class=\"card-list--card\">\n\t\t\t<div class=\"card-graphic-cta shimmer shimmer-card\"><\/div>\n\t\t<\/div>\n\n\t\t<div class=\"card-list--title-offer\">\n\n\t\t\t<div class=\"card--title\">\n\t\t\t\t<div class=\"shimmer shimmer-bar\"><\/div>\n\t\t\t<\/div>\n\n\t\t\t<div class=\"card-list--offer\">\n\t\t\t\t<div class=\"shimmer shimmer-bar\"><\/div>\n\t\t\t<\/div>\n\n\t\t<\/div>\n\n\t\t<div>\n\t\t\t<div class=\"card--apply\">\n\t\t\t\t<div class=\"shimmer shimmer-btn\"><\/div>\n\t\t\t<\/div>\n\t\t<\/div>\n\n\t<\/div>\n\n<\/div>\t\t<\/div>\n\n\t\t<\/div>[\/vc_column][\/vc_row][vc_row][vc_column][vc_custom_heading text=&#8221;National Bank World Elite Mastercard&#8221; el_id=&#8221;national_bank_world_elite_mastercard&#8221;]<p>With Milesopedia, <strong>enjoy an exclusive offer to get up to 50,000 points<\/strong> with the National Bank World Elite Mastercard. This offer is <strong>exclusively available through the Milesopedia network<\/strong> and allows you to quickly earn points by following these steps:<\/p>\n<ul>\n<li><strong>10,000 reward points<\/strong> upon enrollment in your credit card payment protection, for a minimum of 3 months of membership.<\/li>\n<li><strong>10,000 points<\/strong> when you make $5,000 in net purchases within the first 3 months.<\/li>\n<li><strong>20,000 points<\/strong> when you reach $20,000 in purchases within the first 12 months.<\/li>\n<li><strong>10,000 points<\/strong> when you combine your credit card with the opening of your first current account within 7 days of your credit card application.<\/li>\n<\/ul>\n<p>The <strong>National Bank World Elite Mastercard<\/strong> is the best Mastercard credit card offered by NBC.<\/p>\n<p>With this card, you earn up to <strong>5 points per dollar<\/strong> on your purchases:<\/p>\n<ul>\n<li>5 points per dollar for groceries and restaurants<\/li>\n<li>2 points per dollar on gas and electric recharge purchases<\/li>\n<li>2 points per dollar on recurring bills<\/li>\n<li>2 points per dollar on \u00c0 la carte Travel<\/li>\n<li>1 point per dollar for all other purchases<\/li>\n<\/ul>\n<p>And since it&rsquo;s an NBC mycredit <strong>Mastercard<\/strong>, you can use it at Costco.<\/p>\n<p>With this card, you have access to a <strong>$150 annual travel credit<\/strong> that you can use in any of these categories:<\/p>\n<ul>\n<li>Airport parking<\/li>\n<li>Baggage fees<\/li>\n<li>Seat selection<\/li>\n<li>Access to Airport Lounges<\/li>\n<li>Flight upgrades<\/li>\n<\/ul>\n<p>What&rsquo;s more, you can enjoy access to DragonPass airport lounges and unlimited access to the National Bank Lounge at Montreal-Trudeau.<\/p>\n<p>Finally, Milesopedia has named the National Bank World Elite Mastercard as the <strong>Best Travel Credit Card<\/strong> in 2023, 2024, 2025, and 2026.<\/p>\n<div class=\"wpb_content_element wpb_miles_element\">\t\t<div\n\t\t\t\tdata-template='m-h'\n\t\t\t\tdata-post_type='card'\n\t\t\t\tdata-per_page='5'\n\t\t\t\tclass='deferred_container--preload container_card container_template--m-h container_count--1'\n\n\t\t\t\t\t\t\t\t\tdata-tag=\"card_id\"\n\t\t\t\t\t\t\tdata-post_ids=\"401432\"\n\t\t\t\t\t\t\tdata-utm=\"wpb\"\n\t\t\t\t\t\t\t>\n\t\t<div class=\"card\">\n\t<div class=\"card--grid\">\n\n\t\t<div class=\"card--img-outer\">\n\t\t\t<div class=\"card--img\">\n\t\t\t\t<div class=\"shimmer shimmer-card\"><\/div>\n\t\t\t<\/div>\n\t\t<\/div>\n\n\t\t<div class=\"card--title-offer-selling\">\n\t\t\t<div class=\"card--title-offer\">\n\t\t\t\t<div class=\"shimmer shimmer-bar\"><\/div>\n\t\t\t\t<div class=\"shimmer shimmer-bar\"><\/div>\n\t\t\t<\/div>\n\t\t\t<div class=\"card--selling-points\">\n\t\t\t\t<div class=\"shimmer shimmer-bar shimmer-bar--short\"><\/div>\n\t\t\t\t<div class=\"shimmer shimmer-bar shimmer-bar--short\"><\/div>\n\t\t\t\t<div class=\"shimmer shimmer-bar shimmer-bar--short\"><\/div>\n\t\t\t<\/div>\n\t\t<\/div>\n\n\t\t<div class=\"card--apply\">\n\t\t\t<div class=\"apply-btn\">\n\t\t\t\t<div class=\"shimmer shimmer-btn\"><\/div>\n\t\t\t<\/div>\n\t\t<\/div>\n\n\t<\/div>\n<\/div>\t\t<\/div>\n\n\t\t<\/div>[\/vc_column][\/vc_row][vc_row][vc_column][vc_custom_heading text=&#8221;Scotiabank Platinum American Express<sup>&reg;<\/sup> Card&#8221; el_id=&#8221;scotiabank_platinum_american_express_card&#8221;]<p>For a limited time, by subscribing to Scotiabank Platinum American Express\u00ae Card, you can earn up to <strong>80,000 points<\/strong>. That&rsquo;s <strong>a value of $800<\/strong> for trips including Airbnb.<\/p>\n<p>With Scotiabank Platinum American Express\u00ae Card, you earn <strong>2 points per dollar spent on all your purchases<\/strong>. You can redeem your points on travel purchases (flights, hotels, all-inclusive and even Airbnb). And you can also use them for other rewards in the Scene+ program, such as cash back.<\/p>\n<p>What&rsquo;s more, with this card you pay <strong>no fees for foreign currency transactions<\/strong>, and you get 10 free accesses to airport VIP lounges like Priority Pass and Premium Plaza.<\/p>\n<p>And you get excellent insurance for your travels or purchases, concierge service, and exclusive American Express Offers (American Express Invites Program).<\/p>\n<div class=\"wpb_content_element wpb_miles_element\">\t\t<div\n\t\t\t\tdata-template='m-h'\n\t\t\t\tdata-post_type='card'\n\t\t\t\tdata-per_page='5'\n\t\t\t\tclass='deferred_container--preload container_card container_template--m-h container_count--1'\n\n\t\t\t\t\t\t\t\t\tdata-tag=\"card_id\"\n\t\t\t\t\t\t\tdata-post_ids=\"22641\"\n\t\t\t\t\t\t\tdata-utm=\"wpb\"\n\t\t\t\t\t\t\t>\n\t\t<div class=\"card\">\n\t<div class=\"card--grid\">\n\n\t\t<div class=\"card--img-outer\">\n\t\t\t<div class=\"card--img\">\n\t\t\t\t<div class=\"shimmer shimmer-card\"><\/div>\n\t\t\t<\/div>\n\t\t<\/div>\n\n\t\t<div class=\"card--title-offer-selling\">\n\t\t\t<div class=\"card--title-offer\">\n\t\t\t\t<div class=\"shimmer shimmer-bar\"><\/div>\n\t\t\t\t<div class=\"shimmer shimmer-bar\"><\/div>\n\t\t\t<\/div>\n\t\t\t<div class=\"card--selling-points\">\n\t\t\t\t<div class=\"shimmer shimmer-bar shimmer-bar--short\"><\/div>\n\t\t\t\t<div class=\"shimmer shimmer-bar shimmer-bar--short\"><\/div>\n\t\t\t\t<div class=\"shimmer shimmer-bar shimmer-bar--short\"><\/div>\n\t\t\t<\/div>\n\t\t<\/div>\n\n\t\t<div class=\"card--apply\">\n\t\t\t<div class=\"apply-btn\">\n\t\t\t\t<div class=\"shimmer shimmer-btn\"><\/div>\n\t\t\t<\/div>\n\t\t<\/div>\n\n\t<\/div>\n<\/div>\t\t<\/div>\n\n\t\t<\/div>[\/vc_column][\/vc_row][vc_row][vc_column][vc_custom_heading text=&#8221;Scotiabank Passport\u2122 Visa Infinite* Card&#8221; el_id=&#8221;scotiabank_passport_visa_infinite_card&#8221;]<p>With this welcome offer for the <strong>Scotiabank Passport Visa Infinite Card<\/strong>, you get up to <strong>60,000 bonus Scene+ points<\/strong> (a <strong>$600 value<\/strong>):<\/p>\n<ul>\n<li><strong>40,000 points<\/strong> after $2,000 in purchases within the first three months<\/li>\n<li><strong>10,000 points<\/strong> after $10,000 in purchases within the first six months<\/li>\n<li>10,000 points after $40,000 in purchases in the first year<\/li>\n<\/ul>\n<p>Then, each year, if you make at least $40,000 in purchases on the card, you&rsquo;ll earn an annual bonus of at least 10,000 points, <strong>a value of $100<\/strong>. <\/p>\n<p>With the Scotiabank Passport Visa Infinite Card, you earn <strong>3 points per dollar spent<\/strong> at Sobeys, <strong>IGA<\/strong>, Safeway, Foodland, FreshCo, Voil\u00e0 by Sobeys, Voil\u00e0 by IGA, Voil\u00e0 by Safeway, Chalo! FreshCo, Thrifty Foods, IGA West, Les March\u00e9s Tradition, Rachelle B\u00e9ry and Co-Op. <\/p>\n<p>You&rsquo;ll also earn <strong>2 points for every dollar you spend, <\/strong>including on foreign purchases, in the following categories:<\/p>\n<ul>\n<li>Grocery shopping<\/li>\n<li>Restaurants<\/li>\n<li>Entertainment centers<\/li>\n<li>Transit<\/li>\n<\/ul>\n<p>The Scotiabank Visa Infinite Passport is an excellent Visa credit card for this type of purchase.<\/p>\n<p>These points can be used against any travel purchase at the rate of <strong><strong>1,000<\/strong> points = $10<\/strong> (flights, hotels, all-inclusives and even Airbnb). You can also redeem your points for cash back at Scene+, for example, at your local grocery store checkout at the same rate of 1,000 points = $10. <\/p>\n<p>The Scotiabank Visa Infinite Passport also offers&nbsp;:<\/p>\n<ul>\n<li><strong>No fees for foreign currency transactions<\/strong><\/li>\n<li>6 access to VIP airport lounges<\/li>\n<li>Excellent insurance for your travels and purchases<\/li>\n<li>Concierge service<\/li>\n<\/ul>\n<p>We have named this credit card the <strong>Best Credit Card with No Foreign Transaction Fees<\/strong> in 2024, 2025, and 2026.<\/p>\n<div class=\"wpb_content_element wpb_miles_element\">\t\t<div\n\t\t\t\tdata-template='m-h'\n\t\t\t\tdata-post_type='card'\n\t\t\t\tdata-per_page='3'\n\t\t\t\tclass='deferred_container--preload container_card container_template--m-h container_count--1'\n\n\t\t\t\t\t\t\t\t\tdata-tag=\"card_id\"\n\t\t\t\t\t\t\tdata-post_ids=\"22642\"\n\t\t\t\t\t\t\tdata-utm=\"wpb\"\n\t\t\t\t\t\t\t>\n\t\t<div class=\"card\">\n\t<div class=\"card--grid\">\n\n\t\t<div class=\"card--img-outer\">\n\t\t\t<div class=\"card--img\">\n\t\t\t\t<div class=\"shimmer shimmer-card\"><\/div>\n\t\t\t<\/div>\n\t\t<\/div>\n\n\t\t<div class=\"card--title-offer-selling\">\n\t\t\t<div class=\"card--title-offer\">\n\t\t\t\t<div class=\"shimmer shimmer-bar\"><\/div>\n\t\t\t\t<div class=\"shimmer shimmer-bar\"><\/div>\n\t\t\t<\/div>\n\t\t\t<div class=\"card--selling-points\">\n\t\t\t\t<div class=\"shimmer shimmer-bar shimmer-bar--short\"><\/div>\n\t\t\t\t<div class=\"shimmer shimmer-bar shimmer-bar--short\"><\/div>\n\t\t\t\t<div class=\"shimmer shimmer-bar shimmer-bar--short\"><\/div>\n\t\t\t<\/div>\n\t\t<\/div>\n\n\t\t<div class=\"card--apply\">\n\t\t\t<div class=\"apply-btn\">\n\t\t\t\t<div class=\"shimmer shimmer-btn\"><\/div>\n\t\t\t<\/div>\n\t\t<\/div>\n\n\t<\/div>\n<\/div>\t\t<\/div>\n\n\t\t<\/div>[\/vc_column][\/vc_row]<\/p>\n<\/div>","protected":false},"excerpt":{"rendered":"<p>[vc_row][vc_column][vc_column_text css=&#8221;&#8221;] These 3 credit cards offer insurance packages that are particularly well suited to young retirees. [\/vc_column_text][vc_column_text css=&#8221;&#8221;] Here is a table summarizing the different offers. They are the best both for the points they earn and for the travel insurance they offer for those aged 65 and over. For more details, read on [&hellip;]<\/p>","protected":false},"author":3,"featured_media":98787,"parent":207228,"menu_order":0,"comment_status":"closed","ping_status":"closed","template":"page-toc.php","meta":{"_acf_changed":false,"_relevanssi_hide_post":"","_relevanssi_hide_content":"","_relevanssi_pin_for_all":"","_relevanssi_pin_keywords":"","_relevanssi_unpin_keywords":"","_relevanssi_related_keywords":"","_relevanssi_related_include_ids":"","_relevanssi_related_exclude_ids":"","_relevanssi_related_no_append":"","_relevanssi_related_not_related":"","_relevanssi_related_posts":"","_relevanssi_noindex_reason":"","footnotes":""},"tags":[],"mc_loyalty_program":[],"class_list":["post-90602","page","type-page","status-publish","has-post-thumbnail","hentry"],"acf":[],"yoast_head":"<!-- This site is optimized with the Yoast SEO Premium plugin v27.4 (Yoast SEO v27.4) - https:\/\/yoast.com\/product\/yoast-seo-premium-wordpress\/ -->\n<title>Best credit cards for retirees | April 2026 | Milesopedia<\/title>\n<meta name=\"description\" content=\"Discover the best credit cards for retirees. Tailored offers and practical guide for April 2026 on Milesopedia.\" \/>\n<meta name=\"robots\" content=\"index, follow, max-snippet:-1, max-image-preview:large, max-video-preview:-1\" \/>\n<link rel=\"canonical\" href=\"https:\/\/milesopedia.com\/en\/best-credit-cards-in-canada\/retirees\/\" \/>\n<meta property=\"og:locale\" content=\"en_US\" \/>\n<meta property=\"og:type\" content=\"article\" \/>\n<meta property=\"og:title\" content=\"Best Credit Cards for Retirees \u2013 April 2026\" \/>\n<meta property=\"og:description\" content=\"Discover the best credit cards for retirees. Tailored offers and practical guide for April 2026 on Milesopedia.\" \/>\n<meta property=\"og:url\" content=\"https:\/\/milesopedia.com\/en\/best-credit-cards-in-canada\/retirees\/\" \/>\n<meta property=\"og:site_name\" content=\"Milesopedia\" \/>\n<meta property=\"article:publisher\" content=\"https:\/\/www.facebook.com\/milesopedia\" \/>\n<meta property=\"article:modified_time\" content=\"2026-04-01T18:35:07+00:00\" \/>\n<meta property=\"og:image\" content=\"https:\/\/milesopedia.com\/wp-content\/uploads\/2020\/09\/retraites-featured-scaled.jpg\" \/>\n\t<meta property=\"og:image:width\" content=\"1600\" \/>\n\t<meta property=\"og:image:height\" content=\"840\" \/>\n\t<meta property=\"og:image:type\" content=\"image\/jpeg\" \/>\n<meta name=\"twitter:card\" content=\"summary_large_image\" \/>\n<meta name=\"twitter:site\" content=\"@milesopedia\" \/>\n<script type=\"application\/ld+json\" class=\"yoast-schema-graph\">{\"@context\":\"https:\\\/\\\/schema.org\",\"@graph\":[{\"@type\":\"WebPage\",\"@id\":\"https:\\\/\\\/milesopedia.com\\\/en\\\/best-credit-cards-in-canada\\\/retirees\\\/\",\"url\":\"https:\\\/\\\/milesopedia.com\\\/en\\\/best-credit-cards-in-canada\\\/retirees\\\/\",\"name\":\"Best credit cards for retirees | April 2026 | Milesopedia\",\"isPartOf\":{\"@id\":\"https:\\\/\\\/milesopedia.com\\\/en\\\/#website\"},\"primaryImageOfPage\":{\"@id\":\"https:\\\/\\\/milesopedia.com\\\/en\\\/best-credit-cards-in-canada\\\/retirees\\\/#primaryimage\"},\"image\":{\"@id\":\"https:\\\/\\\/milesopedia.com\\\/en\\\/best-credit-cards-in-canada\\\/retirees\\\/#primaryimage\"},\"thumbnailUrl\":\"https:\\\/\\\/milesopedia.com\\\/wp-content\\\/uploads\\\/2020\\\/09\\\/retraites-featured-scaled.jpg\",\"datePublished\":\"2026-04-01T04:01:00+00:00\",\"dateModified\":\"2026-04-01T18:35:07+00:00\",\"description\":\"Discover the best credit cards for retirees. Tailored offers and practical guide for April 2026 on Milesopedia.\",\"inLanguage\":\"en-CA\",\"potentialAction\":[{\"@type\":\"ReadAction\",\"target\":[\"https:\\\/\\\/milesopedia.com\\\/en\\\/best-credit-cards-in-canada\\\/retirees\\\/\"]}]},{\"@type\":\"ImageObject\",\"inLanguage\":\"en-CA\",\"@id\":\"https:\\\/\\\/milesopedia.com\\\/en\\\/best-credit-cards-in-canada\\\/retirees\\\/#primaryimage\",\"url\":\"https:\\\/\\\/milesopedia.com\\\/wp-content\\\/uploads\\\/2020\\\/09\\\/retraites-featured-scaled.jpg\",\"contentUrl\":\"https:\\\/\\\/milesopedia.com\\\/wp-content\\\/uploads\\\/2020\\\/09\\\/retraites-featured-scaled.jpg\",\"width\":1600,\"height\":840,\"caption\":\"featured retirees\"},{\"@type\":\"WebSite\",\"@id\":\"https:\\\/\\\/milesopedia.com\\\/en\\\/#website\",\"url\":\"https:\\\/\\\/milesopedia.com\\\/en\\\/\",\"name\":\"Milesopedia\",\"description\":\"Programmes de fid\u00e9lit\u00e9 et cartes de cr\u00e9dit au Canada\",\"publisher\":{\"@id\":\"https:\\\/\\\/milesopedia.com\\\/en\\\/#organization\"},\"potentialAction\":[{\"@type\":\"SearchAction\",\"target\":{\"@type\":\"EntryPoint\",\"urlTemplate\":\"https:\\\/\\\/milesopedia.com\\\/en\\\/?s={search_term_string}\"},\"query-input\":{\"@type\":\"PropertyValueSpecification\",\"valueRequired\":true,\"valueName\":\"search_term_string\"}}],\"inLanguage\":\"en-CA\"},{\"@type\":\"Organization\",\"@id\":\"https:\\\/\\\/milesopedia.com\\\/en\\\/#organization\",\"name\":\"Milesopedia Canada\",\"alternateName\":\"Milesopedia\",\"url\":\"https:\\\/\\\/milesopedia.com\\\/en\\\/\",\"logo\":{\"@type\":\"ImageObject\",\"inLanguage\":\"en-CA\",\"@id\":\"https:\\\/\\\/milesopedia.com\\\/en\\\/#\\\/schema\\\/logo\\\/image\\\/\",\"url\":\"https:\\\/\\\/milesopedia.com\\\/wp-content\\\/uploads\\\/2023\\\/01\\\/MILESOPEDIA-logo-cmjn-black-V3@4x.png\",\"contentUrl\":\"https:\\\/\\\/milesopedia.com\\\/wp-content\\\/uploads\\\/2023\\\/01\\\/MILESOPEDIA-logo-cmjn-black-V3@4x.png\",\"width\":1600,\"height\":261,\"caption\":\"Milesopedia Canada\"},\"image\":{\"@id\":\"https:\\\/\\\/milesopedia.com\\\/en\\\/#\\\/schema\\\/logo\\\/image\\\/\"},\"sameAs\":[\"https:\\\/\\\/www.facebook.com\\\/milesopedia\",\"https:\\\/\\\/x.com\\\/milesopedia\",\"https:\\\/\\\/www.linkedin.com\\\/company\\\/milesopedia\",\"https:\\\/\\\/www.tiktok.com\\\/@milesopedia\",\"https:\\\/\\\/www.youtube.com\\\/milesopedia\"]}]}<\/script>\n<!-- \/ Yoast SEO Premium plugin. -->","yoast_head_json":{"title":"Best credit cards for retirees | April 2026 | Milesopedia","description":"Discover the best credit cards for retirees. Tailored offers and practical guide for April 2026 on Milesopedia.","robots":{"index":"index","follow":"follow","max-snippet":"max-snippet:-1","max-image-preview":"max-image-preview:large","max-video-preview":"max-video-preview:-1"},"canonical":"https:\/\/milesopedia.com\/en\/best-credit-cards-in-canada\/retirees\/","og_locale":"en_US","og_type":"article","og_title":"Best Credit Cards for Retirees \u2013 April 2026","og_description":"Discover the best credit cards for retirees. Tailored offers and practical guide for April 2026 on Milesopedia.","og_url":"https:\/\/milesopedia.com\/en\/best-credit-cards-in-canada\/retirees\/","og_site_name":"Milesopedia","article_publisher":"https:\/\/www.facebook.com\/milesopedia","article_modified_time":"2026-04-01T18:35:07+00:00","og_image":[{"width":1600,"height":840,"url":"https:\/\/milesopedia.com\/wp-content\/uploads\/2020\/09\/retraites-featured-scaled.jpg","type":"image\/jpeg"}],"twitter_card":"summary_large_image","twitter_site":"@milesopedia","schema":{"@context":"https:\/\/schema.org","@graph":[{"@type":"WebPage","@id":"https:\/\/milesopedia.com\/en\/best-credit-cards-in-canada\/retirees\/","url":"https:\/\/milesopedia.com\/en\/best-credit-cards-in-canada\/retirees\/","name":"Best credit cards for retirees | April 2026 | Milesopedia","isPartOf":{"@id":"https:\/\/milesopedia.com\/en\/#website"},"primaryImageOfPage":{"@id":"https:\/\/milesopedia.com\/en\/best-credit-cards-in-canada\/retirees\/#primaryimage"},"image":{"@id":"https:\/\/milesopedia.com\/en\/best-credit-cards-in-canada\/retirees\/#primaryimage"},"thumbnailUrl":"https:\/\/milesopedia.com\/wp-content\/uploads\/2020\/09\/retraites-featured-scaled.jpg","datePublished":"2026-04-01T04:01:00+00:00","dateModified":"2026-04-01T18:35:07+00:00","description":"Discover the best credit cards for retirees. Tailored offers and practical guide for April 2026 on Milesopedia.","inLanguage":"en-CA","potentialAction":[{"@type":"ReadAction","target":["https:\/\/milesopedia.com\/en\/best-credit-cards-in-canada\/retirees\/"]}]},{"@type":"ImageObject","inLanguage":"en-CA","@id":"https:\/\/milesopedia.com\/en\/best-credit-cards-in-canada\/retirees\/#primaryimage","url":"https:\/\/milesopedia.com\/wp-content\/uploads\/2020\/09\/retraites-featured-scaled.jpg","contentUrl":"https:\/\/milesopedia.com\/wp-content\/uploads\/2020\/09\/retraites-featured-scaled.jpg","width":1600,"height":840,"caption":"featured retirees"},{"@type":"WebSite","@id":"https:\/\/milesopedia.com\/en\/#website","url":"https:\/\/milesopedia.com\/en\/","name":"Milesopedia","description":"Programmes de fid\u00e9lit\u00e9 et cartes de cr\u00e9dit au Canada","publisher":{"@id":"https:\/\/milesopedia.com\/en\/#organization"},"potentialAction":[{"@type":"SearchAction","target":{"@type":"EntryPoint","urlTemplate":"https:\/\/milesopedia.com\/en\/?s={search_term_string}"},"query-input":{"@type":"PropertyValueSpecification","valueRequired":true,"valueName":"search_term_string"}}],"inLanguage":"en-CA"},{"@type":"Organization","@id":"https:\/\/milesopedia.com\/en\/#organization","name":"Milesopedia Canada","alternateName":"Milesopedia","url":"https:\/\/milesopedia.com\/en\/","logo":{"@type":"ImageObject","inLanguage":"en-CA","@id":"https:\/\/milesopedia.com\/en\/#\/schema\/logo\/image\/","url":"https:\/\/milesopedia.com\/wp-content\/uploads\/2023\/01\/MILESOPEDIA-logo-cmjn-black-V3@4x.png","contentUrl":"https:\/\/milesopedia.com\/wp-content\/uploads\/2023\/01\/MILESOPEDIA-logo-cmjn-black-V3@4x.png","width":1600,"height":261,"caption":"Milesopedia Canada"},"image":{"@id":"https:\/\/milesopedia.com\/en\/#\/schema\/logo\/image\/"},"sameAs":["https:\/\/www.facebook.com\/milesopedia","https:\/\/x.com\/milesopedia","https:\/\/www.linkedin.com\/company\/milesopedia","https:\/\/www.tiktok.com\/@milesopedia","https:\/\/www.youtube.com\/milesopedia"]}]}},"_links":{"self":[{"href":"https:\/\/milesopedia.com\/en\/wp-json\/wp\/v2\/pages\/90602","targetHints":{"allow":["GET"]}}],"collection":[{"href":"https:\/\/milesopedia.com\/en\/wp-json\/wp\/v2\/pages"}],"about":[{"href":"https:\/\/milesopedia.com\/en\/wp-json\/wp\/v2\/types\/page"}],"author":[{"embeddable":true,"href":"https:\/\/milesopedia.com\/en\/wp-json\/wp\/v2\/users\/3"}],"replies":[{"embeddable":true,"href":"https:\/\/milesopedia.com\/en\/wp-json\/wp\/v2\/comments?post=90602"}],"version-history":[{"count":27,"href":"https:\/\/milesopedia.com\/en\/wp-json\/wp\/v2\/pages\/90602\/revisions"}],"predecessor-version":[{"id":490424,"href":"https:\/\/milesopedia.com\/en\/wp-json\/wp\/v2\/pages\/90602\/revisions\/490424"}],"up":[{"embeddable":true,"href":"https:\/\/milesopedia.com\/en\/wp-json\/wp\/v2\/pages\/207228"}],"wp:featuredmedia":[{"embeddable":true,"href":"https:\/\/milesopedia.com\/en\/wp-json\/wp\/v2\/media\/98787"}],"wp:attachment":[{"href":"https:\/\/milesopedia.com\/en\/wp-json\/wp\/v2\/media?parent=90602"}],"wp:term":[{"taxonomy":"post_tag","embeddable":true,"href":"https:\/\/milesopedia.com\/en\/wp-json\/wp\/v2\/tags?post=90602"},{"taxonomy":"mc_loyalty_program","embeddable":true,"href":"https:\/\/milesopedia.com\/en\/wp-json\/wp\/v2\/mc_loyalty_program?post=90602"}],"curies":[{"name":"wp","href":"https:\/\/api.w.org\/{rel}","templated":true}]}}