{"id":88143,"date":"2020-06-10T09:18:59","date_gmt":"2020-06-10T13:18:59","guid":{"rendered":"https:\/\/milesopedia.com\/special-offers-amex-business\/"},"modified":"2026-05-08T16:43:07","modified_gmt":"2026-05-08T16:43:07","slug":"special-offers-amex-business","status":"publish","type":"page","link":"https:\/\/milesopedia.com\/en\/special-offers-amex-business\/","title":{"rendered":"Milesopedia Special Offers for American Express small business Cards"},"content":{"rendered":"\n<p>milesopedia is a partner of American Express Canada.<\/p>\n\n\n\n<p>So we have access to <strong>special offers<\/strong> for some American Express Small Business Cards.American Express Small Business cards are available for anyone with business expenses such as:<\/p>\n\n\n\n<div class=\"component component__list\"><ul class=\"wp-block-list\">\n<li>Sole-proprietors<\/li>\n\n\n\n<li>Professionals<\/li>\n\n\n\n<li>Small business owners<\/li>\n<\/ul><\/div>\n\n\n\n<p>Mechanic, plumber, electrician, dentist, blogger, consultant, broker, real estate agent, lawyer, accountant, etc.<\/p>\n\n\n\n<p>The acceptance criteria are extensive for this type of card.<\/p>\n\n\n\n<figure class=\"wp-block-image size-full\"><img decoding=\"async\" src=\"https:\/\/milesopedia.com\/wp-content\/uploads\/2019\/08\/carte-de-platine-entreprise-centurion.jpg\" alt=\"Milesopedia Special Offers for American Express small business Cards - Business Platinum Card<sup>&reg;<\/sup> from American Express Centurion\" class=\"wp-image-50560\"\/><\/figure>\n\n\n\n<h2 class=\"wp-block-heading\" id=\"h-special-offer-for-business-platinum-card-from-american-express\">Special offer for Business Platinum Card<sup>&reg;<\/sup> from American Express<\/h2>\n\n\n\n<figure class=\"wp-block-image size-full\"><img decoding=\"async\" src=\"https:\/\/milesopedia.com\/wp-content\/uploads\/2019\/06\/platine-entreprise-1.jpg\" alt=\"Milesopedia Special Offers for American Express small business Cards - Business Platinum Card<sup>&reg;<\/sup> from American Express\" class=\"wp-image-35428\"\/><\/figure>\n\n\n\n<p>Here&#8217;s the special offer for milesopedia members for Business Platinum Card<sup>&reg;<\/sup> from American Express<\/p>\n\n\n\n<div class=\"component component__table\"><figure class=\"wp-block-table\"><table class=\"has-fixed-layout\"><thead><tr><td class=\"has-text-align-center\" data-align=\"center\">Business Platinum Card<sup>&reg;<\/sup><\/td><td class=\"has-text-align-center\" data-align=\"center\">Details<\/td><\/tr><\/thead><tbody><tr><td class=\"has-text-align-center\" data-align=\"center\">Welcome bonus<\/td><td class=\"has-text-align-center\" data-align=\"center\">35,000 Membership Rewards Points<\/td><\/tr><tr><td class=\"has-text-align-center\" data-align=\"center\">Minimum Spend in 3 months<\/td><td class=\"has-text-align-center\" data-align=\"center\">$5,000<\/td><\/tr><tr><td class=\"has-text-align-center\" data-align=\"center\">Annual fee<\/td><td class=\"has-text-align-center\" data-align=\"center\">$499<\/td><\/tr><tr><td class=\"has-text-align-center\" data-align=\"center\">Earning rate<\/td><td class=\"has-text-align-center\" data-align=\"center\">1.25 Membership Rewards point per dollar<\/td><\/tr><tr><td class=\"has-text-align-center\" data-align=\"center\">Benefits<\/td><td class=\"has-text-align-center\" data-align=\"center\">Unlimited access for the Cardholder and a guest to airport lounges\n\n\n<p>Marriott Bonvoy Gold Status<\/p>\n\n\n\n<p>Reliable insurance<\/td><\/tr><\/tbody><\/table><\/figure><\/div>\n\n\n\n<p>But you could also get these offers based on your purchases:<\/p>\n\n\n\n<div class=\"component component__table\"><figure class=\"wp-block-table\"><table class=\"has-fixed-layout\"><thead><tr><td class=\"has-text-align-center\" data-align=\"center\">Purchases<\/td><td class=\"has-text-align-center\" data-align=\"center\">Timeframe<\/td><td class=\"has-text-align-center\" data-align=\"center\">Welcome bonus<\/td><\/tr><\/thead><tbody><tr><td class=\"has-text-align-center\" data-align=\"center\">$5,000<\/td><td class=\"has-text-align-center\" data-align=\"center\">3 months<\/td><td class=\"has-text-align-center\" data-align=\"center\">35,000 points<\/td><\/tr><tr><td class=\"has-text-align-center\" data-align=\"center\">$7,000<\/td><td class=\"has-text-align-center\" data-align=\"center\">3 months<\/td><td class=\"has-text-align-center\" data-align=\"center\">60,000 points<\/td><\/tr><tr><td class=\"has-text-align-center\" data-align=\"center\">$50,000<\/td><td class=\"has-text-align-center\" data-align=\"center\">4 months<\/td><td class=\"has-text-align-center\" data-align=\"center\">100,000 points<\/td><\/tr><\/tbody><\/table><\/figure><\/div>\n\n\n<aside class=\"component component__notice component__notice--info wp-block-milesgutenberg-notice\">\n\t\t\t\t<i class=\"fas fa-info-circle\"><\/i>\n\t\t<div class=\"component__notice__content\">\n\t\t\t\t\n\n<p><h6>Welcome bonus<\/h6>\nThat&#8217;s a significant difference from the current offer of 35,000 Membership Rewards Points when you charge $7,000 in purchases to your Card in your first three months! And if you spend $50,000 in your first four months, you could earn a whopping 100,000 Membership Rewards Points welcome bonus!<\/p>\n\n\t<\/div>\n<\/aside>\n\n\n\n<h2 class=\"wp-block-heading\" id=\"h-special-offer-for-the-american-express-business-gold-rewards-card\">Special offer for the American Express<sup>&reg;<\/sup> Business Gold Rewards Card<sup>&reg;<\/sup><\/h2>\n\n\n\n<figure class=\"wp-block-image size-full\"><img decoding=\"async\" width=\"320\" height=\"202\" src=\"https:\/\/milesopedia.com\/wp-content\/uploads\/2019\/05\/carte-or-pme-entreprise-d-american-express.jpg\" alt=\"Milesopedia Special Offers for American Express small business Cards - card gold pme company of american express\" class=\"wp-image-58525\" srcset=\"https:\/\/milesopedia.com\/wp-content\/uploads\/2019\/05\/carte-or-pme-entreprise-d-american-express.jpg 320w, https:\/\/milesopedia.com\/wp-content\/uploads\/2019\/05\/carte-or-pme-entreprise-d-american-express-200x126.jpg 200w\" sizes=\"(max-width: 320px) 100vw, 320px\" \/><\/figure>\n\n\n\n<p>Here is the special offer for milesopedia members for American Express<sup>&reg;<\/sup> Business Gold Rewards Card<sup>&reg;<\/sup><\/p>\n\n\n\n<div class=\"component component__table\"><figure class=\"wp-block-table\"><table class=\"has-fixed-layout\"><thead><tr><td class=\"has-text-align-center\" data-align=\"center\">American Express<sup>&reg;<\/sup> Business Gold Rewards Card<sup>&reg;<\/sup><\/td><td class=\"has-text-align-center\" data-align=\"center\">Details<\/td><\/tr><\/thead><tbody><tr><td class=\"has-text-align-center\" data-align=\"center\">Welcome bonus<\/td><td class=\"has-text-align-center\" data-align=\"center\">40,000 Membership Rewards Points<\/td><\/tr><tr><td class=\"has-text-align-center\" data-align=\"center\">Minimum Spend in 3 months<\/td><td class=\"has-text-align-center\" data-align=\"center\">$5,000<\/td><\/tr><tr><td class=\"has-text-align-center\" data-align=\"center\">Annual fee<\/td><td class=\"has-text-align-center\" data-align=\"center\">$250<\/td><\/tr><tr><td class=\"has-text-align-center\" data-align=\"center\">Earning rate<\/td><td class=\"has-text-align-center\" data-align=\"center\">1 point per dollar<\/td><\/tr><tr><td class=\"has-text-align-center\" data-align=\"center\">Extra earning with 3 suppliers\n(including <a rel=\"noindex\" title=\"Plastiq\" href=\"https:\/\/milesopedia.com\/en\/go\/plastiq\/\" data-shortcode=\"true\">Plastiq<\/a>.com or Petro-Canada)<\/td><td class=\"has-text-align-center\" data-align=\"center\">2 points per dollar<\/td><\/tr><\/tbody><\/table><\/figure><\/div>\n\n\n<aside class=\"component component__notice component__notice--info wp-block-milesgutenberg-notice\">\n\t\t\t\t<i class=\"fas fa-info-circle\"><\/i>\n\t\t<div class=\"component__notice__content\">\n\t\t\t\t\n\n<p><h6>Welcome bonus<\/h6>\nThat&#8217;s 10,000 more Membership Rewards Points compared to the current offer (30,000 Membership Rewards Points when you charge $5,000 in purchases to your Card in your first three months of Cardmembership)!<\/p>\n\n\t<\/div>\n<\/aside>\n\n\n\n<h2 class=\"wp-block-heading\" id=\"h-the-card-application-process\">The card application process<\/h2>\n\n\n\n<p>If you want to get these special offers, the process is simple. You will need to fill out the form below with some information.<\/p>\n\n\n\n<p>Within 48 to 72 hours, an <strong>American Express account manager<\/strong> will contact you to check the information and follow up on your application! And he will also become your account manager![gravityform id=&#8221;14&#8243; title=&#8221;false&#8221; description=&#8221;false&#8221; ajax=&#8221;false&#8221;]<\/p>","protected":false},"excerpt":{"rendered":"<p>milesopedia is a partner of American Express Canada. So we have access to special offers for some American Express Small Business Cards.American Express Small Business cards are available for anyone with business expenses such as: Mechanic, plumber, electrician, dentist, blogger, consultant, broker, real estate agent, lawyer, accountant, etc. The acceptance criteria are extensive for this [&hellip;]<\/p>","protected":false},"author":3,"featured_media":85891,"parent":0,"menu_order":0,"comment_status":"closed","ping_status":"closed","template":"","meta":{"_acf_changed":false,"_relevanssi_hide_post":"","_relevanssi_hide_content":"","_relevanssi_pin_for_all":"","_relevanssi_pin_keywords":"","_relevanssi_unpin_keywords":"","_relevanssi_related_keywords":"","_relevanssi_related_include_ids":"","_relevanssi_related_exclude_ids":"","_relevanssi_related_no_append":"","_relevanssi_related_not_related":"","_relevanssi_related_posts":"","_relevanssi_noindex_reason":"","footnotes":""},"tags":[],"mc_loyalty_program":[],"class_list":["post-88143","page","type-page","status-publish","has-post-thumbnail","hentry"],"acf":[],"yoast_head":"<!-- This site is optimized with the Yoast SEO Premium plugin v27.5 (Yoast SEO v27.5) - https:\/\/yoast.com\/product\/yoast-seo-premium-wordpress\/ -->\n<title>Milesopedia Special Offers for American Express small business Cards | Milesopedia<\/title>\n<meta name=\"description\" content=\"Earn up to 100,000 Membership Rewards Points with our special offers professionals and small business owners.\" \/>\n<meta name=\"robots\" content=\"index, follow, max-snippet:-1, max-image-preview:large, max-video-preview:-1\" \/>\n<link rel=\"canonical\" href=\"https:\/\/milesopedia.com\/en\/special-offers-amex-business\/\" \/>\n<meta property=\"og:locale\" content=\"en_US\" \/>\n<meta property=\"og:type\" content=\"article\" \/>\n<meta property=\"og:title\" content=\"Milesopedia Special Offers for American Express small business Cards\" \/>\n<meta property=\"og:description\" content=\"Earn up to 100,000 Membership Rewards Points with our special offers professionals and small business owners.\" \/>\n<meta property=\"og:url\" content=\"https:\/\/milesopedia.com\/en\/special-offers-amex-business\/\" \/>\n<meta property=\"og:site_name\" content=\"Milesopedia\" \/>\n<meta property=\"article:publisher\" content=\"https:\/\/www.facebook.com\/milesopedia\" \/>\n<meta property=\"article:modified_time\" content=\"2026-05-08T16:43:07+00:00\" \/>\n<meta property=\"og:image\" content=\"https:\/\/milesopedia.com\/wp-content\/uploads\/2020\/05\/offres-speciales-amex-pme-milesopedia.jpg\" \/>\n\t<meta property=\"og:image:width\" content=\"2286\" \/>\n\t<meta property=\"og:image:height\" content=\"1200\" \/>\n\t<meta property=\"og:image:type\" content=\"image\/jpeg\" \/>\n<meta name=\"twitter:card\" content=\"summary_large_image\" \/>\n<meta name=\"twitter:site\" content=\"@milesopedia\" \/>\n<script type=\"application\/ld+json\" class=\"yoast-schema-graph\">{\"@context\":\"https:\\\/\\\/schema.org\",\"@graph\":[{\"@type\":\"WebPage\",\"@id\":\"https:\\\/\\\/milesopedia.com\\\/en\\\/special-offers-amex-business\\\/\",\"url\":\"https:\\\/\\\/milesopedia.com\\\/en\\\/special-offers-amex-business\\\/\",\"name\":\"Milesopedia Special Offers for American Express small business Cards | Milesopedia\",\"isPartOf\":{\"@id\":\"https:\\\/\\\/milesopedia.com\\\/en\\\/#website\"},\"primaryImageOfPage\":{\"@id\":\"https:\\\/\\\/milesopedia.com\\\/en\\\/special-offers-amex-business\\\/#primaryimage\"},\"image\":{\"@id\":\"https:\\\/\\\/milesopedia.com\\\/en\\\/special-offers-amex-business\\\/#primaryimage\"},\"thumbnailUrl\":\"https:\\\/\\\/milesopedia.com\\\/wp-content\\\/uploads\\\/2020\\\/05\\\/offres-speciales-amex-pme-milesopedia.jpg\",\"datePublished\":\"2020-06-10T13:18:59+00:00\",\"dateModified\":\"2026-05-08T16:43:07+00:00\",\"description\":\"Earn up to 100,000 Membership Rewards Points with our special offers professionals and small business owners.\",\"inLanguage\":\"en-CA\",\"potentialAction\":[{\"@type\":\"ReadAction\",\"target\":[\"https:\\\/\\\/milesopedia.com\\\/en\\\/special-offers-amex-business\\\/\"]}]},{\"@type\":\"ImageObject\",\"inLanguage\":\"en-CA\",\"@id\":\"https:\\\/\\\/milesopedia.com\\\/en\\\/special-offers-amex-business\\\/#primaryimage\",\"url\":\"https:\\\/\\\/milesopedia.com\\\/wp-content\\\/uploads\\\/2020\\\/05\\\/offres-speciales-amex-pme-milesopedia.jpg\",\"contentUrl\":\"https:\\\/\\\/milesopedia.com\\\/wp-content\\\/uploads\\\/2020\\\/05\\\/offres-speciales-amex-pme-milesopedia.jpg\",\"width\":2286,\"height\":1200,\"caption\":\"Milesopedia Special Offers for American Express small business Cards - Speciales Amex Pme Milesopedia Offers\"},{\"@type\":\"WebSite\",\"@id\":\"https:\\\/\\\/milesopedia.com\\\/en\\\/#website\",\"url\":\"https:\\\/\\\/milesopedia.com\\\/en\\\/\",\"name\":\"Milesopedia\",\"description\":\"Programmes de fid\u00e9lit\u00e9 et cartes de cr\u00e9dit au Canada\",\"publisher\":{\"@id\":\"https:\\\/\\\/milesopedia.com\\\/en\\\/#organization\"},\"potentialAction\":[{\"@type\":\"SearchAction\",\"target\":{\"@type\":\"EntryPoint\",\"urlTemplate\":\"https:\\\/\\\/milesopedia.com\\\/en\\\/?s={search_term_string}\"},\"query-input\":{\"@type\":\"PropertyValueSpecification\",\"valueRequired\":true,\"valueName\":\"search_term_string\"}}],\"inLanguage\":\"en-CA\"},{\"@type\":\"Organization\",\"@id\":\"https:\\\/\\\/milesopedia.com\\\/en\\\/#organization\",\"name\":\"Milesopedia Canada\",\"alternateName\":\"Milesopedia\",\"url\":\"https:\\\/\\\/milesopedia.com\\\/en\\\/\",\"logo\":{\"@type\":\"ImageObject\",\"inLanguage\":\"en-CA\",\"@id\":\"https:\\\/\\\/milesopedia.com\\\/en\\\/#\\\/schema\\\/logo\\\/image\\\/\",\"url\":\"https:\\\/\\\/milesopedia.com\\\/wp-content\\\/uploads\\\/2023\\\/01\\\/MILESOPEDIA-logo-cmjn-black-V3@4x.png\",\"contentUrl\":\"https:\\\/\\\/milesopedia.com\\\/wp-content\\\/uploads\\\/2023\\\/01\\\/MILESOPEDIA-logo-cmjn-black-V3@4x.png\",\"width\":1600,\"height\":261,\"caption\":\"Milesopedia Canada\"},\"image\":{\"@id\":\"https:\\\/\\\/milesopedia.com\\\/en\\\/#\\\/schema\\\/logo\\\/image\\\/\"},\"sameAs\":[\"https:\\\/\\\/www.facebook.com\\\/milesopedia\",\"https:\\\/\\\/x.com\\\/milesopedia\",\"https:\\\/\\\/www.linkedin.com\\\/company\\\/milesopedia\",\"https:\\\/\\\/www.tiktok.com\\\/@milesopedia\",\"https:\\\/\\\/www.youtube.com\\\/milesopedia\"]}]}<\/script>\n<!-- \/ Yoast SEO Premium plugin. -->","yoast_head_json":{"title":"Milesopedia Special Offers for American Express small business Cards | Milesopedia","description":"Earn up to 100,000 Membership Rewards Points with our special offers professionals and small business owners.","robots":{"index":"index","follow":"follow","max-snippet":"max-snippet:-1","max-image-preview":"max-image-preview:large","max-video-preview":"max-video-preview:-1"},"canonical":"https:\/\/milesopedia.com\/en\/special-offers-amex-business\/","og_locale":"en_US","og_type":"article","og_title":"Milesopedia Special Offers for American Express small business Cards","og_description":"Earn up to 100,000 Membership Rewards Points with our special offers professionals and small business owners.","og_url":"https:\/\/milesopedia.com\/en\/special-offers-amex-business\/","og_site_name":"Milesopedia","article_publisher":"https:\/\/www.facebook.com\/milesopedia","article_modified_time":"2026-05-08T16:43:07+00:00","og_image":[{"width":2286,"height":1200,"url":"https:\/\/milesopedia.com\/wp-content\/uploads\/2020\/05\/offres-speciales-amex-pme-milesopedia.jpg","type":"image\/jpeg"}],"twitter_card":"summary_large_image","twitter_site":"@milesopedia","schema":{"@context":"https:\/\/schema.org","@graph":[{"@type":"WebPage","@id":"https:\/\/milesopedia.com\/en\/special-offers-amex-business\/","url":"https:\/\/milesopedia.com\/en\/special-offers-amex-business\/","name":"Milesopedia Special Offers for American Express small business Cards | Milesopedia","isPartOf":{"@id":"https:\/\/milesopedia.com\/en\/#website"},"primaryImageOfPage":{"@id":"https:\/\/milesopedia.com\/en\/special-offers-amex-business\/#primaryimage"},"image":{"@id":"https:\/\/milesopedia.com\/en\/special-offers-amex-business\/#primaryimage"},"thumbnailUrl":"https:\/\/milesopedia.com\/wp-content\/uploads\/2020\/05\/offres-speciales-amex-pme-milesopedia.jpg","datePublished":"2020-06-10T13:18:59+00:00","dateModified":"2026-05-08T16:43:07+00:00","description":"Earn up to 100,000 Membership Rewards Points with our special offers professionals and small business owners.","inLanguage":"en-CA","potentialAction":[{"@type":"ReadAction","target":["https:\/\/milesopedia.com\/en\/special-offers-amex-business\/"]}]},{"@type":"ImageObject","inLanguage":"en-CA","@id":"https:\/\/milesopedia.com\/en\/special-offers-amex-business\/#primaryimage","url":"https:\/\/milesopedia.com\/wp-content\/uploads\/2020\/05\/offres-speciales-amex-pme-milesopedia.jpg","contentUrl":"https:\/\/milesopedia.com\/wp-content\/uploads\/2020\/05\/offres-speciales-amex-pme-milesopedia.jpg","width":2286,"height":1200,"caption":"Milesopedia Special Offers for American Express small business Cards - Speciales Amex Pme Milesopedia Offers"},{"@type":"WebSite","@id":"https:\/\/milesopedia.com\/en\/#website","url":"https:\/\/milesopedia.com\/en\/","name":"Milesopedia","description":"Programmes de fid\u00e9lit\u00e9 et cartes de cr\u00e9dit au Canada","publisher":{"@id":"https:\/\/milesopedia.com\/en\/#organization"},"potentialAction":[{"@type":"SearchAction","target":{"@type":"EntryPoint","urlTemplate":"https:\/\/milesopedia.com\/en\/?s={search_term_string}"},"query-input":{"@type":"PropertyValueSpecification","valueRequired":true,"valueName":"search_term_string"}}],"inLanguage":"en-CA"},{"@type":"Organization","@id":"https:\/\/milesopedia.com\/en\/#organization","name":"Milesopedia Canada","alternateName":"Milesopedia","url":"https:\/\/milesopedia.com\/en\/","logo":{"@type":"ImageObject","inLanguage":"en-CA","@id":"https:\/\/milesopedia.com\/en\/#\/schema\/logo\/image\/","url":"https:\/\/milesopedia.com\/wp-content\/uploads\/2023\/01\/MILESOPEDIA-logo-cmjn-black-V3@4x.png","contentUrl":"https:\/\/milesopedia.com\/wp-content\/uploads\/2023\/01\/MILESOPEDIA-logo-cmjn-black-V3@4x.png","width":1600,"height":261,"caption":"Milesopedia Canada"},"image":{"@id":"https:\/\/milesopedia.com\/en\/#\/schema\/logo\/image\/"},"sameAs":["https:\/\/www.facebook.com\/milesopedia","https:\/\/x.com\/milesopedia","https:\/\/www.linkedin.com\/company\/milesopedia","https:\/\/www.tiktok.com\/@milesopedia","https:\/\/www.youtube.com\/milesopedia"]}]}},"_links":{"self":[{"href":"https:\/\/milesopedia.com\/en\/wp-json\/wp\/v2\/pages\/88143","targetHints":{"allow":["GET"]}}],"collection":[{"href":"https:\/\/milesopedia.com\/en\/wp-json\/wp\/v2\/pages"}],"about":[{"href":"https:\/\/milesopedia.com\/en\/wp-json\/wp\/v2\/types\/page"}],"author":[{"embeddable":true,"href":"https:\/\/milesopedia.com\/en\/wp-json\/wp\/v2\/users\/3"}],"replies":[{"embeddable":true,"href":"https:\/\/milesopedia.com\/en\/wp-json\/wp\/v2\/comments?post=88143"}],"version-history":[{"count":1,"href":"https:\/\/milesopedia.com\/en\/wp-json\/wp\/v2\/pages\/88143\/revisions"}],"predecessor-version":[{"id":490833,"href":"https:\/\/milesopedia.com\/en\/wp-json\/wp\/v2\/pages\/88143\/revisions\/490833"}],"wp:featuredmedia":[{"embeddable":true,"href":"https:\/\/milesopedia.com\/en\/wp-json\/wp\/v2\/media\/85891"}],"wp:attachment":[{"href":"https:\/\/milesopedia.com\/en\/wp-json\/wp\/v2\/media?parent=88143"}],"wp:term":[{"taxonomy":"post_tag","embeddable":true,"href":"https:\/\/milesopedia.com\/en\/wp-json\/wp\/v2\/tags?post=88143"},{"taxonomy":"mc_loyalty_program","embeddable":true,"href":"https:\/\/milesopedia.com\/en\/wp-json\/wp\/v2\/mc_loyalty_program?post=88143"}],"curies":[{"name":"wp","href":"https:\/\/api.w.org\/{rel}","templated":true}]}}