{"id":492962,"date":"2026-04-18T04:13:49","date_gmt":"2026-04-18T08:13:49","guid":{"rendered":"https:\/\/milesopedia.com\/?page_id=492962"},"modified":"2026-04-18T04:16:21","modified_gmt":"2026-04-18T08:16:21","slug":"wealthsimple","status":"publish","type":"page","link":"https:\/\/milesopedia.com\/en\/cards\/wealthsimple\/","title":{"rendered":"The Best Wealthsimple Credit Cards \u2013 April 2026"},"content":{"rendered":"\n<p>Below, you will find <strong>the best Wealthsimple credit card offers.<\/strong><\/p>\n\n\n\n<p>Here is a summary table of the different offers. For more details, continue reading or click on a card name. <\/p>\n\n\n<aside class=\"component component__deferred_contents wp-block-milesgutenberg-deferred-contents\">\n\t\t\t\t<div\n\t\t\t\tdata-template='compare'\n\t\t\t\tdata-post_type='card'\n\t\t\t\tdata-per_page='4'\n\t\t\t\tclass='deferred_container--preload container_card container_template--compare container_count--3'\n\n\t\t\t\t\t\t\t\t\tdata-tag=\"card_tax\"\n\t\t\t\t\t\t\tdata-mc_issuer=\"48987\"\n\t\t\t\t\t\t\tdata-utm=\"wpb\"\n\t\t\t\t\t\t\t>\n\t\t\n    <div class=\"card card-list card-list-header\">\n        <div class=\"shimmer shimmer-bar shimmer-dark shimmer-bar--short card-specs--title\"><\/div>\n        <div class=\"shimmer shimmer-bar shimmer-dark shimmer-bar--short card-specs--title\"><\/div>\n    <\/div>\n\n\n<div class=\"card card-list\">\n\n\t<div class=\"card-list--grid\">\n\n\t\t<div class=\"card-list--card\">\n\t\t\t<div class=\"card-graphic-cta shimmer shimmer-card\"><\/div>\n\t\t<\/div>\n\n\t\t<div class=\"card-list--title-offer\">\n\n\t\t\t<div class=\"card--title\">\n\t\t\t\t<div class=\"shimmer shimmer-bar\"><\/div>\n\t\t\t<\/div>\n\n\t\t\t<div class=\"card-list--offer\">\n\t\t\t\t<div class=\"shimmer shimmer-bar\"><\/div>\n\t\t\t<\/div>\n\n\t\t<\/div>\n\n\t\t<div>\n\t\t\t<div class=\"card--apply\">\n\t\t\t\t<div class=\"shimmer shimmer-btn\"><\/div>\n\t\t\t<\/div>\n\t\t<\/div>\n\n\t<\/div>\n\n<\/div>\n<div class=\"card card-list\">\n\n\t<div class=\"card-list--grid\">\n\n\t\t<div class=\"card-list--card\">\n\t\t\t<div class=\"card-graphic-cta shimmer shimmer-card\"><\/div>\n\t\t<\/div>\n\n\t\t<div class=\"card-list--title-offer\">\n\n\t\t\t<div class=\"card--title\">\n\t\t\t\t<div class=\"shimmer shimmer-bar\"><\/div>\n\t\t\t<\/div>\n\n\t\t\t<div class=\"card-list--offer\">\n\t\t\t\t<div class=\"shimmer shimmer-bar\"><\/div>\n\t\t\t<\/div>\n\n\t\t<\/div>\n\n\t\t<div>\n\t\t\t<div class=\"card--apply\">\n\t\t\t\t<div class=\"shimmer shimmer-btn\"><\/div>\n\t\t\t<\/div>\n\t\t<\/div>\n\n\t<\/div>\n\n<\/div>\n<div class=\"card card-list\">\n\n\t<div class=\"card-list--grid\">\n\n\t\t<div class=\"card-list--card\">\n\t\t\t<div class=\"card-graphic-cta shimmer shimmer-card\"><\/div>\n\t\t<\/div>\n\n\t\t<div class=\"card-list--title-offer\">\n\n\t\t\t<div class=\"card--title\">\n\t\t\t\t<div class=\"shimmer shimmer-bar\"><\/div>\n\t\t\t<\/div>\n\n\t\t\t<div class=\"card-list--offer\">\n\t\t\t\t<div class=\"shimmer shimmer-bar\"><\/div>\n\t\t\t<\/div>\n\n\t\t<\/div>\n\n\t\t<div>\n\t\t\t<div class=\"card--apply\">\n\t\t\t\t<div class=\"shimmer shimmer-btn\"><\/div>\n\t\t\t<\/div>\n\t\t<\/div>\n\n\t<\/div>\n\n<\/div>\t\t<\/div>\n\n\t\t<\/aside>\n\n\n<aside class=\"component component__deferred_contents wp-block-milesgutenberg-deferred-contents\">\n\t\t\t\t\t\t\t<h3 id=\"wealthsimple_prepaid_mastercard\">Wealthsimple Prepaid Mastercard<\/h3>\n\t\t\t\t<p>With the Wealthsimple Prepaid Mastercard, you can access your available funds in your Wealthsimple Cash account.<\/p>\n<p>With this welcome offer, you can get <strong>$25 cash back<\/strong> as a new Wealthsimple client. To do this, you simply need to open an account and then deposit at least $1 within 30 days. <\/p>\n<p>You can invest your money in an investment account or a cryptocurrency of your choice. Also, you earn <span style=\"margin: 0px;padding: 0px\"><strong>interest<\/strong><\/span><strong> on your Wealthsimple Cash account balance<\/strong>! Wealthsimple Generation clients can earn an interest rate of up to 2.25%. <\/p>\n<p>In addition, there are <strong>no foreign transaction fees<\/strong> for any purchase made in a currency other than the Canadian dollar and <strong>no annual fees<\/strong>.<\/p>\n\t\t\t\t<div\n\t\t\t\tdata-template='m-h'\n\t\t\t\tdata-post_type='card'\n\t\t\t\tdata-per_page='4'\n\t\t\t\tclass='deferred_container--preload container_card container_template--m-h container_count--1'\n\n\t\t\t\t\t\t\t\t\tdata-tag=\"card_id\"\n\t\t\t\t\t\t\tdata-post_ids=\"381433\"\n\t\t\t\t\t\t\tdata-utm=\"wpb\"\n\t\t\t\t\t\t\t>\n\t\t<div class=\"card\">\n\t<div class=\"card--grid\">\n\n\t\t<div class=\"card--img-outer\">\n\t\t\t<div class=\"card--img\">\n\t\t\t\t<div class=\"shimmer shimmer-card\"><\/div>\n\t\t\t<\/div>\n\t\t<\/div>\n\n\t\t<div class=\"card--title-offer-selling\">\n\t\t\t<div class=\"card--title-offer\">\n\t\t\t\t<div class=\"shimmer shimmer-bar\"><\/div>\n\t\t\t\t<div class=\"shimmer shimmer-bar\"><\/div>\n\t\t\t<\/div>\n\t\t\t<div class=\"card--selling-points\">\n\t\t\t\t<div class=\"shimmer shimmer-bar shimmer-bar--short\"><\/div>\n\t\t\t\t<div class=\"shimmer shimmer-bar shimmer-bar--short\"><\/div>\n\t\t\t\t<div class=\"shimmer shimmer-bar shimmer-bar--short\"><\/div>\n\t\t\t<\/div>\n\t\t<\/div>\n\n\t\t<div class=\"card--apply\">\n\t\t\t<div class=\"apply-btn\">\n\t\t\t\t<div class=\"shimmer shimmer-btn\"><\/div>\n\t\t\t<\/div>\n\t\t<\/div>\n\n\t<\/div>\n<\/div>\t\t<\/div>\n\n\t\t<\/aside>\n\n\n<aside class=\"component component__deferred_contents wp-block-milesgutenberg-deferred-contents\">\n\t\t\t\t\t\t\t<h3 id=\"wealthsimple_visa_infinite_card\">Wealthsimple Visa Infinite Card<\/h3>\n\t\t\t\t<p><span style=\"margin: 0px;padding: 0px\">With the Wealthsimple Visa Infinite Card, get <strong>2% cash back on all your purchases<\/strong>, with no annual limit.<\/span><\/p>\n<p>In addition, there are <strong>no foreign exchange fees <\/strong>for any purchase made in a currency other than the Canadian dollar and <strong>no annual fees<\/strong> if you hold more than $100,000 in assets with Wealthsimple, or if you transfer direct deposit of an eligible payroll to Wealthsimple.<\/p>\n<p><em>Some travel insurance is not currently offered to Quebec residents.<\/em><\/p>\n\t\t\t\t<div\n\t\t\t\tdata-template='m-h'\n\t\t\t\tdata-post_type='card'\n\t\t\t\tdata-per_page='4'\n\t\t\t\tclass='deferred_container--preload container_card container_template--m-h container_count--1'\n\n\t\t\t\t\t\t\t\t\tdata-tag=\"card_id\"\n\t\t\t\t\t\t\tdata-post_ids=\"480499\"\n\t\t\t\t\t\t\tdata-utm=\"wpb\"\n\t\t\t\t\t\t\t>\n\t\t<div class=\"card\">\n\t<div class=\"card--grid\">\n\n\t\t<div class=\"card--img-outer\">\n\t\t\t<div class=\"card--img\">\n\t\t\t\t<div class=\"shimmer shimmer-card\"><\/div>\n\t\t\t<\/div>\n\t\t<\/div>\n\n\t\t<div class=\"card--title-offer-selling\">\n\t\t\t<div class=\"card--title-offer\">\n\t\t\t\t<div class=\"shimmer shimmer-bar\"><\/div>\n\t\t\t\t<div class=\"shimmer shimmer-bar\"><\/div>\n\t\t\t<\/div>\n\t\t\t<div class=\"card--selling-points\">\n\t\t\t\t<div class=\"shimmer shimmer-bar shimmer-bar--short\"><\/div>\n\t\t\t\t<div class=\"shimmer shimmer-bar shimmer-bar--short\"><\/div>\n\t\t\t\t<div class=\"shimmer shimmer-bar shimmer-bar--short\"><\/div>\n\t\t\t<\/div>\n\t\t<\/div>\n\n\t\t<div class=\"card--apply\">\n\t\t\t<div class=\"apply-btn\">\n\t\t\t\t<div class=\"shimmer shimmer-btn\"><\/div>\n\t\t\t<\/div>\n\t\t<\/div>\n\n\t<\/div>\n<\/div>\t\t<\/div>\n\n\t\t<\/aside>\n\n\n<aside class=\"component component__deferred_contents wp-block-milesgutenberg-deferred-contents\">\n\t\t\t\t\t\t\t<h3 id=\"wealthsimple_visa_infinite_privilege_card\">Wealthsimple Visa Infinite Privilege Card<\/h3>\n\t\t\t\t<p><span style=\"margin: 0px;padding: 0px\">With the Wealthsimple Visa Infinite Privilege Card, get <strong>2% cash back on all your purchases<\/strong>, with no annual limit.<\/span><\/p>\n<p>In addition, there are <strong>no foreign exchange fees <\/strong>for any purchase made in a currency other than the Canadian dollar and <strong>no annual fees<\/strong> if you hold more than $100,000 in assets with Wealthsimple, or if you transfer direct deposit of an eligible payroll to Wealthsimple.<\/p>\n<p><em>Some travel insurance is not currently offered to Quebec residents.<\/em><\/p>\n\t\t\t\t<div\n\t\t\t\tdata-template='m-h'\n\t\t\t\tdata-post_type='card'\n\t\t\t\tdata-per_page='4'\n\t\t\t\tclass='deferred_container--preload container_card container_template--m-h container_count--1'\n\n\t\t\t\t\t\t\t\t\tdata-tag=\"card_id\"\n\t\t\t\t\t\t\tdata-post_ids=\"480517\"\n\t\t\t\t\t\t\tdata-utm=\"wpb\"\n\t\t\t\t\t\t\t>\n\t\t<div class=\"card\">\n\t<div class=\"card--grid\">\n\n\t\t<div class=\"card--img-outer\">\n\t\t\t<div class=\"card--img\">\n\t\t\t\t<div class=\"shimmer shimmer-card\"><\/div>\n\t\t\t<\/div>\n\t\t<\/div>\n\n\t\t<div class=\"card--title-offer-selling\">\n\t\t\t<div class=\"card--title-offer\">\n\t\t\t\t<div class=\"shimmer shimmer-bar\"><\/div>\n\t\t\t\t<div class=\"shimmer shimmer-bar\"><\/div>\n\t\t\t<\/div>\n\t\t\t<div class=\"card--selling-points\">\n\t\t\t\t<div class=\"shimmer shimmer-bar shimmer-bar--short\"><\/div>\n\t\t\t\t<div class=\"shimmer shimmer-bar shimmer-bar--short\"><\/div>\n\t\t\t\t<div class=\"shimmer shimmer-bar shimmer-bar--short\"><\/div>\n\t\t\t<\/div>\n\t\t<\/div>\n\n\t\t<div class=\"card--apply\">\n\t\t\t<div class=\"apply-btn\">\n\t\t\t\t<div class=\"shimmer shimmer-btn\"><\/div>\n\t\t\t<\/div>\n\t\t<\/div>\n\n\t<\/div>\n<\/div>\t\t<\/div>\n\n\t\t<\/aside>","protected":false},"excerpt":{"rendered":"<p>Below, you will find the best Wealthsimple credit card offers. Here is a summary table of the different offers. For more details, continue reading or click on a card name.<\/p>","protected":false},"author":3,"featured_media":0,"parent":207239,"menu_order":0,"comment_status":"closed","ping_status":"closed","template":"page-toc.php","meta":{"_acf_changed":false,"_relevanssi_hide_post":"","_relevanssi_hide_content":"","_relevanssi_pin_for_all":"","_relevanssi_pin_keywords":"","_relevanssi_unpin_keywords":"","_relevanssi_related_keywords":"","_relevanssi_related_include_ids":"","_relevanssi_related_exclude_ids":"","_relevanssi_related_no_append":"","_relevanssi_related_not_related":"","_relevanssi_related_posts":"170143,154577,175337,364245,261215,104914","_relevanssi_noindex_reason":"","footnotes":""},"tags":[],"mc_loyalty_program":[],"class_list":["post-492962","page","type-page","status-publish","hentry"],"acf":[],"yoast_head":"<!-- This site is optimized with the Yoast SEO Premium plugin v27.4 (Yoast SEO v27.4) - https:\/\/yoast.com\/product\/yoast-seo-premium-wordpress\/ -->\n<title>The Best Wealthsimple Credit Cards \u2013 April 2026 | Milesopedia<\/title>\n<meta name=\"robots\" content=\"index, follow, max-snippet:-1, max-image-preview:large, max-video-preview:-1\" \/>\n<link rel=\"canonical\" href=\"https:\/\/milesopedia.com\/en\/cards\/wealthsimple\/\" \/>\n<meta property=\"og:locale\" content=\"en_US\" \/>\n<meta property=\"og:type\" content=\"article\" \/>\n<meta property=\"og:title\" content=\"The Best Wealthsimple Credit Cards \u2013 April 2026\" \/>\n<meta property=\"og:description\" content=\"Below, you will find the best Wealthsimple credit card offers. Here is a summary table of the different offers. For more details, continue reading or click on a card name.\" \/>\n<meta property=\"og:url\" content=\"https:\/\/milesopedia.com\/en\/cards\/wealthsimple\/\" \/>\n<meta property=\"og:site_name\" content=\"Milesopedia\" \/>\n<meta property=\"article:publisher\" content=\"https:\/\/www.facebook.com\/milesopedia\" \/>\n<meta property=\"article:modified_time\" content=\"2026-04-18T08:16:21+00:00\" \/>\n<meta name=\"twitter:card\" content=\"summary_large_image\" \/>\n<meta name=\"twitter:site\" content=\"@milesopedia\" \/>\n<script type=\"application\/ld+json\" class=\"yoast-schema-graph\">{\"@context\":\"https:\\\/\\\/schema.org\",\"@graph\":[{\"@type\":\"WebPage\",\"@id\":\"https:\\\/\\\/milesopedia.com\\\/en\\\/cards\\\/wealthsimple\\\/\",\"url\":\"https:\\\/\\\/milesopedia.com\\\/en\\\/cards\\\/wealthsimple\\\/\",\"name\":\"The Best Wealthsimple Credit Cards \u2013 April 2026 | Milesopedia\",\"isPartOf\":{\"@id\":\"https:\\\/\\\/milesopedia.com\\\/en\\\/#website\"},\"datePublished\":\"2026-04-18T08:13:49+00:00\",\"dateModified\":\"2026-04-18T08:16:21+00:00\",\"inLanguage\":\"en-CA\",\"potentialAction\":[{\"@type\":\"ReadAction\",\"target\":[\"https:\\\/\\\/milesopedia.com\\\/en\\\/cards\\\/wealthsimple\\\/\"]}]},{\"@type\":\"WebSite\",\"@id\":\"https:\\\/\\\/milesopedia.com\\\/en\\\/#website\",\"url\":\"https:\\\/\\\/milesopedia.com\\\/en\\\/\",\"name\":\"Milesopedia\",\"description\":\"Programmes de fid\u00e9lit\u00e9 et cartes de cr\u00e9dit au Canada\",\"publisher\":{\"@id\":\"https:\\\/\\\/milesopedia.com\\\/en\\\/#organization\"},\"potentialAction\":[{\"@type\":\"SearchAction\",\"target\":{\"@type\":\"EntryPoint\",\"urlTemplate\":\"https:\\\/\\\/milesopedia.com\\\/en\\\/?s={search_term_string}\"},\"query-input\":{\"@type\":\"PropertyValueSpecification\",\"valueRequired\":true,\"valueName\":\"search_term_string\"}}],\"inLanguage\":\"en-CA\"},{\"@type\":\"Organization\",\"@id\":\"https:\\\/\\\/milesopedia.com\\\/en\\\/#organization\",\"name\":\"Milesopedia Canada\",\"alternateName\":\"Milesopedia\",\"url\":\"https:\\\/\\\/milesopedia.com\\\/en\\\/\",\"logo\":{\"@type\":\"ImageObject\",\"inLanguage\":\"en-CA\",\"@id\":\"https:\\\/\\\/milesopedia.com\\\/en\\\/#\\\/schema\\\/logo\\\/image\\\/\",\"url\":\"https:\\\/\\\/milesopedia.com\\\/wp-content\\\/uploads\\\/2023\\\/01\\\/MILESOPEDIA-logo-cmjn-black-V3@4x.png\",\"contentUrl\":\"https:\\\/\\\/milesopedia.com\\\/wp-content\\\/uploads\\\/2023\\\/01\\\/MILESOPEDIA-logo-cmjn-black-V3@4x.png\",\"width\":1600,\"height\":261,\"caption\":\"Milesopedia Canada\"},\"image\":{\"@id\":\"https:\\\/\\\/milesopedia.com\\\/en\\\/#\\\/schema\\\/logo\\\/image\\\/\"},\"sameAs\":[\"https:\\\/\\\/www.facebook.com\\\/milesopedia\",\"https:\\\/\\\/x.com\\\/milesopedia\",\"https:\\\/\\\/www.linkedin.com\\\/company\\\/milesopedia\",\"https:\\\/\\\/www.tiktok.com\\\/@milesopedia\",\"https:\\\/\\\/www.youtube.com\\\/milesopedia\"]}]}<\/script>\n<!-- \/ Yoast SEO Premium plugin. -->","yoast_head_json":{"title":"The Best Wealthsimple Credit Cards \u2013 April 2026 | Milesopedia","robots":{"index":"index","follow":"follow","max-snippet":"max-snippet:-1","max-image-preview":"max-image-preview:large","max-video-preview":"max-video-preview:-1"},"canonical":"https:\/\/milesopedia.com\/en\/cards\/wealthsimple\/","og_locale":"en_US","og_type":"article","og_title":"The Best Wealthsimple Credit Cards \u2013 April 2026","og_description":"Below, you will find the best Wealthsimple credit card offers. Here is a summary table of the different offers. For more details, continue reading or click on a card name.","og_url":"https:\/\/milesopedia.com\/en\/cards\/wealthsimple\/","og_site_name":"Milesopedia","article_publisher":"https:\/\/www.facebook.com\/milesopedia","article_modified_time":"2026-04-18T08:16:21+00:00","twitter_card":"summary_large_image","twitter_site":"@milesopedia","schema":{"@context":"https:\/\/schema.org","@graph":[{"@type":"WebPage","@id":"https:\/\/milesopedia.com\/en\/cards\/wealthsimple\/","url":"https:\/\/milesopedia.com\/en\/cards\/wealthsimple\/","name":"The Best Wealthsimple Credit Cards \u2013 April 2026 | Milesopedia","isPartOf":{"@id":"https:\/\/milesopedia.com\/en\/#website"},"datePublished":"2026-04-18T08:13:49+00:00","dateModified":"2026-04-18T08:16:21+00:00","inLanguage":"en-CA","potentialAction":[{"@type":"ReadAction","target":["https:\/\/milesopedia.com\/en\/cards\/wealthsimple\/"]}]},{"@type":"WebSite","@id":"https:\/\/milesopedia.com\/en\/#website","url":"https:\/\/milesopedia.com\/en\/","name":"Milesopedia","description":"Programmes de fid\u00e9lit\u00e9 et cartes de cr\u00e9dit au Canada","publisher":{"@id":"https:\/\/milesopedia.com\/en\/#organization"},"potentialAction":[{"@type":"SearchAction","target":{"@type":"EntryPoint","urlTemplate":"https:\/\/milesopedia.com\/en\/?s={search_term_string}"},"query-input":{"@type":"PropertyValueSpecification","valueRequired":true,"valueName":"search_term_string"}}],"inLanguage":"en-CA"},{"@type":"Organization","@id":"https:\/\/milesopedia.com\/en\/#organization","name":"Milesopedia Canada","alternateName":"Milesopedia","url":"https:\/\/milesopedia.com\/en\/","logo":{"@type":"ImageObject","inLanguage":"en-CA","@id":"https:\/\/milesopedia.com\/en\/#\/schema\/logo\/image\/","url":"https:\/\/milesopedia.com\/wp-content\/uploads\/2023\/01\/MILESOPEDIA-logo-cmjn-black-V3@4x.png","contentUrl":"https:\/\/milesopedia.com\/wp-content\/uploads\/2023\/01\/MILESOPEDIA-logo-cmjn-black-V3@4x.png","width":1600,"height":261,"caption":"Milesopedia Canada"},"image":{"@id":"https:\/\/milesopedia.com\/en\/#\/schema\/logo\/image\/"},"sameAs":["https:\/\/www.facebook.com\/milesopedia","https:\/\/x.com\/milesopedia","https:\/\/www.linkedin.com\/company\/milesopedia","https:\/\/www.tiktok.com\/@milesopedia","https:\/\/www.youtube.com\/milesopedia"]}]}},"_links":{"self":[{"href":"https:\/\/milesopedia.com\/en\/wp-json\/wp\/v2\/pages\/492962","targetHints":{"allow":["GET"]}}],"collection":[{"href":"https:\/\/milesopedia.com\/en\/wp-json\/wp\/v2\/pages"}],"about":[{"href":"https:\/\/milesopedia.com\/en\/wp-json\/wp\/v2\/types\/page"}],"author":[{"embeddable":true,"href":"https:\/\/milesopedia.com\/en\/wp-json\/wp\/v2\/users\/3"}],"replies":[{"embeddable":true,"href":"https:\/\/milesopedia.com\/en\/wp-json\/wp\/v2\/comments?post=492962"}],"version-history":[{"count":8,"href":"https:\/\/milesopedia.com\/en\/wp-json\/wp\/v2\/pages\/492962\/revisions"}],"predecessor-version":[{"id":492973,"href":"https:\/\/milesopedia.com\/en\/wp-json\/wp\/v2\/pages\/492962\/revisions\/492973"}],"up":[{"embeddable":true,"href":"https:\/\/milesopedia.com\/en\/wp-json\/wp\/v2\/pages\/207239"}],"wp:attachment":[{"href":"https:\/\/milesopedia.com\/en\/wp-json\/wp\/v2\/media?parent=492962"}],"wp:term":[{"taxonomy":"post_tag","embeddable":true,"href":"https:\/\/milesopedia.com\/en\/wp-json\/wp\/v2\/tags?post=492962"},{"taxonomy":"mc_loyalty_program","embeddable":true,"href":"https:\/\/milesopedia.com\/en\/wp-json\/wp\/v2\/mc_loyalty_program?post=492962"}],"curies":[{"name":"wp","href":"https:\/\/api.w.org\/{rel}","templated":true}]}}