{"id":490512,"date":"2026-02-01T06:00:00","date_gmt":"2026-02-01T11:00:00","guid":{"rendered":"https:\/\/milesopedia.com\/useful-resources\/milesopedia-podcast-the-magic-of-points\/"},"modified":"2026-04-01T14:34:19","modified_gmt":"2026-04-01T18:34:19","slug":"milesopedia-podcast-the-magic-of-points","status":"publish","type":"page","link":"https:\/\/milesopedia.com\/en\/useful-resources\/milesopedia-podcast-the-magic-of-points\/","title":{"rendered":"Milesopedia Podcast &#8211; The Magic of Points"},"content":{"rendered":"<div class=\"wpb-content-wrapper\"><p>[vc_row][vc_column][vc_column_text css=&#8221;&#8221; el_class=&#8221;links&#8221;]<\/p>\n<p>The Magic of Points is the Milesopedia podcast for Canadians who wish to transform their everyday spending into premium travel and real savings.<\/p>\n<p>Credit cards, miles, points, and loyalty programs are demystified to help you maximize every dollar.<\/p>\n<p>Through concrete strategies and real-life examples, each episode shows you how to travel better, pay less, and enjoy exclusive benefits, whether you are a beginner or an expert. \ud83c\udfa7\u2708\ufe0f <\/p>\n<p>Subscribe on:<\/p>\n<ul>\n<li><a target=\"_blank\" href=\"https:\/\/open.spotify.com\/show\/7iLPGG01YWYvlhCOI1TDhU\">Spotify<\/a><\/li>\n<li><a target=\"_blank\" href=\"https:\/\/youtube.com\/playlist?list=PLLaIioVefzYrkBnVJVwPFSXdgRmdgOuJj&amp;si=LZ0Hp9CHw0bhNxYK\">Youtube<\/a><\/li>\n<li><a target=\"_blank\" href=\"https:\/\/podcasts.apple.com\/ca\/podcast\/la-magie-des-points-milesopedia-canada\/id1583182847?itscg=30200&amp;itsct=podcast_box&amp;ls=1&amp;mttnsubad=1583182847\">Apple Music<\/a><\/li>\n<\/ul>\n<p>[\/vc_column_text][\/vc_column][\/vc_row][vc_row][vc_column][vc_custom_heading text=&#8221;Subscribe on Spotify&#8221; css=&#8221;&#8221; el_id=&#8221;subscribe_on_spotify&#8221;][vc_column_text css=&#8221;&#8221;]<\/p>\n<p><iframe loading=\"lazy\" style=\"border-radius: 12px;\" src=\"https:\/\/open.spotify.com\/embed\/show\/7iLPGG01YWYvlhCOI1TDhU\/video?utm_source=generator\" width=\"660\" height=\"450\" frameborder=\"0\" allowfullscreen=\"allowfullscreen\" data-testid=\"embed-iframe\"><\/iframe><\/p>\n<p>[\/vc_column_text][\/vc_column][\/vc_row][vc_row][vc_column][vc_custom_heading text=&#8221;Subscribe on YouTube&#8221; css=&#8221;&#8221; el_id=&#8221;subscribe_on_youtube&#8221;][vc_column_text css=&#8221;&#8221;]<\/p>\n<p><iframe loading=\"lazy\" title=\"YouTube video player\" src=\"https:\/\/www.youtube.com\/embed\/videoseries?si=aw_OJEM-VafMAXXN&amp;list=PLLaIioVefzYrkBnVJVwPFSXdgRmdgOuJj\" width=\"660\" height=\"450\" frameborder=\"0\" allowfullscreen=\"allowfullscreen\"><\/iframe><\/p>\n<p>[\/vc_column_text][\/vc_column][\/vc_row][vc_row][vc_column][vc_custom_heading text=&#8221;Subscribe on Apple Music&#8221; css=&#8221;&#8221; el_id=&#8221;subscribe_on_apple_music&#8221;][vc_column_text css=&#8221;&#8221;]<iframe loading=\"lazy\" id=\"embedPlayer\" style=\"border: 0; border-radius: 12px; width: 100%; height: 450px; max-width: 660px;\" title=\"Media Player\" src=\"https:\/\/embed.podcasts.apple.com\/ca\/podcast\/la-magie-des-points-milesopedia-canada\/id1583182847?itscg=30200&amp;itsct=podcast_box_player&amp;ls=1&amp;mttnsubad=1583182847&amp;theme=auto\" width=\"100%\" height=\"450\" sandbox=\"allow-forms allow-popups allow-same-origin allow-scripts allow-top-navigation-by-user-activation\"><\/iframe>[\/vc_column_text][\/vc_column][\/vc_row]<\/p>\n<\/div>","protected":false},"excerpt":{"rendered":"<p>[vc_row][vc_column][vc_column_text css=&#8221;&#8221; el_class=&#8221;links&#8221;] The Magic of Points is the Milesopedia podcast for Canadians who wish to transform their everyday spending into premium travel and real savings. Credit cards, miles, points, and loyalty programs are demystified to help you maximize every dollar. Through concrete strategies and real-life examples, each episode shows you how to travel better, [&hellip;]<\/p>","protected":false},"author":3,"featured_media":490513,"parent":490327,"menu_order":0,"comment_status":"closed","ping_status":"closed","template":"","meta":{"_acf_changed":false,"_relevanssi_hide_post":"","_relevanssi_hide_content":"","_relevanssi_pin_for_all":"","_relevanssi_pin_keywords":"","_relevanssi_unpin_keywords":"","_relevanssi_related_keywords":"","_relevanssi_related_include_ids":"","_relevanssi_related_exclude_ids":"","_relevanssi_related_no_append":"","_relevanssi_related_not_related":"","_relevanssi_related_posts":"","_relevanssi_noindex_reason":"","footnotes":""},"tags":[],"mc_loyalty_program":[],"class_list":["post-490512","page","type-page","status-publish","has-post-thumbnail","hentry"],"acf":[],"yoast_head":"<!-- This site is optimized with the Yoast SEO Premium plugin v27.4 (Yoast SEO v27.4) - https:\/\/yoast.com\/product\/yoast-seo-premium-wordpress\/ -->\n<title>The Magic of Points Podcast | Milesopedia<\/title>\n<meta name=\"description\" content=\"Listen to Milesopedia&#039;s podcasts! Dive into captivating discussions, expert advice, and the latest trends.\" \/>\n<meta name=\"robots\" content=\"index, follow, max-snippet:-1, max-image-preview:large, max-video-preview:-1\" \/>\n<link rel=\"canonical\" href=\"https:\/\/milesopedia.com\/en\/useful-resources\/milesopedia-podcast-the-magic-of-points\/\" \/>\n<meta property=\"og:locale\" content=\"en_US\" \/>\n<meta property=\"og:type\" content=\"article\" \/>\n<meta property=\"og:title\" content=\"Milesopedia Podcast - The Magic of Points\" \/>\n<meta property=\"og:description\" content=\"Listen to Milesopedia&#039;s podcasts! Dive into captivating discussions, expert advice, and the latest trends.\" \/>\n<meta property=\"og:url\" content=\"https:\/\/milesopedia.com\/en\/useful-resources\/milesopedia-podcast-the-magic-of-points\/\" \/>\n<meta property=\"og:site_name\" content=\"Milesopedia\" \/>\n<meta property=\"article:publisher\" content=\"https:\/\/www.facebook.com\/milesopedia\" \/>\n<meta property=\"article:modified_time\" content=\"2026-04-01T18:34:19+00:00\" \/>\n<meta property=\"og:image\" content=\"https:\/\/milesopedia.com\/wp-content\/uploads\/2026\/02\/La-magie-des-points-thumbnail-scaled.jpg\" \/>\n\t<meta property=\"og:image:width\" content=\"2560\" \/>\n\t<meta property=\"og:image:height\" content=\"1440\" \/>\n\t<meta property=\"og:image:type\" content=\"image\/jpeg\" \/>\n<meta name=\"twitter:card\" content=\"summary_large_image\" \/>\n<meta name=\"twitter:site\" content=\"@milesopedia\" \/>\n<script type=\"application\/ld+json\" class=\"yoast-schema-graph\">{\"@context\":\"https:\\\/\\\/schema.org\",\"@graph\":[{\"@type\":\"WebPage\",\"@id\":\"https:\\\/\\\/milesopedia.com\\\/en\\\/useful-resources\\\/milesopedia-podcast-the-magic-of-points\\\/\",\"url\":\"https:\\\/\\\/milesopedia.com\\\/en\\\/useful-resources\\\/milesopedia-podcast-the-magic-of-points\\\/\",\"name\":\"The Magic of Points Podcast | Milesopedia\",\"isPartOf\":{\"@id\":\"https:\\\/\\\/milesopedia.com\\\/en\\\/#website\"},\"primaryImageOfPage\":{\"@id\":\"https:\\\/\\\/milesopedia.com\\\/en\\\/useful-resources\\\/milesopedia-podcast-the-magic-of-points\\\/#primaryimage\"},\"image\":{\"@id\":\"https:\\\/\\\/milesopedia.com\\\/en\\\/useful-resources\\\/milesopedia-podcast-the-magic-of-points\\\/#primaryimage\"},\"thumbnailUrl\":\"https:\\\/\\\/milesopedia.com\\\/wp-content\\\/uploads\\\/2026\\\/02\\\/La-magie-des-points-thumbnail-scaled.jpg\",\"datePublished\":\"2026-02-01T11:00:00+00:00\",\"dateModified\":\"2026-04-01T18:34:19+00:00\",\"description\":\"Listen to Milesopedia's podcasts! Dive into captivating discussions, expert advice, and the latest trends.\",\"inLanguage\":\"en-CA\",\"potentialAction\":[{\"@type\":\"ReadAction\",\"target\":[\"https:\\\/\\\/milesopedia.com\\\/en\\\/useful-resources\\\/milesopedia-podcast-the-magic-of-points\\\/\"]}]},{\"@type\":\"ImageObject\",\"inLanguage\":\"en-CA\",\"@id\":\"https:\\\/\\\/milesopedia.com\\\/en\\\/useful-resources\\\/milesopedia-podcast-the-magic-of-points\\\/#primaryimage\",\"url\":\"https:\\\/\\\/milesopedia.com\\\/wp-content\\\/uploads\\\/2026\\\/02\\\/La-magie-des-points-thumbnail-scaled.jpg\",\"contentUrl\":\"https:\\\/\\\/milesopedia.com\\\/wp-content\\\/uploads\\\/2026\\\/02\\\/La-magie-des-points-thumbnail-scaled.jpg\",\"width\":2560,\"height\":1440,\"caption\":\"The Magic of Points - thumbnail\"},{\"@type\":\"WebSite\",\"@id\":\"https:\\\/\\\/milesopedia.com\\\/en\\\/#website\",\"url\":\"https:\\\/\\\/milesopedia.com\\\/en\\\/\",\"name\":\"Milesopedia\",\"description\":\"Programmes de fid\u00e9lit\u00e9 et cartes de cr\u00e9dit au Canada\",\"publisher\":{\"@id\":\"https:\\\/\\\/milesopedia.com\\\/en\\\/#organization\"},\"potentialAction\":[{\"@type\":\"SearchAction\",\"target\":{\"@type\":\"EntryPoint\",\"urlTemplate\":\"https:\\\/\\\/milesopedia.com\\\/en\\\/?s={search_term_string}\"},\"query-input\":{\"@type\":\"PropertyValueSpecification\",\"valueRequired\":true,\"valueName\":\"search_term_string\"}}],\"inLanguage\":\"en-CA\"},{\"@type\":\"Organization\",\"@id\":\"https:\\\/\\\/milesopedia.com\\\/en\\\/#organization\",\"name\":\"Milesopedia Canada\",\"alternateName\":\"Milesopedia\",\"url\":\"https:\\\/\\\/milesopedia.com\\\/en\\\/\",\"logo\":{\"@type\":\"ImageObject\",\"inLanguage\":\"en-CA\",\"@id\":\"https:\\\/\\\/milesopedia.com\\\/en\\\/#\\\/schema\\\/logo\\\/image\\\/\",\"url\":\"https:\\\/\\\/milesopedia.com\\\/wp-content\\\/uploads\\\/2023\\\/01\\\/MILESOPEDIA-logo-cmjn-black-V3@4x.png\",\"contentUrl\":\"https:\\\/\\\/milesopedia.com\\\/wp-content\\\/uploads\\\/2023\\\/01\\\/MILESOPEDIA-logo-cmjn-black-V3@4x.png\",\"width\":1600,\"height\":261,\"caption\":\"Milesopedia Canada\"},\"image\":{\"@id\":\"https:\\\/\\\/milesopedia.com\\\/en\\\/#\\\/schema\\\/logo\\\/image\\\/\"},\"sameAs\":[\"https:\\\/\\\/www.facebook.com\\\/milesopedia\",\"https:\\\/\\\/x.com\\\/milesopedia\",\"https:\\\/\\\/www.linkedin.com\\\/company\\\/milesopedia\",\"https:\\\/\\\/www.tiktok.com\\\/@milesopedia\",\"https:\\\/\\\/www.youtube.com\\\/milesopedia\"]}]}<\/script>\n<!-- \/ Yoast SEO Premium plugin. -->","yoast_head_json":{"title":"The Magic of Points Podcast | Milesopedia","description":"Listen to Milesopedia's podcasts! Dive into captivating discussions, expert advice, and the latest trends.","robots":{"index":"index","follow":"follow","max-snippet":"max-snippet:-1","max-image-preview":"max-image-preview:large","max-video-preview":"max-video-preview:-1"},"canonical":"https:\/\/milesopedia.com\/en\/useful-resources\/milesopedia-podcast-the-magic-of-points\/","og_locale":"en_US","og_type":"article","og_title":"Milesopedia Podcast - The Magic of Points","og_description":"Listen to Milesopedia's podcasts! Dive into captivating discussions, expert advice, and the latest trends.","og_url":"https:\/\/milesopedia.com\/en\/useful-resources\/milesopedia-podcast-the-magic-of-points\/","og_site_name":"Milesopedia","article_publisher":"https:\/\/www.facebook.com\/milesopedia","article_modified_time":"2026-04-01T18:34:19+00:00","og_image":[{"width":2560,"height":1440,"url":"https:\/\/milesopedia.com\/wp-content\/uploads\/2026\/02\/La-magie-des-points-thumbnail-scaled.jpg","type":"image\/jpeg"}],"twitter_card":"summary_large_image","twitter_site":"@milesopedia","schema":{"@context":"https:\/\/schema.org","@graph":[{"@type":"WebPage","@id":"https:\/\/milesopedia.com\/en\/useful-resources\/milesopedia-podcast-the-magic-of-points\/","url":"https:\/\/milesopedia.com\/en\/useful-resources\/milesopedia-podcast-the-magic-of-points\/","name":"The Magic of Points Podcast | Milesopedia","isPartOf":{"@id":"https:\/\/milesopedia.com\/en\/#website"},"primaryImageOfPage":{"@id":"https:\/\/milesopedia.com\/en\/useful-resources\/milesopedia-podcast-the-magic-of-points\/#primaryimage"},"image":{"@id":"https:\/\/milesopedia.com\/en\/useful-resources\/milesopedia-podcast-the-magic-of-points\/#primaryimage"},"thumbnailUrl":"https:\/\/milesopedia.com\/wp-content\/uploads\/2026\/02\/La-magie-des-points-thumbnail-scaled.jpg","datePublished":"2026-02-01T11:00:00+00:00","dateModified":"2026-04-01T18:34:19+00:00","description":"Listen to Milesopedia's podcasts! Dive into captivating discussions, expert advice, and the latest trends.","inLanguage":"en-CA","potentialAction":[{"@type":"ReadAction","target":["https:\/\/milesopedia.com\/en\/useful-resources\/milesopedia-podcast-the-magic-of-points\/"]}]},{"@type":"ImageObject","inLanguage":"en-CA","@id":"https:\/\/milesopedia.com\/en\/useful-resources\/milesopedia-podcast-the-magic-of-points\/#primaryimage","url":"https:\/\/milesopedia.com\/wp-content\/uploads\/2026\/02\/La-magie-des-points-thumbnail-scaled.jpg","contentUrl":"https:\/\/milesopedia.com\/wp-content\/uploads\/2026\/02\/La-magie-des-points-thumbnail-scaled.jpg","width":2560,"height":1440,"caption":"The Magic of Points - thumbnail"},{"@type":"WebSite","@id":"https:\/\/milesopedia.com\/en\/#website","url":"https:\/\/milesopedia.com\/en\/","name":"Milesopedia","description":"Programmes de fid\u00e9lit\u00e9 et cartes de cr\u00e9dit au Canada","publisher":{"@id":"https:\/\/milesopedia.com\/en\/#organization"},"potentialAction":[{"@type":"SearchAction","target":{"@type":"EntryPoint","urlTemplate":"https:\/\/milesopedia.com\/en\/?s={search_term_string}"},"query-input":{"@type":"PropertyValueSpecification","valueRequired":true,"valueName":"search_term_string"}}],"inLanguage":"en-CA"},{"@type":"Organization","@id":"https:\/\/milesopedia.com\/en\/#organization","name":"Milesopedia Canada","alternateName":"Milesopedia","url":"https:\/\/milesopedia.com\/en\/","logo":{"@type":"ImageObject","inLanguage":"en-CA","@id":"https:\/\/milesopedia.com\/en\/#\/schema\/logo\/image\/","url":"https:\/\/milesopedia.com\/wp-content\/uploads\/2023\/01\/MILESOPEDIA-logo-cmjn-black-V3@4x.png","contentUrl":"https:\/\/milesopedia.com\/wp-content\/uploads\/2023\/01\/MILESOPEDIA-logo-cmjn-black-V3@4x.png","width":1600,"height":261,"caption":"Milesopedia Canada"},"image":{"@id":"https:\/\/milesopedia.com\/en\/#\/schema\/logo\/image\/"},"sameAs":["https:\/\/www.facebook.com\/milesopedia","https:\/\/x.com\/milesopedia","https:\/\/www.linkedin.com\/company\/milesopedia","https:\/\/www.tiktok.com\/@milesopedia","https:\/\/www.youtube.com\/milesopedia"]}]}},"_links":{"self":[{"href":"https:\/\/milesopedia.com\/en\/wp-json\/wp\/v2\/pages\/490512","targetHints":{"allow":["GET"]}}],"collection":[{"href":"https:\/\/milesopedia.com\/en\/wp-json\/wp\/v2\/pages"}],"about":[{"href":"https:\/\/milesopedia.com\/en\/wp-json\/wp\/v2\/types\/page"}],"author":[{"embeddable":true,"href":"https:\/\/milesopedia.com\/en\/wp-json\/wp\/v2\/users\/3"}],"replies":[{"embeddable":true,"href":"https:\/\/milesopedia.com\/en\/wp-json\/wp\/v2\/comments?post=490512"}],"version-history":[{"count":1,"href":"https:\/\/milesopedia.com\/en\/wp-json\/wp\/v2\/pages\/490512\/revisions"}],"predecessor-version":[{"id":490516,"href":"https:\/\/milesopedia.com\/en\/wp-json\/wp\/v2\/pages\/490512\/revisions\/490516"}],"up":[{"embeddable":true,"href":"https:\/\/milesopedia.com\/en\/wp-json\/wp\/v2\/pages\/490327"}],"wp:featuredmedia":[{"embeddable":true,"href":"https:\/\/milesopedia.com\/en\/wp-json\/wp\/v2\/media\/490513"}],"wp:attachment":[{"href":"https:\/\/milesopedia.com\/en\/wp-json\/wp\/v2\/media?parent=490512"}],"wp:term":[{"taxonomy":"post_tag","embeddable":true,"href":"https:\/\/milesopedia.com\/en\/wp-json\/wp\/v2\/tags?post=490512"},{"taxonomy":"mc_loyalty_program","embeddable":true,"href":"https:\/\/milesopedia.com\/en\/wp-json\/wp\/v2\/mc_loyalty_program?post=490512"}],"curies":[{"name":"wp","href":"https:\/\/api.w.org\/{rel}","templated":true}]}}