{"id":490161,"date":"2022-01-07T01:00:00","date_gmt":"2022-01-07T06:00:00","guid":{"rendered":"https:\/\/milesopedia.com\/best-credit-cards-ranking\/uncategorized-ranking-of-the-best-credit-cards-in-canada-in-2023\/"},"modified":"2026-04-01T14:32:03","modified_gmt":"2026-04-01T18:32:03","slug":"uncategorized-ranking-of-the-best-credit-cards-in-canada-in-2023","status":"publish","type":"page","link":"https:\/\/milesopedia.com\/en\/best-credit-cards-ranking\/uncategorized-ranking-of-the-best-credit-cards-in-canada-in-2023\/","title":{"rendered":"Uncategorized: Ranking of the best credit cards in Canada in 2023"},"content":{"rendered":"<div class=\"wpb-content-wrapper\"><p>[vc_row][vc_column][vc_column_text el_class=&#8221;checkmarks&#8221;]<\/p>\n<p>We present our <strong>ranking of the best credit cards in Canada<\/strong> in 2022.<\/p>\n<p>On Milesopedia, we analyze nearly 200 credit cards available to Canadians. You can find them in our <a href=\"https:\/\/milesopedia.com\/en\/?p=131131\">credit card comparison tool<\/a>. This comparison tool has also been featured by <a href=\"https:\/\/milesopedia.com\/en\/news\/finance\/partnership-milesopedia-protegez-vous\/\">Prot\u00e9gez-Vous<\/a>.  <\/p>\n<p>Each month, we update <a href=\"https:\/\/milesopedia.com\/en\/best-credit-cards-in-canada\/\">our ranking of the best credit card offers<\/a>, to help you find the best credit card offer that suits you at the moment.<\/p>\n<p>A credit card offer can therefore be excellent at certain times of the year, but less so at others: that&#8217;s why you need to constantly stay informed about current offers -especially via <a href=\"https:\/\/milesopedia.com\/en\/newsletter\/\">our weekly newsletter<\/a>.<\/p>\n<p>On this page, we will not discuss offers, but rather an evaluation based on the overall characteristics of each <a class=\"wpil_keyword_link\" href=\"https:\/\/milesopedia.com\/en\/credit-cards\/cibc-dividend-visa-infinite-card\/\" title=\"CIBC Dividend&lt;sup&gt;MD&lt;\/sup&gt; Visa Infinite* Card\" data-wpil-keyword-link=\"linked\" data-wpil-monitor-id=\"1414\">credit card<\/a>. Several factors are thus considered to choose the <strong>best credit card in 2022 in <a class=\"wpil_keyword_link\" href=\"https:\/\/milesopedia.com\/en\/region\/canada-en\/\" title=\"Milesopedia&nbsp;: Reward programs &amp; Credit cards\" data-wpil-keyword-link=\"linked\" data-wpil-monitor-id=\"1410\">Canada<\/a><\/strong> by category, such as: <\/p>\n<ul>\n<li>earning rewards through purchases (in points, miles, <a class=\"wpil_keyword_link\" href=\"https:\/\/milesopedia.com\/en\/avis\/cartes-credit\/comparison-cibc-dividend-visa-infinite-vs-scotia-momentum-visa-infinite-card\/\" title=\"Head-to-Head: CIBC Dividend<sup>&reg;<\/sup> Visa Infinite* Card vs Scotia Momentum<sup>&reg;<\/sup> VISA Infinite* Card\" data-wpil-keyword-link=\"linked\" data-wpil-monitor-id=\"1411\">cash back<\/a>)<\/li>\n<li>Benefits offered (lounge access, concierge, annual credit, etc.)<\/li>\n<li>the <a class=\"wpil_keyword_link\" href=\"https:\/\/milesopedia.com\/en\/offres\/cartes\/small-msr\/\" title=\"Credit Cards: The Best Welcome Bonuses With a Small Minimum Spending Requirement\" data-wpil-keyword-link=\"linked\" data-wpil-monitor-id=\"1417\">welcome bonus<\/a> offered to new cardholders<\/li>\n<li>Insurance coverage (travel, purchases, etc.)<\/li>\n<li>the annual cost<\/li>\n<li>the partners accessible with the <a class=\"wpil_keyword_link\" href=\"https:\/\/milesopedia.com\/en\/guides\/tutoriels\/savings-supermarket-comparison-programs-rewards\/\" title=\"Groceries: Comparison of Rewards Programs for a Cheaper Grocery Bill\" data-wpil-keyword-link=\"linked\" data-wpil-monitor-id=\"1412\">rewards program<\/a><\/li>\n<li>Card acceptance in Canada and abroad<\/li>\n<li>Income requirements<\/li>\n<li>the reviews from our readers and <a class=\"thirstylink\" title=\"the milesopedia facebook group\" href=\"https:\/\/milesopedia.com\/en\/go\/fbgroupe\/\">Milesopedia community members<\/a><\/li>\n<\/ul>\n<p>[\/vc_column_text][vc_column_text el_class=&#8221;links&#8221;]<\/p>\n<p>As we regularly repeat, the market is divided into two main categories in Canada: &#8220;travel rewards&#8221; and &#8220;<a class=\"wpil_keyword_link\" href=\"https:\/\/milesopedia.com\/en\/guide\/strategy\/strategies-earn-cash-back\/\" title=\"Our strategies to easily earn cash back\" data-wpil-keyword-link=\"linked\" data-wpil-monitor-id=\"1416\">cash back<\/a>.&#8221; We have thus organized our ranking to take <a class=\"wpil_keyword_link\" href=\"https:\/\/milesopedia.com\/en\/compare\/chequing-accounts\/\" title=\"Chequing account\" data-wpil-keyword-link=\"linked\" data-wpil-monitor-id=\"1418\">this into account<\/a>: <\/p>\n<ul>\n<li><a href=\"https:\/\/milesopedia.com\/en\/best-credit-cards-ranking\/cash-back-ranking-of-the-best-credit-cards-in-canada-for-2023\/\">The Best Cash Back Credit Cards in Canada in 2022<\/a><\/li>\n<li><a target=\"_blank\" href=\"\/?page_id=187653\">The Best Travel Rewards Credit Cards in Canada in 2022<\/a><\/li>\n<li><a href=\"https:\/\/milesopedia.com\/classement-meilleures-cartes-credit\/hors-categorie\/\">The Best Credit Cards in Canada in 2022 &#8211; General Category<\/a><\/li>\n<\/ul>\n<p>[\/vc_column_text][\/vc_column][\/vc_row][vc_row][vc_column][vc_custom_heading el_id=&#8221;low_interest_rate&#8221; text=&#8221;Low Interest Rate&#8221; google_fonts=&#8221;&#8221;][vc_row_inner][vc_column_inner width=&#8221;1\/2&#8243;][vc_single_image image=&#8221;187194&#8243; alignment=&#8221;center&#8221;][vc_column_text]<\/p>\n<p>The <a target=\"_blank\" href=\"\/?p=68383\">HSBC +Rewards Mastercard<\/a> is the <strong>Best Low Interest Rate Credit Card<\/strong> in 2022 in Canada.<\/p>\n<p>This award was given due to an annual interest rate on purchases, cash advances, and balance transfers of 11.9%, which is significantly lower than the average for <a class=\"wpil_keyword_link\" href=\"https:\/\/milesopedia.com\/en\/best-credit-cards-in-canada\/hotels\/\" title=\"The Best Credit Cards for Hotels \u2013 July 2025\" data-wpil-keyword-link=\"linked\" data-wpil-monitor-id=\"1415\">credit cards<\/a> in Canada.<\/p>\n<p>[\/vc_column_text][\/vc_column_inner][vc_column_inner width=&#8221;1\/2&#8243;]<div class=\"wpb_content_element wpb_miles_element\"><\/div>[\/vc_column_inner][\/vc_row_inner][\/vc_column][\/vc_row][vc_row][vc_column][vc_custom_heading el_id=&#8221;prepaid&#8221; text=&#8221;Prepaid&#8221; google_fonts=&#8221;&#8221;][vc_row_inner][vc_column_inner width=&#8221;1\/2&#8243;][vc_single_image image=&#8221;187196&#8243; alignment=&#8221;center&#8221;][vc_column_text]<\/p>\n<p>The <a href=\"https:\/\/milesopedia.com\/en\/credit-cards\/prepaid-mastercard-koho-extra\/\">KOHO Premium Prepaid Visa Card<\/a> is the <strong>Best Prepaid Credit Card<\/strong> in 2022 in Canada.<\/p>\n<p>This award was given due to the cash back earned on everyday purchases: 2% on transportation, groceries, and restaurants. Additionally, this prepaid card has no foreign currency conversion fees. <\/p>\n<p>[\/vc_column_text][\/vc_column_inner][vc_column_inner width=&#8221;1\/2&#8243;]<div class=\"wpb_content_element wpb_miles_element\">\t\t<div\n\t\t\t\tdata-template='ranking'\n\t\t\t\tdata-post_type='card'\n\t\t\t\tdata-per_page='4'\n\t\t\t\tclass='deferred_container--preload container_card container_template--ranking container_count--1'\n\n\t\t\t\t\t\t\t\t\tdata-tag=\"card_id\"\n\t\t\t\t\t\t\tdata-post_ids=\"117031\"\n\t\t\t\t\t\t\tdata-utm=\"wpb\"\n\t\t\t\t\t\t\t>\n\t\t<div class=\"card\">\n\t<div class=\"card--grid\">\n\n\t\t<div class=\"card--img-outer\">\n\t\t\t<div class=\"card--img\">\n\t\t\t\t<div class=\"shimmer shimmer-card\"><\/div>\n\t\t\t<\/div>\n\t\t<\/div>\n\n\t\t<div class=\"card--title-offer-selling\">\n\t\t\t<div class=\"card--title-offer\">\n\t\t\t\t<div class=\"shimmer shimmer-bar\"><\/div>\n\t\t\t\t<div class=\"shimmer shimmer-bar\"><\/div>\n\t\t\t<\/div>\n\t\t\t<div class=\"card--selling-points\">\n\t\t\t\t<div class=\"shimmer shimmer-bar shimmer-bar--short\"><\/div>\n\t\t\t\t<div class=\"shimmer shimmer-bar shimmer-bar--short\"><\/div>\n\t\t\t\t<div class=\"shimmer shimmer-bar shimmer-bar--short\"><\/div>\n\t\t\t<\/div>\n\t\t<\/div>\n\n\t\t<div class=\"card--apply\">\n\t\t\t<div class=\"apply-btn\">\n\t\t\t\t<div class=\"shimmer shimmer-btn\"><\/div>\n\t\t\t<\/div>\n\t\t<\/div>\n\n\t<\/div>\n<\/div>\t\t<\/div>\n\n\t\t<\/div>[\/vc_column_inner][\/vc_row_inner][\/vc_column][\/vc_row][vc_row][vc_column][vc_custom_heading el_id=&#8221;balance_transfer&#8221; text=&#8221;Balance Transfer&#8221; google_fonts=&#8221;&#8221;][vc_row_inner][vc_column_inner width=&#8221;1\/2&#8243;][vc_single_image image=&#8221;187198&#8243; alignment=&#8221;center&#8221;][vc_column_text]<\/p>\n<p>The <a href=\"https:\/\/milesopedia.com\/en\/credit-cards\/cibc-select-visa-card\/\">CIBC Select Visa* Card<\/a> is the <strong>Best Balance Transfer Credit Card<\/strong> in 2022 in Canada.<\/p>\n<p>This award was given due to a recurring offer for a 0% interest rate on balance transfers, for a maximum of 10 months, with a 1% transfer fee.<\/p>\n<p>[\/vc_column_text][\/vc_column_inner][vc_column_inner width=&#8221;1\/2&#8243;]<div class=\"wpb_content_element wpb_miles_element\">\t\t<div\n\t\t\t\tdata-template='ranking'\n\t\t\t\tdata-post_type='card'\n\t\t\t\tdata-per_page='4'\n\t\t\t\tclass='deferred_container--preload container_card container_template--ranking container_count--1'\n\n\t\t\t\t\t\t\t\t\tdata-tag=\"card_id\"\n\t\t\t\t\t\t\tdata-post_ids=\"91259\"\n\t\t\t\t\t\t\tdata-utm=\"wpb\"\n\t\t\t\t\t\t\t>\n\t\t<div class=\"card\">\n\t<div class=\"card--grid\">\n\n\t\t<div class=\"card--img-outer\">\n\t\t\t<div class=\"card--img\">\n\t\t\t\t<div class=\"shimmer shimmer-card\"><\/div>\n\t\t\t<\/div>\n\t\t<\/div>\n\n\t\t<div class=\"card--title-offer-selling\">\n\t\t\t<div class=\"card--title-offer\">\n\t\t\t\t<div class=\"shimmer shimmer-bar\"><\/div>\n\t\t\t\t<div class=\"shimmer shimmer-bar\"><\/div>\n\t\t\t<\/div>\n\t\t\t<div class=\"card--selling-points\">\n\t\t\t\t<div class=\"shimmer shimmer-bar shimmer-bar--short\"><\/div>\n\t\t\t\t<div class=\"shimmer shimmer-bar shimmer-bar--short\"><\/div>\n\t\t\t\t<div class=\"shimmer shimmer-bar shimmer-bar--short\"><\/div>\n\t\t\t<\/div>\n\t\t<\/div>\n\n\t\t<div class=\"card--apply\">\n\t\t\t<div class=\"apply-btn\">\n\t\t\t\t<div class=\"shimmer shimmer-btn\"><\/div>\n\t\t\t<\/div>\n\t\t<\/div>\n\n\t<\/div>\n<\/div>\t\t<\/div>\n\n\t\t<\/div>[\/vc_column_inner][\/vc_row_inner][\/vc_column][\/vc_row][vc_row][vc_column][vc_custom_heading el_id=&#8221;newcomers&#8221; text=&#8221;Newcomers&#8221; google_fonts=&#8221;&#8221;][vc_row_inner][vc_column_inner width=&#8221;1\/2&#8243;][vc_single_image image=&#8221;187664&#8243; alignment=&#8221;center&#8221;][vc_column_text]<\/p>\n<p>The <a href=\"https:\/\/milesopedia.com\/en\/credit-cards\/nbc-mycredit-mastercard\/\">NBC mycredit Mastercard<\/a> is the <strong>Best Credit Card for Newcomers<\/strong> in 2022 in Canada.<\/p>\n<p>This award was given due to the absence of annual fees and specific approval criteria from <a class=\"wpil_keyword_link\" href=\"https:\/\/milesopedia.com\/en\/offers\/bank-accounts\/national-bank-best-chequing-accounts\/\" title=\"The Best Chequing Accounts from National Bank \u2013 NBC\" data-wpil-keyword-link=\"linked\" data-wpil-monitor-id=\"1413\">National Bank<\/a> of Canada for Newcomers and its free support service for 12 months on various topics: daily life, legal, housing, personal finance, and immigration.<\/p>\n<p>[\/vc_column_text][\/vc_column_inner][vc_column_inner width=&#8221;1\/2&#8243;]<div class=\"wpb_content_element wpb_miles_element\">\t\t<div\n\t\t\t\tdata-template='ranking'\n\t\t\t\tdata-post_type='card'\n\t\t\t\tdata-per_page='4'\n\t\t\t\tclass='deferred_container--preload container_card container_template--ranking container_count--1'\n\n\t\t\t\t\t\t\t\t\tdata-tag=\"card_id\"\n\t\t\t\t\t\t\tdata-post_ids=\"22649\"\n\t\t\t\t\t\t\tdata-utm=\"wpb\"\n\t\t\t\t\t\t\t>\n\t\t<div class=\"card\">\n\t<div class=\"card--grid\">\n\n\t\t<div class=\"card--img-outer\">\n\t\t\t<div class=\"card--img\">\n\t\t\t\t<div class=\"shimmer shimmer-card\"><\/div>\n\t\t\t<\/div>\n\t\t<\/div>\n\n\t\t<div class=\"card--title-offer-selling\">\n\t\t\t<div class=\"card--title-offer\">\n\t\t\t\t<div class=\"shimmer shimmer-bar\"><\/div>\n\t\t\t\t<div class=\"shimmer shimmer-bar\"><\/div>\n\t\t\t<\/div>\n\t\t\t<div class=\"card--selling-points\">\n\t\t\t\t<div class=\"shimmer shimmer-bar shimmer-bar--short\"><\/div>\n\t\t\t\t<div class=\"shimmer shimmer-bar shimmer-bar--short\"><\/div>\n\t\t\t\t<div class=\"shimmer shimmer-bar shimmer-bar--short\"><\/div>\n\t\t\t<\/div>\n\t\t<\/div>\n\n\t\t<div class=\"card--apply\">\n\t\t\t<div class=\"apply-btn\">\n\t\t\t\t<div class=\"shimmer shimmer-btn\"><\/div>\n\t\t\t<\/div>\n\t\t<\/div>\n\n\t<\/div>\n<\/div>\t\t<\/div>\n\n\t\t<\/div>[\/vc_column_inner][\/vc_row_inner][\/vc_column][\/vc_row]<\/p>\n<\/div>","protected":false},"excerpt":{"rendered":"<p>[vc_row][vc_column][vc_column_text el_class=&#8221;checkmarks&#8221;] We present our ranking of the best credit cards in Canada in 2022. On Milesopedia, we analyze nearly 200 credit cards available to Canadians. You can find them in our credit card comparison tool. This comparison tool has also been featured by Prot\u00e9gez-Vous. Each month, we update our ranking of the best credit [&hellip;]<\/p>","protected":false},"author":3,"featured_media":0,"parent":207423,"menu_order":0,"comment_status":"closed","ping_status":"closed","template":"page-toc.php","meta":{"_acf_changed":false,"_relevanssi_hide_post":"","_relevanssi_hide_content":"","_relevanssi_pin_for_all":"","_relevanssi_pin_keywords":"","_relevanssi_unpin_keywords":"","_relevanssi_related_keywords":"","_relevanssi_related_include_ids":"","_relevanssi_related_exclude_ids":"","_relevanssi_related_no_append":"","_relevanssi_related_not_related":"","_relevanssi_related_posts":"","_relevanssi_noindex_reason":"","footnotes":""},"tags":[],"mc_loyalty_program":[],"class_list":["post-490161","page","type-page","status-publish","hentry"],"acf":[],"yoast_head":"<!-- This site is optimized with the Yoast SEO Premium plugin v27.4 (Yoast SEO v27.4) - https:\/\/yoast.com\/product\/yoast-seo-premium-wordpress\/ -->\n<title>Other Categories: Best Credit Cards | Canada | 2023 | Milesopedia<\/title>\n<meta name=\"description\" content=\"Here is our ranking of the best credit cards in other categories in Canada in 2023.\" \/>\n<meta name=\"robots\" content=\"index, follow, max-snippet:-1, max-image-preview:large, max-video-preview:-1\" \/>\n<link rel=\"canonical\" href=\"https:\/\/milesopedia.com\/en\/best-credit-cards-ranking\/uncategorized-ranking-of-the-best-credit-cards-in-canada-in-2023\/\" \/>\n<meta property=\"og:locale\" content=\"en_US\" \/>\n<meta property=\"og:type\" content=\"article\" \/>\n<meta property=\"og:title\" content=\"Uncategorized: Ranking of the best credit cards in Canada in 2023\" \/>\n<meta property=\"og:description\" content=\"Here is our ranking of the best credit cards in other categories in Canada in 2023.\" \/>\n<meta property=\"og:url\" content=\"https:\/\/milesopedia.com\/en\/best-credit-cards-ranking\/uncategorized-ranking-of-the-best-credit-cards-in-canada-in-2023\/\" \/>\n<meta property=\"og:site_name\" content=\"Milesopedia\" \/>\n<meta property=\"article:publisher\" content=\"https:\/\/www.facebook.com\/milesopedia\" \/>\n<meta property=\"article:modified_time\" content=\"2026-04-01T18:32:03+00:00\" \/>\n<meta name=\"twitter:card\" content=\"summary_large_image\" \/>\n<meta name=\"twitter:site\" content=\"@milesopedia\" \/>\n<script type=\"application\/ld+json\" class=\"yoast-schema-graph\">{\"@context\":\"https:\\\/\\\/schema.org\",\"@graph\":[{\"@type\":\"WebPage\",\"@id\":\"https:\\\/\\\/milesopedia.com\\\/en\\\/best-credit-cards-ranking\\\/uncategorized-ranking-of-the-best-credit-cards-in-canada-in-2023\\\/\",\"url\":\"https:\\\/\\\/milesopedia.com\\\/en\\\/best-credit-cards-ranking\\\/uncategorized-ranking-of-the-best-credit-cards-in-canada-in-2023\\\/\",\"name\":\"Other Categories: Best Credit Cards | Canada | 2023 | Milesopedia\",\"isPartOf\":{\"@id\":\"https:\\\/\\\/milesopedia.com\\\/en\\\/#website\"},\"datePublished\":\"2022-01-07T06:00:00+00:00\",\"dateModified\":\"2026-04-01T18:32:03+00:00\",\"description\":\"Here is our ranking of the best credit cards in other categories in Canada in 2023.\",\"inLanguage\":\"en-CA\",\"potentialAction\":[{\"@type\":\"ReadAction\",\"target\":[\"https:\\\/\\\/milesopedia.com\\\/en\\\/best-credit-cards-ranking\\\/uncategorized-ranking-of-the-best-credit-cards-in-canada-in-2023\\\/\"]}]},{\"@type\":\"WebSite\",\"@id\":\"https:\\\/\\\/milesopedia.com\\\/en\\\/#website\",\"url\":\"https:\\\/\\\/milesopedia.com\\\/en\\\/\",\"name\":\"Milesopedia\",\"description\":\"Programmes de fid\u00e9lit\u00e9 et cartes de cr\u00e9dit au Canada\",\"publisher\":{\"@id\":\"https:\\\/\\\/milesopedia.com\\\/en\\\/#organization\"},\"potentialAction\":[{\"@type\":\"SearchAction\",\"target\":{\"@type\":\"EntryPoint\",\"urlTemplate\":\"https:\\\/\\\/milesopedia.com\\\/en\\\/?s={search_term_string}\"},\"query-input\":{\"@type\":\"PropertyValueSpecification\",\"valueRequired\":true,\"valueName\":\"search_term_string\"}}],\"inLanguage\":\"en-CA\"},{\"@type\":\"Organization\",\"@id\":\"https:\\\/\\\/milesopedia.com\\\/en\\\/#organization\",\"name\":\"Milesopedia Canada\",\"alternateName\":\"Milesopedia\",\"url\":\"https:\\\/\\\/milesopedia.com\\\/en\\\/\",\"logo\":{\"@type\":\"ImageObject\",\"inLanguage\":\"en-CA\",\"@id\":\"https:\\\/\\\/milesopedia.com\\\/en\\\/#\\\/schema\\\/logo\\\/image\\\/\",\"url\":\"https:\\\/\\\/milesopedia.com\\\/wp-content\\\/uploads\\\/2023\\\/01\\\/MILESOPEDIA-logo-cmjn-black-V3@4x.png\",\"contentUrl\":\"https:\\\/\\\/milesopedia.com\\\/wp-content\\\/uploads\\\/2023\\\/01\\\/MILESOPEDIA-logo-cmjn-black-V3@4x.png\",\"width\":1600,\"height\":261,\"caption\":\"Milesopedia Canada\"},\"image\":{\"@id\":\"https:\\\/\\\/milesopedia.com\\\/en\\\/#\\\/schema\\\/logo\\\/image\\\/\"},\"sameAs\":[\"https:\\\/\\\/www.facebook.com\\\/milesopedia\",\"https:\\\/\\\/x.com\\\/milesopedia\",\"https:\\\/\\\/www.linkedin.com\\\/company\\\/milesopedia\",\"https:\\\/\\\/www.tiktok.com\\\/@milesopedia\",\"https:\\\/\\\/www.youtube.com\\\/milesopedia\"]}]}<\/script>\n<!-- \/ Yoast SEO Premium plugin. -->","yoast_head_json":{"title":"Other Categories: Best Credit Cards | Canada | 2023 | Milesopedia","description":"Here is our ranking of the best credit cards in other categories in Canada in 2023.","robots":{"index":"index","follow":"follow","max-snippet":"max-snippet:-1","max-image-preview":"max-image-preview:large","max-video-preview":"max-video-preview:-1"},"canonical":"https:\/\/milesopedia.com\/en\/best-credit-cards-ranking\/uncategorized-ranking-of-the-best-credit-cards-in-canada-in-2023\/","og_locale":"en_US","og_type":"article","og_title":"Uncategorized: Ranking of the best credit cards in Canada in 2023","og_description":"Here is our ranking of the best credit cards in other categories in Canada in 2023.","og_url":"https:\/\/milesopedia.com\/en\/best-credit-cards-ranking\/uncategorized-ranking-of-the-best-credit-cards-in-canada-in-2023\/","og_site_name":"Milesopedia","article_publisher":"https:\/\/www.facebook.com\/milesopedia","article_modified_time":"2026-04-01T18:32:03+00:00","twitter_card":"summary_large_image","twitter_site":"@milesopedia","schema":{"@context":"https:\/\/schema.org","@graph":[{"@type":"WebPage","@id":"https:\/\/milesopedia.com\/en\/best-credit-cards-ranking\/uncategorized-ranking-of-the-best-credit-cards-in-canada-in-2023\/","url":"https:\/\/milesopedia.com\/en\/best-credit-cards-ranking\/uncategorized-ranking-of-the-best-credit-cards-in-canada-in-2023\/","name":"Other Categories: Best Credit Cards | Canada | 2023 | Milesopedia","isPartOf":{"@id":"https:\/\/milesopedia.com\/en\/#website"},"datePublished":"2022-01-07T06:00:00+00:00","dateModified":"2026-04-01T18:32:03+00:00","description":"Here is our ranking of the best credit cards in other categories in Canada in 2023.","inLanguage":"en-CA","potentialAction":[{"@type":"ReadAction","target":["https:\/\/milesopedia.com\/en\/best-credit-cards-ranking\/uncategorized-ranking-of-the-best-credit-cards-in-canada-in-2023\/"]}]},{"@type":"WebSite","@id":"https:\/\/milesopedia.com\/en\/#website","url":"https:\/\/milesopedia.com\/en\/","name":"Milesopedia","description":"Programmes de fid\u00e9lit\u00e9 et cartes de cr\u00e9dit au Canada","publisher":{"@id":"https:\/\/milesopedia.com\/en\/#organization"},"potentialAction":[{"@type":"SearchAction","target":{"@type":"EntryPoint","urlTemplate":"https:\/\/milesopedia.com\/en\/?s={search_term_string}"},"query-input":{"@type":"PropertyValueSpecification","valueRequired":true,"valueName":"search_term_string"}}],"inLanguage":"en-CA"},{"@type":"Organization","@id":"https:\/\/milesopedia.com\/en\/#organization","name":"Milesopedia Canada","alternateName":"Milesopedia","url":"https:\/\/milesopedia.com\/en\/","logo":{"@type":"ImageObject","inLanguage":"en-CA","@id":"https:\/\/milesopedia.com\/en\/#\/schema\/logo\/image\/","url":"https:\/\/milesopedia.com\/wp-content\/uploads\/2023\/01\/MILESOPEDIA-logo-cmjn-black-V3@4x.png","contentUrl":"https:\/\/milesopedia.com\/wp-content\/uploads\/2023\/01\/MILESOPEDIA-logo-cmjn-black-V3@4x.png","width":1600,"height":261,"caption":"Milesopedia Canada"},"image":{"@id":"https:\/\/milesopedia.com\/en\/#\/schema\/logo\/image\/"},"sameAs":["https:\/\/www.facebook.com\/milesopedia","https:\/\/x.com\/milesopedia","https:\/\/www.linkedin.com\/company\/milesopedia","https:\/\/www.tiktok.com\/@milesopedia","https:\/\/www.youtube.com\/milesopedia"]}]}},"_links":{"self":[{"href":"https:\/\/milesopedia.com\/en\/wp-json\/wp\/v2\/pages\/490161","targetHints":{"allow":["GET"]}}],"collection":[{"href":"https:\/\/milesopedia.com\/en\/wp-json\/wp\/v2\/pages"}],"about":[{"href":"https:\/\/milesopedia.com\/en\/wp-json\/wp\/v2\/types\/page"}],"author":[{"embeddable":true,"href":"https:\/\/milesopedia.com\/en\/wp-json\/wp\/v2\/users\/3"}],"replies":[{"embeddable":true,"href":"https:\/\/milesopedia.com\/en\/wp-json\/wp\/v2\/comments?post=490161"}],"version-history":[{"count":1,"href":"https:\/\/milesopedia.com\/en\/wp-json\/wp\/v2\/pages\/490161\/revisions"}],"predecessor-version":[{"id":490164,"href":"https:\/\/milesopedia.com\/en\/wp-json\/wp\/v2\/pages\/490161\/revisions\/490164"}],"up":[{"embeddable":true,"href":"https:\/\/milesopedia.com\/en\/wp-json\/wp\/v2\/pages\/207423"}],"wp:attachment":[{"href":"https:\/\/milesopedia.com\/en\/wp-json\/wp\/v2\/media?parent=490161"}],"wp:term":[{"taxonomy":"post_tag","embeddable":true,"href":"https:\/\/milesopedia.com\/en\/wp-json\/wp\/v2\/tags?post=490161"},{"taxonomy":"mc_loyalty_program","embeddable":true,"href":"https:\/\/milesopedia.com\/en\/wp-json\/wp\/v2\/mc_loyalty_program?post=490161"}],"curies":[{"name":"wp","href":"https:\/\/api.w.org\/{rel}","templated":true}]}}