{"id":48554,"date":"2026-04-01T00:04:00","date_gmt":"2026-04-01T04:04:00","guid":{"rendered":"https:\/\/milesopedia.com\/all-credit-cards-in-canada\/triangle"},"modified":"2026-04-01T14:42:23","modified_gmt":"2026-04-01T18:42:23","slug":"triangle","status":"publish","type":"page","link":"https:\/\/milesopedia.com\/en\/cards\/triangle\/","title":{"rendered":"The Best Triangle Credit Cards \u2013 April 2026"},"content":{"rendered":"<div class=\"wpb-content-wrapper\"><p>[vc_row][vc_column]<div class=\"wpb_content_element wpb_miles_element\">\t\t<div\n\t\t\t\tdata-template='compare'\n\t\t\t\tdata-post_type='card'\n\t\t\t\tdata-per_page='3'\n\t\t\t\tclass='deferred_container--preload container_card container_template--compare container_count--2'\n\n\t\t\t\t\t\t\t\t\tdata-tag=\"card_id\"\n\t\t\t\t\t\t\tdata-post_ids=\"22768,22602,22766\"\n\t\t\t\t\t\t\tdata-utm=\"wpb\"\n\t\t\t\t\t\t\t>\n\t\t\n    <div class=\"card card-list card-list-header\">\n        <div class=\"shimmer shimmer-bar shimmer-dark shimmer-bar--short card-specs--title\"><\/div>\n        <div class=\"shimmer shimmer-bar shimmer-dark shimmer-bar--short card-specs--title\"><\/div>\n    <\/div>\n\n\n<div class=\"card card-list\">\n\n\t<div class=\"card-list--grid\">\n\n\t\t<div class=\"card-list--card\">\n\t\t\t<div class=\"card-graphic-cta shimmer shimmer-card\"><\/div>\n\t\t<\/div>\n\n\t\t<div class=\"card-list--title-offer\">\n\n\t\t\t<div class=\"card--title\">\n\t\t\t\t<div class=\"shimmer shimmer-bar\"><\/div>\n\t\t\t<\/div>\n\n\t\t\t<div class=\"card-list--offer\">\n\t\t\t\t<div class=\"shimmer shimmer-bar\"><\/div>\n\t\t\t<\/div>\n\n\t\t<\/div>\n\n\t\t<div>\n\t\t\t<div class=\"card--apply\">\n\t\t\t\t<div class=\"shimmer shimmer-btn\"><\/div>\n\t\t\t<\/div>\n\t\t<\/div>\n\n\t<\/div>\n\n<\/div>\n<div class=\"card card-list\">\n\n\t<div class=\"card-list--grid\">\n\n\t\t<div class=\"card-list--card\">\n\t\t\t<div class=\"card-graphic-cta shimmer shimmer-card\"><\/div>\n\t\t<\/div>\n\n\t\t<div class=\"card-list--title-offer\">\n\n\t\t\t<div class=\"card--title\">\n\t\t\t\t<div class=\"shimmer shimmer-bar\"><\/div>\n\t\t\t<\/div>\n\n\t\t\t<div class=\"card-list--offer\">\n\t\t\t\t<div class=\"shimmer shimmer-bar\"><\/div>\n\t\t\t<\/div>\n\n\t\t<\/div>\n\n\t\t<div>\n\t\t\t<div class=\"card--apply\">\n\t\t\t\t<div class=\"shimmer shimmer-btn\"><\/div>\n\t\t\t<\/div>\n\t\t<\/div>\n\n\t<\/div>\n\n<\/div>\t\t<\/div>\n\n\t\t<\/div>[\/vc_column][\/vc_row][vc_row][vc_column el_class=&#8221;faq&#8221;][vc_custom_heading el_id=&#8221;frequent_asked_questions_about_credit_cards&#8221; text=&#8221;Frequent Asked Questions about credit cards&#8221; google_fonts=&#8221;&#8221;][vc_column_text]Here are some frequently asked questions in <a class=\"thirstylink\" title=\"the milesopedia facebook group\" href=\"https:\/\/milesopedia.com\/en\/go\/fbgroupe\/\" rel=\"nofollow noindex\">the milesopedia community<\/a> about credit cards in Canada.[\/vc_column_text][vc_toggle title=&#8221;What&apos;s the best credit card in Canada?&#8221; el_class=&#8221;links&#8221;]There are over 200 credit cards in Canada. There is no &#8220;one best credit card&#8221; in Canada.<\/p>\n<p>Several credit cards can match your needs:<\/p>\n<ul>\n<li><a href=\"https:\/\/milesopedia.com\/en\/best-credit-cards-in-canada\/cash-back\/\">Best Cash Back Credit Cards<\/a><\/li>\n<li><a target=\"_blank\" href=\"\/?page_id=90210\">Best AIR MILES Credit Cards<\/a><\/li>\n<li><a href=\"https:\/\/milesopedia.com\/en\/best-credit-cards-in-canada\/insurance\/\">Best Credit Cards With Insurance<\/a><\/li>\n<li><a href=\"https:\/\/milesopedia.com\/en\/best-credit-cards-in-canada\/airbnb\/\">The Best Credit cards For Airbnb<\/a><\/li>\n<li><a href=\"https:\/\/milesopedia.com\/en\/best-credit-cards-in-canada\/hotels\/\">Best Credit Cards For Hotels<\/a><\/li>\n<\/ul>\n<p>[\/vc_toggle][vc_toggle title=&#8221;Which is the best American Express credit card in Canada?&#8221; el_class=&#8221;links&#8221;]There are more than 30 American Express credit cards in Canada. Check out our best <a href=\"https:\/\/milesopedia.com\/en\/best-credit-cards-in-canada\/amex\/\">American Express Credit Cards page<\/a>.[\/vc_toggle][vc_toggle title=&#8221;What&apos;s the best Mastercard credit card in Canada?&#8221; el_class=&#8221;links&#8221;]There are over 90 Mastercard credit cards in Canada. Check out our <a href=\"https:\/\/milesopedia.com\/en\/best-credit-cards-in-canada\/mastercard\/\">Best Mastercard Credit Cards page.<\/a>[\/vc_toggle][vc_toggle title=&#8221;What&apos;s the best Visa credit card in Canada?&#8221; el_class=&#8221;links&#8221;]There are over 80 Visa credit cards in Canada. Check out our <a href=\"https:\/\/milesopedia.com\/en\/best-credit-cards-in-canada\/visa\/\">Best Visa Credit Cards page.<\/a>[\/vc_toggle][\/vc_column][\/vc_row]<\/p>\n<\/div>","protected":false},"excerpt":{"rendered":"<p>[vc_row][vc_column][\/vc_column][\/vc_row][vc_row][vc_column el_class=&#8221;faq&#8221;][vc_custom_heading el_id=&#8221;frequent_asked_questions_about_credit_cards&#8221; text=&#8221;Frequent Asked Questions about credit cards&#8221; google_fonts=&#8221;&#8221;][vc_column_text]Here are some frequently asked questions in the milesopedia community about credit cards in Canada.[\/vc_column_text][vc_toggle title=&#8221;What&apos;s the best credit card in Canada?&#8221; el_class=&#8221;links&#8221;]There are over 200 credit cards in Canada. There is no &#8220;one best credit card&#8221; in Canada. Several credit cards can match your needs: [&hellip;]<\/p>","protected":false},"author":3,"featured_media":430801,"parent":207239,"menu_order":0,"comment_status":"closed","ping_status":"closed","template":"page-toc.php","meta":{"_acf_changed":false,"_relevanssi_hide_post":"","_relevanssi_hide_content":"","_relevanssi_pin_for_all":"","_relevanssi_pin_keywords":"","_relevanssi_unpin_keywords":"","_relevanssi_related_keywords":"","_relevanssi_related_include_ids":"","_relevanssi_related_exclude_ids":"","_relevanssi_related_no_append":"","_relevanssi_related_not_related":"","_relevanssi_related_posts":"","_relevanssi_noindex_reason":"","footnotes":""},"tags":[],"mc_loyalty_program":[],"class_list":["post-48554","page","type-page","status-publish","has-post-thumbnail","hentry"],"acf":[],"yoast_head":"<!-- This site is optimized with the Yoast SEO Premium plugin v27.3 (Yoast SEO v27.3) - https:\/\/yoast.com\/product\/yoast-seo-premium-wordpress\/ -->\n<title>Best Triangle Credit Cards | April 2026 | Milesopedia<\/title>\n<meta name=\"description\" content=\"Compare the best Triangle credit cards. Offers and tips for April 2026 on Milesopedia.\" \/>\n<meta name=\"robots\" content=\"index, follow, max-snippet:-1, max-image-preview:large, max-video-preview:-1\" \/>\n<link rel=\"canonical\" href=\"https:\/\/milesopedia.com\/en\/cards\/triangle\/\" \/>\n<meta property=\"og:locale\" content=\"en_US\" \/>\n<meta property=\"og:type\" content=\"article\" \/>\n<meta property=\"og:title\" content=\"The Best Triangle Credit Cards \u2013 April 2026\" \/>\n<meta property=\"og:description\" content=\"Compare the best Triangle credit cards. Offers and tips for April 2026 on Milesopedia.\" \/>\n<meta property=\"og:url\" content=\"https:\/\/milesopedia.com\/en\/cards\/triangle\/\" \/>\n<meta property=\"og:site_name\" content=\"Milesopedia\" \/>\n<meta property=\"article:publisher\" content=\"https:\/\/www.facebook.com\/milesopedia\" \/>\n<meta property=\"article:modified_time\" content=\"2026-04-01T18:42:23+00:00\" \/>\n<meta property=\"og:image\" content=\"https:\/\/milesopedia.com\/wp-content\/uploads\/2025\/02\/Banque-Canada-Triangle-1024x538-1.jpg\" \/>\n\t<meta property=\"og:image:width\" content=\"1024\" \/>\n\t<meta property=\"og:image:height\" content=\"538\" \/>\n\t<meta property=\"og:image:type\" content=\"image\/jpeg\" \/>\n<meta name=\"twitter:card\" content=\"summary_large_image\" \/>\n<meta name=\"twitter:site\" content=\"@milesopedia\" \/>\n<script type=\"application\/ld+json\" class=\"yoast-schema-graph\">{\"@context\":\"https:\\\/\\\/schema.org\",\"@graph\":[{\"@type\":\"WebPage\",\"@id\":\"https:\\\/\\\/milesopedia.com\\\/en\\\/cards\\\/triangle\\\/\",\"url\":\"https:\\\/\\\/milesopedia.com\\\/en\\\/cards\\\/triangle\\\/\",\"name\":\"Best Triangle Credit Cards | April 2026 | Milesopedia\",\"isPartOf\":{\"@id\":\"https:\\\/\\\/milesopedia.com\\\/en\\\/#website\"},\"primaryImageOfPage\":{\"@id\":\"https:\\\/\\\/milesopedia.com\\\/en\\\/cards\\\/triangle\\\/#primaryimage\"},\"image\":{\"@id\":\"https:\\\/\\\/milesopedia.com\\\/en\\\/cards\\\/triangle\\\/#primaryimage\"},\"thumbnailUrl\":\"https:\\\/\\\/milesopedia.com\\\/wp-content\\\/uploads\\\/2025\\\/02\\\/Banque-Canada-Triangle-1024x538-1.jpg\",\"datePublished\":\"2026-04-01T04:04:00+00:00\",\"dateModified\":\"2026-04-01T18:42:23+00:00\",\"description\":\"Compare the best Triangle credit cards. Offers and tips for April 2026 on Milesopedia.\",\"inLanguage\":\"en-CA\",\"potentialAction\":[{\"@type\":\"ReadAction\",\"target\":[\"https:\\\/\\\/milesopedia.com\\\/en\\\/cards\\\/triangle\\\/\"]}]},{\"@type\":\"ImageObject\",\"inLanguage\":\"en-CA\",\"@id\":\"https:\\\/\\\/milesopedia.com\\\/en\\\/cards\\\/triangle\\\/#primaryimage\",\"url\":\"https:\\\/\\\/milesopedia.com\\\/wp-content\\\/uploads\\\/2025\\\/02\\\/Banque-Canada-Triangle-1024x538-1.jpg\",\"contentUrl\":\"https:\\\/\\\/milesopedia.com\\\/wp-content\\\/uploads\\\/2025\\\/02\\\/Banque-Canada-Triangle-1024x538-1.jpg\",\"width\":1024,\"height\":538,\"caption\":\"Triangle\"},{\"@type\":\"WebSite\",\"@id\":\"https:\\\/\\\/milesopedia.com\\\/en\\\/#website\",\"url\":\"https:\\\/\\\/milesopedia.com\\\/en\\\/\",\"name\":\"Milesopedia\",\"description\":\"Programmes de fid\u00e9lit\u00e9 et cartes de cr\u00e9dit au Canada\",\"publisher\":{\"@id\":\"https:\\\/\\\/milesopedia.com\\\/en\\\/#organization\"},\"potentialAction\":[{\"@type\":\"SearchAction\",\"target\":{\"@type\":\"EntryPoint\",\"urlTemplate\":\"https:\\\/\\\/milesopedia.com\\\/en\\\/?s={search_term_string}\"},\"query-input\":{\"@type\":\"PropertyValueSpecification\",\"valueRequired\":true,\"valueName\":\"search_term_string\"}}],\"inLanguage\":\"en-CA\"},{\"@type\":\"Organization\",\"@id\":\"https:\\\/\\\/milesopedia.com\\\/en\\\/#organization\",\"name\":\"Milesopedia Canada\",\"alternateName\":\"Milesopedia\",\"url\":\"https:\\\/\\\/milesopedia.com\\\/en\\\/\",\"logo\":{\"@type\":\"ImageObject\",\"inLanguage\":\"en-CA\",\"@id\":\"https:\\\/\\\/milesopedia.com\\\/en\\\/#\\\/schema\\\/logo\\\/image\\\/\",\"url\":\"https:\\\/\\\/milesopedia.com\\\/wp-content\\\/uploads\\\/2023\\\/01\\\/MILESOPEDIA-logo-cmjn-black-V3@4x.png\",\"contentUrl\":\"https:\\\/\\\/milesopedia.com\\\/wp-content\\\/uploads\\\/2023\\\/01\\\/MILESOPEDIA-logo-cmjn-black-V3@4x.png\",\"width\":1600,\"height\":261,\"caption\":\"Milesopedia Canada\"},\"image\":{\"@id\":\"https:\\\/\\\/milesopedia.com\\\/en\\\/#\\\/schema\\\/logo\\\/image\\\/\"},\"sameAs\":[\"https:\\\/\\\/www.facebook.com\\\/milesopedia\",\"https:\\\/\\\/x.com\\\/milesopedia\",\"https:\\\/\\\/www.linkedin.com\\\/company\\\/milesopedia\",\"https:\\\/\\\/www.tiktok.com\\\/@milesopedia\",\"https:\\\/\\\/www.youtube.com\\\/milesopedia\"]}]}<\/script>\n<!-- \/ Yoast SEO Premium plugin. -->","yoast_head_json":{"title":"Best Triangle Credit Cards | April 2026 | Milesopedia","description":"Compare the best Triangle credit cards. Offers and tips for April 2026 on Milesopedia.","robots":{"index":"index","follow":"follow","max-snippet":"max-snippet:-1","max-image-preview":"max-image-preview:large","max-video-preview":"max-video-preview:-1"},"canonical":"https:\/\/milesopedia.com\/en\/cards\/triangle\/","og_locale":"en_US","og_type":"article","og_title":"The Best Triangle Credit Cards \u2013 April 2026","og_description":"Compare the best Triangle credit cards. Offers and tips for April 2026 on Milesopedia.","og_url":"https:\/\/milesopedia.com\/en\/cards\/triangle\/","og_site_name":"Milesopedia","article_publisher":"https:\/\/www.facebook.com\/milesopedia","article_modified_time":"2026-04-01T18:42:23+00:00","og_image":[{"width":1024,"height":538,"url":"https:\/\/milesopedia.com\/wp-content\/uploads\/2025\/02\/Banque-Canada-Triangle-1024x538-1.jpg","type":"image\/jpeg"}],"twitter_card":"summary_large_image","twitter_site":"@milesopedia","schema":{"@context":"https:\/\/schema.org","@graph":[{"@type":"WebPage","@id":"https:\/\/milesopedia.com\/en\/cards\/triangle\/","url":"https:\/\/milesopedia.com\/en\/cards\/triangle\/","name":"Best Triangle Credit Cards | April 2026 | Milesopedia","isPartOf":{"@id":"https:\/\/milesopedia.com\/en\/#website"},"primaryImageOfPage":{"@id":"https:\/\/milesopedia.com\/en\/cards\/triangle\/#primaryimage"},"image":{"@id":"https:\/\/milesopedia.com\/en\/cards\/triangle\/#primaryimage"},"thumbnailUrl":"https:\/\/milesopedia.com\/wp-content\/uploads\/2025\/02\/Banque-Canada-Triangle-1024x538-1.jpg","datePublished":"2026-04-01T04:04:00+00:00","dateModified":"2026-04-01T18:42:23+00:00","description":"Compare the best Triangle credit cards. Offers and tips for April 2026 on Milesopedia.","inLanguage":"en-CA","potentialAction":[{"@type":"ReadAction","target":["https:\/\/milesopedia.com\/en\/cards\/triangle\/"]}]},{"@type":"ImageObject","inLanguage":"en-CA","@id":"https:\/\/milesopedia.com\/en\/cards\/triangle\/#primaryimage","url":"https:\/\/milesopedia.com\/wp-content\/uploads\/2025\/02\/Banque-Canada-Triangle-1024x538-1.jpg","contentUrl":"https:\/\/milesopedia.com\/wp-content\/uploads\/2025\/02\/Banque-Canada-Triangle-1024x538-1.jpg","width":1024,"height":538,"caption":"Triangle"},{"@type":"WebSite","@id":"https:\/\/milesopedia.com\/en\/#website","url":"https:\/\/milesopedia.com\/en\/","name":"Milesopedia","description":"Programmes de fid\u00e9lit\u00e9 et cartes de cr\u00e9dit au Canada","publisher":{"@id":"https:\/\/milesopedia.com\/en\/#organization"},"potentialAction":[{"@type":"SearchAction","target":{"@type":"EntryPoint","urlTemplate":"https:\/\/milesopedia.com\/en\/?s={search_term_string}"},"query-input":{"@type":"PropertyValueSpecification","valueRequired":true,"valueName":"search_term_string"}}],"inLanguage":"en-CA"},{"@type":"Organization","@id":"https:\/\/milesopedia.com\/en\/#organization","name":"Milesopedia Canada","alternateName":"Milesopedia","url":"https:\/\/milesopedia.com\/en\/","logo":{"@type":"ImageObject","inLanguage":"en-CA","@id":"https:\/\/milesopedia.com\/en\/#\/schema\/logo\/image\/","url":"https:\/\/milesopedia.com\/wp-content\/uploads\/2023\/01\/MILESOPEDIA-logo-cmjn-black-V3@4x.png","contentUrl":"https:\/\/milesopedia.com\/wp-content\/uploads\/2023\/01\/MILESOPEDIA-logo-cmjn-black-V3@4x.png","width":1600,"height":261,"caption":"Milesopedia Canada"},"image":{"@id":"https:\/\/milesopedia.com\/en\/#\/schema\/logo\/image\/"},"sameAs":["https:\/\/www.facebook.com\/milesopedia","https:\/\/x.com\/milesopedia","https:\/\/www.linkedin.com\/company\/milesopedia","https:\/\/www.tiktok.com\/@milesopedia","https:\/\/www.youtube.com\/milesopedia"]}]}},"_links":{"self":[{"href":"https:\/\/milesopedia.com\/en\/wp-json\/wp\/v2\/pages\/48554","targetHints":{"allow":["GET"]}}],"collection":[{"href":"https:\/\/milesopedia.com\/en\/wp-json\/wp\/v2\/pages"}],"about":[{"href":"https:\/\/milesopedia.com\/en\/wp-json\/wp\/v2\/types\/page"}],"author":[{"embeddable":true,"href":"https:\/\/milesopedia.com\/en\/wp-json\/wp\/v2\/users\/3"}],"replies":[{"embeddable":true,"href":"https:\/\/milesopedia.com\/en\/wp-json\/wp\/v2\/comments?post=48554"}],"version-history":[{"count":33,"href":"https:\/\/milesopedia.com\/en\/wp-json\/wp\/v2\/pages\/48554\/revisions"}],"predecessor-version":[{"id":490306,"href":"https:\/\/milesopedia.com\/en\/wp-json\/wp\/v2\/pages\/48554\/revisions\/490306"}],"up":[{"embeddable":true,"href":"https:\/\/milesopedia.com\/en\/wp-json\/wp\/v2\/pages\/207239"}],"wp:featuredmedia":[{"embeddable":true,"href":"https:\/\/milesopedia.com\/en\/wp-json\/wp\/v2\/media\/430801"}],"wp:attachment":[{"href":"https:\/\/milesopedia.com\/en\/wp-json\/wp\/v2\/media?parent=48554"}],"wp:term":[{"taxonomy":"post_tag","embeddable":true,"href":"https:\/\/milesopedia.com\/en\/wp-json\/wp\/v2\/tags?post=48554"},{"taxonomy":"mc_loyalty_program","embeddable":true,"href":"https:\/\/milesopedia.com\/en\/wp-json\/wp\/v2\/mc_loyalty_program?post=48554"}],"curies":[{"name":"wp","href":"https:\/\/api.w.org\/{rel}","templated":true}]}}