{"id":475319,"date":"2026-04-01T00:04:00","date_gmt":"2026-04-01T04:04:00","guid":{"rendered":"https:\/\/milesopedia.com\/meilleurs-comptes-desjardins\/"},"modified":"2026-04-01T14:45:40","modified_gmt":"2026-04-01T18:45:40","slug":"meilleurs-comptes-desjardins","status":"publish","type":"page","link":"https:\/\/milesopedia.com\/en\/meilleurs-comptes-desjardins\/","title":{"rendered":"Desjardins Best Chequing Accounts"},"content":{"rendered":"<div class=\"wpb-content-wrapper\"><p>[vc_row][vc_column][vc_column_text]<\/p>\n<p>Are you looking for information on an <strong>online Desjardins bank account<\/strong> and want to know if <strong>Desjardins<\/strong> is the right online bank for you? In this guide, you&#8217;ll learn everything about the <strong>Desjardins online<\/strong> Movement: <\/p>\n<ul>\n<li><a href=\"#offres\">The best Desjardins bank account offers<\/a><\/li>\n<li><a href=\"#avis\">Our review of Desjardins Bank<\/a><\/li>\n<li><a href=\"#services\">Online services offered by Desjardins<\/a><\/li>\n<li><a href=\"https:\/\/milesopedia.com\/en\/personal-finance\/how-to-get-void-cheque-accesd\/\" target=\"_blank\" rel=\"noopener\">How to obtain a Desjardins void cheque on Acc\u00e8sD<\/a> <\/li>\n<li><a href=\"#faq\">Frequently asked questions about Desjardins Online<\/a><\/li>\n<\/ul>\n<p>[\/vc_column_text][\/vc_column][\/vc_row][vc_row el_id=&#8221;offers&#8221;][vc_column][vc_custom_heading el_id=&#8221;the_best_desjardins_bank_account_offers&#8221; text=&#8221;The best Desjardins bank account offers&#8221; google_fonts=&#8221;&#8221;][vc_column_text el_class=&#8221;links&#8221;]<\/p>\n<p><strong>Desjardins<\/strong> offers 3 levels of <strong>chequing accounts<\/strong>:<\/p>\n<ul>\n<li><a href=\"#essentiel\">The Essential<\/a><\/li>\n<li><a href=\"#dollarsUS\">For your US dollar transactions<\/a><\/li>\n<li><a href=\"#superieur\">Higher Yield<\/a><\/li>\n<\/ul>\n<p>In addition, Desjardins offers chequing accounts for specific profiles:<\/p>\n<ul>\n<li><a title=\"the Youth Profit account for young people\" href=\"https:\/\/milesopedia.com\/en\/go\/le-compte-profit-jeunesse-pour-jeunes\/\" target=\"_blank\" rel=\"nofollow noopener sponsored\">the Youth Profit account for young people <\/a>(21 and under)<\/li>\n<li><a title=\"the Strategic account for students\" href=\"https:\/\/milesopedia.com\/en\/go\/le-compte-strategique-pour-etudiants\/\" target=\"_blank\" rel=\"nofollow noopener sponsored\">the Strategic account for students<\/a> (ages 22 to 25)<\/li>\n<\/ul>\n<p>[\/vc_column_text][\/vc_column][\/vc_row][vc_row el_id=&#8221;essential&#8221;][vc_column][vc_custom_heading el_id=&#8221;desjardins_essential_savings_account&#8221; text=&#8221;Desjardins Essential Savings Account&#8221; font_container=&#8221;tag:h3|text_align:left&#8221; google_fonts=&#8221;&#8221;][vc_column_text el_class=&#8221;checkmarks&#8221;]<\/p>\n<p>The <a title=\"Account\" href=\"https:\/\/milesopedia.com\/en\/go\/compte-d\/\" target=\"_blank\" rel=\"nofollow noopener sponsored\"><strong>Desjardins Savings Account with Transactions<\/strong><\/a> is the essential account with which you can manage your finances with <strong>Desjardins Online<\/strong>. This chequing account is: <\/p>\n<ul>\n<li><strong>No interest paid on the account<\/strong><\/li>\n<li><b>No minimum monthly balance required<\/b><\/li>\n<li><strong>With applicable fees on current transactions <\/strong><b>applicables<\/b><\/li>\n<\/ul>\n<p>[\/vc_column_text][\/vc_column][\/vc_row][vc_row el_id=&#8221;US dollars&#8221;][vc_column][vc_custom_heading el_id=&#8221;the_desjardins_chequing_account_for_your_us_dollar_transactions&#8221; text=&#8221;The Desjardins Chequing Account for your US dollar transactions&#8221; font_container=&#8221;tag:h3|text_align:left&#8221; google_fonts=&#8221;&#8221;][vc_column_text el_class=&#8221;checkmarks&#8221;]<\/p>\n<p>With the <a title=\"Growing Yield US Dollar Account\" href=\"https:\/\/milesopedia.com\/en\/go\/compte-a-rendement-croissant-en-devise-americaine\/\" target=\"_blank\" rel=\"nofollow noopener sponsored\"><strong>Desjardins Growing Yield US Dollar Account<\/strong><\/a>, you can manage your finances <strong>for your US dollar transactions <\/strong>with <strong>Desjardins Online<\/strong>:<\/p>\n<ul>\n<li><strong>Interest-bearing Chequing Account<\/strong><\/li>\n<li><b>No service fees<\/b> for your current transactions <strong>if<\/strong> <b>minimum monthly balance of $1,000<\/b><\/li>\n<li>Interest paid<\/li>\n<\/ul>\n<p>[\/vc_column_text][\/vc_column][\/vc_row][vc_row el_id=&#8221;Superior&#8221;][vc_column][vc_custom_heading el_id=&#8221;the_desjardins_superior_yield_account&#8221; text=&#8221;The Desjardins Superior Yield Account&#8221; font_container=&#8221;tag:h3|text_align:left&#8221; google_fonts=&#8221;&#8221;][vc_column_text el_class=&#8221;checkmarks&#8221;]<\/p>\n<p>With the <a title=\"Desjardins High-Yield Account\" href=\"https:\/\/milesopedia.com\/en\/go\/compte-a-haut-rendement-de-desjardins\/\" target=\"_blank\" rel=\"nofollow noopener sponsored\"><strong>Desjardins High-Yield Account<\/strong><\/a>, you can manage your finances with <strong>Desjardins Online<\/strong> if you maintain a high balance:<\/p>\n<ul>\n<li><strong>Get a superior yield<\/strong><\/li>\n<li><strong>No service fees for current transactions if minimum balance of $25,000<\/strong><\/li>\n<li>With interest rate paid, based on balance maintained<\/li>\n<\/ul>\n<p>[\/vc_column_text][\/vc_column][\/vc_row][vc_row el_id=&#8221;review&#8221;][vc_column][vc_custom_heading el_id=&#8221;our_review_of_desjardins_online_bank&#8221; text=&#8221;Our review of Desjardins Online Bank&#8221; google_fonts=&#8221;&#8221;][vc_column_text el_class=&#8221;checkmarks&#8221;]<\/p>\n<p>In Quebec and elsewhere in Canada, <strong>Desjardins Online<\/strong> offers many banking services to its clients. By holding a Desjardins debit card (Desjardins access card), you can access <strong>Desjardins banking services<\/strong>. <\/p>\n<p>Several online and mobile services are offered by Desjardins Bank in Acc\u00e8sD.<\/p>\n<p>Acc\u00e8sD is the simplest and fastest Desjardins Internet and mobile service to manage your finances from anywhere, at any time, and securely. You can access automated phone services if you don&#8217;t have a computer. <\/p>\n<p>Services provided include:<\/p>\n<ul>\n<li>checking your account balances<\/li>\n<li>paying your bills<\/li>\n<li>repaying your line of credit<\/li>\n<li>transferring funds<\/li>\n<\/ul>\n<p>Desjardins&#8217; online banking services offer is comprehensive, particularly in Quebec, with many Desjardins branches present and offers interesting solutions for young people and students.<\/p>\n<p>[\/vc_column_text][vc_single_image image=&#8221;25793&#8243; img_size=&#8221;large&#8221; add_caption=&#8221;yes&#8221; alignment=&#8221;center&#8221; style=&#8221;vc_box_rounded&#8221;][\/vc_column][\/vc_row][vc_row el_id=&#8221;services&#8221;][vc_column][vc_custom_heading el_id=&#8221;online_services_offered_by_desjardins&#8221; text=&#8221;Online services offered by Desjardins&#8221; font_container=&#8221;tag:h3|text_align:left&#8221; google_fonts=&#8221;&#8221;][vc_column_text el_class=&#8221;checkmarks&#8221;]As a client of a Desjardins Caisse, you can benefit from many advantages:<\/p>\n<ul>\n<li>Automated services available 24\/7 on Acc\u00e8sD free of charge across Canada and the United States<\/li>\n<li>Viewing your Desjardins chequing or savings accounts and managing your accounts<\/li>\n<li>Your financial transactions free of charge, anywhere in the world, at any time<\/li>\n<li>Pay bills or send money from your Desjardins online account with Interac e-Transfer<\/li>\n<li>Desjardins Mobile Services app for smartphones to manage your accounts anywhere<\/li>\n<li>Place a stop payment on one or more pre-authorized payments or cheques<\/li>\n<li>Sign up for direct deposit and receive money<\/li>\n<li>Obtain a void cheque, order a chequebook, or view images of your cheques<\/li>\n<li>Block your credit card, reactivate it, or request a replacement card if yours is defective<\/li>\n<li>Get a budget management tool<\/li>\n<li>Get a global overview of your insurance policies<\/li>\n<li>Make investments<\/li>\n<\/ul>\n<p>[\/vc_column_text][\/vc_column][\/vc_row][vc_row el_id=&#8221;faq&#8221;][vc_column el_class=&#8221;faq&#8221;][vc_custom_heading el_id=&#8221;frequently_asked_questions_about_desjardins&#8221; text=&#8221;Frequently asked questions about Desjardins&#8221; google_fonts=&#8221;&#8221;][vc_toggle title=&#8221;How can I get my Desjardins Access Card?&#8221;]To receive your Desjardins Access Card, you can request it:<\/p>\n<ul>\n<li>by phone: 514 224-7737 (Montreal and surrounding areas) or 1&nbsp;800 224-7737 (Canada and United States)<\/li>\n<li>at a Caisse, by making an appointment with an advisor online or by phone.<\/li>\n<\/ul>\n<p>Among other things, this card will allow you to make purchases by direct payment, pay for purchases of $100 or less with Interac Flash, or manage your finances using the Acc\u00e8sD online service.[\/vc_toggle][vc_toggle title=&#8221;I lost my Desjardins credit card: what should I do?&#8221;]If your credit card is lost, stolen, used maliciously, or retained by an ATM:<\/p>\n<ul>\n<li>Block the use of your credit card or prepaid card with your Acc\u00e8sD mobile app\n<ul>\n<li>under Quick Access, go to My Accounts<\/li>\n<li>under Cards, Loans and Lines of Credit, select the card in question<\/li>\n<li>under Card Details, select Information then Manage Card<\/li>\n<li>next to Suspend Card, slide the button to the right<\/li>\n<li>accept the Terms of Use<\/li>\n<\/ul>\n<\/li>\n<\/ul>\n<p>(Your card can be reactivated at any time by sliding the button to the left)<\/p>\n<ul>\n<li>Notify a Desjardins advisor of the event quickly at\n<ul>\n<li>514 397-4415 &#8211; Montreal and surrounding areas<\/li>\n<li>1&nbsp;800 363-3380 &#8211; Canada and United States<\/li>\n<\/ul>\n<\/li>\n<\/ul>\n<p>If your debit card is lost, stolen, or defective, notify an advisor quickly at:<\/p>\n<ul>\n<li style=\"list-style-type: none;\">\n<ul>\n<li>514 281-9289 &#8211; Montreal and surrounding areas<\/li>\n<li>1&nbsp;800 361-5121 &#8211; Canada and United States<\/li>\n<\/ul>\n<\/li>\n<\/ul>\n<p>[\/vc_toggle][vc_toggle title=&#8221;How to get a Desjardins void cheque?&#8221;]<\/p>\n<p class=\"pvariant3\">You can get a free Desjardins void cheque with your account details by logging into Acc\u00e8sD:<\/p>\n<ul>\n<li>Click on More Options in the right-hand menu<\/li>\n<li>Select Void Cheque<\/li>\n<li>In the table, click on the Void Cheque link<\/li>\n<\/ul>\n<p>[\/vc_toggle][vc_toggle title=&#8221;How to contact Desjardins Bank?&#8221;]You can contact Desjardins in several ways as a Caisse member:<\/p>\n<ul>\n<li>Via Desjardins&#8217; Acc\u00e8sD secure messaging inbox<\/li>\n<li>By email via Desjardins&#8217; <a href=\"https:\/\/pservices.desjardins.com\/apps\/contact\/index.html#\/avecnous\/infos;t=4\">contact form<\/a><\/li>\n<li>By visiting one of Desjardins Bank&#8217;s <a href=\"https:\/\/www.desjardins.com\/localisateur\/index.jsp#\/ps\">branches<\/a><\/li>\n<li>By calling\n<ul>\n<li>514 224-7737 &#8211; Montreal and surrounding areas<\/li>\n<li>1&nbsp;800 224-7737 &#8211; Elsewhere in Canada and the United States<\/li>\n<\/ul>\n<\/li>\n<\/ul>\n<p>[\/vc_toggle][vc_toggle title=&#8221;What are the Desjardins credit cards?&#8221;]Desjardins Bank offers many credit cards. <a href=\"https:\/\/milesopedia.com\/en\/cards\/desjardins\/\">Consult our page dedicated to the best Desjardins credit card offers<\/a>.[\/vc_toggle][vc_empty_space]<div class=\"wpb_content_element wpb_miles_element\">\t\t<div\n\t\t\t\tdata-template='s-h'\n\t\t\t\tdata-post_type='page'\n\t\t\t\tdata-per_page='4'\n\t\t\t\tclass='deferred_container--preload container_page container_template--s-h container_count--1'\n\n\t\t\t\t\t\t\t\t\tdata-tag=\"page_id\"\n\t\t\t\t\t\t\tdata-post_ids=\"48522\"\n\t\t\t\t\t\t\t>\n\t\t<article class=\"post-preview\">\n\t<div class=\"post-preview-thumbnail\">\n\t\t<div class=\"shimmer shimmer-image\"><\/div>\n\t<\/div>\n\t<div class=\"post-preview-content\">\n\t\t<div class=\"simmer-bar-group\">\n\t\t\t<div class=\"shimmer shimmer-bar\"><\/div>\n\t\t\t<div class=\"shimmer shimmer-bar\"><\/div>\n\t\t<\/div>\n\t<\/div>\n<\/article>\t\t<\/div>\n\n\t\t<\/div>[\/vc_column][\/vc_row][vc_row][vc_column][vc_toggle title=&#8221;How to open a Desjardins online account?&#8221;]<\/p>\n<p>Go to the <a target=\"_blank\" href=\"https:\/\/www.desjardins.com\/outils\/ouvrir-compte-devenir-membre\/index.jsp?transit=&amp;type=conjoint&amp;institution=\">next page<\/a> and fill out the Desjardins form. In 10 minutes, you will have created your online account. You may be asked to visit a Caisse to finalize your application.  <\/p>\n<p>[\/vc_toggle][vc_toggle title=&#8221;Can I open a Desjardins online account before arriving in Canada?&#8221;]<\/p>\n<p>It&#8217;s possible. Go to the<a target=\"_blank\" href=\"https:\/\/www.desjardins.com\/particuliers\/vous-etes\/nouveaux-arrivants-canada\/ouvrir-compte-canada\/index.jsp\"> next page <\/a>and fill out the Desjardins form. An advisor will then contact you. You will be asked to visit a Caisse to finalize your application upon your arrival in Canada.   <\/p>\n<p>[\/vc_toggle][vc_toggle title=&#8221;How to close a Desjardins online account?&#8221;]<\/p>\n<p>Your Desjardins account can be closed remotely by sending your request by email to your advisor or by mail with:<\/p>\n<ul>\n<li>your first name, last name, account number, address, and phone number,<\/li>\n<li>fund transfer authorization (to be requested from your advisor beforehand),<\/li>\n<li>an ID,<\/li>\n<li>a copy of your bank account information (RIB) where you wish to have the funds transferred. <\/li>\n<\/ul>\n<p>[\/vc_toggle][vc_toggle title=&#8221;Where to find your Desjardins account number?&#8221;]<\/p>\n<p>Your Desjardins account number can be found on your cheques. Look at the last line of one of your cheques and the 3rd series of numbers, after the institution number. <\/p>\n<p>[\/vc_toggle][\/vc_column][\/vc_row]<\/p>\n<\/div>","protected":false},"excerpt":{"rendered":"<p>[vc_row][vc_column][vc_column_text] Are you looking for information on an online Desjardins bank account and want to know if Desjardins is the right online bank for you? In this guide, you&#8217;ll learn everything about the Desjardins online Movement: The best Desjardins bank account offers Our review of Desjardins Bank Online services offered by Desjardins How to obtain [&hellip;]<\/p>","protected":false},"author":3,"featured_media":114626,"parent":0,"menu_order":0,"comment_status":"closed","ping_status":"closed","template":"page-toc.php","meta":{"_acf_changed":false,"_relevanssi_hide_post":"","_relevanssi_hide_content":"","_relevanssi_pin_for_all":"","_relevanssi_pin_keywords":"","_relevanssi_unpin_keywords":"","_relevanssi_related_keywords":"","_relevanssi_related_include_ids":"","_relevanssi_related_exclude_ids":"","_relevanssi_related_no_append":"","_relevanssi_related_not_related":"","_relevanssi_related_posts":"","_relevanssi_noindex_reason":"","footnotes":""},"tags":[],"mc_loyalty_program":[],"class_list":["post-475319","page","type-page","status-publish","has-post-thumbnail","hentry"],"acf":[],"yoast_head":"<!-- This site is optimized with the Yoast SEO Premium plugin v27.4 (Yoast SEO v27.4) - https:\/\/yoast.com\/product\/yoast-seo-premium-wordpress\/ -->\n<title>Desjardins Bank Accounts | Chequing | Savings | 2026 | Milesopedia<\/title>\n<meta name=\"description\" content=\"Discover the best Desjardins chequing account offers. Choose the best Desjardins account online!\" \/>\n<meta name=\"robots\" content=\"index, follow, max-snippet:-1, max-image-preview:large, max-video-preview:-1\" \/>\n<link rel=\"canonical\" href=\"https:\/\/milesopedia.com\/en\/meilleurs-comptes-desjardins\/\" \/>\n<meta property=\"og:locale\" content=\"en_US\" \/>\n<meta property=\"og:type\" content=\"article\" \/>\n<meta property=\"og:title\" content=\"Desjardins Best Chequing Accounts\" \/>\n<meta property=\"og:description\" content=\"Discover the best Desjardins chequing account offers. Choose the best Desjardins account online!\" \/>\n<meta property=\"og:url\" content=\"https:\/\/milesopedia.com\/en\/meilleurs-comptes-desjardins\/\" \/>\n<meta property=\"og:site_name\" content=\"Milesopedia\" \/>\n<meta property=\"article:publisher\" content=\"https:\/\/www.facebook.com\/milesopedia\" \/>\n<meta property=\"article:modified_time\" content=\"2026-04-01T18:45:40+00:00\" \/>\n<meta property=\"og:image\" content=\"https:\/\/milesopedia.com\/wp-content\/uploads\/2020\/12\/desjardins-banque-scaled.jpg\" \/>\n\t<meta property=\"og:image:width\" content=\"1600\" \/>\n\t<meta property=\"og:image:height\" content=\"840\" \/>\n\t<meta property=\"og:image:type\" content=\"image\/jpeg\" \/>\n<meta name=\"twitter:card\" content=\"summary_large_image\" \/>\n<meta name=\"twitter:site\" content=\"@milesopedia\" \/>\n<script type=\"application\/ld+json\" class=\"yoast-schema-graph\">{\"@context\":\"https:\\\/\\\/schema.org\",\"@graph\":[{\"@type\":\"WebPage\",\"@id\":\"https:\\\/\\\/milesopedia.com\\\/en\\\/meilleurs-comptes-desjardins\\\/\",\"url\":\"https:\\\/\\\/milesopedia.com\\\/en\\\/meilleurs-comptes-desjardins\\\/\",\"name\":\"Desjardins Bank Accounts | Chequing | Savings | 2026 | Milesopedia\",\"isPartOf\":{\"@id\":\"https:\\\/\\\/milesopedia.com\\\/en\\\/#website\"},\"primaryImageOfPage\":{\"@id\":\"https:\\\/\\\/milesopedia.com\\\/en\\\/meilleurs-comptes-desjardins\\\/#primaryimage\"},\"image\":{\"@id\":\"https:\\\/\\\/milesopedia.com\\\/en\\\/meilleurs-comptes-desjardins\\\/#primaryimage\"},\"thumbnailUrl\":\"https:\\\/\\\/milesopedia.com\\\/wp-content\\\/uploads\\\/2020\\\/12\\\/desjardins-banque-scaled.jpg\",\"datePublished\":\"2026-04-01T04:04:00+00:00\",\"dateModified\":\"2026-04-01T18:45:40+00:00\",\"description\":\"Discover the best Desjardins chequing account offers. Choose the best Desjardins account online!\",\"inLanguage\":\"en-CA\",\"potentialAction\":[{\"@type\":\"ReadAction\",\"target\":[\"https:\\\/\\\/milesopedia.com\\\/en\\\/meilleurs-comptes-desjardins\\\/\"]}]},{\"@type\":\"ImageObject\",\"inLanguage\":\"en-CA\",\"@id\":\"https:\\\/\\\/milesopedia.com\\\/en\\\/meilleurs-comptes-desjardins\\\/#primaryimage\",\"url\":\"https:\\\/\\\/milesopedia.com\\\/wp-content\\\/uploads\\\/2020\\\/12\\\/desjardins-banque-scaled.jpg\",\"contentUrl\":\"https:\\\/\\\/milesopedia.com\\\/wp-content\\\/uploads\\\/2020\\\/12\\\/desjardins-banque-scaled.jpg\",\"width\":1600,\"height\":840,\"caption\":\"Desjardins Bank\"},{\"@type\":\"WebSite\",\"@id\":\"https:\\\/\\\/milesopedia.com\\\/en\\\/#website\",\"url\":\"https:\\\/\\\/milesopedia.com\\\/en\\\/\",\"name\":\"Milesopedia\",\"description\":\"Programmes de fid\u00e9lit\u00e9 et cartes de cr\u00e9dit au Canada\",\"publisher\":{\"@id\":\"https:\\\/\\\/milesopedia.com\\\/en\\\/#organization\"},\"potentialAction\":[{\"@type\":\"SearchAction\",\"target\":{\"@type\":\"EntryPoint\",\"urlTemplate\":\"https:\\\/\\\/milesopedia.com\\\/en\\\/?s={search_term_string}\"},\"query-input\":{\"@type\":\"PropertyValueSpecification\",\"valueRequired\":true,\"valueName\":\"search_term_string\"}}],\"inLanguage\":\"en-CA\"},{\"@type\":\"Organization\",\"@id\":\"https:\\\/\\\/milesopedia.com\\\/en\\\/#organization\",\"name\":\"Milesopedia Canada\",\"alternateName\":\"Milesopedia\",\"url\":\"https:\\\/\\\/milesopedia.com\\\/en\\\/\",\"logo\":{\"@type\":\"ImageObject\",\"inLanguage\":\"en-CA\",\"@id\":\"https:\\\/\\\/milesopedia.com\\\/en\\\/#\\\/schema\\\/logo\\\/image\\\/\",\"url\":\"https:\\\/\\\/milesopedia.com\\\/wp-content\\\/uploads\\\/2023\\\/01\\\/MILESOPEDIA-logo-cmjn-black-V3@4x.png\",\"contentUrl\":\"https:\\\/\\\/milesopedia.com\\\/wp-content\\\/uploads\\\/2023\\\/01\\\/MILESOPEDIA-logo-cmjn-black-V3@4x.png\",\"width\":1600,\"height\":261,\"caption\":\"Milesopedia Canada\"},\"image\":{\"@id\":\"https:\\\/\\\/milesopedia.com\\\/en\\\/#\\\/schema\\\/logo\\\/image\\\/\"},\"sameAs\":[\"https:\\\/\\\/www.facebook.com\\\/milesopedia\",\"https:\\\/\\\/x.com\\\/milesopedia\",\"https:\\\/\\\/www.linkedin.com\\\/company\\\/milesopedia\",\"https:\\\/\\\/www.tiktok.com\\\/@milesopedia\",\"https:\\\/\\\/www.youtube.com\\\/milesopedia\"]}]}<\/script>\n<!-- \/ Yoast SEO Premium plugin. -->","yoast_head_json":{"title":"Desjardins Bank Accounts | Chequing | Savings | 2026 | Milesopedia","description":"Discover the best Desjardins chequing account offers. Choose the best Desjardins account online!","robots":{"index":"index","follow":"follow","max-snippet":"max-snippet:-1","max-image-preview":"max-image-preview:large","max-video-preview":"max-video-preview:-1"},"canonical":"https:\/\/milesopedia.com\/en\/meilleurs-comptes-desjardins\/","og_locale":"en_US","og_type":"article","og_title":"Desjardins Best Chequing Accounts","og_description":"Discover the best Desjardins chequing account offers. Choose the best Desjardins account online!","og_url":"https:\/\/milesopedia.com\/en\/meilleurs-comptes-desjardins\/","og_site_name":"Milesopedia","article_publisher":"https:\/\/www.facebook.com\/milesopedia","article_modified_time":"2026-04-01T18:45:40+00:00","og_image":[{"width":1600,"height":840,"url":"https:\/\/milesopedia.com\/wp-content\/uploads\/2020\/12\/desjardins-banque-scaled.jpg","type":"image\/jpeg"}],"twitter_card":"summary_large_image","twitter_site":"@milesopedia","schema":{"@context":"https:\/\/schema.org","@graph":[{"@type":"WebPage","@id":"https:\/\/milesopedia.com\/en\/meilleurs-comptes-desjardins\/","url":"https:\/\/milesopedia.com\/en\/meilleurs-comptes-desjardins\/","name":"Desjardins Bank Accounts | Chequing | Savings | 2026 | Milesopedia","isPartOf":{"@id":"https:\/\/milesopedia.com\/en\/#website"},"primaryImageOfPage":{"@id":"https:\/\/milesopedia.com\/en\/meilleurs-comptes-desjardins\/#primaryimage"},"image":{"@id":"https:\/\/milesopedia.com\/en\/meilleurs-comptes-desjardins\/#primaryimage"},"thumbnailUrl":"https:\/\/milesopedia.com\/wp-content\/uploads\/2020\/12\/desjardins-banque-scaled.jpg","datePublished":"2026-04-01T04:04:00+00:00","dateModified":"2026-04-01T18:45:40+00:00","description":"Discover the best Desjardins chequing account offers. Choose the best Desjardins account online!","inLanguage":"en-CA","potentialAction":[{"@type":"ReadAction","target":["https:\/\/milesopedia.com\/en\/meilleurs-comptes-desjardins\/"]}]},{"@type":"ImageObject","inLanguage":"en-CA","@id":"https:\/\/milesopedia.com\/en\/meilleurs-comptes-desjardins\/#primaryimage","url":"https:\/\/milesopedia.com\/wp-content\/uploads\/2020\/12\/desjardins-banque-scaled.jpg","contentUrl":"https:\/\/milesopedia.com\/wp-content\/uploads\/2020\/12\/desjardins-banque-scaled.jpg","width":1600,"height":840,"caption":"Desjardins Bank"},{"@type":"WebSite","@id":"https:\/\/milesopedia.com\/en\/#website","url":"https:\/\/milesopedia.com\/en\/","name":"Milesopedia","description":"Programmes de fid\u00e9lit\u00e9 et cartes de cr\u00e9dit au Canada","publisher":{"@id":"https:\/\/milesopedia.com\/en\/#organization"},"potentialAction":[{"@type":"SearchAction","target":{"@type":"EntryPoint","urlTemplate":"https:\/\/milesopedia.com\/en\/?s={search_term_string}"},"query-input":{"@type":"PropertyValueSpecification","valueRequired":true,"valueName":"search_term_string"}}],"inLanguage":"en-CA"},{"@type":"Organization","@id":"https:\/\/milesopedia.com\/en\/#organization","name":"Milesopedia Canada","alternateName":"Milesopedia","url":"https:\/\/milesopedia.com\/en\/","logo":{"@type":"ImageObject","inLanguage":"en-CA","@id":"https:\/\/milesopedia.com\/en\/#\/schema\/logo\/image\/","url":"https:\/\/milesopedia.com\/wp-content\/uploads\/2023\/01\/MILESOPEDIA-logo-cmjn-black-V3@4x.png","contentUrl":"https:\/\/milesopedia.com\/wp-content\/uploads\/2023\/01\/MILESOPEDIA-logo-cmjn-black-V3@4x.png","width":1600,"height":261,"caption":"Milesopedia Canada"},"image":{"@id":"https:\/\/milesopedia.com\/en\/#\/schema\/logo\/image\/"},"sameAs":["https:\/\/www.facebook.com\/milesopedia","https:\/\/x.com\/milesopedia","https:\/\/www.linkedin.com\/company\/milesopedia","https:\/\/www.tiktok.com\/@milesopedia","https:\/\/www.youtube.com\/milesopedia"]}]}},"_links":{"self":[{"href":"https:\/\/milesopedia.com\/en\/wp-json\/wp\/v2\/pages\/475319","targetHints":{"allow":["GET"]}}],"collection":[{"href":"https:\/\/milesopedia.com\/en\/wp-json\/wp\/v2\/pages"}],"about":[{"href":"https:\/\/milesopedia.com\/en\/wp-json\/wp\/v2\/types\/page"}],"author":[{"embeddable":true,"href":"https:\/\/milesopedia.com\/en\/wp-json\/wp\/v2\/users\/3"}],"replies":[{"embeddable":true,"href":"https:\/\/milesopedia.com\/en\/wp-json\/wp\/v2\/comments?post=475319"}],"version-history":[{"count":9,"href":"https:\/\/milesopedia.com\/en\/wp-json\/wp\/v2\/pages\/475319\/revisions"}],"predecessor-version":[{"id":490629,"href":"https:\/\/milesopedia.com\/en\/wp-json\/wp\/v2\/pages\/475319\/revisions\/490629"}],"wp:featuredmedia":[{"embeddable":true,"href":"https:\/\/milesopedia.com\/en\/wp-json\/wp\/v2\/media\/114626"}],"wp:attachment":[{"href":"https:\/\/milesopedia.com\/en\/wp-json\/wp\/v2\/media?parent=475319"}],"wp:term":[{"taxonomy":"post_tag","embeddable":true,"href":"https:\/\/milesopedia.com\/en\/wp-json\/wp\/v2\/tags?post=475319"},{"taxonomy":"mc_loyalty_program","embeddable":true,"href":"https:\/\/milesopedia.com\/en\/wp-json\/wp\/v2\/mc_loyalty_program?post=475319"}],"curies":[{"name":"wp","href":"https:\/\/api.w.org\/{rel}","templated":true}]}}