{"id":475315,"date":"2026-04-01T00:04:00","date_gmt":"2026-04-01T04:04:00","guid":{"rendered":"https:\/\/milesopedia.com\/meilleurs-comptes-bancaires-cibc\/"},"modified":"2026-04-01T14:45:25","modified_gmt":"2026-04-01T18:45:25","slug":"meilleurs-comptes-bancaires-cibc","status":"publish","type":"page","link":"https:\/\/milesopedia.com\/en\/meilleurs-comptes-bancaires-cibc\/","title":{"rendered":"Best CIBC Bank Accounts"},"content":{"rendered":"<div class=\"wpb-content-wrapper\"><p>[vc_row][vc_column][vc_column_text]<\/p>\n<p>Are you looking for information on a <strong>CIBC bank account<\/strong> online and want to know if <strong>CIBC Bank<\/strong> is the right online bank for you? In this guide, you will learn everything about <strong>CIBC Online<\/strong>: <\/p>\n<ul>\n<li><a href=\"#offres\">Best CIBC Bank Account Offers<\/a><\/li>\n<li><a href=\"#avis\">Our Review of CIBC Online<\/a><\/li>\n<li><a href=\"#services\">Online Services Offered by CIBC<\/a><\/li>\n<li><a href=\"#faq\">Frequently Asked Questions about CIBC Online<\/a><\/li>\n<\/ul>\n<p>[\/vc_column_text][\/vc_column][\/vc_row][vc_row el_id=&#8221;offers&#8221;][vc_column][vc_custom_heading el_id=&#8221;best_cibc_bank_account_offers&#8221; text=&#8221;Best CIBC Bank Account Offers&#8221; google_fonts=&#8221;&#8221;][vc_column_text el_class=&#8221;links&#8221;]<\/p>\n<p><strong>CIBC<\/strong> offers 3 levels of chequing accounts with fixed monthly fees ranging from $3.90 to $29.95:<\/p>\n<ul>\n<li><a href=\"#quotidien\">CIBC Everyday Chequing Account<\/a> (Basic)<\/li>\n<li><a href=\"#Intelli\">CIBC Smart Account<\/a> (Flexible)<\/li>\n<li><a href=\"#IntelliPlus\">CIBC Smart Plus Account<\/a> (All-in-one)<\/li>\n<\/ul>\n<p>In addition, <strong>CIBC<\/strong> offers dedicated solutions for <a href=\"#jeunes\">Youth<\/a>, <a href=\"#etudiants\">Students,<\/a> <a href=\"#aines\">Seniors<\/a>, <a title=\"Newcomers to Canada\" href=\"https:\/\/milesopedia.com\/en\/go\/nouveaux-arrivants-au-canada\/\" rel=\"nofollow sponsored\">Newcomers to Canada<\/a>, or <a title=\"Foreign Workers\" href=\"https:\/\/milesopedia.com\/en\/go\/travailleurs-etrangers\/\" rel=\"nofollow sponsored\">Foreign Workers<\/a>.<\/p>\n<p>Finally, <strong>CIBC<\/strong> offers <a title=\"2 Banking Packages\" href=\"https:\/\/milesopedia.com\/en\/go\/2-forfaits-bancaires\/\" target=\"_blank\" rel=\"nofollow noopener sponsored\">2 banking packages<\/a> for those who would like to bundle their banking services, mortgage, or line of credit:<\/p>\n<ul>\n<li>CIBC Prestige Banking Package<\/li>\n<li>CIBC Homeowner Banking Package<\/li>\n<\/ul>\n<p>[\/vc_column_text][\/vc_column][\/vc_row][vc_row el_id=&#8221;daily&#8221;][vc_column][vc_custom_heading el_id=&#8221;cibc_everyday_chequing_account&#8221; text=&#8221;CIBC Everyday Chequing Account&#8221; font_container=&#8221;tag:h3|text_align:left&#8221; google_fonts=&#8221;&#8221;][vc_column_text el_class=&#8221;checkmarks&#8221;]<\/p>\n<p>With the <a title=\"CIBC Everyday\" href=\"https:\/\/milesopedia.com\/en\/go\/acces-quotidien-cibc\/\" target=\"_blank\" rel=\"nofollow noopener sponsored\">CIBC Everyday Chequing Account<\/a>, you can easily and efficiently manage your finances with <strong>CIBC Online<\/strong>:<\/p>\n<ul>\n<li>12 transactions included.<\/li>\n<li>Interac e-Transfer transactions at $1.50 each.<\/li>\n<li>A monthly fee of <strong>$3.90<\/strong> and <strong>$1.25 per additional transaction.<\/strong><\/li>\n<\/ul>\n<p>[\/vc_column_text][\/vc_column][\/vc_row][vc_row el_id=&#8221;Smart&#8221;][vc_column][vc_custom_heading el_id=&#8221;cibc_smart_checking_account&#8221; text=&#8221;CIBC Smart Checking Account&#8221; font_container=&#8221;tag:h3|text_align:left&#8221; google_fonts=&#8221;&#8221;][vc_column_text el_class=&#8221;checkmarks&#8221;]<\/p>\n<p>With the <a title=\"CIBC Smart Checking Account\" href=\"https:\/\/milesopedia.com\/en\/go\/compte-intelli-cibc\/\" rel=\"nofollow sponsored\">CIBC Smart Account<\/a>, you can easily and efficiently manage your finances with <strong>CIBC Online<\/strong>:<\/p>\n<ul>\n<li>12 or more (unlimited) transactions, including free <em>Interac <\/em>e-Transfer transactions.<\/li>\n<li>From <b>$4.95<\/b> to <b>$14.95<\/b> per month or fees waived if you maintain a minimum balance of $3,000 or more and perform eligible transactions.<\/li>\n<\/ul>\n<p>[\/vc_column_text][\/vc_column][\/vc_row][vc_row el_id=&#8221;Smart Plus&#8221;][vc_column][vc_custom_heading el_id=&#8221;cibc_smart_plus_account&#8221; text=&#8221;CIBC Smart Plus Account&#8221; font_container=&#8221;tag:h3|text_align:left&#8221; google_fonts=&#8221;&#8221;][vc_column_text el_class=&#8221;checkmarks&#8221;]<\/p>\n<p>With the <a title=\"CIBC SmartSteps Plus account,\" href=\"https:\/\/milesopedia.com\/en\/go\/compte-intelli-cibc-plus\/\" target=\"_blank\" rel=\"nofollow noopener sponsored\">CIBC Smart Plus Account,<\/a> you can easily and efficiently manage your finances with CIBC Online:<\/p>\n<ul>\n<li>A premium CIBC credit card with annual fee rebates.<\/li>\n<li>Unlimited transactions, including Interac e-Transfer service.<\/li>\n<li>Unlimited ATM withdrawals.<\/li>\n<\/ul>\n<p><span class=\"font-size-large\" tabindex=\"\" data-meta=\"premium-icon-group-icon-3-heading\">Get all this for a fee of $29.95 per month or fees waived if you maintain a minimum balance of $6,000 or more or perform eligible transactions.<\/span><\/p>\n<p>[\/vc_column_text][\/vc_column][\/vc_row][vc_row el_id=&#8221;young people&#8221;][vc_column][vc_custom_heading el_id=&#8221;cibc_smart_bank_account_for_youth&#8221; text=&#8221;CIBC Smart Bank Account for Youth&#8221; font_container=&#8221;tag:h3|text_align:left&#8221; google_fonts=&#8221;&#8221;][vc_column_text el_class=&#8221;checkmarks&#8221;]<\/p>\n<p>The <a title=\"CIBC Advantage Bank Account for Youth\" href=\"https:\/\/milesopedia.com\/en\/go\/compte-bancaire-avantage-cibc-pour-les-jeunes-2\/\" target=\"_blank\" rel=\"nofollow noopener sponsored\">CIBC Advantage Savings Account for Youth<\/a> online is designed for young people aged 18 and under:<\/p>\n<ul>\n<li>Get $25 off<\/li>\n<li>Unlimited free transactions, including <em>Interac <\/em>e-Transfer transactions. <\/li>\n<li>No monthly fee<\/li>\n<\/ul>\n<p>[\/vc_column_text][\/vc_column][\/vc_row][vc_row el_id=&#8221;students&#8221;][vc_column][vc_custom_heading el_id=&#8221;cibc_advantage_bank_account_for_students&#8221; text=&#8221;CIBC Advantage Bank Account for Students&#8221; font_container=&#8221;tag:h3|text_align:left&#8221; google_fonts=&#8221;&#8221;][vc_column_text el_class=&#8221;checkmarks&#8221;]<\/p>\n<p>The <a title=\"Chequing Account CIBC Smart\u2122 for Students\" href=\"https:\/\/milesopedia.com\/en\/go\/compte-bancaire-intelli-cibc-pour-etudiants\/\" target=\"_blank\" rel=\"nofollow noopener sponsored\">CIBC Smart Bank Account for Students<\/a> online is designed for students:<\/p>\n<ul>\n<li>Get $60 when you open an account<\/li>\n<li>unlimited free transactions, including <em>Interac <\/em>e-Transfer transactions. <\/li>\n<li>Offers and discounts when enrolling in the SPC program<\/li>\n<li>No monthly fees<\/li>\n<\/ul>\n<p>After 4 1\/2 years, the account will be converted to a regular CIBC Smart Account.<\/p>\n<p>[\/vc_column_text][\/vc_column][\/vc_row][vc_row el_id=&#8221;Seniors&#8221;][vc_column][vc_custom_heading el_id=&#8221;cibc_smart_for_seniors&#8221; text=&#8221;CIBC Smart\u2122 for Seniors&#8221; font_container=&#8221;tag:h3|text_align:left&#8221; google_fonts=&#8221;&#8221;][vc_column_text el_class=&#8221;checkmarks&#8221;]<\/p>\n<p>On your 65th birthday, CIBC automatically enrolls you in the benefits of the CIBC Smart Program for Seniors.<\/p>\n<p>This <a title=\"CIBC Smart Banking Service for Seniors\" href=\"https:\/\/milesopedia.com\/en\/go\/service-bancaire-intelli-cibc-pour-les-aines\/\" target=\"_blank\" rel=\"nofollow noopener sponsored\">CIBC Smart Banking Program for Seniors<\/a> online offers:<\/p>\n<ul>\n<li>Lower monthly fees<\/li>\n<li>Free <em>Interac <\/em>e-Transfer transactions with the Smart Account<\/li>\n<li>Free bank drafts and money orders<\/li>\n<li>2 free transactions per month<\/li>\n<\/ul>\n<p>[\/vc_column_text][\/vc_column][\/vc_row][vc_row el_id=&#8221;review&#8221;][vc_column][vc_custom_heading el_id=&#8221;our_review_of_cibc_online&#8221; text=&#8221;Our Review of CIBC Online&#8221; google_fonts=&#8221;&#8221;][vc_column_text el_class=&#8221;checkmarks&#8221;]In Quebec and elsewhere in Canada, CIBC Online offers numerous banking services for its clients. By holding a CIBC debit card, you can access CIBC&#8217;s many banking services. <\/p>\n<p>Several online services are offered by CIBC, for example:<\/p>\n<ul>\n<li>View your CIBC chequing or savings accounts online through CIBC Online Banking or CIBC Mobile Banking<\/li>\n<li>CIBC Mobile Banking App for smartphones to manage your accounts anywhere<\/li>\n<li>Send money from your CIBC online account using Interac e-Transfer<\/li>\n<li>Deposit a cheque using CIBC eDeposit<\/li>\n<\/ul>\n<p>CIBC&#8217;s online banking services offer is comprehensive, particularly in Quebec, with numerous branches. CIBC is an excellent choice with its 1,100 branches and a network of 3,400 CIBC Automated Banking Machines (ABMs).[\/vc_column_text][vc_single_image image=&#8221;36225&#8243; img_size=&#8221;large&#8221; add_caption=&#8221;yes&#8221; alignment=&#8221;center&#8221; style=&#8221;vc_box_rounded&#8221;][vc_column_text]For more details, you can view the different <a title=\"bank accounts offered by CIBC\" href=\"https:\/\/milesopedia.com\/en\/go\/comptes-bancaires-offerts-par-cibc\/\" rel=\"nofollow sponsored\">bank accounts offered by CIBC here<\/a>.[\/vc_column_text][\/vc_column][\/vc_row][vc_row el_id=&#8221;services&#8221;][vc_column][vc_custom_heading el_id=&#8221;online_services_offered_by_cibc&#8221; text=&#8221;Online Services Offered by CIBC&#8221; font_container=&#8221;tag:h3|text_align:left&#8221; google_fonts=&#8221;&#8221;][vc_column_text el_class=&#8221;checkmarks&#8221;]As a CIBC Online client (CIBC Online Banking), you can benefit from numerous advantages:<\/p>\n<ul>\n<li>24\/7 access to CIBC Online Banking or CIBC Mobile Banking<\/li>\n<li>Online payments of your transactions and bills<\/li>\n<li>Send money quickly to the person of your choice with an Interac e-Transfer<\/li>\n<li>Send money anywhere in the world with CIBC Global Money Transfer<\/li>\n<li>Deposit your cheques anywhere with the CIBC eDeposit app<\/li>\n<li>Save automatically with recurring transfers from your chequing account<\/li>\n<li>Download a CIBC void cheque<\/li>\n<li>Receive reminders from CIBC Smart Balance Alert Service in case of insufficient funds<\/li>\n<li>In case of loss or theft, block, unblock, or replace your credit card in your CIBC online banking<\/li>\n<li>Protect yourself with CIBC Overdraft Protection Service<\/li>\n<li>Use CIBC Savings Goals tool<\/li>\n<li>Complete a CIBC Financial Health Check to get an overview of your current financial situation.<\/li>\n<\/ul>\n<p>Also, know that CIBC provides <strong>special offers<\/strong> for newcomers, youth, students, seniors, foreign workers, as well as cross-border services for U.S. dollar transactions.[\/vc_column_text][\/vc_column][\/vc_row][vc_row el_id=&#8221;faq&#8221;][vc_column el_class=&#8221;faq&#8221;][vc_custom_heading el_id=&#8221;frequently_asked_questions_about_cibc_online&#8221; text=&#8221;Frequently Asked Questions about CIBC Online&#8221; google_fonts=&#8221;&#8221;][vc_toggle title=&#8221;How to log in to CIBC Mobile Banking and Online Banking?&#8221;]To log in, you will need a valid CIBC debit card or CIBC credit card with an expiry date.<\/p>\n<p>Then, register once to start banking on all your devices.<\/p>\n<p>From your mobile:<\/p>\n<ul class=\"disc-list\">\n<li>Download the CIBC Mobile Banking App<\/li>\n<li>Select Incritpion from the side navigation menu<\/li>\n<li>Enter your card number and expiry date, then select Continue.<\/li>\n<li>Select the mode you prefer to receive the verification code, then send.<\/li>\n<li>Enter the code you received, then Next.<\/li>\n<li>Create your password then Continue.<\/li>\n<li>Accept the electronic access agreement.<\/li>\n<li>Click on <span class=\"roboto-medium\">Login then Ok<\/span>.<\/li>\n<\/ul>\n<p>From your computer:<\/p>\n<ul>\n<li>Visit <a target=\"_blank\" href=\"http:\/\/cibc.com\/francais\">cibc.com\/english <\/a> <\/li>\n<li>Enter your card number and expiry date, then select Continue.<\/li>\n<li>Select the mode you prefer to receive the verification code, then send.<\/li>\n<li>Enter the code you received, then Next.<\/li>\n<li>Create your password then Continue.<\/li>\n<li>Accept the electronic access agreement.<\/li>\n<li>Click on <span class=\"roboto-medium\">Login then Ok<\/span>.<\/li>\n<\/ul>\n<p>[\/vc_toggle][vc_toggle title=&#8221;How to easily pay bills with CIBC?&#8221;]You can pay bills with CIBC Online Banking, CIBC Mobile Banking, a CIBC Automated Banking Machine (ABM), or at a CIBC banking centre.<\/p>\n<p>Online, you simply need to register your bills in your account. The procedure is the same with the CIBC Mobile Banking App. <\/p>\n<ul>\n<li>Select Pay Bills<\/li>\n<li>Add a payee and search for the name of the person or company you want to pay, then select the bill to pay.<\/li>\n<li>Enter your bill account number<\/li>\n<li>Confirm how you would like to receive the verification code<\/li>\n<li>Enter the received verification code and confirm.<\/li>\n<li>Choose Pay this bill then enter the amount due.<\/li>\n<\/ul>\n<p>A 48-hour delay is generally to be expected for your payment to be processed.[\/vc_toggle][vc_toggle title=&#8221;How to choose the right CIBC online account?&#8221;]CIBC Bank offers 3 main CIBC bank accounts: the CIBC Smart and CIBC Smart Plus chequing accounts, or the CIBC eAdvantage Savings Account. In addition, there are offers for youth, students, seniors, newcomers to Canada, and foreign workers. <\/p>\n<p>If you still can&#8217;t find the right account for you, an online bank account selector is available to help you compare bank accounts. Finally, you can easily meet one of the agents if you have any questions.[\/vc_toggle][vc_toggle title=&#8221;How can I replace a lost, stolen, or damaged CIBC client card?&#8221;]<\/p>\n<p class=\"ir_content\">To replace a lost, stolen, damaged, or non-functional CIBC client card, call<\/p>\n<ul>\n<li class=\"ir_content\">1&nbsp;800 663-4575 (Canada and United States)<\/li>\n<li class=\"ir_content\">514 861-9898 (elsewhere in the world)<\/li>\n<\/ul>\n<p>[\/vc_toggle][vc_toggle title=&#8221;How to contact CIBC Bank in case of fraud?&#8221;]You can contact CIBC Bank&#8217;s fraud department:<\/p>\n<ul>\n<li>1&nbsp;800 465-2422 (Canada and United States)<\/li>\n<li>902 420-2422 (elsewhere in the world)<\/li>\n<\/ul>\n<p>[\/vc_toggle][vc_toggle title=&#8221;What are the eligibility criteria for CIBC Bank credit cards?&#8221;]To be eligible for a CIBC credit card, you must:<\/p>\n<ul>\n<li>be a Canadian resident;<\/li>\n<li>be the age of majority in your province of residence, which is 19 in Canada (except Quebec, Ontario, Manitoba, Saskatchewan, Alberta, and Prince Edward Island where the age of majority is 18).<\/li>\n<li>meet the usual criteria required by CIBC Bank<\/li>\n<\/ul>\n<p>CIBC Bank offers many credit cards, some of which may require a minimum income. <a href=\"https:\/\/milesopedia.com\/en\/cards\/cibc\/\">Check out our page dedicated to the best CIBC credit card offers.<\/a>[\/vc_toggle][vc_empty_space]<div class=\"wpb_content_element wpb_miles_element\">\t\t<div\n\t\t\t\tdata-template='s-h'\n\t\t\t\tdata-post_type='page'\n\t\t\t\tdata-per_page='4'\n\t\t\t\tclass='deferred_container--preload container_page container_template--s-h container_count--1'\n\n\t\t\t\t\t\t\t\t\tdata-tag=\"page_id\"\n\t\t\t\t\t\t\tdata-post_ids=\"155142\"\n\t\t\t\t\t\t\t>\n\t\t<article class=\"post-preview\">\n\t<div class=\"post-preview-thumbnail\">\n\t\t<div class=\"shimmer shimmer-image\"><\/div>\n\t<\/div>\n\t<div class=\"post-preview-content\">\n\t\t<div class=\"simmer-bar-group\">\n\t\t\t<div class=\"shimmer shimmer-bar\"><\/div>\n\t\t\t<div class=\"shimmer shimmer-bar\"><\/div>\n\t\t<\/div>\n\t<\/div>\n<\/article>\t\t<\/div>\n\n\t\t<\/div>[\/vc_column][\/vc_row]<\/p>\n<\/div>","protected":false},"excerpt":{"rendered":"<p>[vc_row][vc_column][vc_column_text] Are you looking for information on a CIBC bank account online and want to know if CIBC Bank is the right online bank for you? In this guide, you will learn everything about CIBC Online: Best CIBC Bank Account Offers Our Review of CIBC Online Online Services Offered by CIBC Frequently Asked Questions about [&hellip;]<\/p>","protected":false},"author":3,"featured_media":36225,"parent":0,"menu_order":0,"comment_status":"closed","ping_status":"closed","template":"page-toc.php","meta":{"_acf_changed":false,"_relevanssi_hide_post":"","_relevanssi_hide_content":"","_relevanssi_pin_for_all":"","_relevanssi_pin_keywords":"","_relevanssi_unpin_keywords":"","_relevanssi_related_keywords":"","_relevanssi_related_include_ids":"","_relevanssi_related_exclude_ids":"","_relevanssi_related_no_append":"","_relevanssi_related_not_related":"","_relevanssi_related_posts":"","_relevanssi_noindex_reason":"","footnotes":""},"tags":[],"mc_loyalty_program":[],"class_list":["post-475315","page","type-page","status-publish","has-post-thumbnail","hentry"],"acf":[],"yoast_head":"<!-- This site is optimized with the Yoast SEO Premium plugin v27.3 (Yoast SEO v27.3) - https:\/\/yoast.com\/product\/yoast-seo-premium-wordpress\/ -->\n<title>CIBC Bank Accounts | Chequing | Savings | 2026 | Milesopedia<\/title>\n<meta name=\"description\" content=\"Discover the best CIBC bank account offers. Choose the best CIBC online account!\" \/>\n<meta name=\"robots\" content=\"index, follow, max-snippet:-1, max-image-preview:large, max-video-preview:-1\" \/>\n<link rel=\"canonical\" href=\"https:\/\/milesopedia.com\/en\/meilleurs-comptes-bancaires-cibc\/\" \/>\n<meta property=\"og:locale\" content=\"en_US\" \/>\n<meta property=\"og:type\" content=\"article\" \/>\n<meta property=\"og:title\" content=\"Best CIBC Bank Accounts\" \/>\n<meta property=\"og:description\" content=\"Discover the best CIBC bank account offers. Choose the best CIBC online account!\" \/>\n<meta property=\"og:url\" content=\"https:\/\/milesopedia.com\/en\/meilleurs-comptes-bancaires-cibc\/\" \/>\n<meta property=\"og:site_name\" content=\"Milesopedia\" \/>\n<meta property=\"article:publisher\" content=\"https:\/\/www.facebook.com\/milesopedia\" \/>\n<meta property=\"article:modified_time\" content=\"2026-04-01T18:45:25+00:00\" \/>\n<meta property=\"og:image\" content=\"https:\/\/milesopedia.com\/wp-content\/uploads\/2019\/07\/CIBCLogo.jpg\" \/>\n\t<meta property=\"og:image:width\" content=\"1800\" \/>\n\t<meta property=\"og:image:height\" content=\"1200\" \/>\n\t<meta property=\"og:image:type\" content=\"image\/jpeg\" \/>\n<meta name=\"twitter:card\" content=\"summary_large_image\" \/>\n<meta name=\"twitter:site\" content=\"@milesopedia\" \/>\n<script type=\"application\/ld+json\" class=\"yoast-schema-graph\">{\"@context\":\"https:\\\/\\\/schema.org\",\"@graph\":[{\"@type\":\"WebPage\",\"@id\":\"https:\\\/\\\/milesopedia.com\\\/en\\\/meilleurs-comptes-bancaires-cibc\\\/\",\"url\":\"https:\\\/\\\/milesopedia.com\\\/en\\\/meilleurs-comptes-bancaires-cibc\\\/\",\"name\":\"CIBC Bank Accounts | Chequing | Savings | 2026 | Milesopedia\",\"isPartOf\":{\"@id\":\"https:\\\/\\\/milesopedia.com\\\/en\\\/#website\"},\"primaryImageOfPage\":{\"@id\":\"https:\\\/\\\/milesopedia.com\\\/en\\\/meilleurs-comptes-bancaires-cibc\\\/#primaryimage\"},\"image\":{\"@id\":\"https:\\\/\\\/milesopedia.com\\\/en\\\/meilleurs-comptes-bancaires-cibc\\\/#primaryimage\"},\"thumbnailUrl\":\"https:\\\/\\\/milesopedia.com\\\/wp-content\\\/uploads\\\/2019\\\/07\\\/CIBCLogo.jpg\",\"datePublished\":\"2026-04-01T04:04:00+00:00\",\"dateModified\":\"2026-04-01T18:45:25+00:00\",\"description\":\"Discover the best CIBC bank account offers. Choose the best CIBC online account!\",\"inLanguage\":\"en-CA\",\"potentialAction\":[{\"@type\":\"ReadAction\",\"target\":[\"https:\\\/\\\/milesopedia.com\\\/en\\\/meilleurs-comptes-bancaires-cibc\\\/\"]}]},{\"@type\":\"ImageObject\",\"inLanguage\":\"en-CA\",\"@id\":\"https:\\\/\\\/milesopedia.com\\\/en\\\/meilleurs-comptes-bancaires-cibc\\\/#primaryimage\",\"url\":\"https:\\\/\\\/milesopedia.com\\\/wp-content\\\/uploads\\\/2019\\\/07\\\/CIBCLogo.jpg\",\"contentUrl\":\"https:\\\/\\\/milesopedia.com\\\/wp-content\\\/uploads\\\/2019\\\/07\\\/CIBCLogo.jpg\",\"width\":1800,\"height\":1200,\"caption\":\"CIBCLogo\"},{\"@type\":\"WebSite\",\"@id\":\"https:\\\/\\\/milesopedia.com\\\/en\\\/#website\",\"url\":\"https:\\\/\\\/milesopedia.com\\\/en\\\/\",\"name\":\"Milesopedia\",\"description\":\"Programmes de fid\u00e9lit\u00e9 et cartes de cr\u00e9dit au Canada\",\"publisher\":{\"@id\":\"https:\\\/\\\/milesopedia.com\\\/en\\\/#organization\"},\"potentialAction\":[{\"@type\":\"SearchAction\",\"target\":{\"@type\":\"EntryPoint\",\"urlTemplate\":\"https:\\\/\\\/milesopedia.com\\\/en\\\/?s={search_term_string}\"},\"query-input\":{\"@type\":\"PropertyValueSpecification\",\"valueRequired\":true,\"valueName\":\"search_term_string\"}}],\"inLanguage\":\"en-CA\"},{\"@type\":\"Organization\",\"@id\":\"https:\\\/\\\/milesopedia.com\\\/en\\\/#organization\",\"name\":\"Milesopedia Canada\",\"alternateName\":\"Milesopedia\",\"url\":\"https:\\\/\\\/milesopedia.com\\\/en\\\/\",\"logo\":{\"@type\":\"ImageObject\",\"inLanguage\":\"en-CA\",\"@id\":\"https:\\\/\\\/milesopedia.com\\\/en\\\/#\\\/schema\\\/logo\\\/image\\\/\",\"url\":\"https:\\\/\\\/milesopedia.com\\\/wp-content\\\/uploads\\\/2023\\\/01\\\/MILESOPEDIA-logo-cmjn-black-V3@4x.png\",\"contentUrl\":\"https:\\\/\\\/milesopedia.com\\\/wp-content\\\/uploads\\\/2023\\\/01\\\/MILESOPEDIA-logo-cmjn-black-V3@4x.png\",\"width\":1600,\"height\":261,\"caption\":\"Milesopedia Canada\"},\"image\":{\"@id\":\"https:\\\/\\\/milesopedia.com\\\/en\\\/#\\\/schema\\\/logo\\\/image\\\/\"},\"sameAs\":[\"https:\\\/\\\/www.facebook.com\\\/milesopedia\",\"https:\\\/\\\/x.com\\\/milesopedia\",\"https:\\\/\\\/www.linkedin.com\\\/company\\\/milesopedia\",\"https:\\\/\\\/www.tiktok.com\\\/@milesopedia\",\"https:\\\/\\\/www.youtube.com\\\/milesopedia\"]}]}<\/script>\n<!-- \/ Yoast SEO Premium plugin. -->","yoast_head_json":{"title":"CIBC Bank Accounts | Chequing | Savings | 2026 | Milesopedia","description":"Discover the best CIBC bank account offers. Choose the best CIBC online account!","robots":{"index":"index","follow":"follow","max-snippet":"max-snippet:-1","max-image-preview":"max-image-preview:large","max-video-preview":"max-video-preview:-1"},"canonical":"https:\/\/milesopedia.com\/en\/meilleurs-comptes-bancaires-cibc\/","og_locale":"en_US","og_type":"article","og_title":"Best CIBC Bank Accounts","og_description":"Discover the best CIBC bank account offers. Choose the best CIBC online account!","og_url":"https:\/\/milesopedia.com\/en\/meilleurs-comptes-bancaires-cibc\/","og_site_name":"Milesopedia","article_publisher":"https:\/\/www.facebook.com\/milesopedia","article_modified_time":"2026-04-01T18:45:25+00:00","og_image":[{"width":1800,"height":1200,"url":"https:\/\/milesopedia.com\/wp-content\/uploads\/2019\/07\/CIBCLogo.jpg","type":"image\/jpeg"}],"twitter_card":"summary_large_image","twitter_site":"@milesopedia","schema":{"@context":"https:\/\/schema.org","@graph":[{"@type":"WebPage","@id":"https:\/\/milesopedia.com\/en\/meilleurs-comptes-bancaires-cibc\/","url":"https:\/\/milesopedia.com\/en\/meilleurs-comptes-bancaires-cibc\/","name":"CIBC Bank Accounts | Chequing | Savings | 2026 | Milesopedia","isPartOf":{"@id":"https:\/\/milesopedia.com\/en\/#website"},"primaryImageOfPage":{"@id":"https:\/\/milesopedia.com\/en\/meilleurs-comptes-bancaires-cibc\/#primaryimage"},"image":{"@id":"https:\/\/milesopedia.com\/en\/meilleurs-comptes-bancaires-cibc\/#primaryimage"},"thumbnailUrl":"https:\/\/milesopedia.com\/wp-content\/uploads\/2019\/07\/CIBCLogo.jpg","datePublished":"2026-04-01T04:04:00+00:00","dateModified":"2026-04-01T18:45:25+00:00","description":"Discover the best CIBC bank account offers. Choose the best CIBC online account!","inLanguage":"en-CA","potentialAction":[{"@type":"ReadAction","target":["https:\/\/milesopedia.com\/en\/meilleurs-comptes-bancaires-cibc\/"]}]},{"@type":"ImageObject","inLanguage":"en-CA","@id":"https:\/\/milesopedia.com\/en\/meilleurs-comptes-bancaires-cibc\/#primaryimage","url":"https:\/\/milesopedia.com\/wp-content\/uploads\/2019\/07\/CIBCLogo.jpg","contentUrl":"https:\/\/milesopedia.com\/wp-content\/uploads\/2019\/07\/CIBCLogo.jpg","width":1800,"height":1200,"caption":"CIBCLogo"},{"@type":"WebSite","@id":"https:\/\/milesopedia.com\/en\/#website","url":"https:\/\/milesopedia.com\/en\/","name":"Milesopedia","description":"Programmes de fid\u00e9lit\u00e9 et cartes de cr\u00e9dit au Canada","publisher":{"@id":"https:\/\/milesopedia.com\/en\/#organization"},"potentialAction":[{"@type":"SearchAction","target":{"@type":"EntryPoint","urlTemplate":"https:\/\/milesopedia.com\/en\/?s={search_term_string}"},"query-input":{"@type":"PropertyValueSpecification","valueRequired":true,"valueName":"search_term_string"}}],"inLanguage":"en-CA"},{"@type":"Organization","@id":"https:\/\/milesopedia.com\/en\/#organization","name":"Milesopedia Canada","alternateName":"Milesopedia","url":"https:\/\/milesopedia.com\/en\/","logo":{"@type":"ImageObject","inLanguage":"en-CA","@id":"https:\/\/milesopedia.com\/en\/#\/schema\/logo\/image\/","url":"https:\/\/milesopedia.com\/wp-content\/uploads\/2023\/01\/MILESOPEDIA-logo-cmjn-black-V3@4x.png","contentUrl":"https:\/\/milesopedia.com\/wp-content\/uploads\/2023\/01\/MILESOPEDIA-logo-cmjn-black-V3@4x.png","width":1600,"height":261,"caption":"Milesopedia Canada"},"image":{"@id":"https:\/\/milesopedia.com\/en\/#\/schema\/logo\/image\/"},"sameAs":["https:\/\/www.facebook.com\/milesopedia","https:\/\/x.com\/milesopedia","https:\/\/www.linkedin.com\/company\/milesopedia","https:\/\/www.tiktok.com\/@milesopedia","https:\/\/www.youtube.com\/milesopedia"]}]}},"_links":{"self":[{"href":"https:\/\/milesopedia.com\/en\/wp-json\/wp\/v2\/pages\/475315","targetHints":{"allow":["GET"]}}],"collection":[{"href":"https:\/\/milesopedia.com\/en\/wp-json\/wp\/v2\/pages"}],"about":[{"href":"https:\/\/milesopedia.com\/en\/wp-json\/wp\/v2\/types\/page"}],"author":[{"embeddable":true,"href":"https:\/\/milesopedia.com\/en\/wp-json\/wp\/v2\/users\/3"}],"replies":[{"embeddable":true,"href":"https:\/\/milesopedia.com\/en\/wp-json\/wp\/v2\/comments?post=475315"}],"version-history":[{"count":15,"href":"https:\/\/milesopedia.com\/en\/wp-json\/wp\/v2\/pages\/475315\/revisions"}],"predecessor-version":[{"id":490630,"href":"https:\/\/milesopedia.com\/en\/wp-json\/wp\/v2\/pages\/475315\/revisions\/490630"}],"wp:featuredmedia":[{"embeddable":true,"href":"https:\/\/milesopedia.com\/en\/wp-json\/wp\/v2\/media\/36225"}],"wp:attachment":[{"href":"https:\/\/milesopedia.com\/en\/wp-json\/wp\/v2\/media?parent=475315"}],"wp:term":[{"taxonomy":"post_tag","embeddable":true,"href":"https:\/\/milesopedia.com\/en\/wp-json\/wp\/v2\/tags?post=475315"},{"taxonomy":"mc_loyalty_program","embeddable":true,"href":"https:\/\/milesopedia.com\/en\/wp-json\/wp\/v2\/mc_loyalty_program?post=475315"}],"curies":[{"name":"wp","href":"https:\/\/api.w.org\/{rel}","templated":true}]}}