{"id":460536,"date":"2025-08-21T09:33:00","date_gmt":"2025-08-21T13:33:00","guid":{"rendered":"https:\/\/milesopedia.com\/?page_id=460536"},"modified":"2026-04-01T14:33:04","modified_gmt":"2026-04-01T18:33:04","slug":"10th-anniversary-quiz","status":"publish","type":"page","link":"https:\/\/milesopedia.com\/en\/events-contest\/10th-anniversary-quiz\/","title":{"rendered":"Rules &#8211; Milesopedia 10th Anniversary Quiz"},"content":{"rendered":"<div class=\"wpb-content-wrapper\"><p>[vc_row][vc_column][vc_column_text css=&#8221;&#8221;]<\/p>\n<p><span style=\"font-weight: 400;\">Rules for the Milesopedia 10th Anniversary Quiz (2025)<\/span><\/p>\n<ol>\n<li style=\"font-weight: 400;\" aria-level=\"1\"><strong>SUBJECT<\/strong>\n<ol>\n<li style=\"font-weight: 400;\" aria-level=\"2\"><span style=\"font-weight: 400;\">The Milesopedia 10th Anniversary Quiz (2025) (hereinafter referred to as the &#8220;Quiz&#8221;) is organized by Les Services Milesopedia Inc. (hereinafter referred to as the &#8220;Organizer&#8221;). This fun quiz was designed primarily as a gesture of appreciation towards our loyal community.   Beyond the prizes to be won, this quiz is our way of saying thank you to all those who have contributed to making Milesopedia the leading French-language resource for rewards programs. <\/span><\/li>\n<\/ol>\n<\/li>\n<li style=\"font-weight: 400;\" aria-level=\"1\"><strong>PRIZE <\/strong>\n<ol>\n<li style=\"font-weight: 400;\" aria-level=\"2\"><span style=\"font-weight: 400;\">Two (2) <\/span><span style=\"font-weight: 400;\">gift cards<\/span><span style=\"font-weight: 400;\">x of $100 each, of your choice. <\/span> <\/li>\n<\/ol>\n<\/li>\n<li style=\"font-weight: 400;\" aria-level=\"1\"><strong>PERIOD<\/strong>\n<ol>\n<li style=\"font-weight: 400;\" aria-level=\"2\"><span style=\"font-weight: 400;\">The Quiz will run from August 23, 2025 at 9:00 a.m. ET until August 29 at 11:59 p.m. ET (hereinafter the &#8220;Period&#8221;).<\/span><\/li>\n<\/ol>\n<\/li>\n<li style=\"font-weight: 400;\" aria-level=\"1\"><strong>HOW TO PARTICIPATE<\/strong>\n<ol>\n<li style=\"font-weight: 400;\" aria-level=\"2\"><span style=\"font-weight: 400;\">To participate in the Quiz and, by extension, the gift card contest, eligible Participants must properly complete the Form (first name, last name, and email address) and answer during the Quiz Period.<\/span><\/li>\n<li style=\"font-weight: 400;\" aria-level=\"2\"><span style=\"font-weight: 400;\">The Quiz is open to all residents of <\/span><a target=\"_blank\" href=\"\/?p=169857\"><span style=\"font-weight: 400;\">Canada<\/span><\/a><span style=\"font-weight: 400;\"> who have reached the age of majority in their province or territory of residence at the time of the Period (hereinafter referred to as &#8220;eligible Participants&#8221;).<\/span><\/li>\n<li style=\"font-weight: 400;\" aria-level=\"2\"><span style=\"font-weight: 400;\">Employees of Milesopedia, as well as immediate family members (parents, children, siblings, and spouse, regardless of their place of residence) of these employees are not eligible for the Quiz (the &#8220;ineligible Participants&#8221;).<\/span><\/li>\n<li style=\"font-weight: 400;\" aria-level=\"2\"><span style=\"font-weight: 400;\">This Quiz is in no way associated with, endorsed, or managed by Meta (Facebook, Instagram, WhatsApp), TikTok, or LinkedIn (each a \u201cSocial Platform\u201d). By participating in this Quiz, the Participant: <\/span>\n<ol>\n<li style=\"font-weight: 400;\" aria-level=\"3\"><span style=\"font-weight: 400;\">Fully releases each of the Social Platforms from any and all liability.<\/span><\/li>\n<li style=\"font-weight: 400;\" aria-level=\"3\"><span style=\"font-weight: 400;\">Acknowledge that you are providing information to the Organizer and not to the Social Platforms.<\/span><\/li>\n<li style=\"font-weight: 400;\" aria-level=\"3\"><span style=\"font-weight: 400;\">Will direct any questions, comments, or complaints regarding the Quiz to the Organizer and not to the relevant Social Platform.<\/span><\/li>\n<\/ol>\n<\/li>\n<li style=\"font-weight: 400;\" aria-level=\"2\"><span style=\"font-weight: 400;\">The two (2) $100 gift cards may be awarded to any Participant who fully completes the Quiz. <\/span><\/li>\n<\/ol>\n<\/li>\n<li style=\"font-weight: 400;\" aria-level=\"1\"><strong>PARTICIPATION MANAGEMENT TOOL<\/strong>\n<ol>\n<li style=\"font-weight: 400;\" aria-level=\"2\"><span style=\"font-weight: 400;\">Single access point: Although several communication tools are used for the Quiz, Participants are directed to a single location to register.<\/span><\/li>\n<li style=\"font-weight: 400;\" aria-level=\"2\"><span style=\"font-weight: 400;\">No purchase necessary: To participate, individuals must follow the instructions posted on the Organizer\u2019s social media platforms and\/or website, which will redirect them to the<\/span><span style=\"font-weight: 400;\"> entry<\/span><span style=\"font-weight: 400;\"> form<\/span><span style=\"font-weight: 400;\"> (the \u201cForm\u201d)<\/span>.<\/li>\n<li style=\"font-weight: 400;\" aria-level=\"2\"><span style=\"font-weight: 400;\">Registration: the Form, as detailed in Article 6, will be accessible throughout the Period on our page <\/span><a href=\"https:\/\/milesopedia.com\/en\/events-contest\/\"><span style=\"font-weight: 400;\">Events &amp; Contests<\/span><\/a><span style=\"font-weight: 400;\"> and the linked article published on the opening day of the Quiz.<\/span><\/li>\n<\/ol>\n<\/li>\n<li style=\"font-weight: 400;\" aria-level=\"1\"><strong>WINNER SELECTION<\/strong>\n<ol>\n<li style=\"font-weight: 400;\" aria-level=\"2\"><span style=\"font-weight: 400;\">A draw will be held among all eligible Entries on September 2, 2025, among the eligible Participants (1 chance per eligible Participant).<\/span><\/li>\n<\/ol>\n<\/li>\n<li style=\"font-weight: 400;\" aria-level=\"1\"><strong>WINNER&#8217;S CONTACT<\/strong>\n<ol>\n<li style=\"font-weight: 400;\" aria-level=\"2\"><span style=\"font-weight: 400;\">The Winner will be contacted the same day by e-mail and asked to sign a disclosure consent form (name and photo).<\/span><\/li>\n<li style=\"font-weight: 400;\" aria-level=\"2\"><span style=\"font-weight: 400;\">The Participant authorizes Milesopedia to contact them and acknowledges that they may unsubscribe from these communications at any time.<\/span><\/li>\n<li style=\"font-weight: 400;\" aria-level=\"2\"><span style=\"font-weight: 400;\">To be declared the winner, the contacted Participant must respond to the Organizer\u2019s communications within 48 hours.<\/span><\/li>\n<li style=\"font-weight: 400;\" aria-level=\"2\"><span style=\"font-weight: 400;\">The Winner is subject to verification, including confirmation of their age and residency.<\/span><\/li>\n<\/ol>\n<\/li>\n<li style=\"font-weight: 400;\" aria-level=\"1\"><span style=\"font-weight: 400;\"><strong>DISQUALIFICATION<\/strong> <\/span>\n<ol>\n<li style=\"font-weight: 400;\" aria-level=\"2\"><span style=\"font-weight: 400;\">Failure to comply with each of the conditions set out in Article 9 will result in the selected Participant being disqualified and ineligible to receive a Prize.<\/span><\/li>\n<li style=\"font-weight: 400;\" aria-level=\"2\"><span style=\"font-weight: 400;\">In this case, the Organizer reserves the right, at its sole and absolute discretion, to conduct another draw among all eligible Entries.<\/span><\/li>\n<\/ol>\n<\/li>\n<li style=\"font-weight: 400;\" aria-level=\"1\"><strong>PRIZE CLAIM<\/strong>\n<ol>\n<li style=\"font-weight: 400;\" aria-level=\"2\"><span style=\"font-weight: 400;\">Ineligibility<\/span>\n<ol>\n<li style=\"font-weight: 400;\" aria-level=\"3\"><span style=\"font-weight: 400;\">If the winner is ineligible, does not respond within 48 hours after notification, or refuses the Prize, the Organizer will draw another winner from the eligible Participants in accordance with the provisions set out in Article 11.2.<\/span><\/li>\n<\/ol>\n<\/li>\n<li style=\"font-weight: 400;\" aria-level=\"2\"><span style=\"font-weight: 400;\">Prize Acceptance<\/span>\n<ol>\n<li style=\"font-weight: 400;\" aria-level=\"3\"><span style=\"font-weight: 400;\">The Prize must be accepted as described in these rules and cannot be returned, transferred to another person or substituted for another Prize, nor exchanged in whole or in part for cash.<\/span><\/li>\n<li style=\"font-weight: 400;\" aria-level=\"3\"><span style=\"font-weight: 400;\">The Prize must be accepted as awarded.<\/span><\/li>\n<li style=\"font-weight: 400;\" aria-level=\"3\"><span style=\"font-weight: 400;\">The Participant understands that the Contest is entirely administered by the Organizer (Milesopedia).<\/span><\/li>\n<li style=\"font-weight: 400;\" aria-level=\"3\"><span style=\"font-weight: 400;\">The Organizer is not responsible for any fees, taxes, or other expenses related to the use of the Prize, which are the responsibility of the Winner.<\/span><\/li>\n<\/ol>\n<\/li>\n<li style=\"font-weight: 400;\" aria-level=\"2\"><span style=\"font-weight: 400;\">Prize Substitution<\/span>\n<ol>\n<li style=\"font-weight: 400;\" aria-level=\"3\"><span style=\"font-weight: 400;\">The Organizer reserves the right, at its sole discretion and for any reason, to substitute a Prize or any part of it with a prize of equal or greater value, including, but not limited to, the cash value of the Prize.<\/span><\/li>\n<\/ol>\n<\/li>\n<\/ol>\n<\/li>\n<li style=\"font-weight: 400;\" aria-level=\"1\"><strong>PRIZE COLLECTION<\/strong>\n<ol>\n<li style=\"font-weight: 400;\" aria-level=\"2\"><span style=\"font-weight: 400;\">Upon receiving the selected Participant\u2019s contact information, the Organizer will send the winner an email outlining the procedures for claiming their Prize.<\/span><\/li>\n<li style=\"font-weight: 400;\" aria-level=\"2\"><span style=\"font-weight: 400;\">The Organizer commits to crediting the Prize to the Winner\u2019s account within 10 days of the winner announcement.<\/span><\/li>\n<li style=\"font-weight: 400;\" aria-level=\"2\"><span style=\"font-weight: 400;\">The Prize reservation will be confirmed within 10 days once the winner has met the requirements outlined herein.<\/span><\/li>\n<\/ol>\n<\/li>\n<li style=\"font-weight: 400;\" aria-level=\"1\"><strong>ADVERTISING<\/strong>\n<ol>\n<li style=\"font-weight: 400;\" aria-level=\"2\"><span style=\"font-weight: 400;\">By participating in this Quiz, the eligible Participant agrees to receive emails regarding the Quiz from the Organizer.<\/span><\/li>\n<li style=\"font-weight: 400;\" aria-level=\"2\"><span style=\"font-weight: 400;\">The Participant authorizes the Organizer and its advertising and promotional agency to broadcast, publish, and otherwise use the information provided through the Quiz form for advertising purposes, without any form of compensation.<\/span><\/li>\n<\/ol>\n<\/li>\n<li style=\"font-weight: 400;\" aria-level=\"1\"><strong>LIMITATIONS OF LIABILITY<\/strong>\n<ol>\n<li style=\"font-weight: 400;\" aria-level=\"2\"><span style=\"font-weight: 400;\">Milesopedia is not responsible for lost, late, incomplete or misdirected entries, or for technical failures.<\/span><\/li>\n<\/ol>\n<\/li>\n<li style=\"font-weight: 400;\" aria-level=\"1\"><strong>LEGAL NOTICE<\/strong>\n<ol>\n<li style=\"font-weight: 400;\" aria-level=\"2\"><span style=\"font-weight: 400;\">The Organizer reserves the right to cancel, suspend or modify the Quiz, or any part thereof, in the event that fraudulent activity, technical failure, human error or any other factor compromises the integrity or proper conduct of the Quiz, as determined by the Organizer in its sole discretion.<\/span><\/li>\n<li style=\"font-weight: 400;\" aria-level=\"2\"><span style=\"font-weight: 400;\">The Organizer reserves the right, at its sole discretion, to disqualify any individual who attempts to improperly influence the entry process or the conduct of the Quiz, who does not comply with the official rules, or who acts in a dishonest or disruptive manner.<\/span>\n<ol>\n<li style=\"font-weight: 400;\" aria-level=\"3\"><span style=\"font-weight: 400;\">Any attempt by an individual to improperly influence the proper conduct of the Quiz constitutes an offence under the Criminal Code and Civil Code.<\/span><\/li>\n<li style=\"font-weight: 400;\" aria-level=\"3\"><span style=\"font-weight: 400;\">The Organizer reserves the right to take legal action against any individual who attempts to improperly influence the proper conduct of the Quiz, to the fullest extent permitted by law, in order to seek compensation.<\/span><\/li>\n<\/ol>\n<\/li>\n<\/ol>\n<\/li>\n<li style=\"font-weight: 400;\" aria-level=\"1\"><strong>PRIVACY<\/strong>\n<ol>\n<li style=\"font-weight: 400;\" aria-level=\"2\"><span style=\"font-weight: 400;\">By participating in this Quiz, each eligible Participant consents to the collection, use, and disclosure of their personal information by the Organizer for the purpose of conducting and announcing the Quiz or for any other purpose to which they consent. Once submitted, Entries become the exclusive property of the Organizer and will not be returned. Personal information will be used to verify the eligibility of Participants for the Quiz.  <\/span><\/li>\n<li style=\"font-weight: 400;\" aria-level=\"2\"><span style=\"font-weight: 400;\">Personal information may be used and communicated to third parties retained by the Organizer for purposes of warehousing, market research, Quiz management, or other similar services, subject to applicable privacy laws and the Organizer&#8217;s internal policy to that effect. This information may be used by the company (i) for the proper administration and completion of the Quiz; (ii) to send newsletters to Participants regarding the company&#8217;s events, financial products and services. To unsubscribe from commercial mailing lists, use the unsubscribe link at the bottom of any commercial e-mail message you receive.    <\/span><\/li>\n<\/ol>\n<\/li>\n<\/ol>\n<p>&nbsp;<\/p>\n<p>[\/vc_column_text][\/vc_column][\/vc_row]<\/p>\n<\/div>","protected":false},"excerpt":{"rendered":"<p>[vc_row][vc_column][vc_column_text css=&#8221;&#8221;] Rules for the Milesopedia 10th Anniversary Quiz (2025) SUBJECT The Milesopedia 10th Anniversary Quiz (2025) (hereinafter referred to as the &#8220;Quiz&#8221;) is organized by Les Services Milesopedia Inc. (hereinafter referred to as the &#8220;Organizer&#8221;). This fun quiz was designed primarily as a gesture of appreciation towards our loyal community. Beyond the prizes to [&hellip;]<\/p>","protected":false},"author":4,"featured_media":319561,"parent":213903,"menu_order":0,"comment_status":"closed","ping_status":"closed","template":"","meta":{"_acf_changed":false,"_relevanssi_hide_post":"","_relevanssi_hide_content":"","_relevanssi_pin_for_all":"","_relevanssi_pin_keywords":"","_relevanssi_unpin_keywords":"","_relevanssi_related_keywords":"","_relevanssi_related_include_ids":"","_relevanssi_related_exclude_ids":"","_relevanssi_related_no_append":"","_relevanssi_related_not_related":"","_relevanssi_related_posts":"","_relevanssi_noindex_reason":"","footnotes":""},"tags":[],"mc_loyalty_program":[],"class_list":["post-460536","page","type-page","status-publish","has-post-thumbnail","hentry"],"acf":[],"yoast_head":"<!-- This site is optimized with the Yoast SEO Premium plugin v27.4 (Yoast SEO v27.4) - https:\/\/yoast.com\/product\/yoast-seo-premium-wordpress\/ -->\n<title>Rules - Milesopedia 10th Anniversary Quiz | Milesopedia<\/title>\n<meta name=\"robots\" content=\"index, follow, max-snippet:-1, max-image-preview:large, max-video-preview:-1\" \/>\n<link rel=\"canonical\" href=\"https:\/\/milesopedia.com\/en\/events-contest\/10th-anniversary-quiz\/\" \/>\n<meta property=\"og:locale\" content=\"en_US\" \/>\n<meta property=\"og:type\" content=\"article\" \/>\n<meta property=\"og:title\" content=\"Rules - Milesopedia 10th Anniversary Quiz\" \/>\n<meta property=\"og:description\" content=\"[vc_row][vc_column][vc_column_text css=&#8221;&#8221;] Rules for the Milesopedia 10th Anniversary Quiz (2025) SUBJECT The Milesopedia 10th Anniversary Quiz (2025) (hereinafter referred to as the &#8220;Quiz&#8221;) is organized by Les Services Milesopedia Inc. (hereinafter referred to as the &#8220;Organizer&#8221;). This fun quiz was designed primarily as a gesture of appreciation towards our loyal community. Beyond the prizes to [&hellip;]\" \/>\n<meta property=\"og:url\" content=\"https:\/\/milesopedia.com\/en\/events-contest\/10th-anniversary-quiz\/\" \/>\n<meta property=\"og:site_name\" content=\"Milesopedia\" \/>\n<meta property=\"article:publisher\" content=\"https:\/\/www.facebook.com\/milesopedia\" \/>\n<meta property=\"article:modified_time\" content=\"2026-04-01T18:33:04+00:00\" \/>\n<meta property=\"og:image\" content=\"https:\/\/milesopedia.com\/wp-content\/uploads\/2023\/10\/FB-Milesopedia-Infolettre-2023-10-1200x630-01.jpg\" \/>\n\t<meta property=\"og:image:width\" content=\"1200\" \/>\n\t<meta property=\"og:image:height\" content=\"630\" \/>\n\t<meta property=\"og:image:type\" content=\"image\/jpeg\" \/>\n<meta name=\"twitter:card\" content=\"summary_large_image\" \/>\n<meta name=\"twitter:site\" content=\"@milesopedia\" \/>\n<script type=\"application\/ld+json\" class=\"yoast-schema-graph\">{\"@context\":\"https:\\\/\\\/schema.org\",\"@graph\":[{\"@type\":\"WebPage\",\"@id\":\"https:\\\/\\\/milesopedia.com\\\/en\\\/events-contest\\\/10th-anniversary-quiz\\\/\",\"url\":\"https:\\\/\\\/milesopedia.com\\\/en\\\/events-contest\\\/10th-anniversary-quiz\\\/\",\"name\":\"Rules - Milesopedia 10th Anniversary Quiz | Milesopedia\",\"isPartOf\":{\"@id\":\"https:\\\/\\\/milesopedia.com\\\/en\\\/#website\"},\"primaryImageOfPage\":{\"@id\":\"https:\\\/\\\/milesopedia.com\\\/en\\\/events-contest\\\/10th-anniversary-quiz\\\/#primaryimage\"},\"image\":{\"@id\":\"https:\\\/\\\/milesopedia.com\\\/en\\\/events-contest\\\/10th-anniversary-quiz\\\/#primaryimage\"},\"thumbnailUrl\":\"https:\\\/\\\/milesopedia.com\\\/wp-content\\\/uploads\\\/2023\\\/10\\\/FB-Milesopedia-Infolettre-2023-10-1200x630-01.jpg\",\"datePublished\":\"2025-08-21T13:33:00+00:00\",\"dateModified\":\"2026-04-01T18:33:04+00:00\",\"inLanguage\":\"en-CA\",\"potentialAction\":[{\"@type\":\"ReadAction\",\"target\":[\"https:\\\/\\\/milesopedia.com\\\/en\\\/events-contest\\\/10th-anniversary-quiz\\\/\"]}]},{\"@type\":\"ImageObject\",\"inLanguage\":\"en-CA\",\"@id\":\"https:\\\/\\\/milesopedia.com\\\/en\\\/events-contest\\\/10th-anniversary-quiz\\\/#primaryimage\",\"url\":\"https:\\\/\\\/milesopedia.com\\\/wp-content\\\/uploads\\\/2023\\\/10\\\/FB-Milesopedia-Infolettre-2023-10-1200x630-01.jpg\",\"contentUrl\":\"https:\\\/\\\/milesopedia.com\\\/wp-content\\\/uploads\\\/2023\\\/10\\\/FB-Milesopedia-Infolettre-2023-10-1200x630-01.jpg\",\"width\":1200,\"height\":630,\"caption\":\"FB Milesopedia Newsletter 2023 10 1200x630 01\"},{\"@type\":\"WebSite\",\"@id\":\"https:\\\/\\\/milesopedia.com\\\/en\\\/#website\",\"url\":\"https:\\\/\\\/milesopedia.com\\\/en\\\/\",\"name\":\"Milesopedia\",\"description\":\"Programmes de fid\u00e9lit\u00e9 et cartes de cr\u00e9dit au Canada\",\"publisher\":{\"@id\":\"https:\\\/\\\/milesopedia.com\\\/en\\\/#organization\"},\"potentialAction\":[{\"@type\":\"SearchAction\",\"target\":{\"@type\":\"EntryPoint\",\"urlTemplate\":\"https:\\\/\\\/milesopedia.com\\\/en\\\/?s={search_term_string}\"},\"query-input\":{\"@type\":\"PropertyValueSpecification\",\"valueRequired\":true,\"valueName\":\"search_term_string\"}}],\"inLanguage\":\"en-CA\"},{\"@type\":\"Organization\",\"@id\":\"https:\\\/\\\/milesopedia.com\\\/en\\\/#organization\",\"name\":\"Milesopedia Canada\",\"alternateName\":\"Milesopedia\",\"url\":\"https:\\\/\\\/milesopedia.com\\\/en\\\/\",\"logo\":{\"@type\":\"ImageObject\",\"inLanguage\":\"en-CA\",\"@id\":\"https:\\\/\\\/milesopedia.com\\\/en\\\/#\\\/schema\\\/logo\\\/image\\\/\",\"url\":\"https:\\\/\\\/milesopedia.com\\\/wp-content\\\/uploads\\\/2023\\\/01\\\/MILESOPEDIA-logo-cmjn-black-V3@4x.png\",\"contentUrl\":\"https:\\\/\\\/milesopedia.com\\\/wp-content\\\/uploads\\\/2023\\\/01\\\/MILESOPEDIA-logo-cmjn-black-V3@4x.png\",\"width\":1600,\"height\":261,\"caption\":\"Milesopedia Canada\"},\"image\":{\"@id\":\"https:\\\/\\\/milesopedia.com\\\/en\\\/#\\\/schema\\\/logo\\\/image\\\/\"},\"sameAs\":[\"https:\\\/\\\/www.facebook.com\\\/milesopedia\",\"https:\\\/\\\/x.com\\\/milesopedia\",\"https:\\\/\\\/www.linkedin.com\\\/company\\\/milesopedia\",\"https:\\\/\\\/www.tiktok.com\\\/@milesopedia\",\"https:\\\/\\\/www.youtube.com\\\/milesopedia\"]}]}<\/script>\n<!-- \/ Yoast SEO Premium plugin. -->","yoast_head_json":{"title":"Rules - Milesopedia 10th Anniversary Quiz | Milesopedia","robots":{"index":"index","follow":"follow","max-snippet":"max-snippet:-1","max-image-preview":"max-image-preview:large","max-video-preview":"max-video-preview:-1"},"canonical":"https:\/\/milesopedia.com\/en\/events-contest\/10th-anniversary-quiz\/","og_locale":"en_US","og_type":"article","og_title":"Rules - Milesopedia 10th Anniversary Quiz","og_description":"[vc_row][vc_column][vc_column_text css=&#8221;&#8221;] Rules for the Milesopedia 10th Anniversary Quiz (2025) SUBJECT The Milesopedia 10th Anniversary Quiz (2025) (hereinafter referred to as the &#8220;Quiz&#8221;) is organized by Les Services Milesopedia Inc. (hereinafter referred to as the &#8220;Organizer&#8221;). This fun quiz was designed primarily as a gesture of appreciation towards our loyal community. Beyond the prizes to [&hellip;]","og_url":"https:\/\/milesopedia.com\/en\/events-contest\/10th-anniversary-quiz\/","og_site_name":"Milesopedia","article_publisher":"https:\/\/www.facebook.com\/milesopedia","article_modified_time":"2026-04-01T18:33:04+00:00","og_image":[{"width":1200,"height":630,"url":"https:\/\/milesopedia.com\/wp-content\/uploads\/2023\/10\/FB-Milesopedia-Infolettre-2023-10-1200x630-01.jpg","type":"image\/jpeg"}],"twitter_card":"summary_large_image","twitter_site":"@milesopedia","schema":{"@context":"https:\/\/schema.org","@graph":[{"@type":"WebPage","@id":"https:\/\/milesopedia.com\/en\/events-contest\/10th-anniversary-quiz\/","url":"https:\/\/milesopedia.com\/en\/events-contest\/10th-anniversary-quiz\/","name":"Rules - Milesopedia 10th Anniversary Quiz | Milesopedia","isPartOf":{"@id":"https:\/\/milesopedia.com\/en\/#website"},"primaryImageOfPage":{"@id":"https:\/\/milesopedia.com\/en\/events-contest\/10th-anniversary-quiz\/#primaryimage"},"image":{"@id":"https:\/\/milesopedia.com\/en\/events-contest\/10th-anniversary-quiz\/#primaryimage"},"thumbnailUrl":"https:\/\/milesopedia.com\/wp-content\/uploads\/2023\/10\/FB-Milesopedia-Infolettre-2023-10-1200x630-01.jpg","datePublished":"2025-08-21T13:33:00+00:00","dateModified":"2026-04-01T18:33:04+00:00","inLanguage":"en-CA","potentialAction":[{"@type":"ReadAction","target":["https:\/\/milesopedia.com\/en\/events-contest\/10th-anniversary-quiz\/"]}]},{"@type":"ImageObject","inLanguage":"en-CA","@id":"https:\/\/milesopedia.com\/en\/events-contest\/10th-anniversary-quiz\/#primaryimage","url":"https:\/\/milesopedia.com\/wp-content\/uploads\/2023\/10\/FB-Milesopedia-Infolettre-2023-10-1200x630-01.jpg","contentUrl":"https:\/\/milesopedia.com\/wp-content\/uploads\/2023\/10\/FB-Milesopedia-Infolettre-2023-10-1200x630-01.jpg","width":1200,"height":630,"caption":"FB Milesopedia Newsletter 2023 10 1200x630 01"},{"@type":"WebSite","@id":"https:\/\/milesopedia.com\/en\/#website","url":"https:\/\/milesopedia.com\/en\/","name":"Milesopedia","description":"Programmes de fid\u00e9lit\u00e9 et cartes de cr\u00e9dit au Canada","publisher":{"@id":"https:\/\/milesopedia.com\/en\/#organization"},"potentialAction":[{"@type":"SearchAction","target":{"@type":"EntryPoint","urlTemplate":"https:\/\/milesopedia.com\/en\/?s={search_term_string}"},"query-input":{"@type":"PropertyValueSpecification","valueRequired":true,"valueName":"search_term_string"}}],"inLanguage":"en-CA"},{"@type":"Organization","@id":"https:\/\/milesopedia.com\/en\/#organization","name":"Milesopedia Canada","alternateName":"Milesopedia","url":"https:\/\/milesopedia.com\/en\/","logo":{"@type":"ImageObject","inLanguage":"en-CA","@id":"https:\/\/milesopedia.com\/en\/#\/schema\/logo\/image\/","url":"https:\/\/milesopedia.com\/wp-content\/uploads\/2023\/01\/MILESOPEDIA-logo-cmjn-black-V3@4x.png","contentUrl":"https:\/\/milesopedia.com\/wp-content\/uploads\/2023\/01\/MILESOPEDIA-logo-cmjn-black-V3@4x.png","width":1600,"height":261,"caption":"Milesopedia Canada"},"image":{"@id":"https:\/\/milesopedia.com\/en\/#\/schema\/logo\/image\/"},"sameAs":["https:\/\/www.facebook.com\/milesopedia","https:\/\/x.com\/milesopedia","https:\/\/www.linkedin.com\/company\/milesopedia","https:\/\/www.tiktok.com\/@milesopedia","https:\/\/www.youtube.com\/milesopedia"]}]}},"_links":{"self":[{"href":"https:\/\/milesopedia.com\/en\/wp-json\/wp\/v2\/pages\/460536","targetHints":{"allow":["GET"]}}],"collection":[{"href":"https:\/\/milesopedia.com\/en\/wp-json\/wp\/v2\/pages"}],"about":[{"href":"https:\/\/milesopedia.com\/en\/wp-json\/wp\/v2\/types\/page"}],"author":[{"embeddable":true,"href":"https:\/\/milesopedia.com\/en\/wp-json\/wp\/v2\/users\/4"}],"replies":[{"embeddable":true,"href":"https:\/\/milesopedia.com\/en\/wp-json\/wp\/v2\/comments?post=460536"}],"version-history":[{"count":13,"href":"https:\/\/milesopedia.com\/en\/wp-json\/wp\/v2\/pages\/460536\/revisions"}],"predecessor-version":[{"id":490285,"href":"https:\/\/milesopedia.com\/en\/wp-json\/wp\/v2\/pages\/460536\/revisions\/490285"}],"up":[{"embeddable":true,"href":"https:\/\/milesopedia.com\/en\/wp-json\/wp\/v2\/pages\/213903"}],"wp:featuredmedia":[{"embeddable":true,"href":"https:\/\/milesopedia.com\/en\/wp-json\/wp\/v2\/media\/319561"}],"wp:attachment":[{"href":"https:\/\/milesopedia.com\/en\/wp-json\/wp\/v2\/media?parent=460536"}],"wp:term":[{"taxonomy":"post_tag","embeddable":true,"href":"https:\/\/milesopedia.com\/en\/wp-json\/wp\/v2\/tags?post=460536"},{"taxonomy":"mc_loyalty_program","embeddable":true,"href":"https:\/\/milesopedia.com\/en\/wp-json\/wp\/v2\/mc_loyalty_program?post=460536"}],"curies":[{"name":"wp","href":"https:\/\/api.w.org\/{rel}","templated":true}]}}