{"id":414761,"date":"2024-10-30T13:18:00","date_gmt":"2024-10-30T17:18:00","guid":{"rendered":"https:\/\/milesopedia.com\/rating-airlines\/"},"modified":"2026-05-01T00:41:55","modified_gmt":"2026-05-01T04:41:55","slug":"rating-airlines","status":"publish","type":"page","link":"https:\/\/milesopedia.com\/en\/rating-airlines\/","title":{"rendered":"Our Airline Rating System: From 1 to 10"},"content":{"rendered":"<div class=\"wpb-content-wrapper\"><p>[vc_row][vc_column][vc_column_text css=&#8221;&#8221; el_class=&#8221;checkmarks&#8221;]<\/p>\n<p>Chez Milesopedia, nous avons opt\u00e9 pour une \u00e9chelle de notation de 1 \u00e0 10 afin d&#8217;\u00e9valuer les compagnies a\u00e9riennes de mani\u00e8re nuanc\u00e9e et exhaustive. Cette approche vise \u00e0 offrir une granularit\u00e9 suffisante pour discerner les variations qualitatives entre les diff\u00e9rentes compagnies et permettre ainsi aux voyageurs de faire des choix \u00e9clair\u00e9s.<\/p>\n<p>[\/vc_column_text][vc_custom_heading text=&#8221;Pourquoi une \u00e9chelle de 1 \u00e0 10&nbsp;?&#8221; css=&#8221;&#8221; el_id=&#8221;pourquoi_une_chelle_de_1_10_&#8221;][vc_column_text css=&#8221;&#8221; el_class=&#8221;checkmarks&#8221;]<\/p>\n<p>Une \u00e9chelle de 1 \u00e0 10 permet d&#8217;apporter une pr\u00e9cision plus fine dans l&#8217;\u00e9valuation des compagnies a\u00e9riennes par rapport \u00e0 un syst\u00e8me de 5 \u00e9toiles.<\/p>\n<p>Elle <a class=\"wpil_keyword_link\" href=\"https:\/\/milesopedia.com\/recompenses\/offres-speciales\/offre-american-express-turo-credit\/\" title=\"Offre American Express avec Turo&nbsp;: Obtenez 50&nbsp;$ en cr\u00e9dit au compte\" data-wpil-keyword-link=\"linked\" data-wpil-monitor-id=\"897\">offre<\/a> une meilleure capacit\u00e9 de distinction des prestations, en tenant compte des subtilit\u00e9s qui existent entre des compagnies apparemment similaires.<\/p>\n<p>Par exemple, deux compagnies a\u00e9riennes pourraient recevoir 4 \u00e9toiles dans un syst\u00e8me traditionnel, bien que des diff\u00e9rences marqu\u00e9es existent en mati\u00e8re de confort des si\u00e8ges, de qualit\u00e9 de service ou d&#8217;autres crit\u00e8res sp\u00e9cifiques.<\/p>\n<p>L&#8217;\u00e9chelle de 1 \u00e0 10 permet de mieux appr\u00e9hender ces distinctions et d&#8217;en fournir une \u00e9valuation plus fid\u00e8le.<\/p>\n<p>[\/vc_column_text][vc_single_image image=&#8221;248979&#8243; img_size=&#8221;large&#8221; alignment=&#8221;center&#8221; style=&#8221;vc_box_rounded&#8221; css=&#8221;&#8221;][vc_custom_heading text=&#8221;Comment fonctionne notre syst\u00e8me de notation&nbsp;?&#8221; css=&#8221;&#8221; el_id=&#8221;comment_fonctionne_notre_syst_me_de_notation_&#8221;][vc_column_text css=&#8221;&#8221; el_class=&#8221;checkmarks&#8221;]<\/p>\n<p>Chaque compagnie a\u00e9rienne est \u00e9valu\u00e9e selon des crit\u00e8res rigoureusement d\u00e9finis, permettant une analyse multidimensionnelle de l&#8217;exp\u00e9rience de vol&nbsp;:<\/p>\n<ul>\n<li><strong>Confort des Si\u00e8ges<\/strong> : Ce crit\u00e8re inclut l&#8217;espace pour les jambes, l&#8217;inclinaison des si\u00e8ges, la qualit\u00e9 des mat\u00e9riaux, ainsi que la configuration de la cabine. Une note de 1 indique une absence de confort notable, tandis qu&#8217;une note de 10 t\u00e9moigne d&#8217;un niveau de confort exceptionnel, \u00e9quivalent \u00e0 celui d&#8217;une <a class=\"wpil_keyword_link\" href=\"https:\/\/milesopedia.com\/guides\/strategies\/premier-vol-classe-affaires\/\" title=\"R\u00e9server son premier vol en classe affaires\" data-wpil-keyword-link=\"linked\" data-wpil-monitor-id=\"898\">classe affaires<\/a> de haute gamme.<\/li>\n<li><strong>Service \u00e0 Bord<\/strong> : L&#8217;\u00e9valuation du service \u00e0 bord tient compte de la qualit\u00e9 et de la vari\u00e9t\u00e9 des repas et boissons, ainsi que de l&#8217;attitude et de la r\u00e9activit\u00e9 du personnel de cabine. Un service tr\u00e8s limit\u00e9 obtiendrait une note de 1, tandis qu&#8217;une note de 10 refl\u00e8te une prestation exemplaire, caract\u00e9ris\u00e9e par un souci du d\u00e9tail et une personnalisation des interactions.<\/li>\n<li><strong>Divertissement en Vol<\/strong> : La diversit\u00e9 et la qualit\u00e9 des options de divertissement, telles que les films, la musique, les jeux et l&#8217;acc\u00e8s Wi-Fi, sont examin\u00e9es. Une note de 1 signifie une offre quasi inexistante, alors qu&#8217;une note de 10 t\u00e9moigne d&#8217;un ensemble complet et moderne, avec une interface utilisateur intuitive.<\/li>\n<li><strong>Ponctualit\u00e9<\/strong> : La capacit\u00e9 de la compagnie \u00e0 respecter les horaires annonc\u00e9s est un aspect crucial de la satisfaction des passagers. Une note de 1 refl\u00e8te des retards fr\u00e9quents et prolong\u00e9s, tandis qu&#8217;une note de 10 indique une ponctualit\u00e9 exemplaire, avec un minimum de perturbations.<\/li>\n<li><strong>Gestion des Bagages<\/strong> : Ce crit\u00e8re porte sur la rapidit\u00e9 et la s\u00e9curit\u00e9 du traitement des bagages, ainsi que sur le taux de perte ou de retard. Une note de 1 signale des probl\u00e8mes r\u00e9currents, alors qu&#8217;une note de 10 indique une gestion efficace et sans incidents, avec des processus de r\u00e9cup\u00e9ration optimis\u00e9s.<\/li>\n<li><strong>Rapport Qualit\u00e9\/Prix<\/strong> : L&#8217;\u00e9valuation du rapport qualit\u00e9\/prix consid\u00e8re la valeur du service fourni par rapport au co\u00fbt du billet. Une note de 1 indique que le service ne justifie pas le prix pay\u00e9, tandis qu&#8217;une note de 10 signifie que l&#8217;exp\u00e9rience fournie surpasse largement les attentes en fonction du tarif pay\u00e9.<\/li>\n<\/ul>\n<p>Pour chaque crit\u00e8re, nous attribuons une note de 1 \u00e0 10, puis calculons une moyenne g\u00e9n\u00e9rale qui refl\u00e8te la performance globale de la compagnie a\u00e9rienne. Nos commentaires d\u00e9taill\u00e9s accompagnent ces notes afin de fournir une explication des <a class=\"wpil_keyword_link\" href=\"https:\/\/milesopedia.com\/guides\/strategies\/comment-terminer-annee-points\/\" title=\"Comment bien terminer l&rsquo;ann\u00e9e avec vos points de r\u00e9compenses\" data-wpil-keyword-link=\"linked\" data-wpil-monitor-id=\"899\">points<\/a> forts et des domaines n\u00e9cessitant une am\u00e9lioration.<\/p>\n<p>[\/vc_column_text][vc_single_image image=&#8221;254499&#8243; img_size=&#8221;large&#8221; alignment=&#8221;center&#8221; style=&#8221;vc_box_rounded&#8221; css=&#8221;&#8221;][vc_custom_heading text=&#8221;Un syst\u00e8me de notation pour faciliter le choix&#8221; css=&#8221;&#8221; el_id=&#8221;un_syst_me_de_notation_pour_faciliter_le_choix&#8221;][vc_column_text css=&#8221;&#8221;]<\/p>\n<p>Notre syst\u00e8me de notation sur 10 permet aux voyageurs d&#8217;op\u00e9rer des choix plus \u00e9clair\u00e9s en fonction de leurs priorit\u00e9s personnelles. Par exemple, si le confort des si\u00e8ges est votre principal crit\u00e8re de s\u00e9lection, notre notation vous permettra de facilement identifier les compagnies qui se d\u00e9marquent dans ce domaine.<\/p>\n<p>Cette granularit\u00e9 contribue \u00e0 affiner la comparaison entre compagnies et \u00e0 mieux aligner votre choix sur votre style de voyage.<\/p>\n<p>[\/vc_column_text][vc_column_text css=&#8221;&#8221;]<\/p>\n<p>Il est important de noter que toutes les compagnies a\u00e9riennes ne se positionnent pas de la m\u00eame mani\u00e8re sur le march\u00e9.<\/p>\n<p>Certaines sont des compagnies haut de gamme offrant des services exclusifs, tandis que d&#8217;autres sont des compagnies \u00e0 bas co\u00fbts ax\u00e9es sur l&#8217;essentiel, sans services suppl\u00e9mentaires.<\/p>\n<p>De ce fait, nos attentes doivent \u00eatre adapt\u00e9es au type de compagnie que l&#8217;on choisit.<\/p>\n<p>Par exemple, les compagnies \u00e0 bas co\u00fbts peuvent offrir des si\u00e8ges moins confortables et des options de repas limit\u00e9es, mais elles se distinguent souvent par un excellent rapport qualit\u00e9\/prix.<\/p>\n<p>\u00c0 l&#8217;inverse, les compagnies haut de gamme cherchent \u00e0 offrir une exp\u00e9rience plus luxueuse avec un confort et des services sup\u00e9rieurs.<\/p>\n<p>[\/vc_column_text][vc_single_image image=&#8221;60215&#8243; img_size=&#8221;large&#8221; alignment=&#8221;center&#8221; style=&#8221;vc_box_rounded&#8221; css=&#8221;&#8221;][vc_column_text css=&#8221;&#8221;]<\/p>\n<p>De plus, le statut de voyageur fr\u00e9quent influence \u00e9galement l&#8217;exp\u00e9rience de vol.<\/p>\n<p>Les voyageurs disposant d&#8217;un statut \u00e9lev\u00e9 dans un programme de fid\u00e9lit\u00e9 peuvent b\u00e9n\u00e9ficier de nombreux avantages, tels que des surclassements, un acc\u00e8s aux salons d&#8217;a\u00e9roport ou un traitement prioritaire.<\/p>\n<p>Ces avantages influencent significativement l&#8217;exp\u00e9rience globale et peuvent impacter la perception d&#8217;une compagnie a\u00e9rienne. Il est donc essentiel de prendre en compte ces aspects lors de l&#8217;\u00e9valuation d&#8217;une compagnie.<\/p>\n<p>[\/vc_column_text][vc_single_image image=&#8221;250778&#8243; img_size=&#8221;large&#8221; alignment=&#8221;center&#8221; style=&#8221;vc_box_rounded&#8221; css=&#8221;&#8221;][vc_column_text css=&#8221;&#8221;]<\/p>\n<p>Cependant, chaque \u00e9valuation est partiellement influenc\u00e9e par la subjectivit\u00e9 de l&#8217;auteur.<\/p>\n<p>Par exemple, un passager pour qui la ponctualit\u00e9 est prioritaire pourrait attribuer une note \u00e9lev\u00e9e \u00e0 une compagnie en raison de sa fiabilit\u00e9 en mati\u00e8re de respect des horaires, tandis qu&#8217;un autre pourrait donner davantage de valeur au confort ou aux services \u00e0 bord.<\/p>\n<p>Si vous constatez qu&#8217;un <a href=\"https:\/\/milesopedia.com\/auteurs\/\">auteur<\/a> partage des pr\u00e9f\u00e9rences proches des v\u00f4tres, il peut \u00eatre utile de consulter ses autres \u00e9valuations pour obtenir une perspective align\u00e9e sur vos attentes.<\/p>\n<p>[\/vc_column_text][vc_single_image image=&#8221;280493&#8243; img_size=&#8221;large&#8221; alignment=&#8221;center&#8221; style=&#8221;vc_box_rounded&#8221; css=&#8221;&#8221;][vc_column_text css=&#8221;&#8221;]<\/p>\n<p>Par ailleurs, certaines circonstances externes telles que les gr\u00e8ves, les conditions m\u00e9t\u00e9orologiques ou des retards ind\u00e9pendants de la volont\u00e9 de la compagnie peuvent avoir un impact sur la notation.<\/p>\n<p>Nous nous effor\u00e7ons de signaler ces circonstances dans nos commentaires afin de vous offrir une vision compl\u00e8te des facteurs ayant pu influencer l&#8217;exp\u00e9rience de vol.<\/p>\n<p>[\/vc_column_text][vc_custom_heading text=&#8221;Une \u00e9valuation bas\u00e9e sur l&#8217;exp\u00e9rience&#8221; css=&#8221;&#8221; el_id=&#8221;une_valuation_bas_e_sur_lexp_rience&#8221;][vc_column_text css=&#8221;&#8221;]<\/p>\n<p>Toutes nos \u00e9valuations reposent sur des exp\u00e9riences directes et concr\u00e8tes de vol. Nous nous engageons \u00e0 analyser chaque aspect du service offert par les compagnies a\u00e9riennes avec rigueur, afin de vous fournir des informations objectives, fiables et utiles pour la planification de vos prochains voyages.<\/p>\n<p>N&#8217;h\u00e9sitez pas \u00e0 <a href=\"https:\/\/milesopedia.com\/en\/reviews\/flights\/\">consulter nos avis<\/a> et \u00e0 partager vos commentaires afin de contribuer \u00e0 l&#8217;enrichissement de la communaut\u00e9 de voyageurs Milesopedia.<\/p>\n<p>[\/vc_column_text]<div class=\"wpb_content_element wpb_miles_element\">\t\t<div\n\t\t\t\tdata-template='m'\n\t\t\t\tdata-post_type='post'\n\t\t\t\tdata-per_page='6'\n\t\t\t\tclass='deferred_container--preload container_post container_template--m container_count--6 container_count--lots'\n\n\t\t\t\t\t\t\t\t\tdata-tag=\"post_tax\"\n\t\t\t\t\t\t\tdata-post_review=\"18254\"\n\t\t\t\t\t\t\t>\n\t\t<article class=\"post-preview\">\n\n<div class=\"post-preview-thumbnail\">\n\t<div class=\"shimmer shimmer-image\"><\/div>\n<\/div>\n\n<div class=\"post-preview-content\" style=\"top: 1em;\">\n\t<div class=\"simmer-bar-group\">\n\t\t<div class=\"shimmer shimmer-bar\"><\/div>\n\t\t<div class=\"shimmer shimmer-bar\"><\/div>\n\t\t<div class=\"shimmer shimmer-bar\"><\/div>\n\t<\/div>\n<\/div>\n<\/article><article class=\"post-preview\">\n\n<div class=\"post-preview-thumbnail\">\n\t<div class=\"shimmer shimmer-image\"><\/div>\n<\/div>\n\n<div class=\"post-preview-content\" style=\"top: 1em;\">\n\t<div class=\"simmer-bar-group\">\n\t\t<div class=\"shimmer shimmer-bar\"><\/div>\n\t\t<div class=\"shimmer shimmer-bar\"><\/div>\n\t\t<div class=\"shimmer shimmer-bar\"><\/div>\n\t<\/div>\n<\/div>\n<\/article><article class=\"post-preview\">\n\n<div class=\"post-preview-thumbnail\">\n\t<div class=\"shimmer shimmer-image\"><\/div>\n<\/div>\n\n<div class=\"post-preview-content\" style=\"top: 1em;\">\n\t<div class=\"simmer-bar-group\">\n\t\t<div class=\"shimmer shimmer-bar\"><\/div>\n\t\t<div class=\"shimmer shimmer-bar\"><\/div>\n\t\t<div class=\"shimmer shimmer-bar\"><\/div>\n\t<\/div>\n<\/div>\n<\/article><article class=\"post-preview\">\n\n<div class=\"post-preview-thumbnail\">\n\t<div class=\"shimmer shimmer-image\"><\/div>\n<\/div>\n\n<div class=\"post-preview-content\" style=\"top: 1em;\">\n\t<div class=\"simmer-bar-group\">\n\t\t<div class=\"shimmer shimmer-bar\"><\/div>\n\t\t<div class=\"shimmer shimmer-bar\"><\/div>\n\t\t<div class=\"shimmer shimmer-bar\"><\/div>\n\t<\/div>\n<\/div>\n<\/article><article class=\"post-preview\">\n\n<div class=\"post-preview-thumbnail\">\n\t<div class=\"shimmer shimmer-image\"><\/div>\n<\/div>\n\n<div class=\"post-preview-content\" style=\"top: 1em;\">\n\t<div class=\"simmer-bar-group\">\n\t\t<div class=\"shimmer shimmer-bar\"><\/div>\n\t\t<div class=\"shimmer shimmer-bar\"><\/div>\n\t\t<div class=\"shimmer shimmer-bar\"><\/div>\n\t<\/div>\n<\/div>\n<\/article><article class=\"post-preview\">\n\n<div class=\"post-preview-thumbnail\">\n\t<div class=\"shimmer shimmer-image\"><\/div>\n<\/div>\n\n<div class=\"post-preview-content\" style=\"top: 1em;\">\n\t<div class=\"simmer-bar-group\">\n\t\t<div class=\"shimmer shimmer-bar\"><\/div>\n\t\t<div class=\"shimmer shimmer-bar\"><\/div>\n\t\t<div class=\"shimmer shimmer-bar\"><\/div>\n\t<\/div>\n<\/div>\n<\/article>\t\t<\/div>\n\n\t\t\t\t\t<button type=\"button\" class=\"deferred_button\" data-page=\"1\" data-per_page=\"6\">\n\t\t\t\t<i class=\"fas fa-spinner-third fa-spin\"><\/i>\n\t\t\t\tVoir plus\t\t\t<\/button>\n\t\t\t<\/div>[\/vc_column][\/vc_row]<\/p>\n<\/div>","protected":false},"excerpt":{"rendered":"<p>[vc_row][vc_column][vc_column_text css=&#8221;&#8221; el_class=&#8221;checkmarks&#8221;] Chez Milesopedia, nous avons opt\u00e9 pour une \u00e9chelle de notation de 1 \u00e0 10 afin d&#8217;\u00e9valuer les compagnies a\u00e9riennes de mani\u00e8re nuanc\u00e9e et exhaustive. Cette approche vise \u00e0 offrir une granularit\u00e9 suffisante pour discerner les variations qualitatives entre les diff\u00e9rentes compagnies et permettre ainsi aux voyageurs de faire des choix \u00e9clair\u00e9s. [\/vc_column_text][vc_custom_heading [&hellip;]<\/p>","protected":false},"author":3,"featured_media":415329,"parent":0,"menu_order":0,"comment_status":"closed","ping_status":"closed","template":"","meta":{"_acf_changed":false,"_relevanssi_hide_post":"","_relevanssi_hide_content":"","_relevanssi_pin_for_all":"","_relevanssi_pin_keywords":"","_relevanssi_unpin_keywords":"","_relevanssi_related_keywords":"","_relevanssi_related_include_ids":"","_relevanssi_related_exclude_ids":"","_relevanssi_related_no_append":"","_relevanssi_related_not_related":"","_relevanssi_related_posts":"","_relevanssi_noindex_reason":"","footnotes":""},"tags":[],"mc_loyalty_program":[],"class_list":["post-414761","page","type-page","status-publish","has-post-thumbnail","hentry"],"acf":[],"yoast_head":"<!-- This site is optimized with the Yoast SEO Premium plugin v27.5 (Yoast SEO v27.5) - https:\/\/yoast.com\/product\/yoast-seo-premium-wordpress\/ -->\n<title>Our Airline Rating System: From 1 to 10 | Milesopedia<\/title>\n<meta name=\"description\" content=\"Discover how our airline rating system on a scale of 1 to 10 can help you choose the best flight experience, taking into account multiple service factors.\" \/>\n<meta name=\"robots\" content=\"index, follow, max-snippet:-1, max-image-preview:large, max-video-preview:-1\" \/>\n<link rel=\"canonical\" href=\"https:\/\/milesopedia.com\/en\/rating-airlines\/\" \/>\n<meta property=\"og:locale\" content=\"en_US\" \/>\n<meta property=\"og:type\" content=\"article\" \/>\n<meta property=\"og:title\" content=\"Our Airline Rating System: From 1 to 10\" \/>\n<meta property=\"og:description\" content=\"Discover how our airline rating system on a scale of 1 to 10 can help you choose the best flight experience, taking into account multiple service factors.\" \/>\n<meta property=\"og:url\" content=\"https:\/\/milesopedia.com\/en\/rating-airlines\/\" \/>\n<meta property=\"og:site_name\" content=\"Milesopedia\" \/>\n<meta property=\"article:publisher\" content=\"https:\/\/www.facebook.com\/milesopedia\" \/>\n<meta property=\"article:modified_time\" content=\"2026-05-01T04:41:55+00:00\" \/>\n<meta property=\"og:image\" content=\"https:\/\/milesopedia.com\/wp-content\/uploads\/2024\/11\/Systeme-notation-Vol-1024x538-ENG-1.jpg\" \/>\n\t<meta property=\"og:image:width\" content=\"1024\" \/>\n\t<meta property=\"og:image:height\" content=\"538\" \/>\n\t<meta property=\"og:image:type\" content=\"image\/jpeg\" \/>\n<meta name=\"twitter:card\" content=\"summary_large_image\" \/>\n<meta name=\"twitter:site\" content=\"@milesopedia\" \/>\n<script type=\"application\/ld+json\" class=\"yoast-schema-graph\">{\"@context\":\"https:\\\/\\\/schema.org\",\"@graph\":[{\"@type\":\"WebPage\",\"@id\":\"https:\\\/\\\/milesopedia.com\\\/en\\\/rating-airlines\\\/\",\"url\":\"https:\\\/\\\/milesopedia.com\\\/en\\\/rating-airlines\\\/\",\"name\":\"Our Airline Rating System: From 1 to 10 | Milesopedia\",\"isPartOf\":{\"@id\":\"https:\\\/\\\/milesopedia.com\\\/en\\\/#website\"},\"primaryImageOfPage\":{\"@id\":\"https:\\\/\\\/milesopedia.com\\\/en\\\/rating-airlines\\\/#primaryimage\"},\"image\":{\"@id\":\"https:\\\/\\\/milesopedia.com\\\/en\\\/rating-airlines\\\/#primaryimage\"},\"thumbnailUrl\":\"https:\\\/\\\/milesopedia.com\\\/wp-content\\\/uploads\\\/2024\\\/11\\\/Systeme-notation-Vol-1024x538-ENG-1.jpg\",\"datePublished\":\"2024-10-30T17:18:00+00:00\",\"dateModified\":\"2026-05-01T04:41:55+00:00\",\"description\":\"Discover how our airline rating system on a scale of 1 to 10 can help you choose the best flight experience, taking into account multiple service factors.\",\"inLanguage\":\"en-CA\",\"potentialAction\":[{\"@type\":\"ReadAction\",\"target\":[\"https:\\\/\\\/milesopedia.com\\\/en\\\/rating-airlines\\\/\"]}]},{\"@type\":\"ImageObject\",\"inLanguage\":\"en-CA\",\"@id\":\"https:\\\/\\\/milesopedia.com\\\/en\\\/rating-airlines\\\/#primaryimage\",\"url\":\"https:\\\/\\\/milesopedia.com\\\/wp-content\\\/uploads\\\/2024\\\/11\\\/Systeme-notation-Vol-1024x538-ENG-1.jpg\",\"contentUrl\":\"https:\\\/\\\/milesopedia.com\\\/wp-content\\\/uploads\\\/2024\\\/11\\\/Systeme-notation-Vol-1024x538-ENG-1.jpg\",\"width\":1024,\"height\":538,\"caption\":\"Rating System - Airlines\"},{\"@type\":\"WebSite\",\"@id\":\"https:\\\/\\\/milesopedia.com\\\/en\\\/#website\",\"url\":\"https:\\\/\\\/milesopedia.com\\\/en\\\/\",\"name\":\"Milesopedia\",\"description\":\"Programmes de fid\u00e9lit\u00e9 et cartes de cr\u00e9dit au Canada\",\"publisher\":{\"@id\":\"https:\\\/\\\/milesopedia.com\\\/en\\\/#organization\"},\"potentialAction\":[{\"@type\":\"SearchAction\",\"target\":{\"@type\":\"EntryPoint\",\"urlTemplate\":\"https:\\\/\\\/milesopedia.com\\\/en\\\/?s={search_term_string}\"},\"query-input\":{\"@type\":\"PropertyValueSpecification\",\"valueRequired\":true,\"valueName\":\"search_term_string\"}}],\"inLanguage\":\"en-CA\"},{\"@type\":\"Organization\",\"@id\":\"https:\\\/\\\/milesopedia.com\\\/en\\\/#organization\",\"name\":\"Milesopedia Canada\",\"alternateName\":\"Milesopedia\",\"url\":\"https:\\\/\\\/milesopedia.com\\\/en\\\/\",\"logo\":{\"@type\":\"ImageObject\",\"inLanguage\":\"en-CA\",\"@id\":\"https:\\\/\\\/milesopedia.com\\\/en\\\/#\\\/schema\\\/logo\\\/image\\\/\",\"url\":\"https:\\\/\\\/milesopedia.com\\\/wp-content\\\/uploads\\\/2023\\\/01\\\/MILESOPEDIA-logo-cmjn-black-V3@4x.png\",\"contentUrl\":\"https:\\\/\\\/milesopedia.com\\\/wp-content\\\/uploads\\\/2023\\\/01\\\/MILESOPEDIA-logo-cmjn-black-V3@4x.png\",\"width\":1600,\"height\":261,\"caption\":\"Milesopedia Canada\"},\"image\":{\"@id\":\"https:\\\/\\\/milesopedia.com\\\/en\\\/#\\\/schema\\\/logo\\\/image\\\/\"},\"sameAs\":[\"https:\\\/\\\/www.facebook.com\\\/milesopedia\",\"https:\\\/\\\/x.com\\\/milesopedia\",\"https:\\\/\\\/www.linkedin.com\\\/company\\\/milesopedia\",\"https:\\\/\\\/www.tiktok.com\\\/@milesopedia\",\"https:\\\/\\\/www.youtube.com\\\/milesopedia\"]}]}<\/script>\n<!-- \/ Yoast SEO Premium plugin. -->","yoast_head_json":{"title":"Our Airline Rating System: From 1 to 10 | Milesopedia","description":"Discover how our airline rating system on a scale of 1 to 10 can help you choose the best flight experience, taking into account multiple service factors.","robots":{"index":"index","follow":"follow","max-snippet":"max-snippet:-1","max-image-preview":"max-image-preview:large","max-video-preview":"max-video-preview:-1"},"canonical":"https:\/\/milesopedia.com\/en\/rating-airlines\/","og_locale":"en_US","og_type":"article","og_title":"Our Airline Rating System: From 1 to 10","og_description":"Discover how our airline rating system on a scale of 1 to 10 can help you choose the best flight experience, taking into account multiple service factors.","og_url":"https:\/\/milesopedia.com\/en\/rating-airlines\/","og_site_name":"Milesopedia","article_publisher":"https:\/\/www.facebook.com\/milesopedia","article_modified_time":"2026-05-01T04:41:55+00:00","og_image":[{"width":1024,"height":538,"url":"https:\/\/milesopedia.com\/wp-content\/uploads\/2024\/11\/Systeme-notation-Vol-1024x538-ENG-1.jpg","type":"image\/jpeg"}],"twitter_card":"summary_large_image","twitter_site":"@milesopedia","schema":{"@context":"https:\/\/schema.org","@graph":[{"@type":"WebPage","@id":"https:\/\/milesopedia.com\/en\/rating-airlines\/","url":"https:\/\/milesopedia.com\/en\/rating-airlines\/","name":"Our Airline Rating System: From 1 to 10 | Milesopedia","isPartOf":{"@id":"https:\/\/milesopedia.com\/en\/#website"},"primaryImageOfPage":{"@id":"https:\/\/milesopedia.com\/en\/rating-airlines\/#primaryimage"},"image":{"@id":"https:\/\/milesopedia.com\/en\/rating-airlines\/#primaryimage"},"thumbnailUrl":"https:\/\/milesopedia.com\/wp-content\/uploads\/2024\/11\/Systeme-notation-Vol-1024x538-ENG-1.jpg","datePublished":"2024-10-30T17:18:00+00:00","dateModified":"2026-05-01T04:41:55+00:00","description":"Discover how our airline rating system on a scale of 1 to 10 can help you choose the best flight experience, taking into account multiple service factors.","inLanguage":"en-CA","potentialAction":[{"@type":"ReadAction","target":["https:\/\/milesopedia.com\/en\/rating-airlines\/"]}]},{"@type":"ImageObject","inLanguage":"en-CA","@id":"https:\/\/milesopedia.com\/en\/rating-airlines\/#primaryimage","url":"https:\/\/milesopedia.com\/wp-content\/uploads\/2024\/11\/Systeme-notation-Vol-1024x538-ENG-1.jpg","contentUrl":"https:\/\/milesopedia.com\/wp-content\/uploads\/2024\/11\/Systeme-notation-Vol-1024x538-ENG-1.jpg","width":1024,"height":538,"caption":"Rating System - Airlines"},{"@type":"WebSite","@id":"https:\/\/milesopedia.com\/en\/#website","url":"https:\/\/milesopedia.com\/en\/","name":"Milesopedia","description":"Programmes de fid\u00e9lit\u00e9 et cartes de cr\u00e9dit au Canada","publisher":{"@id":"https:\/\/milesopedia.com\/en\/#organization"},"potentialAction":[{"@type":"SearchAction","target":{"@type":"EntryPoint","urlTemplate":"https:\/\/milesopedia.com\/en\/?s={search_term_string}"},"query-input":{"@type":"PropertyValueSpecification","valueRequired":true,"valueName":"search_term_string"}}],"inLanguage":"en-CA"},{"@type":"Organization","@id":"https:\/\/milesopedia.com\/en\/#organization","name":"Milesopedia Canada","alternateName":"Milesopedia","url":"https:\/\/milesopedia.com\/en\/","logo":{"@type":"ImageObject","inLanguage":"en-CA","@id":"https:\/\/milesopedia.com\/en\/#\/schema\/logo\/image\/","url":"https:\/\/milesopedia.com\/wp-content\/uploads\/2023\/01\/MILESOPEDIA-logo-cmjn-black-V3@4x.png","contentUrl":"https:\/\/milesopedia.com\/wp-content\/uploads\/2023\/01\/MILESOPEDIA-logo-cmjn-black-V3@4x.png","width":1600,"height":261,"caption":"Milesopedia Canada"},"image":{"@id":"https:\/\/milesopedia.com\/en\/#\/schema\/logo\/image\/"},"sameAs":["https:\/\/www.facebook.com\/milesopedia","https:\/\/x.com\/milesopedia","https:\/\/www.linkedin.com\/company\/milesopedia","https:\/\/www.tiktok.com\/@milesopedia","https:\/\/www.youtube.com\/milesopedia"]}]}},"_links":{"self":[{"href":"https:\/\/milesopedia.com\/en\/wp-json\/wp\/v2\/pages\/414761","targetHints":{"allow":["GET"]}}],"collection":[{"href":"https:\/\/milesopedia.com\/en\/wp-json\/wp\/v2\/pages"}],"about":[{"href":"https:\/\/milesopedia.com\/en\/wp-json\/wp\/v2\/types\/page"}],"author":[{"embeddable":true,"href":"https:\/\/milesopedia.com\/en\/wp-json\/wp\/v2\/users\/3"}],"replies":[{"embeddable":true,"href":"https:\/\/milesopedia.com\/en\/wp-json\/wp\/v2\/comments?post=414761"}],"version-history":[{"count":23,"href":"https:\/\/milesopedia.com\/en\/wp-json\/wp\/v2\/pages\/414761\/revisions"}],"predecessor-version":[{"id":495242,"href":"https:\/\/milesopedia.com\/en\/wp-json\/wp\/v2\/pages\/414761\/revisions\/495242"}],"wp:featuredmedia":[{"embeddable":true,"href":"https:\/\/milesopedia.com\/en\/wp-json\/wp\/v2\/media\/415329"}],"wp:attachment":[{"href":"https:\/\/milesopedia.com\/en\/wp-json\/wp\/v2\/media?parent=414761"}],"wp:term":[{"taxonomy":"post_tag","embeddable":true,"href":"https:\/\/milesopedia.com\/en\/wp-json\/wp\/v2\/tags?post=414761"},{"taxonomy":"mc_loyalty_program","embeddable":true,"href":"https:\/\/milesopedia.com\/en\/wp-json\/wp\/v2\/mc_loyalty_program?post=414761"}],"curies":[{"name":"wp","href":"https:\/\/api.w.org\/{rel}","templated":true}]}}