{"id":414741,"date":"2024-10-30T12:44:00","date_gmt":"2024-10-30T16:44:00","guid":{"rendered":"https:\/\/milesopedia.com\/rating-hotels\/"},"modified":"2026-05-01T00:42:25","modified_gmt":"2026-05-01T04:42:25","slug":"rating-hotels","status":"publish","type":"page","link":"https:\/\/milesopedia.com\/en\/rating-hotels\/","title":{"rendered":"Our Hotel Rating System: From 1 to 10"},"content":{"rendered":"<div class=\"wpb-content-wrapper\"><p>[vc_row][vc_column][vc_column_text css=&#8221;&#8221; el_class=&#8221;checkmarks&#8221;]<\/p>\n<p>At Milesopedia, we have opted for a hotel rating system on a scale of 1 to 10 to provide an accurate and nuanced assessment of each establishment. This document explains why this system is the most suitable for our evaluations and how it is implemented. <\/p>\n<p>[\/vc_column_text][vc_custom_heading text=&#8221;Why a Scale From 1 to 10?&#8221; css=&#8221;&#8221; el_id=&#8221;why_a_scale_from_1_to_10_&#8221;][vc_column_text css=&#8221;&#8221; el_class=&#8221;checkmarks&#8221;]<\/p>\n<p>We believe that a rating scale from 1 to 10 is more accurate and informative than a traditional 5-star system. It allows us to better differentiate the quality of the various aspects of a hotel experience. <\/p>\n<p>For example, in a 5-star system, it is difficult to distinguish a <a class=\"wpil_keyword_link\" href=\"https:\/\/milesopedia.com\/en\/guide\/best-sites-reservation-hotel-without-points\/\" title=\"The Best Hotel Booking Sites\" data-wpil-keyword-link=\"linked\" data-wpil-monitor-id=\"904\">hotel<\/a> that truly deserves 4 stars from another that is slightly lower but still above average.<\/p>\n<p>With a scale of 1 to 10, we can differentiate between ratings such as 7.5 and 8.5, thus offering a more detailed and transparent evaluation for travelers.<\/p>\n<p>[\/vc_column_text][vc_single_image image=&#8221;386575&#8243; img_size=&#8221;large&#8221; alignment=&#8221;center&#8221; style=&#8221;vc_box_rounded&#8221; css=&#8221;&#8221;][vc_custom_heading text=&#8221;How Does Our Rating System Work?&#8221; css=&#8221;&#8221; el_id=&#8221;how_does_our_rating_system_work_&#8221;][vc_column_text css=&#8221;&#8221; el_class=&#8221;checkmarks&#8221;]<\/p>\n<p>Each hotel is evaluated on a series of specific criteria, including:<\/p>\n<ul>\n<li><strong>Room Comfort<\/strong>: We evaluate the quality of the bedding, the size and layout of the room, soundproofing, and the amenities provided (such as air conditioning, <a class=\"wpil_keyword_link\" href=\"https:\/\/milesopedia.com\/en\/reviews\/products\/watch-tv-abroad-nordvpn\/\" title=\"Watch your favorite TV shows abroad with NordVPN\" data-wpil-keyword-link=\"linked\" data-wpil-monitor-id=\"903\">television<\/a>, and furniture). A rating of 1 means the comfort is insufficient, while a rating of 10 indicates an exceptional level of comfort. <\/li>\n<li><strong>Services offered<\/strong>: This includes on-site services such as 24-hour reception, room service, leisure facilities (pool, spa, gym), and additional services such as laundry. A rating of 1 indicates very limited or no services, while a rating of 10 indicates varied, top-quality services. <\/li>\n<li><strong>Service Quality<\/strong>: We rate the attitude and availability of the staff, their ability to respond to guest requests, as well as their friendliness and efficiency. A rating of 1 signifies poor service, while a rating of 10 reflects exceptional and personalized service. <\/li>\n<li><strong>Location<\/strong>: This criterion evaluates the proximity to main attractions, accessibility to public transport, neighborhood safety, and the hotel&#8217;s immediate surroundings. A rating of 1 indicates an inconvenient or unattractive location, while a rating of 10 represents an ideal location for travelers. <\/li>\n<li><strong>Cleanliness<\/strong>: The cleanliness of the rooms, common areas, and facilities is a crucial factor. A rating of 1 reflects significant cleanliness issues, while a rating of 10 indicates an impeccable level of hygiene. <\/li>\n<li><strong>Value for Money<\/strong>: This criterion evaluates whether the price paid is justified by the quality of the overall experience. A rating of 1 means the stay does not justify its cost, while a rating of 10 indicates excellent value for money, where the services and experience offered exceed expectations relative to the rate paid. <\/li>\n<\/ul>\n<p>For each criterion, we assign a rating from 1 to 10, then calculate an overall average that represents the general quality of the hotel. This system provides a complete overview of the experience you can expect. In addition, we provide detailed comments explaining the <a class=\"wpil_keyword_link\" href=\"https:\/\/milesopedia.com\/en\/guide\/strategy\/what-to-do-points-end-of-year\/\" title=\"How to end the year on a high note with your reward points\" data-wpil-keyword-link=\"linked\" data-wpil-monitor-id=\"902\">strengths<\/a> and areas for improvement for each establishment.  <\/p>\n<p>[\/vc_column_text][vc_single_image image=&#8221;254157&#8243; img_size=&#8221;large&#8221; alignment=&#8221;center&#8221; style=&#8221;vc_box_rounded&#8221; css=&#8221;&#8221;][vc_custom_heading text=&#8221;A Rating System to Help You Choose&#8221; css=&#8221;&#8221; el_id=&#8221;a_rating_system_to_help_you_choose&#8221;][vc_column_text css=&#8221;&#8221;]<\/p>\n<p>The 10-point rating scale helps you make more informed decisions based on your individual preferences.<\/p>\n<p>If a particular criterion is important to you, such as comfort or location, you can easily identify the hotels that stand out in these categories. This level of precision helps to better compare establishments and find the one that best matches your expectations. <\/p>\n<p>[\/vc_column_text][vc_single_image image=&#8221;386569&#8243; img_size=&#8221;large&#8221; alignment=&#8221;center&#8221; style=&#8221;vc_box_rounded&#8221; css=&#8221;&#8221;][vc_column_text css=&#8221;&#8221;]<\/p>\n<p>It is important to note that <a class=\"wpil_keyword_link\" href=\"https:\/\/milesopedia.com\/en\/reviews\/hotels\/four-points-by-sheraton-singapore-riverview\/\" title=\"Review&nbsp;: Four Points by Sheraton Singapore, Riverview | Marriott Bonvoy\" data-wpil-keyword-link=\"linked\" data-wpil-monitor-id=\"901\">reviews<\/a> always reflect a degree of subjectivity related to the author. Each traveler has different expectations and preferences, which can influence the rating assigned. <\/p>\n<p>For example, a reviewer who prioritizes a central location may give more weight to this criterion, while another will focus more on room comfort.<\/p>\n<p>If you appreciate the reviews <a href=\"https:\/\/milesopedia.com\/en\/auteurs\/\">of a particular author<\/a>, we recommend consulting their other evaluations to get a consistent perspective tailored to your tastes.<\/p>\n<p>[\/vc_column_text][vc_single_image image=&#8221;190274&#8243; img_size=&#8221;large&#8221; alignment=&#8221;center&#8221; style=&#8221;vc_box_rounded&#8221; css=&#8221;&#8221;][vc_column_text css=&#8221;&#8221;]<\/p>\n<p>In addition, certain external circumstances can influence an assessment, even if they are not directly related to the quality of the hotel.<\/p>\n<p>For example, a late arrival, transport strikes or bad weather can affect the overall experience of a stay, and consequently the final rating.<\/p>\n<p>We do our best to clarify these circumstances in our comments, so that you can better interpret the rating given.<\/p>\n<p>[\/vc_column_text][vc_custom_heading text=&#8221;Experience-Based Assessment&#8221; css=&#8221;&#8221; el_id=&#8221;experience-based_assessment&#8221;][vc_column_text css=&#8221;&#8221;]<\/p>\n<p>We evaluate each hotel after we&#8217;ve stayed there, paying particular attention to every aspect of the experience. Our reviews are objective and transparent, aiming to provide you with reliable and relevant information for planning your travels. <\/p>\n<p>Feel free to consult our reviews and share your comments to enrich the <a class=\"wpil_keyword_link\" href=\"https:\/\/milesopedia.com\/en\/points-miles-value-canada\/\" title=\"Our Semi-Annual Valuation of Rewards Points in Canada\" data-wpil-keyword-link=\"linked\" data-wpil-monitor-id=\"900\">Milesopedia<\/a> traveler community!<\/p>\n<p>[\/vc_column_text]<div class=\"wpb_content_element wpb_miles_element\">\t\t<div\n\t\t\t\tdata-template='m'\n\t\t\t\tdata-post_type='post'\n\t\t\t\tdata-per_page='6'\n\t\t\t\tclass='deferred_container--preload container_post container_template--m container_count--6 container_count--lots'\n\n\t\t\t\t\t\t\t\t\tdata-tag=\"post_tax\"\n\t\t\t\t\t\t\tdata-post_review=\"15543\"\n\t\t\t\t\t\t\t>\n\t\t<article class=\"post-preview\">\n\n<div class=\"post-preview-thumbnail\">\n\t<div class=\"shimmer shimmer-image\"><\/div>\n<\/div>\n\n<div class=\"post-preview-content\" style=\"top: 1em;\">\n\t<div class=\"simmer-bar-group\">\n\t\t<div class=\"shimmer shimmer-bar\"><\/div>\n\t\t<div class=\"shimmer shimmer-bar\"><\/div>\n\t\t<div class=\"shimmer shimmer-bar\"><\/div>\n\t<\/div>\n<\/div>\n<\/article><article class=\"post-preview\">\n\n<div class=\"post-preview-thumbnail\">\n\t<div class=\"shimmer shimmer-image\"><\/div>\n<\/div>\n\n<div class=\"post-preview-content\" style=\"top: 1em;\">\n\t<div class=\"simmer-bar-group\">\n\t\t<div class=\"shimmer shimmer-bar\"><\/div>\n\t\t<div class=\"shimmer shimmer-bar\"><\/div>\n\t\t<div class=\"shimmer shimmer-bar\"><\/div>\n\t<\/div>\n<\/div>\n<\/article><article class=\"post-preview\">\n\n<div class=\"post-preview-thumbnail\">\n\t<div class=\"shimmer shimmer-image\"><\/div>\n<\/div>\n\n<div class=\"post-preview-content\" style=\"top: 1em;\">\n\t<div class=\"simmer-bar-group\">\n\t\t<div class=\"shimmer shimmer-bar\"><\/div>\n\t\t<div class=\"shimmer shimmer-bar\"><\/div>\n\t\t<div class=\"shimmer shimmer-bar\"><\/div>\n\t<\/div>\n<\/div>\n<\/article><article class=\"post-preview\">\n\n<div class=\"post-preview-thumbnail\">\n\t<div class=\"shimmer shimmer-image\"><\/div>\n<\/div>\n\n<div class=\"post-preview-content\" style=\"top: 1em;\">\n\t<div class=\"simmer-bar-group\">\n\t\t<div class=\"shimmer shimmer-bar\"><\/div>\n\t\t<div class=\"shimmer shimmer-bar\"><\/div>\n\t\t<div class=\"shimmer shimmer-bar\"><\/div>\n\t<\/div>\n<\/div>\n<\/article><article class=\"post-preview\">\n\n<div class=\"post-preview-thumbnail\">\n\t<div class=\"shimmer shimmer-image\"><\/div>\n<\/div>\n\n<div class=\"post-preview-content\" style=\"top: 1em;\">\n\t<div class=\"simmer-bar-group\">\n\t\t<div class=\"shimmer shimmer-bar\"><\/div>\n\t\t<div class=\"shimmer shimmer-bar\"><\/div>\n\t\t<div class=\"shimmer shimmer-bar\"><\/div>\n\t<\/div>\n<\/div>\n<\/article><article class=\"post-preview\">\n\n<div class=\"post-preview-thumbnail\">\n\t<div class=\"shimmer shimmer-image\"><\/div>\n<\/div>\n\n<div class=\"post-preview-content\" style=\"top: 1em;\">\n\t<div class=\"simmer-bar-group\">\n\t\t<div class=\"shimmer shimmer-bar\"><\/div>\n\t\t<div class=\"shimmer shimmer-bar\"><\/div>\n\t\t<div class=\"shimmer shimmer-bar\"><\/div>\n\t<\/div>\n<\/div>\n<\/article>\t\t<\/div>\n\n\t\t\t\t\t<button type=\"button\" class=\"deferred_button\" data-page=\"1\" data-per_page=\"6\">\n\t\t\t\t<i class=\"fas fa-spinner-third fa-spin\"><\/i>\n\t\t\t\tVoir plus\t\t\t<\/button>\n\t\t\t<\/div>[\/vc_column][\/vc_row]<\/p>\n<\/div>","protected":false},"excerpt":{"rendered":"<p>[vc_row][vc_column][vc_column_text css=&#8221;&#8221; el_class=&#8221;checkmarks&#8221;] At Milesopedia, we have opted for a hotel rating system on a scale of 1 to 10 to provide an accurate and nuanced assessment of each establishment. This document explains why this system is the most suitable for our evaluations and how it is implemented. [\/vc_column_text][vc_custom_heading text=&#8221;Why a Scale From 1 to [&hellip;]<\/p>","protected":false},"author":3,"featured_media":415327,"parent":0,"menu_order":0,"comment_status":"closed","ping_status":"closed","template":"","meta":{"_acf_changed":false,"_relevanssi_hide_post":"","_relevanssi_hide_content":"","_relevanssi_pin_for_all":"","_relevanssi_pin_keywords":"","_relevanssi_unpin_keywords":"","_relevanssi_related_keywords":"","_relevanssi_related_include_ids":"","_relevanssi_related_exclude_ids":"","_relevanssi_related_no_append":"","_relevanssi_related_not_related":"","_relevanssi_related_posts":"","_relevanssi_noindex_reason":"","footnotes":""},"tags":[],"mc_loyalty_program":[],"class_list":["post-414741","page","type-page","status-publish","has-post-thumbnail","hentry"],"acf":[],"yoast_head":"<!-- This site is optimized with the Yoast SEO Premium plugin v27.5 (Yoast SEO v27.5) - https:\/\/yoast.com\/product\/yoast-seo-premium-wordpress\/ -->\n<title>Our Hotel Rating System: From 1 to 10 | Milesopedia<\/title>\n<meta name=\"description\" content=\"Discover how our hotel rating system, on a scale of 1 to 10, will help you make informed decisions. Providing you detailed, transparent assessments for every aspect of your stay.\" \/>\n<meta name=\"robots\" content=\"index, follow, max-snippet:-1, max-image-preview:large, max-video-preview:-1\" \/>\n<link rel=\"canonical\" href=\"https:\/\/milesopedia.com\/en\/rating-hotels\/\" \/>\n<meta property=\"og:locale\" content=\"en_US\" \/>\n<meta property=\"og:type\" content=\"article\" \/>\n<meta property=\"og:title\" content=\"Our Hotel Rating System: From 1 to 10\" \/>\n<meta property=\"og:description\" content=\"Discover how our hotel rating system, on a scale of 1 to 10, will help you make informed decisions. Providing you detailed, transparent assessments for every aspect of your stay.\" \/>\n<meta property=\"og:url\" content=\"https:\/\/milesopedia.com\/en\/rating-hotels\/\" \/>\n<meta property=\"og:site_name\" content=\"Milesopedia\" \/>\n<meta property=\"article:publisher\" content=\"https:\/\/www.facebook.com\/milesopedia\" \/>\n<meta property=\"article:modified_time\" content=\"2026-05-01T04:42:25+00:00\" \/>\n<meta property=\"og:image\" content=\"https:\/\/milesopedia.com\/wp-content\/uploads\/2024\/11\/Systeme-notation-Hotel-1024x538-ENG.jpg\" \/>\n\t<meta property=\"og:image:width\" content=\"1024\" \/>\n\t<meta property=\"og:image:height\" content=\"538\" \/>\n\t<meta property=\"og:image:type\" content=\"image\/jpeg\" \/>\n<meta name=\"twitter:card\" content=\"summary_large_image\" \/>\n<meta name=\"twitter:site\" content=\"@milesopedia\" \/>\n<script type=\"application\/ld+json\" class=\"yoast-schema-graph\">{\"@context\":\"https:\\\/\\\/schema.org\",\"@graph\":[{\"@type\":\"WebPage\",\"@id\":\"https:\\\/\\\/milesopedia.com\\\/en\\\/rating-hotels\\\/\",\"url\":\"https:\\\/\\\/milesopedia.com\\\/en\\\/rating-hotels\\\/\",\"name\":\"Our Hotel Rating System: From 1 to 10 | Milesopedia\",\"isPartOf\":{\"@id\":\"https:\\\/\\\/milesopedia.com\\\/en\\\/#website\"},\"primaryImageOfPage\":{\"@id\":\"https:\\\/\\\/milesopedia.com\\\/en\\\/rating-hotels\\\/#primaryimage\"},\"image\":{\"@id\":\"https:\\\/\\\/milesopedia.com\\\/en\\\/rating-hotels\\\/#primaryimage\"},\"thumbnailUrl\":\"https:\\\/\\\/milesopedia.com\\\/wp-content\\\/uploads\\\/2024\\\/11\\\/Systeme-notation-Hotel-1024x538-ENG.jpg\",\"datePublished\":\"2024-10-30T16:44:00+00:00\",\"dateModified\":\"2026-05-01T04:42:25+00:00\",\"description\":\"Discover how our hotel rating system, on a scale of 1 to 10, will help you make informed decisions. Providing you detailed, transparent assessments for every aspect of your stay.\",\"inLanguage\":\"en-CA\",\"potentialAction\":[{\"@type\":\"ReadAction\",\"target\":[\"https:\\\/\\\/milesopedia.com\\\/en\\\/rating-hotels\\\/\"]}]},{\"@type\":\"ImageObject\",\"inLanguage\":\"en-CA\",\"@id\":\"https:\\\/\\\/milesopedia.com\\\/en\\\/rating-hotels\\\/#primaryimage\",\"url\":\"https:\\\/\\\/milesopedia.com\\\/wp-content\\\/uploads\\\/2024\\\/11\\\/Systeme-notation-Hotel-1024x538-ENG.jpg\",\"contentUrl\":\"https:\\\/\\\/milesopedia.com\\\/wp-content\\\/uploads\\\/2024\\\/11\\\/Systeme-notation-Hotel-1024x538-ENG.jpg\",\"width\":1024,\"height\":538,\"caption\":\"Rating System - Hotels\"},{\"@type\":\"WebSite\",\"@id\":\"https:\\\/\\\/milesopedia.com\\\/en\\\/#website\",\"url\":\"https:\\\/\\\/milesopedia.com\\\/en\\\/\",\"name\":\"Milesopedia\",\"description\":\"Programmes de fid\u00e9lit\u00e9 et cartes de cr\u00e9dit au Canada\",\"publisher\":{\"@id\":\"https:\\\/\\\/milesopedia.com\\\/en\\\/#organization\"},\"potentialAction\":[{\"@type\":\"SearchAction\",\"target\":{\"@type\":\"EntryPoint\",\"urlTemplate\":\"https:\\\/\\\/milesopedia.com\\\/en\\\/?s={search_term_string}\"},\"query-input\":{\"@type\":\"PropertyValueSpecification\",\"valueRequired\":true,\"valueName\":\"search_term_string\"}}],\"inLanguage\":\"en-CA\"},{\"@type\":\"Organization\",\"@id\":\"https:\\\/\\\/milesopedia.com\\\/en\\\/#organization\",\"name\":\"Milesopedia Canada\",\"alternateName\":\"Milesopedia\",\"url\":\"https:\\\/\\\/milesopedia.com\\\/en\\\/\",\"logo\":{\"@type\":\"ImageObject\",\"inLanguage\":\"en-CA\",\"@id\":\"https:\\\/\\\/milesopedia.com\\\/en\\\/#\\\/schema\\\/logo\\\/image\\\/\",\"url\":\"https:\\\/\\\/milesopedia.com\\\/wp-content\\\/uploads\\\/2023\\\/01\\\/MILESOPEDIA-logo-cmjn-black-V3@4x.png\",\"contentUrl\":\"https:\\\/\\\/milesopedia.com\\\/wp-content\\\/uploads\\\/2023\\\/01\\\/MILESOPEDIA-logo-cmjn-black-V3@4x.png\",\"width\":1600,\"height\":261,\"caption\":\"Milesopedia Canada\"},\"image\":{\"@id\":\"https:\\\/\\\/milesopedia.com\\\/en\\\/#\\\/schema\\\/logo\\\/image\\\/\"},\"sameAs\":[\"https:\\\/\\\/www.facebook.com\\\/milesopedia\",\"https:\\\/\\\/x.com\\\/milesopedia\",\"https:\\\/\\\/www.linkedin.com\\\/company\\\/milesopedia\",\"https:\\\/\\\/www.tiktok.com\\\/@milesopedia\",\"https:\\\/\\\/www.youtube.com\\\/milesopedia\"]}]}<\/script>\n<!-- \/ Yoast SEO Premium plugin. -->","yoast_head_json":{"title":"Our Hotel Rating System: From 1 to 10 | Milesopedia","description":"Discover how our hotel rating system, on a scale of 1 to 10, will help you make informed decisions. Providing you detailed, transparent assessments for every aspect of your stay.","robots":{"index":"index","follow":"follow","max-snippet":"max-snippet:-1","max-image-preview":"max-image-preview:large","max-video-preview":"max-video-preview:-1"},"canonical":"https:\/\/milesopedia.com\/en\/rating-hotels\/","og_locale":"en_US","og_type":"article","og_title":"Our Hotel Rating System: From 1 to 10","og_description":"Discover how our hotel rating system, on a scale of 1 to 10, will help you make informed decisions. Providing you detailed, transparent assessments for every aspect of your stay.","og_url":"https:\/\/milesopedia.com\/en\/rating-hotels\/","og_site_name":"Milesopedia","article_publisher":"https:\/\/www.facebook.com\/milesopedia","article_modified_time":"2026-05-01T04:42:25+00:00","og_image":[{"width":1024,"height":538,"url":"https:\/\/milesopedia.com\/wp-content\/uploads\/2024\/11\/Systeme-notation-Hotel-1024x538-ENG.jpg","type":"image\/jpeg"}],"twitter_card":"summary_large_image","twitter_site":"@milesopedia","schema":{"@context":"https:\/\/schema.org","@graph":[{"@type":"WebPage","@id":"https:\/\/milesopedia.com\/en\/rating-hotels\/","url":"https:\/\/milesopedia.com\/en\/rating-hotels\/","name":"Our Hotel Rating System: From 1 to 10 | Milesopedia","isPartOf":{"@id":"https:\/\/milesopedia.com\/en\/#website"},"primaryImageOfPage":{"@id":"https:\/\/milesopedia.com\/en\/rating-hotels\/#primaryimage"},"image":{"@id":"https:\/\/milesopedia.com\/en\/rating-hotels\/#primaryimage"},"thumbnailUrl":"https:\/\/milesopedia.com\/wp-content\/uploads\/2024\/11\/Systeme-notation-Hotel-1024x538-ENG.jpg","datePublished":"2024-10-30T16:44:00+00:00","dateModified":"2026-05-01T04:42:25+00:00","description":"Discover how our hotel rating system, on a scale of 1 to 10, will help you make informed decisions. Providing you detailed, transparent assessments for every aspect of your stay.","inLanguage":"en-CA","potentialAction":[{"@type":"ReadAction","target":["https:\/\/milesopedia.com\/en\/rating-hotels\/"]}]},{"@type":"ImageObject","inLanguage":"en-CA","@id":"https:\/\/milesopedia.com\/en\/rating-hotels\/#primaryimage","url":"https:\/\/milesopedia.com\/wp-content\/uploads\/2024\/11\/Systeme-notation-Hotel-1024x538-ENG.jpg","contentUrl":"https:\/\/milesopedia.com\/wp-content\/uploads\/2024\/11\/Systeme-notation-Hotel-1024x538-ENG.jpg","width":1024,"height":538,"caption":"Rating System - Hotels"},{"@type":"WebSite","@id":"https:\/\/milesopedia.com\/en\/#website","url":"https:\/\/milesopedia.com\/en\/","name":"Milesopedia","description":"Programmes de fid\u00e9lit\u00e9 et cartes de cr\u00e9dit au Canada","publisher":{"@id":"https:\/\/milesopedia.com\/en\/#organization"},"potentialAction":[{"@type":"SearchAction","target":{"@type":"EntryPoint","urlTemplate":"https:\/\/milesopedia.com\/en\/?s={search_term_string}"},"query-input":{"@type":"PropertyValueSpecification","valueRequired":true,"valueName":"search_term_string"}}],"inLanguage":"en-CA"},{"@type":"Organization","@id":"https:\/\/milesopedia.com\/en\/#organization","name":"Milesopedia Canada","alternateName":"Milesopedia","url":"https:\/\/milesopedia.com\/en\/","logo":{"@type":"ImageObject","inLanguage":"en-CA","@id":"https:\/\/milesopedia.com\/en\/#\/schema\/logo\/image\/","url":"https:\/\/milesopedia.com\/wp-content\/uploads\/2023\/01\/MILESOPEDIA-logo-cmjn-black-V3@4x.png","contentUrl":"https:\/\/milesopedia.com\/wp-content\/uploads\/2023\/01\/MILESOPEDIA-logo-cmjn-black-V3@4x.png","width":1600,"height":261,"caption":"Milesopedia Canada"},"image":{"@id":"https:\/\/milesopedia.com\/en\/#\/schema\/logo\/image\/"},"sameAs":["https:\/\/www.facebook.com\/milesopedia","https:\/\/x.com\/milesopedia","https:\/\/www.linkedin.com\/company\/milesopedia","https:\/\/www.tiktok.com\/@milesopedia","https:\/\/www.youtube.com\/milesopedia"]}]}},"_links":{"self":[{"href":"https:\/\/milesopedia.com\/en\/wp-json\/wp\/v2\/pages\/414741","targetHints":{"allow":["GET"]}}],"collection":[{"href":"https:\/\/milesopedia.com\/en\/wp-json\/wp\/v2\/pages"}],"about":[{"href":"https:\/\/milesopedia.com\/en\/wp-json\/wp\/v2\/types\/page"}],"author":[{"embeddable":true,"href":"https:\/\/milesopedia.com\/en\/wp-json\/wp\/v2\/users\/3"}],"replies":[{"embeddable":true,"href":"https:\/\/milesopedia.com\/en\/wp-json\/wp\/v2\/comments?post=414741"}],"version-history":[{"count":29,"href":"https:\/\/milesopedia.com\/en\/wp-json\/wp\/v2\/pages\/414741\/revisions"}],"predecessor-version":[{"id":495256,"href":"https:\/\/milesopedia.com\/en\/wp-json\/wp\/v2\/pages\/414741\/revisions\/495256"}],"wp:featuredmedia":[{"embeddable":true,"href":"https:\/\/milesopedia.com\/en\/wp-json\/wp\/v2\/media\/415327"}],"wp:attachment":[{"href":"https:\/\/milesopedia.com\/en\/wp-json\/wp\/v2\/media?parent=414741"}],"wp:term":[{"taxonomy":"post_tag","embeddable":true,"href":"https:\/\/milesopedia.com\/en\/wp-json\/wp\/v2\/tags?post=414741"},{"taxonomy":"mc_loyalty_program","embeddable":true,"href":"https:\/\/milesopedia.com\/en\/wp-json\/wp\/v2\/mc_loyalty_program?post=414741"}],"curies":[{"name":"wp","href":"https:\/\/api.w.org\/{rel}","templated":true}]}}