{"id":303263,"date":"2026-04-01T00:03:00","date_gmt":"2026-04-01T04:03:00","guid":{"rendered":"https:\/\/milesopedia.com\/?page_id=303263"},"modified":"2026-04-01T14:40:04","modified_gmt":"2026-04-01T18:40:04","slug":"best-aeroplan-cards","status":"publish","type":"page","link":"https:\/\/milesopedia.com\/en\/offers\/best-aeroplan-cards\/","title":{"rendered":"Top 3 \u2013 Best Aeroplan credit cards \u2013 April 2026"},"content":{"rendered":"<div class=\"wpb-content-wrapper\"><p>[vc_row full_width=&#8221;stretch_row&#8221; css=&#8221;.vc_custom_1587655959090{padding-top: 0px&nbsp;!important;padding-bottom: 0px&nbsp;!important;background-position: center&nbsp;!important;background-repeat: no-repeat&nbsp;!important;background-size: cover&nbsp;!important;}&#8221; el_id=&#8221;aeroplan&#8221;][vc_column][vc_column_text css=&#8221;&#8221;]<\/p>\n<p>Here are our <strong>top 3 Aeroplan credit card offers<\/strong>:<\/p>\n<p>[\/vc_column_text]<div class=\"wpb_content_element wpb_miles_element\">\t\t<div\n\t\t\t\tdata-template='compare'\n\t\t\t\tdata-post_type='card'\n\t\t\t\tdata-per_page='12'\n\t\t\t\tclass='deferred_container--preload container_card container_template--compare container_count--3'\n\n\t\t\t\t\t\t\t\t\tdata-tag=\"card_id\"\n\t\t\t\t\t\t\tdata-post_ids=\"100492,108763,22722\"\n\t\t\t\t\t\t\tdata-utm=\"wpb\"\n\t\t\t\t\t\t\t>\n\t\t\n    <div class=\"card card-list card-list-header\">\n        <div class=\"shimmer shimmer-bar shimmer-dark shimmer-bar--short card-specs--title\"><\/div>\n        <div class=\"shimmer shimmer-bar shimmer-dark shimmer-bar--short card-specs--title\"><\/div>\n    <\/div>\n\n\n<div class=\"card card-list\">\n\n\t<div class=\"card-list--grid\">\n\n\t\t<div class=\"card-list--card\">\n\t\t\t<div class=\"card-graphic-cta shimmer shimmer-card\"><\/div>\n\t\t<\/div>\n\n\t\t<div class=\"card-list--title-offer\">\n\n\t\t\t<div class=\"card--title\">\n\t\t\t\t<div class=\"shimmer shimmer-bar\"><\/div>\n\t\t\t<\/div>\n\n\t\t\t<div class=\"card-list--offer\">\n\t\t\t\t<div class=\"shimmer shimmer-bar\"><\/div>\n\t\t\t<\/div>\n\n\t\t<\/div>\n\n\t\t<div>\n\t\t\t<div class=\"card--apply\">\n\t\t\t\t<div class=\"shimmer shimmer-btn\"><\/div>\n\t\t\t<\/div>\n\t\t<\/div>\n\n\t<\/div>\n\n<\/div>\n<div class=\"card card-list\">\n\n\t<div class=\"card-list--grid\">\n\n\t\t<div class=\"card-list--card\">\n\t\t\t<div class=\"card-graphic-cta shimmer shimmer-card\"><\/div>\n\t\t<\/div>\n\n\t\t<div class=\"card-list--title-offer\">\n\n\t\t\t<div class=\"card--title\">\n\t\t\t\t<div class=\"shimmer shimmer-bar\"><\/div>\n\t\t\t<\/div>\n\n\t\t\t<div class=\"card-list--offer\">\n\t\t\t\t<div class=\"shimmer shimmer-bar\"><\/div>\n\t\t\t<\/div>\n\n\t\t<\/div>\n\n\t\t<div>\n\t\t\t<div class=\"card--apply\">\n\t\t\t\t<div class=\"shimmer shimmer-btn\"><\/div>\n\t\t\t<\/div>\n\t\t<\/div>\n\n\t<\/div>\n\n<\/div>\n<div class=\"card card-list\">\n\n\t<div class=\"card-list--grid\">\n\n\t\t<div class=\"card-list--card\">\n\t\t\t<div class=\"card-graphic-cta shimmer shimmer-card\"><\/div>\n\t\t<\/div>\n\n\t\t<div class=\"card-list--title-offer\">\n\n\t\t\t<div class=\"card--title\">\n\t\t\t\t<div class=\"shimmer shimmer-bar\"><\/div>\n\t\t\t<\/div>\n\n\t\t\t<div class=\"card-list--offer\">\n\t\t\t\t<div class=\"shimmer shimmer-bar\"><\/div>\n\t\t\t<\/div>\n\n\t\t<\/div>\n\n\t\t<div>\n\t\t\t<div class=\"card--apply\">\n\t\t\t\t<div class=\"shimmer shimmer-btn\"><\/div>\n\t\t\t<\/div>\n\t\t<\/div>\n\n\t<\/div>\n\n<\/div>\t\t<\/div>\n\n\t\t<\/div>[\/vc_column][\/vc_row][vc_row][vc_column][vc_custom_heading text=&#8221;American Express<sup>&reg;<\/sup> Aeroplan<sup>&reg;<\/sup>* Reserve Card&#8221; el_id=&#8221;american_express_aeroplan_reserve_card&#8221;]<p>With this welcome offer for American Express\u00ae Aeroplan\u00ae* Reserve Card, you can earn up to <strong><span class=\"nowrap\">85,000<\/span> points Aeroplan<\/strong>. Here&rsquo;s how:<\/p>\n<ul>\n<li>Earn <strong>60,000 points<\/strong> after you spend <span class=\"nowrap\">$7,500<\/span> on your Card in your first 3 months of Cardmembership<br \/><u><\/u><\/li>\n<li>Plus, earn <strong>25,000 points<\/strong> when you make a purchase in the 13th month following your membership <\/li>\n<\/ul>\n<p>With this Amex Aeroplan Card, you earn <strong>3X the points<\/strong> on purchases made directly with Air Canada and Air Canada Vacations. And <strong>2x the points <\/strong> on Dining and Food Delivery purchases in Canada. Everywhere else, you will earn 1.25X the points.<\/p>\n<p>With this Amex Aeroplan Premium Card, you receive many Air Canada travel benefits, such as access to Maple Leaf Lounges in North America for you and one guest, priority check-in, priority boarding and priority baggage handling. It\u2019s the best Amex Aeroplan Card for frequent Air Canada flyers. <\/p>\n<p>With this American Express Aeroplan Card, enjoy your first checked bag free (up to 23kg\/50lb) for up to 9 people travelling on the same reservation on Air Canada\u00ae* flights.<\/p>\n<p>Like all American Express Canada Cards, there is <strong>no minimum income requirement<\/strong>. <\/p>\n<div class=\"wpb_content_element wpb_miles_element\">\t\t<div\n\t\t\t\tdata-template='m-h'\n\t\t\t\tdata-post_type='card'\n\t\t\t\tdata-per_page='3'\n\t\t\t\tclass='deferred_container--preload container_card container_template--m-h container_count--1'\n\n\t\t\t\t\t\t\t\t\tdata-tag=\"card_id\"\n\t\t\t\t\t\t\tdata-post_ids=\"108763\"\n\t\t\t\t\t\t\tdata-utm=\"wpb\"\n\t\t\t\t\t\t\t>\n\t\t<div class=\"card\">\n\t<div class=\"card--grid\">\n\n\t\t<div class=\"card--img-outer\">\n\t\t\t<div class=\"card--img\">\n\t\t\t\t<div class=\"shimmer shimmer-card\"><\/div>\n\t\t\t<\/div>\n\t\t<\/div>\n\n\t\t<div class=\"card--title-offer-selling\">\n\t\t\t<div class=\"card--title-offer\">\n\t\t\t\t<div class=\"shimmer shimmer-bar\"><\/div>\n\t\t\t\t<div class=\"shimmer shimmer-bar\"><\/div>\n\t\t\t<\/div>\n\t\t\t<div class=\"card--selling-points\">\n\t\t\t\t<div class=\"shimmer shimmer-bar shimmer-bar--short\"><\/div>\n\t\t\t\t<div class=\"shimmer shimmer-bar shimmer-bar--short\"><\/div>\n\t\t\t\t<div class=\"shimmer shimmer-bar shimmer-bar--short\"><\/div>\n\t\t\t<\/div>\n\t\t<\/div>\n\n\t\t<div class=\"card--apply\">\n\t\t\t<div class=\"apply-btn\">\n\t\t\t\t<div class=\"shimmer shimmer-btn\"><\/div>\n\t\t\t<\/div>\n\t\t<\/div>\n\n\t<\/div>\n<\/div>\t\t<\/div>\n\n\t\t<\/div>[\/vc_column][\/vc_row][vc_row][vc_column][vc_custom_heading text=&#8221;TD<sup>&reg;<\/sup> Aeroplan<sup>&reg;<\/sup> Visa Infinite* Card&#8221; el_id=&#8221;td_aeroplan_visa_infinite_card&#8221;]<p>With this offer for the <strong>TD Aeroplan Visa Infinite* Card<\/strong>, you can earn up to <strong>45,000 Aeroplan points<\/strong><sup>\u2020<\/sup> and no annual fee for the first year&nbsp;:<\/p>\n<ul>\n<li>Get a Welcome Bonus of <strong>10,000 Aeroplan points<\/strong> when you make your first purchase with your new card<sup>\u2020<\/sup>.<\/li>\n<li>Earn <strong>15,000 Aeroplan points<\/strong> when you spend $3,000 within 90 days of Account opening<sup>\u2020<\/sup>.<\/li>\n<li>Plus, earn a one-time anniversary bonus of <strong>20,000 Aeroplan points<\/strong> when you spend $12,000 within 12 months of account opening<sup>\u2020<\/sup>.<\/li>\n<li><strong>Apply for the NEXUS program<\/strong> and, every 48 months, receive a rebate (up to C$100) on the application fee<sup>\u2020<\/sup>.<\/li>\n<li>Plus, share <strong>free first checked bags<\/strong> with up to 8 travel companions<sup>\u2020<\/sup><\/li>\n<li>Get an <strong>annual fee rebate for the first year<sup>\u2020<\/sup><\/strong>.<\/li>\n<li>To receive the first-year annual fee rebate, you must activate your Card and make your first Purchase on the Account within the first 3 months after Account opening and you must add your Additional Cardholders while the offer is in effect.<\/li>\n<\/ul>\n<p>It&rsquo;s the best TD credit card for occasional Air Canada travellers. With the TD\u00ae Aeroplan\u00ae Visa Infinite* Card, you earn<strong> 1.5 points<sup>\u2020<\/sup> per eligible dollar<\/strong> spent on:<\/p>\n<ul>\n<li>Grocery stores<\/li>\n<li>Gas stations, including gasoline and EV charging<\/li>\n<li>Air Canada purchases, including Air Canada Vacations<\/li>\n<\/ul>\n<div class=\"wpb_content_element wpb_miles_element\">\t\t<div\n\t\t\t\tdata-template='m-h'\n\t\t\t\tdata-post_type='card'\n\t\t\t\tdata-per_page='2'\n\t\t\t\tclass='deferred_container--preload container_card container_template--m-h container_count--1'\n\n\t\t\t\t\t\t\t\t\tdata-tag=\"card_id\"\n\t\t\t\t\t\t\tdata-post_ids=\"100492,22556\"\n\t\t\t\t\t\t\tdata-utm=\"wpb\"\n\t\t\t\t\t\t\t>\n\t\t<div class=\"card\">\n\t<div class=\"card--grid\">\n\n\t\t<div class=\"card--img-outer\">\n\t\t\t<div class=\"card--img\">\n\t\t\t\t<div class=\"shimmer shimmer-card\"><\/div>\n\t\t\t<\/div>\n\t\t<\/div>\n\n\t\t<div class=\"card--title-offer-selling\">\n\t\t\t<div class=\"card--title-offer\">\n\t\t\t\t<div class=\"shimmer shimmer-bar\"><\/div>\n\t\t\t\t<div class=\"shimmer shimmer-bar\"><\/div>\n\t\t\t<\/div>\n\t\t\t<div class=\"card--selling-points\">\n\t\t\t\t<div class=\"shimmer shimmer-bar shimmer-bar--short\"><\/div>\n\t\t\t\t<div class=\"shimmer shimmer-bar shimmer-bar--short\"><\/div>\n\t\t\t\t<div class=\"shimmer shimmer-bar shimmer-bar--short\"><\/div>\n\t\t\t<\/div>\n\t\t<\/div>\n\n\t\t<div class=\"card--apply\">\n\t\t\t<div class=\"apply-btn\">\n\t\t\t\t<div class=\"shimmer shimmer-btn\"><\/div>\n\t\t\t<\/div>\n\t\t<\/div>\n\n\t<\/div>\n<\/div>\t\t<\/div>\n\n\t\t<\/div>[\/vc_column][\/vc_row][vc_row][vc_column][vc_custom_heading text=&#8221;TD<sup>&reg;<\/sup> Aeroplan<sup>&reg;<\/sup> Visa Platinum* Credit Card&#8221; css=&#8221;&#8221; el_id=&#8221;td_aeroplan_visa_platinum_credit_card&#8221;]<p>With the TD\u00ae Aeroplan\u00ae Visa Platinum* Card, you can earn up to <strong>20,000 Aeroplan points<\/strong> and get a <strong>first-year annual fee rebate<\/strong>:<\/p>\n<ul>\n<li><strong>10,000 Aeroplan points<\/strong> for the first purchase made with your card<sup>\u2020<\/sup><\/li>\n<li><strong>10,000 additional Aeroplan points<\/strong> when you spend $1,500 within the first 90 days of opening your account<sup>\u2020<\/sup><\/li>\n<li><strong>First-year annual fee waived for primary cardholder<\/strong> (instead of $89)<sup>\u2020<\/sup>.<\/li>\n<li>To receive the first-year annual fee rebate, you must activate your Card and make your first Purchase on the Account within the first 3 months after Account opening and you must add your Additional Cardholders while the offer is in effect.<\/li>\n<\/ul>\n<p>With the TD\u00ae Aeroplan\u00ae Visa Platinum* Credit Card, you earn <strong>1 point per dollar spent<\/strong> on eligible purchases for:<\/p>\n<ul>\n<li>Grocery stores<\/li>\n<li>Eligible purchases of gas or electric vehicle charging<\/li>\n<li>Air Canada purchases, including Air Canada Vacations<\/li>\n<\/ul>\n<p>This TD Aeroplan credit card requires <strong>no minimum income<\/strong>.<\/p>\n<div class=\"wpb_content_element wpb_miles_element\">\t\t<div\n\t\t\t\tdata-template='m-h'\n\t\t\t\tdata-post_type='card'\n\t\t\t\tdata-per_page='2'\n\t\t\t\tclass='deferred_container--preload container_card container_template--m-h container_count--1'\n\n\t\t\t\t\t\t\t\t\tdata-tag=\"card_id\"\n\t\t\t\t\t\t\tdata-post_ids=\"22722,148167\"\n\t\t\t\t\t\t\tdata-utm=\"wpb\"\n\t\t\t\t\t\t\t>\n\t\t<div class=\"card\">\n\t<div class=\"card--grid\">\n\n\t\t<div class=\"card--img-outer\">\n\t\t\t<div class=\"card--img\">\n\t\t\t\t<div class=\"shimmer shimmer-card\"><\/div>\n\t\t\t<\/div>\n\t\t<\/div>\n\n\t\t<div class=\"card--title-offer-selling\">\n\t\t\t<div class=\"card--title-offer\">\n\t\t\t\t<div class=\"shimmer shimmer-bar\"><\/div>\n\t\t\t\t<div class=\"shimmer shimmer-bar\"><\/div>\n\t\t\t<\/div>\n\t\t\t<div class=\"card--selling-points\">\n\t\t\t\t<div class=\"shimmer shimmer-bar shimmer-bar--short\"><\/div>\n\t\t\t\t<div class=\"shimmer shimmer-bar shimmer-bar--short\"><\/div>\n\t\t\t\t<div class=\"shimmer shimmer-bar shimmer-bar--short\"><\/div>\n\t\t\t<\/div>\n\t\t<\/div>\n\n\t\t<div class=\"card--apply\">\n\t\t\t<div class=\"apply-btn\">\n\t\t\t\t<div class=\"shimmer shimmer-btn\"><\/div>\n\t\t\t<\/div>\n\t\t<\/div>\n\n\t<\/div>\n<\/div>\t\t<\/div>\n\n\t\t<\/div>[\/vc_column][\/vc_row]<\/p>\n<\/div>","protected":false},"excerpt":{"rendered":"<p>[vc_row full_width=&#8221;stretch_row&#8221; css=&#8221;.vc_custom_1587655959090{padding-top: 0px&nbsp;!important;padding-bottom: 0px&nbsp;!important;background-position: center&nbsp;!important;background-repeat: no-repeat&nbsp;!important;background-size: cover&nbsp;!important;}&#8221; el_id=&#8221;aeroplan&#8221;][vc_column][vc_column_text css=&#8221;&#8221;] Here are our top 3 Aeroplan credit card offers: [\/vc_column_text][\/vc_column][\/vc_row][vc_row][vc_column][vc_custom_heading text=&#8221;American Express&reg; Aeroplan&reg;* Reserve Card&#8221; el_id=&#8221;american_express_aeroplan_reserve_card&#8221;][\/vc_column][\/vc_row][vc_row][vc_column][vc_custom_heading text=&#8221;TD&reg; Aeroplan&reg; Visa Infinite* Card&#8221; el_id=&#8221;td_aeroplan_visa_infinite_card&#8221;][\/vc_column][\/vc_row][vc_row][vc_column][vc_custom_heading text=&#8221;TD&reg; Aeroplan&reg; Visa Platinum* Credit Card&#8221; css=&#8221;&#8221; el_id=&#8221;td_aeroplan_visa_platinum_credit_card&#8221;][\/vc_column][\/vc_row]<\/p>","protected":false},"author":3,"featured_media":0,"parent":304409,"menu_order":0,"comment_status":"closed","ping_status":"closed","template":"page-ads.php","meta":{"_acf_changed":false,"_relevanssi_hide_post":"","_relevanssi_hide_content":"","_relevanssi_pin_for_all":"","_relevanssi_pin_keywords":"","_relevanssi_unpin_keywords":"","_relevanssi_related_keywords":"","_relevanssi_related_include_ids":"","_relevanssi_related_exclude_ids":"","_relevanssi_related_no_append":"","_relevanssi_related_not_related":"","_relevanssi_related_posts":"","_relevanssi_noindex_reason":"Yoast SEO Relevanssi index exclude","footnotes":""},"tags":[],"mc_loyalty_program":[],"class_list":["post-303263","page","type-page","status-publish","hentry"],"acf":[],"yoast_head":"<!-- This site is optimized with the Yoast SEO Premium plugin v27.4 (Yoast SEO v27.4) - https:\/\/yoast.com\/product\/yoast-seo-premium-wordpress\/ -->\n<title>Best Aeroplan Credit Cards | April 2026 | Milesopedia<\/title>\n<meta name=\"description\" content=\"Discover the benefits of Aeroplan credit cards for Canadian travellers. Compare and find the right credit card for your needs.\" \/>\n<meta name=\"robots\" content=\"noindex, nofollow\" \/>\n<meta property=\"og:locale\" content=\"en_US\" \/>\n<meta property=\"og:type\" content=\"article\" \/>\n<meta property=\"og:title\" content=\"Top 3 \u2013 Best Aeroplan credit cards \u2013 April 2026\" \/>\n<meta property=\"og:description\" content=\"Discover the benefits of Aeroplan credit cards for Canadian travellers. Compare and find the right credit card for your needs.\" \/>\n<meta property=\"og:url\" content=\"https:\/\/milesopedia.com\/en\/offers\/best-aeroplan-cards\/\" \/>\n<meta property=\"og:site_name\" content=\"Milesopedia\" \/>\n<meta property=\"article:publisher\" content=\"https:\/\/www.facebook.com\/milesopedia\" \/>\n<meta property=\"article:modified_time\" content=\"2026-04-01T18:40:04+00:00\" \/>\n<meta name=\"twitter:card\" content=\"summary_large_image\" \/>\n<meta name=\"twitter:site\" content=\"@milesopedia\" \/>\n<script type=\"application\/ld+json\" class=\"yoast-schema-graph\">{\"@context\":\"https:\\\/\\\/schema.org\",\"@graph\":[{\"@type\":\"WebPage\",\"@id\":\"https:\\\/\\\/milesopedia.com\\\/en\\\/offers\\\/best-aeroplan-cards\\\/\",\"url\":\"https:\\\/\\\/milesopedia.com\\\/en\\\/offers\\\/best-aeroplan-cards\\\/\",\"name\":\"Best Aeroplan Credit Cards | April 2026 | Milesopedia\",\"isPartOf\":{\"@id\":\"https:\\\/\\\/milesopedia.com\\\/en\\\/#website\"},\"datePublished\":\"2026-04-01T04:03:00+00:00\",\"dateModified\":\"2026-04-01T18:40:04+00:00\",\"description\":\"Discover the benefits of Aeroplan credit cards for Canadian travellers. Compare and find the right credit card for your needs.\",\"inLanguage\":\"en-CA\",\"potentialAction\":[{\"@type\":\"ReadAction\",\"target\":[\"https:\\\/\\\/milesopedia.com\\\/en\\\/offers\\\/best-aeroplan-cards\\\/\"]}]},{\"@type\":\"WebSite\",\"@id\":\"https:\\\/\\\/milesopedia.com\\\/en\\\/#website\",\"url\":\"https:\\\/\\\/milesopedia.com\\\/en\\\/\",\"name\":\"Milesopedia\",\"description\":\"Programmes de fid\u00e9lit\u00e9 et cartes de cr\u00e9dit au Canada\",\"publisher\":{\"@id\":\"https:\\\/\\\/milesopedia.com\\\/en\\\/#organization\"},\"potentialAction\":[{\"@type\":\"SearchAction\",\"target\":{\"@type\":\"EntryPoint\",\"urlTemplate\":\"https:\\\/\\\/milesopedia.com\\\/en\\\/?s={search_term_string}\"},\"query-input\":{\"@type\":\"PropertyValueSpecification\",\"valueRequired\":true,\"valueName\":\"search_term_string\"}}],\"inLanguage\":\"en-CA\"},{\"@type\":\"Organization\",\"@id\":\"https:\\\/\\\/milesopedia.com\\\/en\\\/#organization\",\"name\":\"Milesopedia Canada\",\"alternateName\":\"Milesopedia\",\"url\":\"https:\\\/\\\/milesopedia.com\\\/en\\\/\",\"logo\":{\"@type\":\"ImageObject\",\"inLanguage\":\"en-CA\",\"@id\":\"https:\\\/\\\/milesopedia.com\\\/en\\\/#\\\/schema\\\/logo\\\/image\\\/\",\"url\":\"https:\\\/\\\/milesopedia.com\\\/wp-content\\\/uploads\\\/2023\\\/01\\\/MILESOPEDIA-logo-cmjn-black-V3@4x.png\",\"contentUrl\":\"https:\\\/\\\/milesopedia.com\\\/wp-content\\\/uploads\\\/2023\\\/01\\\/MILESOPEDIA-logo-cmjn-black-V3@4x.png\",\"width\":1600,\"height\":261,\"caption\":\"Milesopedia Canada\"},\"image\":{\"@id\":\"https:\\\/\\\/milesopedia.com\\\/en\\\/#\\\/schema\\\/logo\\\/image\\\/\"},\"sameAs\":[\"https:\\\/\\\/www.facebook.com\\\/milesopedia\",\"https:\\\/\\\/x.com\\\/milesopedia\",\"https:\\\/\\\/www.linkedin.com\\\/company\\\/milesopedia\",\"https:\\\/\\\/www.tiktok.com\\\/@milesopedia\",\"https:\\\/\\\/www.youtube.com\\\/milesopedia\"]}]}<\/script>\n<!-- \/ Yoast SEO Premium plugin. -->","yoast_head_json":{"title":"Best Aeroplan Credit Cards | April 2026 | Milesopedia","description":"Discover the benefits of Aeroplan credit cards for Canadian travellers. Compare and find the right credit card for your needs.","robots":{"index":"noindex","follow":"nofollow"},"og_locale":"en_US","og_type":"article","og_title":"Top 3 \u2013 Best Aeroplan credit cards \u2013 April 2026","og_description":"Discover the benefits of Aeroplan credit cards for Canadian travellers. Compare and find the right credit card for your needs.","og_url":"https:\/\/milesopedia.com\/en\/offers\/best-aeroplan-cards\/","og_site_name":"Milesopedia","article_publisher":"https:\/\/www.facebook.com\/milesopedia","article_modified_time":"2026-04-01T18:40:04+00:00","twitter_card":"summary_large_image","twitter_site":"@milesopedia","schema":{"@context":"https:\/\/schema.org","@graph":[{"@type":"WebPage","@id":"https:\/\/milesopedia.com\/en\/offers\/best-aeroplan-cards\/","url":"https:\/\/milesopedia.com\/en\/offers\/best-aeroplan-cards\/","name":"Best Aeroplan Credit Cards | April 2026 | Milesopedia","isPartOf":{"@id":"https:\/\/milesopedia.com\/en\/#website"},"datePublished":"2026-04-01T04:03:00+00:00","dateModified":"2026-04-01T18:40:04+00:00","description":"Discover the benefits of Aeroplan credit cards for Canadian travellers. Compare and find the right credit card for your needs.","inLanguage":"en-CA","potentialAction":[{"@type":"ReadAction","target":["https:\/\/milesopedia.com\/en\/offers\/best-aeroplan-cards\/"]}]},{"@type":"WebSite","@id":"https:\/\/milesopedia.com\/en\/#website","url":"https:\/\/milesopedia.com\/en\/","name":"Milesopedia","description":"Programmes de fid\u00e9lit\u00e9 et cartes de cr\u00e9dit au Canada","publisher":{"@id":"https:\/\/milesopedia.com\/en\/#organization"},"potentialAction":[{"@type":"SearchAction","target":{"@type":"EntryPoint","urlTemplate":"https:\/\/milesopedia.com\/en\/?s={search_term_string}"},"query-input":{"@type":"PropertyValueSpecification","valueRequired":true,"valueName":"search_term_string"}}],"inLanguage":"en-CA"},{"@type":"Organization","@id":"https:\/\/milesopedia.com\/en\/#organization","name":"Milesopedia Canada","alternateName":"Milesopedia","url":"https:\/\/milesopedia.com\/en\/","logo":{"@type":"ImageObject","inLanguage":"en-CA","@id":"https:\/\/milesopedia.com\/en\/#\/schema\/logo\/image\/","url":"https:\/\/milesopedia.com\/wp-content\/uploads\/2023\/01\/MILESOPEDIA-logo-cmjn-black-V3@4x.png","contentUrl":"https:\/\/milesopedia.com\/wp-content\/uploads\/2023\/01\/MILESOPEDIA-logo-cmjn-black-V3@4x.png","width":1600,"height":261,"caption":"Milesopedia Canada"},"image":{"@id":"https:\/\/milesopedia.com\/en\/#\/schema\/logo\/image\/"},"sameAs":["https:\/\/www.facebook.com\/milesopedia","https:\/\/x.com\/milesopedia","https:\/\/www.linkedin.com\/company\/milesopedia","https:\/\/www.tiktok.com\/@milesopedia","https:\/\/www.youtube.com\/milesopedia"]}]}},"_links":{"self":[{"href":"https:\/\/milesopedia.com\/en\/wp-json\/wp\/v2\/pages\/303263","targetHints":{"allow":["GET"]}}],"collection":[{"href":"https:\/\/milesopedia.com\/en\/wp-json\/wp\/v2\/pages"}],"about":[{"href":"https:\/\/milesopedia.com\/en\/wp-json\/wp\/v2\/types\/page"}],"author":[{"embeddable":true,"href":"https:\/\/milesopedia.com\/en\/wp-json\/wp\/v2\/users\/3"}],"replies":[{"embeddable":true,"href":"https:\/\/milesopedia.com\/en\/wp-json\/wp\/v2\/comments?post=303263"}],"version-history":[{"count":26,"href":"https:\/\/milesopedia.com\/en\/wp-json\/wp\/v2\/pages\/303263\/revisions"}],"predecessor-version":[{"id":490239,"href":"https:\/\/milesopedia.com\/en\/wp-json\/wp\/v2\/pages\/303263\/revisions\/490239"}],"up":[{"embeddable":true,"href":"https:\/\/milesopedia.com\/en\/wp-json\/wp\/v2\/pages\/304409"}],"wp:attachment":[{"href":"https:\/\/milesopedia.com\/en\/wp-json\/wp\/v2\/media?parent=303263"}],"wp:term":[{"taxonomy":"post_tag","embeddable":true,"href":"https:\/\/milesopedia.com\/en\/wp-json\/wp\/v2\/tags?post=303263"},{"taxonomy":"mc_loyalty_program","embeddable":true,"href":"https:\/\/milesopedia.com\/en\/wp-json\/wp\/v2\/mc_loyalty_program?post=303263"}],"curies":[{"name":"wp","href":"https:\/\/api.w.org\/{rel}","templated":true}]}}