{"id":273480,"date":"2025-08-31T20:06:00","date_gmt":"2025-09-01T00:06:00","guid":{"rendered":"https:\/\/milesopedia.com\/toolbox-organize-finances-and-rewards\/"},"modified":"2026-04-01T14:33:20","modified_gmt":"2026-04-01T18:33:20","slug":"toolbox-organize-finances-and-rewards","status":"publish","type":"page","link":"https:\/\/milesopedia.com\/en\/toolbox-organize-finances-and-rewards\/","title":{"rendered":"Our toolbox: organize your finances and your points"},"content":{"rendered":"<div class=\"wpb-content-wrapper\"><p>[vc_row][vc_column][vc_column_text]<\/p>\n<p>Do you dream of managing your portfolios efficiently and keeping track of your credit cards and rewards points?<\/p>\n<p><strong>Download our tools<\/strong> specially prepared by our team! They complement our <a href=\"https:\/\/milesopedia.com\/en\/?p=131131\">credit card comparison tool<\/a>. These tools will help you when shopping for groceries, gas or travel.<\/p>\n<p><strong>With a bit of organization and investment, and thanks to our tools, you will finally be able to take it to the next level!<\/strong><\/p>\n<p>We offer a consultation service for those who wish to do so; you can find all the information here:<\/p>\n<p>[\/vc_column_text]<div class=\"wpb_content_element wpb_miles_element\">\t\t<div\n\t\t\t\tdata-template='s-h'\n\t\t\t\tdata-post_type='page'\n\t\t\t\tdata-per_page='4'\n\t\t\t\tclass='deferred_container--preload container_page container_template--s-h container_count--1'\n\n\t\t\t\t\t\t\t\t\tdata-tag=\"page_id\"\n\t\t\t\t\t\t\tdata-post_ids=\"240899\"\n\t\t\t\t\t\t\t>\n\t\t<article class=\"post-preview\">\n\t<div class=\"post-preview-thumbnail\">\n\t\t<div class=\"shimmer shimmer-image\"><\/div>\n\t<\/div>\n\t<div class=\"post-preview-content\">\n\t\t<div class=\"simmer-bar-group\">\n\t\t\t<div class=\"shimmer shimmer-bar\"><\/div>\n\t\t\t<div class=\"shimmer shimmer-bar\"><\/div>\n\t\t<\/div>\n\t<\/div>\n<\/article>\t\t<\/div>\n\n\t\t<\/div>[\/vc_column][\/vc_row][vc_row][vc_column][vc_custom_heading text=&#8221;The right credit card by spending category&#8221; el_id=&#8221;the_right_credit_card_by_spending_category&#8221;][vc_row_inner][vc_column_inner width=&#8221;2\/3&#8243;][vc_column_text]<\/p>\n<p>In this file, you will find <a href=\"https:\/\/milesopedia.com\/en\/best-credit-cards-in-canada\/\">the best credit card<\/a> based on your spending in Canada and abroad.<\/p>\n<p>We have listed <strong>different spending categories<\/strong> (groceries, restaurants, gas, etc.), and you can <strong>enter your own valuation<\/strong> of <a class=\"wpil_keyword_link\" href=\"https:\/\/milesopedia.com\/guides\/voyager-points-miles-bilan-vancouver\/\" title=\"Traveling with points &amp; miles \u2013 Vancouver trip report\" data-wpil-keyword-link=\"linked\" data-wpil-monitor-id=\"1385\">points<\/a> and miles. The <a class=\"wpil_keyword_link\" href=\"https:\/\/milesopedia.com\/en\/offers\/cards\/best-offers-this-month\/\" title=\"Best Credit Card Offers in Canada \u2013 July 2025\" data-wpil-keyword-link=\"linked\" data-wpil-monitor-id=\"1384\">Milesopedia<\/a> valuation is provided as an example.<\/p>\n<p>[\/vc_column_text][\/vc_column_inner][vc_column_inner width=&#8221;1\/3&#8243;][vc_single_image image=&#8221;363911&#8243; img_size=&#8221;medium&#8221; alignment=&#8221;center&#8221; onclick=&#8221;custom_link&#8221; img_link_target=&#8221;_blank&#8221; css=&#8221;&#8221; link=&#8221;https:\/\/milesopedia.com\/#carte-fr&#8221;][\/vc_column_inner][\/vc_row_inner][\/vc_column][\/vc_row][vc_row disable_element=&#8221;yes&#8221;][vc_column][vc_custom_heading text=&#8221;Your virtual portfolio&#8221; el_id=&#8221;your_virtual_portfolio&#8221;][vc_row_inner][vc_column_inner width=&#8221;1\/2&#8243;][vc_column_text]<\/p>\n<p>In this file, you will be able to fill in the credit cards in your current wallet, those to be renewed, and those to be closed.<\/p>\n<p>You will be able to track your spending and point accumulation based on the cards in your wallet.<\/p>\n<p>[\/vc_column_text][\/vc_column_inner][vc_column_inner width=&#8221;1\/2&#8243;][vc_single_image image=&#8221;217224&#8243; img_size=&#8221;large&#8221; alignment=&#8221;center&#8221; style=&#8221;vc_box_rounded&#8221; onclick=&#8221;custom_link&#8221; img_link_target=&#8221;_blank&#8221; link=&#8221;https:\/\/milesopedia.typeform.com\/portefeuille&#8221;][\/vc_column_inner][\/vc_row_inner][\/vc_column][\/vc_row][vc_row][vc_column][vc_custom_heading text=&#8221;Dynamic budget&#8221; el_id=&#8221;dynamic_budget&#8221;][vc_row_inner][vc_column_inner width=&#8221;2\/3&#8243;][vc_column_text]<\/p>\n<p>Aline designed this dynamic budgeting tool. You will be able to effectively track your expenses over time!<\/p>\n<p>[\/vc_column_text][\/vc_column_inner][vc_column_inner width=&#8221;1\/3&#8243;][vc_single_image image=&#8221;363909&#8243; img_size=&#8221;medium&#8221; alignment=&#8221;center&#8221; onclick=&#8221;custom_link&#8221; img_link_target=&#8221;_blank&#8221; css=&#8221;&#8221; link=&#8221;https:\/\/milesopedia.com\/#budget-fr&#8221;][\/vc_column_inner][\/vc_row_inner][\/vc_column][\/vc_row][vc_row][vc_column][vc_custom_heading text=&#8221;Ultimate Travelers List&#8221; el_id=&#8221;ultimate_travelers_list&#8221;][vc_row_inner][vc_column_inner width=&#8221;2\/3&#8243;][vc_column_text]<\/p>\n<p>We created this checklist for you so you can find the key articles that can help you save money, and make sure you do not forget anything <a class=\"wpil_keyword_link\" href=\"https:\/\/milesopedia.com\/en\/guide\/what-to-do-before-your-international-trip\/\" title=\"What to do before your international trip\" data-wpil-keyword-link=\"linked\" data-wpil-monitor-id=\"1386\">before you leave<\/a> for vacation!<\/p>\n<p>You will also find our tips for families and ideas to keep your children busy while traveling.<\/p>\n<p>[\/vc_column_text][\/vc_column_inner][vc_column_inner width=&#8221;1\/3&#8243;][vc_single_image image=&#8221;363913&#8243; img_size=&#8221;medium&#8221; alignment=&#8221;center&#8221; onclick=&#8221;custom_link&#8221; img_link_target=&#8221;_blank&#8221; css=&#8221;&#8221; link=&#8221;https:\/\/milesopedia.com\/#guide-fr&#8221;][\/vc_column_inner][\/vc_row_inner][\/vc_column][\/vc_row]<\/p>\n<\/div>","protected":false},"excerpt":{"rendered":"<p>[vc_row][vc_column][vc_column_text] Do you dream of managing your portfolios efficiently and keeping track of your credit cards and rewards points? Download our tools specially prepared by our team! They complement our credit card comparison tool. These tools will help you when shopping for groceries, gas or travel. With a bit of organization and investment, and thanks [&hellip;]<\/p>","protected":false},"author":4,"featured_media":363939,"parent":0,"menu_order":0,"comment_status":"closed","ping_status":"closed","template":"","meta":{"_acf_changed":false,"_relevanssi_hide_post":"","_relevanssi_hide_content":"","_relevanssi_pin_for_all":"","_relevanssi_pin_keywords":"","_relevanssi_unpin_keywords":"","_relevanssi_related_keywords":"","_relevanssi_related_include_ids":"","_relevanssi_related_exclude_ids":"","_relevanssi_related_no_append":"","_relevanssi_related_not_related":"","_relevanssi_related_posts":"","_relevanssi_noindex_reason":"","footnotes":""},"tags":[],"mc_loyalty_program":[],"class_list":["post-273480","page","type-page","status-publish","has-post-thumbnail","hentry"],"acf":[],"yoast_head":"<!-- This site is optimized with the Yoast SEO Premium plugin v27.3 (Yoast SEO v27.3) - https:\/\/yoast.com\/product\/yoast-seo-premium-wordpress\/ -->\n<title>Our toolbox: organize your finances and your points | Milesopedia<\/title>\n<meta name=\"description\" content=\"Use the Milesopedia Toolbox! Find practical resources, tips and guides to make your travels and rewards easier.\" \/>\n<meta name=\"robots\" content=\"index, follow, max-snippet:-1, max-image-preview:large, max-video-preview:-1\" \/>\n<link rel=\"canonical\" href=\"https:\/\/milesopedia.com\/en\/toolbox-organize-finances-and-rewards\/\" \/>\n<meta property=\"og:locale\" content=\"en_US\" \/>\n<meta property=\"og:type\" content=\"article\" \/>\n<meta property=\"og:title\" content=\"Our toolbox: organize your finances and your points\" \/>\n<meta property=\"og:description\" content=\"Use the Milesopedia Toolbox! Find practical resources, tips and guides to make your travels and rewards easier.\" \/>\n<meta property=\"og:url\" content=\"https:\/\/milesopedia.com\/en\/toolbox-organize-finances-and-rewards\/\" \/>\n<meta property=\"og:site_name\" content=\"Milesopedia\" \/>\n<meta property=\"article:publisher\" content=\"https:\/\/www.facebook.com\/milesopedia\" \/>\n<meta property=\"article:modified_time\" content=\"2026-04-01T18:33:20+00:00\" \/>\n<meta property=\"og:image\" content=\"https:\/\/milesopedia.com\/wp-content\/uploads\/2024\/04\/Outils-Milesopedia-2400x1260-1.jpg\" \/>\n\t<meta property=\"og:image:width\" content=\"1600\" \/>\n\t<meta property=\"og:image:height\" content=\"840\" \/>\n\t<meta property=\"og:image:type\" content=\"image\/jpeg\" \/>\n<meta name=\"twitter:card\" content=\"summary_large_image\" \/>\n<meta name=\"twitter:site\" content=\"@milesopedia\" \/>\n<script type=\"application\/ld+json\" class=\"yoast-schema-graph\">{\"@context\":\"https:\\\/\\\/schema.org\",\"@graph\":[{\"@type\":\"WebPage\",\"@id\":\"https:\\\/\\\/milesopedia.com\\\/en\\\/toolbox-organize-finances-and-rewards\\\/\",\"url\":\"https:\\\/\\\/milesopedia.com\\\/en\\\/toolbox-organize-finances-and-rewards\\\/\",\"name\":\"Our toolbox: organize your finances and your points | Milesopedia\",\"isPartOf\":{\"@id\":\"https:\\\/\\\/milesopedia.com\\\/en\\\/#website\"},\"primaryImageOfPage\":{\"@id\":\"https:\\\/\\\/milesopedia.com\\\/en\\\/toolbox-organize-finances-and-rewards\\\/#primaryimage\"},\"image\":{\"@id\":\"https:\\\/\\\/milesopedia.com\\\/en\\\/toolbox-organize-finances-and-rewards\\\/#primaryimage\"},\"thumbnailUrl\":\"https:\\\/\\\/milesopedia.com\\\/wp-content\\\/uploads\\\/2024\\\/04\\\/Outils-Milesopedia-2400x1260-1.jpg\",\"datePublished\":\"2025-09-01T00:06:00+00:00\",\"dateModified\":\"2026-04-01T18:33:20+00:00\",\"description\":\"Use the Milesopedia Toolbox! Find practical resources, tips and guides to make your travels and rewards easier.\",\"inLanguage\":\"en-CA\",\"potentialAction\":[{\"@type\":\"ReadAction\",\"target\":[\"https:\\\/\\\/milesopedia.com\\\/en\\\/toolbox-organize-finances-and-rewards\\\/\"]}]},{\"@type\":\"ImageObject\",\"inLanguage\":\"en-CA\",\"@id\":\"https:\\\/\\\/milesopedia.com\\\/en\\\/toolbox-organize-finances-and-rewards\\\/#primaryimage\",\"url\":\"https:\\\/\\\/milesopedia.com\\\/wp-content\\\/uploads\\\/2024\\\/04\\\/Outils-Milesopedia-2400x1260-1.jpg\",\"contentUrl\":\"https:\\\/\\\/milesopedia.com\\\/wp-content\\\/uploads\\\/2024\\\/04\\\/Outils-Milesopedia-2400x1260-1.jpg\",\"width\":1600,\"height\":840,\"caption\":\"Milesopedia Tools 2400x1260\"},{\"@type\":\"WebSite\",\"@id\":\"https:\\\/\\\/milesopedia.com\\\/en\\\/#website\",\"url\":\"https:\\\/\\\/milesopedia.com\\\/en\\\/\",\"name\":\"Milesopedia\",\"description\":\"Programmes de fid\u00e9lit\u00e9 et cartes de cr\u00e9dit au Canada\",\"publisher\":{\"@id\":\"https:\\\/\\\/milesopedia.com\\\/en\\\/#organization\"},\"potentialAction\":[{\"@type\":\"SearchAction\",\"target\":{\"@type\":\"EntryPoint\",\"urlTemplate\":\"https:\\\/\\\/milesopedia.com\\\/en\\\/?s={search_term_string}\"},\"query-input\":{\"@type\":\"PropertyValueSpecification\",\"valueRequired\":true,\"valueName\":\"search_term_string\"}}],\"inLanguage\":\"en-CA\"},{\"@type\":\"Organization\",\"@id\":\"https:\\\/\\\/milesopedia.com\\\/en\\\/#organization\",\"name\":\"Milesopedia Canada\",\"alternateName\":\"Milesopedia\",\"url\":\"https:\\\/\\\/milesopedia.com\\\/en\\\/\",\"logo\":{\"@type\":\"ImageObject\",\"inLanguage\":\"en-CA\",\"@id\":\"https:\\\/\\\/milesopedia.com\\\/en\\\/#\\\/schema\\\/logo\\\/image\\\/\",\"url\":\"https:\\\/\\\/milesopedia.com\\\/wp-content\\\/uploads\\\/2023\\\/01\\\/MILESOPEDIA-logo-cmjn-black-V3@4x.png\",\"contentUrl\":\"https:\\\/\\\/milesopedia.com\\\/wp-content\\\/uploads\\\/2023\\\/01\\\/MILESOPEDIA-logo-cmjn-black-V3@4x.png\",\"width\":1600,\"height\":261,\"caption\":\"Milesopedia Canada\"},\"image\":{\"@id\":\"https:\\\/\\\/milesopedia.com\\\/en\\\/#\\\/schema\\\/logo\\\/image\\\/\"},\"sameAs\":[\"https:\\\/\\\/www.facebook.com\\\/milesopedia\",\"https:\\\/\\\/x.com\\\/milesopedia\",\"https:\\\/\\\/www.linkedin.com\\\/company\\\/milesopedia\",\"https:\\\/\\\/www.tiktok.com\\\/@milesopedia\",\"https:\\\/\\\/www.youtube.com\\\/milesopedia\"]}]}<\/script>\n<!-- \/ Yoast SEO Premium plugin. -->","yoast_head_json":{"title":"Our toolbox: organize your finances and your points | Milesopedia","description":"Use the Milesopedia Toolbox! Find practical resources, tips and guides to make your travels and rewards easier.","robots":{"index":"index","follow":"follow","max-snippet":"max-snippet:-1","max-image-preview":"max-image-preview:large","max-video-preview":"max-video-preview:-1"},"canonical":"https:\/\/milesopedia.com\/en\/toolbox-organize-finances-and-rewards\/","og_locale":"en_US","og_type":"article","og_title":"Our toolbox: organize your finances and your points","og_description":"Use the Milesopedia Toolbox! Find practical resources, tips and guides to make your travels and rewards easier.","og_url":"https:\/\/milesopedia.com\/en\/toolbox-organize-finances-and-rewards\/","og_site_name":"Milesopedia","article_publisher":"https:\/\/www.facebook.com\/milesopedia","article_modified_time":"2026-04-01T18:33:20+00:00","og_image":[{"width":1600,"height":840,"url":"https:\/\/milesopedia.com\/wp-content\/uploads\/2024\/04\/Outils-Milesopedia-2400x1260-1.jpg","type":"image\/jpeg"}],"twitter_card":"summary_large_image","twitter_site":"@milesopedia","schema":{"@context":"https:\/\/schema.org","@graph":[{"@type":"WebPage","@id":"https:\/\/milesopedia.com\/en\/toolbox-organize-finances-and-rewards\/","url":"https:\/\/milesopedia.com\/en\/toolbox-organize-finances-and-rewards\/","name":"Our toolbox: organize your finances and your points | Milesopedia","isPartOf":{"@id":"https:\/\/milesopedia.com\/en\/#website"},"primaryImageOfPage":{"@id":"https:\/\/milesopedia.com\/en\/toolbox-organize-finances-and-rewards\/#primaryimage"},"image":{"@id":"https:\/\/milesopedia.com\/en\/toolbox-organize-finances-and-rewards\/#primaryimage"},"thumbnailUrl":"https:\/\/milesopedia.com\/wp-content\/uploads\/2024\/04\/Outils-Milesopedia-2400x1260-1.jpg","datePublished":"2025-09-01T00:06:00+00:00","dateModified":"2026-04-01T18:33:20+00:00","description":"Use the Milesopedia Toolbox! Find practical resources, tips and guides to make your travels and rewards easier.","inLanguage":"en-CA","potentialAction":[{"@type":"ReadAction","target":["https:\/\/milesopedia.com\/en\/toolbox-organize-finances-and-rewards\/"]}]},{"@type":"ImageObject","inLanguage":"en-CA","@id":"https:\/\/milesopedia.com\/en\/toolbox-organize-finances-and-rewards\/#primaryimage","url":"https:\/\/milesopedia.com\/wp-content\/uploads\/2024\/04\/Outils-Milesopedia-2400x1260-1.jpg","contentUrl":"https:\/\/milesopedia.com\/wp-content\/uploads\/2024\/04\/Outils-Milesopedia-2400x1260-1.jpg","width":1600,"height":840,"caption":"Milesopedia Tools 2400x1260"},{"@type":"WebSite","@id":"https:\/\/milesopedia.com\/en\/#website","url":"https:\/\/milesopedia.com\/en\/","name":"Milesopedia","description":"Programmes de fid\u00e9lit\u00e9 et cartes de cr\u00e9dit au Canada","publisher":{"@id":"https:\/\/milesopedia.com\/en\/#organization"},"potentialAction":[{"@type":"SearchAction","target":{"@type":"EntryPoint","urlTemplate":"https:\/\/milesopedia.com\/en\/?s={search_term_string}"},"query-input":{"@type":"PropertyValueSpecification","valueRequired":true,"valueName":"search_term_string"}}],"inLanguage":"en-CA"},{"@type":"Organization","@id":"https:\/\/milesopedia.com\/en\/#organization","name":"Milesopedia Canada","alternateName":"Milesopedia","url":"https:\/\/milesopedia.com\/en\/","logo":{"@type":"ImageObject","inLanguage":"en-CA","@id":"https:\/\/milesopedia.com\/en\/#\/schema\/logo\/image\/","url":"https:\/\/milesopedia.com\/wp-content\/uploads\/2023\/01\/MILESOPEDIA-logo-cmjn-black-V3@4x.png","contentUrl":"https:\/\/milesopedia.com\/wp-content\/uploads\/2023\/01\/MILESOPEDIA-logo-cmjn-black-V3@4x.png","width":1600,"height":261,"caption":"Milesopedia Canada"},"image":{"@id":"https:\/\/milesopedia.com\/en\/#\/schema\/logo\/image\/"},"sameAs":["https:\/\/www.facebook.com\/milesopedia","https:\/\/x.com\/milesopedia","https:\/\/www.linkedin.com\/company\/milesopedia","https:\/\/www.tiktok.com\/@milesopedia","https:\/\/www.youtube.com\/milesopedia"]}]}},"_links":{"self":[{"href":"https:\/\/milesopedia.com\/en\/wp-json\/wp\/v2\/pages\/273480","targetHints":{"allow":["GET"]}}],"collection":[{"href":"https:\/\/milesopedia.com\/en\/wp-json\/wp\/v2\/pages"}],"about":[{"href":"https:\/\/milesopedia.com\/en\/wp-json\/wp\/v2\/types\/page"}],"author":[{"embeddable":true,"href":"https:\/\/milesopedia.com\/en\/wp-json\/wp\/v2\/users\/4"}],"replies":[{"embeddable":true,"href":"https:\/\/milesopedia.com\/en\/wp-json\/wp\/v2\/comments?post=273480"}],"version-history":[{"count":4,"href":"https:\/\/milesopedia.com\/en\/wp-json\/wp\/v2\/pages\/273480\/revisions"}],"predecessor-version":[{"id":490552,"href":"https:\/\/milesopedia.com\/en\/wp-json\/wp\/v2\/pages\/273480\/revisions\/490552"}],"wp:featuredmedia":[{"embeddable":true,"href":"https:\/\/milesopedia.com\/en\/wp-json\/wp\/v2\/media\/363939"}],"wp:attachment":[{"href":"https:\/\/milesopedia.com\/en\/wp-json\/wp\/v2\/media?parent=273480"}],"wp:term":[{"taxonomy":"post_tag","embeddable":true,"href":"https:\/\/milesopedia.com\/en\/wp-json\/wp\/v2\/tags?post=273480"},{"taxonomy":"mc_loyalty_program","embeddable":true,"href":"https:\/\/milesopedia.com\/en\/wp-json\/wp\/v2\/mc_loyalty_program?post=273480"}],"curies":[{"name":"wp","href":"https:\/\/api.w.org\/{rel}","templated":true}]}}