{"id":240899,"date":"2022-11-10T02:10:00","date_gmt":"2022-11-10T07:10:00","guid":{"rendered":"https:\/\/milesopedia.com\/consultation-service\/"},"modified":"2026-04-01T14:32:14","modified_gmt":"2026-04-01T18:32:14","slug":"mentoring-service","status":"publish","type":"page","link":"https:\/\/milesopedia.com\/en\/mentoring-service\/","title":{"rendered":"Mentoring service"},"content":{"rendered":"","protected":false},"excerpt":{"rendered":"","protected":false},"author":4,"featured_media":239185,"parent":0,"menu_order":0,"comment_status":"closed","ping_status":"closed","template":"page-consulting.php","meta":{"_acf_changed":false,"_relevanssi_hide_post":"","_relevanssi_hide_content":"","_relevanssi_pin_for_all":"","_relevanssi_pin_keywords":"","_relevanssi_unpin_keywords":"","_relevanssi_related_keywords":"","_relevanssi_related_include_ids":"","_relevanssi_related_exclude_ids":"","_relevanssi_related_no_append":"","_relevanssi_related_not_related":"","_relevanssi_related_posts":"","_relevanssi_noindex_reason":"","footnotes":""},"tags":[],"mc_loyalty_program":[],"class_list":["post-240899","page","type-page","status-publish","has-post-thumbnail","hentry"],"acf":[],"yoast_head":"<!-- This site is optimized with the Yoast SEO Premium plugin v27.3 (Yoast SEO v27.3) - https:\/\/yoast.com\/product\/yoast-seo-premium-wordpress\/ -->\n<title>Mentoring service | Milesopedia<\/title>\n<meta name=\"description\" content=\"Optimize your travels with the Milesopedia Mentoring Service! Benefit from expert advice and reach your goals faster.\" \/>\n<meta name=\"robots\" content=\"index, follow, max-snippet:-1, max-image-preview:large, max-video-preview:-1\" \/>\n<link rel=\"canonical\" href=\"https:\/\/milesopedia.com\/en\/mentoring-service\/\" \/>\n<meta property=\"og:locale\" content=\"en_US\" \/>\n<meta property=\"og:type\" content=\"article\" \/>\n<meta property=\"og:title\" content=\"Mentoring service\" \/>\n<meta property=\"og:description\" content=\"Optimize your travels with the Milesopedia Mentoring Service! Benefit from expert advice and reach your goals faster.\" \/>\n<meta property=\"og:url\" content=\"https:\/\/milesopedia.com\/en\/mentoring-service\/\" \/>\n<meta property=\"og:site_name\" content=\"Milesopedia\" \/>\n<meta property=\"article:publisher\" content=\"https:\/\/www.facebook.com\/milesopedia\" \/>\n<meta property=\"article:modified_time\" content=\"2026-04-01T18:32:14+00:00\" \/>\n<meta property=\"og:image\" content=\"https:\/\/milesopedia.com\/wp-content\/uploads\/2022\/11\/Milesopedia-corporate-16.jpg\" \/>\n\t<meta property=\"og:image:width\" content=\"1068\" \/>\n\t<meta property=\"og:image:height\" content=\"712\" \/>\n\t<meta property=\"og:image:type\" content=\"image\/jpeg\" \/>\n<meta name=\"twitter:card\" content=\"summary_large_image\" \/>\n<meta name=\"twitter:site\" content=\"@milesopedia\" \/>\n<script type=\"application\/ld+json\" class=\"yoast-schema-graph\">{\"@context\":\"https:\\\/\\\/schema.org\",\"@graph\":[{\"@type\":\"WebPage\",\"@id\":\"https:\\\/\\\/milesopedia.com\\\/en\\\/mentoring-service\\\/\",\"url\":\"https:\\\/\\\/milesopedia.com\\\/en\\\/mentoring-service\\\/\",\"name\":\"Mentoring service | Milesopedia\",\"isPartOf\":{\"@id\":\"https:\\\/\\\/milesopedia.com\\\/en\\\/#website\"},\"primaryImageOfPage\":{\"@id\":\"https:\\\/\\\/milesopedia.com\\\/en\\\/mentoring-service\\\/#primaryimage\"},\"image\":{\"@id\":\"https:\\\/\\\/milesopedia.com\\\/en\\\/mentoring-service\\\/#primaryimage\"},\"thumbnailUrl\":\"https:\\\/\\\/milesopedia.com\\\/wp-content\\\/uploads\\\/2022\\\/11\\\/Milesopedia-corporate-16.jpg\",\"datePublished\":\"2022-11-10T07:10:00+00:00\",\"dateModified\":\"2026-04-01T18:32:14+00:00\",\"description\":\"Optimize your travels with the Milesopedia Mentoring Service! Benefit from expert advice and reach your goals faster.\",\"inLanguage\":\"en-CA\",\"potentialAction\":[{\"@type\":\"ReadAction\",\"target\":[\"https:\\\/\\\/milesopedia.com\\\/en\\\/mentoring-service\\\/\"]}]},{\"@type\":\"ImageObject\",\"inLanguage\":\"en-CA\",\"@id\":\"https:\\\/\\\/milesopedia.com\\\/en\\\/mentoring-service\\\/#primaryimage\",\"url\":\"https:\\\/\\\/milesopedia.com\\\/wp-content\\\/uploads\\\/2022\\\/11\\\/Milesopedia-corporate-16.jpg\",\"contentUrl\":\"https:\\\/\\\/milesopedia.com\\\/wp-content\\\/uploads\\\/2022\\\/11\\\/Milesopedia-corporate-16.jpg\",\"width\":1068,\"height\":712,\"caption\":\"Milesopedia Corporate 16\"},{\"@type\":\"WebSite\",\"@id\":\"https:\\\/\\\/milesopedia.com\\\/en\\\/#website\",\"url\":\"https:\\\/\\\/milesopedia.com\\\/en\\\/\",\"name\":\"Milesopedia\",\"description\":\"Programmes de fid\u00e9lit\u00e9 et cartes de cr\u00e9dit au Canada\",\"publisher\":{\"@id\":\"https:\\\/\\\/milesopedia.com\\\/en\\\/#organization\"},\"potentialAction\":[{\"@type\":\"SearchAction\",\"target\":{\"@type\":\"EntryPoint\",\"urlTemplate\":\"https:\\\/\\\/milesopedia.com\\\/en\\\/?s={search_term_string}\"},\"query-input\":{\"@type\":\"PropertyValueSpecification\",\"valueRequired\":true,\"valueName\":\"search_term_string\"}}],\"inLanguage\":\"en-CA\"},{\"@type\":\"Organization\",\"@id\":\"https:\\\/\\\/milesopedia.com\\\/en\\\/#organization\",\"name\":\"Milesopedia Canada\",\"alternateName\":\"Milesopedia\",\"url\":\"https:\\\/\\\/milesopedia.com\\\/en\\\/\",\"logo\":{\"@type\":\"ImageObject\",\"inLanguage\":\"en-CA\",\"@id\":\"https:\\\/\\\/milesopedia.com\\\/en\\\/#\\\/schema\\\/logo\\\/image\\\/\",\"url\":\"https:\\\/\\\/milesopedia.com\\\/wp-content\\\/uploads\\\/2023\\\/01\\\/MILESOPEDIA-logo-cmjn-black-V3@4x.png\",\"contentUrl\":\"https:\\\/\\\/milesopedia.com\\\/wp-content\\\/uploads\\\/2023\\\/01\\\/MILESOPEDIA-logo-cmjn-black-V3@4x.png\",\"width\":1600,\"height\":261,\"caption\":\"Milesopedia Canada\"},\"image\":{\"@id\":\"https:\\\/\\\/milesopedia.com\\\/en\\\/#\\\/schema\\\/logo\\\/image\\\/\"},\"sameAs\":[\"https:\\\/\\\/www.facebook.com\\\/milesopedia\",\"https:\\\/\\\/x.com\\\/milesopedia\",\"https:\\\/\\\/www.linkedin.com\\\/company\\\/milesopedia\",\"https:\\\/\\\/www.tiktok.com\\\/@milesopedia\",\"https:\\\/\\\/www.youtube.com\\\/milesopedia\"]}]}<\/script>\n<!-- \/ Yoast SEO Premium plugin. -->","yoast_head_json":{"title":"Mentoring service | Milesopedia","description":"Optimize your travels with the Milesopedia Mentoring Service! Benefit from expert advice and reach your goals faster.","robots":{"index":"index","follow":"follow","max-snippet":"max-snippet:-1","max-image-preview":"max-image-preview:large","max-video-preview":"max-video-preview:-1"},"canonical":"https:\/\/milesopedia.com\/en\/mentoring-service\/","og_locale":"en_US","og_type":"article","og_title":"Mentoring service","og_description":"Optimize your travels with the Milesopedia Mentoring Service! Benefit from expert advice and reach your goals faster.","og_url":"https:\/\/milesopedia.com\/en\/mentoring-service\/","og_site_name":"Milesopedia","article_publisher":"https:\/\/www.facebook.com\/milesopedia","article_modified_time":"2026-04-01T18:32:14+00:00","og_image":[{"width":1068,"height":712,"url":"https:\/\/milesopedia.com\/wp-content\/uploads\/2022\/11\/Milesopedia-corporate-16.jpg","type":"image\/jpeg"}],"twitter_card":"summary_large_image","twitter_site":"@milesopedia","schema":{"@context":"https:\/\/schema.org","@graph":[{"@type":"WebPage","@id":"https:\/\/milesopedia.com\/en\/mentoring-service\/","url":"https:\/\/milesopedia.com\/en\/mentoring-service\/","name":"Mentoring service | Milesopedia","isPartOf":{"@id":"https:\/\/milesopedia.com\/en\/#website"},"primaryImageOfPage":{"@id":"https:\/\/milesopedia.com\/en\/mentoring-service\/#primaryimage"},"image":{"@id":"https:\/\/milesopedia.com\/en\/mentoring-service\/#primaryimage"},"thumbnailUrl":"https:\/\/milesopedia.com\/wp-content\/uploads\/2022\/11\/Milesopedia-corporate-16.jpg","datePublished":"2022-11-10T07:10:00+00:00","dateModified":"2026-04-01T18:32:14+00:00","description":"Optimize your travels with the Milesopedia Mentoring Service! Benefit from expert advice and reach your goals faster.","inLanguage":"en-CA","potentialAction":[{"@type":"ReadAction","target":["https:\/\/milesopedia.com\/en\/mentoring-service\/"]}]},{"@type":"ImageObject","inLanguage":"en-CA","@id":"https:\/\/milesopedia.com\/en\/mentoring-service\/#primaryimage","url":"https:\/\/milesopedia.com\/wp-content\/uploads\/2022\/11\/Milesopedia-corporate-16.jpg","contentUrl":"https:\/\/milesopedia.com\/wp-content\/uploads\/2022\/11\/Milesopedia-corporate-16.jpg","width":1068,"height":712,"caption":"Milesopedia Corporate 16"},{"@type":"WebSite","@id":"https:\/\/milesopedia.com\/en\/#website","url":"https:\/\/milesopedia.com\/en\/","name":"Milesopedia","description":"Programmes de fid\u00e9lit\u00e9 et cartes de cr\u00e9dit au Canada","publisher":{"@id":"https:\/\/milesopedia.com\/en\/#organization"},"potentialAction":[{"@type":"SearchAction","target":{"@type":"EntryPoint","urlTemplate":"https:\/\/milesopedia.com\/en\/?s={search_term_string}"},"query-input":{"@type":"PropertyValueSpecification","valueRequired":true,"valueName":"search_term_string"}}],"inLanguage":"en-CA"},{"@type":"Organization","@id":"https:\/\/milesopedia.com\/en\/#organization","name":"Milesopedia Canada","alternateName":"Milesopedia","url":"https:\/\/milesopedia.com\/en\/","logo":{"@type":"ImageObject","inLanguage":"en-CA","@id":"https:\/\/milesopedia.com\/en\/#\/schema\/logo\/image\/","url":"https:\/\/milesopedia.com\/wp-content\/uploads\/2023\/01\/MILESOPEDIA-logo-cmjn-black-V3@4x.png","contentUrl":"https:\/\/milesopedia.com\/wp-content\/uploads\/2023\/01\/MILESOPEDIA-logo-cmjn-black-V3@4x.png","width":1600,"height":261,"caption":"Milesopedia Canada"},"image":{"@id":"https:\/\/milesopedia.com\/en\/#\/schema\/logo\/image\/"},"sameAs":["https:\/\/www.facebook.com\/milesopedia","https:\/\/x.com\/milesopedia","https:\/\/www.linkedin.com\/company\/milesopedia","https:\/\/www.tiktok.com\/@milesopedia","https:\/\/www.youtube.com\/milesopedia"]}]}},"_links":{"self":[{"href":"https:\/\/milesopedia.com\/en\/wp-json\/wp\/v2\/pages\/240899","targetHints":{"allow":["GET"]}}],"collection":[{"href":"https:\/\/milesopedia.com\/en\/wp-json\/wp\/v2\/pages"}],"about":[{"href":"https:\/\/milesopedia.com\/en\/wp-json\/wp\/v2\/types\/page"}],"author":[{"embeddable":true,"href":"https:\/\/milesopedia.com\/en\/wp-json\/wp\/v2\/users\/4"}],"replies":[{"embeddable":true,"href":"https:\/\/milesopedia.com\/en\/wp-json\/wp\/v2\/comments?post=240899"}],"version-history":[{"count":1,"href":"https:\/\/milesopedia.com\/en\/wp-json\/wp\/v2\/pages\/240899\/revisions"}],"predecessor-version":[{"id":428141,"href":"https:\/\/milesopedia.com\/en\/wp-json\/wp\/v2\/pages\/240899\/revisions\/428141"}],"wp:featuredmedia":[{"embeddable":true,"href":"https:\/\/milesopedia.com\/en\/wp-json\/wp\/v2\/media\/239185"}],"wp:attachment":[{"href":"https:\/\/milesopedia.com\/en\/wp-json\/wp\/v2\/media?parent=240899"}],"wp:term":[{"taxonomy":"post_tag","embeddable":true,"href":"https:\/\/milesopedia.com\/en\/wp-json\/wp\/v2\/tags?post=240899"},{"taxonomy":"mc_loyalty_program","embeddable":true,"href":"https:\/\/milesopedia.com\/en\/wp-json\/wp\/v2\/mc_loyalty_program?post=240899"}],"curies":[{"name":"wp","href":"https:\/\/api.w.org\/{rel}","templated":true}]}}