{"id":212431,"date":"2022-05-28T06:29:00","date_gmt":"2022-05-28T10:29:00","guid":{"rendered":"https:\/\/milesopedia.com\/?page_id=212431"},"modified":"2026-04-01T14:32:08","modified_gmt":"2026-04-01T18:32:08","slug":"disney-posts","status":"publish","type":"page","link":"https:\/\/milesopedia.com\/en\/disney-posts\/","title":{"rendered":"Disney: our guides and strategies to prepare your Disney Travel"},"content":{"rendered":"<div class=\"wpb-content-wrapper\"><p>[vc_row][vc_column][vc_custom_heading el_id=&#8221;disney_posts&#8221; text=&#8221;Disney: Posts&#8221; google_fonts=&#8221;&#8221;][vc_column_text el_class=&#8221;checkmarks&#8221;]<\/p>\n<p>In <a class=\"thirstylink\" title=\"the milesopedia facebook group\" href=\"https:\/\/milesopedia.com\/en\/go\/fbgroupe\/\" rel=\"nofollow noindex\">the milesopedia member community<\/a>, many are drawn to <a href=\"https:\/\/milesopedia.com\/en\/guide\/disney-parks-worldwide\/\">Disney parks<\/a> just as we are!<\/p>\n<p>For all those Disney fans, we have gathered on this page all the articles that can help you save on flights, tickets, food, and various parks around the world, so you can fully enjoy and experience the magic of Disney!<\/p>\n<p>[\/vc_column_text]<div class=\"wpb_content_element wpb_miles_element\">\t\t<div\n\t\t\t\tdata-template='m'\n\t\t\t\tdata-post_type='post'\n\t\t\t\tdata-per_page='20'\n\t\t\t\tclass='deferred_container--preload container_post container_template--m container_count--15 container_count--lots'\n\n\t\t\t\t\t\t\t\t\tdata-tag=\"post_tax\"\n\t\t\t\t\t\t\tdata-post_series=\"46393\"\n\t\t\t\t\t\t\t>\n\t\t<article class=\"post-preview\">\n\n<div class=\"post-preview-thumbnail\">\n\t<div class=\"shimmer shimmer-image\"><\/div>\n<\/div>\n\n<div class=\"post-preview-content\" style=\"top: 1em;\">\n\t<div class=\"simmer-bar-group\">\n\t\t<div class=\"shimmer shimmer-bar\"><\/div>\n\t\t<div class=\"shimmer shimmer-bar\"><\/div>\n\t\t<div class=\"shimmer shimmer-bar\"><\/div>\n\t<\/div>\n<\/div>\n<\/article><article class=\"post-preview\">\n\n<div class=\"post-preview-thumbnail\">\n\t<div class=\"shimmer shimmer-image\"><\/div>\n<\/div>\n\n<div class=\"post-preview-content\" style=\"top: 1em;\">\n\t<div class=\"simmer-bar-group\">\n\t\t<div class=\"shimmer shimmer-bar\"><\/div>\n\t\t<div class=\"shimmer shimmer-bar\"><\/div>\n\t\t<div class=\"shimmer shimmer-bar\"><\/div>\n\t<\/div>\n<\/div>\n<\/article><article class=\"post-preview\">\n\n<div class=\"post-preview-thumbnail\">\n\t<div class=\"shimmer shimmer-image\"><\/div>\n<\/div>\n\n<div class=\"post-preview-content\" style=\"top: 1em;\">\n\t<div class=\"simmer-bar-group\">\n\t\t<div class=\"shimmer shimmer-bar\"><\/div>\n\t\t<div class=\"shimmer shimmer-bar\"><\/div>\n\t\t<div class=\"shimmer shimmer-bar\"><\/div>\n\t<\/div>\n<\/div>\n<\/article><article class=\"post-preview\">\n\n<div class=\"post-preview-thumbnail\">\n\t<div class=\"shimmer shimmer-image\"><\/div>\n<\/div>\n\n<div class=\"post-preview-content\" style=\"top: 1em;\">\n\t<div class=\"simmer-bar-group\">\n\t\t<div class=\"shimmer shimmer-bar\"><\/div>\n\t\t<div class=\"shimmer shimmer-bar\"><\/div>\n\t\t<div class=\"shimmer shimmer-bar\"><\/div>\n\t<\/div>\n<\/div>\n<\/article><article class=\"post-preview\">\n\n<div class=\"post-preview-thumbnail\">\n\t<div class=\"shimmer shimmer-image\"><\/div>\n<\/div>\n\n<div class=\"post-preview-content\" style=\"top: 1em;\">\n\t<div class=\"simmer-bar-group\">\n\t\t<div class=\"shimmer shimmer-bar\"><\/div>\n\t\t<div class=\"shimmer shimmer-bar\"><\/div>\n\t\t<div class=\"shimmer shimmer-bar\"><\/div>\n\t<\/div>\n<\/div>\n<\/article><article class=\"post-preview\">\n\n<div class=\"post-preview-thumbnail\">\n\t<div class=\"shimmer shimmer-image\"><\/div>\n<\/div>\n\n<div class=\"post-preview-content\" style=\"top: 1em;\">\n\t<div class=\"simmer-bar-group\">\n\t\t<div class=\"shimmer shimmer-bar\"><\/div>\n\t\t<div class=\"shimmer shimmer-bar\"><\/div>\n\t\t<div class=\"shimmer shimmer-bar\"><\/div>\n\t<\/div>\n<\/div>\n<\/article><article class=\"post-preview\">\n\n<div class=\"post-preview-thumbnail\">\n\t<div class=\"shimmer shimmer-image\"><\/div>\n<\/div>\n\n<div class=\"post-preview-content\" style=\"top: 1em;\">\n\t<div class=\"simmer-bar-group\">\n\t\t<div class=\"shimmer shimmer-bar\"><\/div>\n\t\t<div class=\"shimmer shimmer-bar\"><\/div>\n\t\t<div class=\"shimmer shimmer-bar\"><\/div>\n\t<\/div>\n<\/div>\n<\/article><article class=\"post-preview\">\n\n<div class=\"post-preview-thumbnail\">\n\t<div class=\"shimmer shimmer-image\"><\/div>\n<\/div>\n\n<div class=\"post-preview-content\" style=\"top: 1em;\">\n\t<div class=\"simmer-bar-group\">\n\t\t<div class=\"shimmer shimmer-bar\"><\/div>\n\t\t<div class=\"shimmer shimmer-bar\"><\/div>\n\t\t<div class=\"shimmer shimmer-bar\"><\/div>\n\t<\/div>\n<\/div>\n<\/article><article class=\"post-preview\">\n\n<div class=\"post-preview-thumbnail\">\n\t<div class=\"shimmer shimmer-image\"><\/div>\n<\/div>\n\n<div class=\"post-preview-content\" style=\"top: 1em;\">\n\t<div class=\"simmer-bar-group\">\n\t\t<div class=\"shimmer shimmer-bar\"><\/div>\n\t\t<div class=\"shimmer shimmer-bar\"><\/div>\n\t\t<div class=\"shimmer shimmer-bar\"><\/div>\n\t<\/div>\n<\/div>\n<\/article><article class=\"post-preview\">\n\n<div class=\"post-preview-thumbnail\">\n\t<div class=\"shimmer shimmer-image\"><\/div>\n<\/div>\n\n<div class=\"post-preview-content\" style=\"top: 1em;\">\n\t<div class=\"simmer-bar-group\">\n\t\t<div class=\"shimmer shimmer-bar\"><\/div>\n\t\t<div class=\"shimmer shimmer-bar\"><\/div>\n\t\t<div class=\"shimmer shimmer-bar\"><\/div>\n\t<\/div>\n<\/div>\n<\/article><article class=\"post-preview\">\n\n<div class=\"post-preview-thumbnail\">\n\t<div class=\"shimmer shimmer-image\"><\/div>\n<\/div>\n\n<div class=\"post-preview-content\" style=\"top: 1em;\">\n\t<div class=\"simmer-bar-group\">\n\t\t<div class=\"shimmer shimmer-bar\"><\/div>\n\t\t<div class=\"shimmer shimmer-bar\"><\/div>\n\t\t<div class=\"shimmer shimmer-bar\"><\/div>\n\t<\/div>\n<\/div>\n<\/article><article class=\"post-preview\">\n\n<div class=\"post-preview-thumbnail\">\n\t<div class=\"shimmer shimmer-image\"><\/div>\n<\/div>\n\n<div class=\"post-preview-content\" style=\"top: 1em;\">\n\t<div class=\"simmer-bar-group\">\n\t\t<div class=\"shimmer shimmer-bar\"><\/div>\n\t\t<div class=\"shimmer shimmer-bar\"><\/div>\n\t\t<div class=\"shimmer shimmer-bar\"><\/div>\n\t<\/div>\n<\/div>\n<\/article><article class=\"post-preview\">\n\n<div class=\"post-preview-thumbnail\">\n\t<div class=\"shimmer shimmer-image\"><\/div>\n<\/div>\n\n<div class=\"post-preview-content\" style=\"top: 1em;\">\n\t<div class=\"simmer-bar-group\">\n\t\t<div class=\"shimmer shimmer-bar\"><\/div>\n\t\t<div class=\"shimmer shimmer-bar\"><\/div>\n\t\t<div class=\"shimmer shimmer-bar\"><\/div>\n\t<\/div>\n<\/div>\n<\/article><article class=\"post-preview\">\n\n<div class=\"post-preview-thumbnail\">\n\t<div class=\"shimmer shimmer-image\"><\/div>\n<\/div>\n\n<div class=\"post-preview-content\" style=\"top: 1em;\">\n\t<div class=\"simmer-bar-group\">\n\t\t<div class=\"shimmer shimmer-bar\"><\/div>\n\t\t<div class=\"shimmer shimmer-bar\"><\/div>\n\t\t<div class=\"shimmer shimmer-bar\"><\/div>\n\t<\/div>\n<\/div>\n<\/article><article class=\"post-preview\">\n\n<div class=\"post-preview-thumbnail\">\n\t<div class=\"shimmer shimmer-image\"><\/div>\n<\/div>\n\n<div class=\"post-preview-content\" style=\"top: 1em;\">\n\t<div class=\"simmer-bar-group\">\n\t\t<div class=\"shimmer shimmer-bar\"><\/div>\n\t\t<div class=\"shimmer shimmer-bar\"><\/div>\n\t\t<div class=\"shimmer shimmer-bar\"><\/div>\n\t<\/div>\n<\/div>\n<\/article>\t\t<\/div>\n\n\t\t<\/div>[\/vc_column][\/vc_row][vc_row el_class=&#8221;header-extra&#8221; el_id=&#8221;cards&#8221;][vc_column][vc_custom_heading el_id=&#8221;disney_credit_cards&#8221; text=&#8221;Disney: Credit Cards&#8221; google_fonts=&#8221;&#8221;][vc_column_text el_class=&#8221;checkmarks&#8221;]<\/p>\n<p>Here are the different credit cards that milesopedia recommends to <b><i>Disney park visitors.<\/i><\/b><\/p>\n<p>[\/vc_column_text][vc_column_text]<\/p>\n<p>Click on the type of card that best suits your needs. If you would like to search for a card by yourself among all our criteria, <a href=\"https:\/\/milesopedia.com\/en\/cards\/\">click here to check out our credit card search tool.<\/a><\/p>\n<p>[\/vc_column_text]<div class=\"wpb_content_element wpb_miles_element\">\t\t<div\n\t\t\t\tdata-template='compare'\n\t\t\t\tdata-post_type='card'\n\t\t\t\tdata-per_page='6'\n\t\t\t\tclass='deferred_container--preload container_card container_template--compare container_count--4'\n\n\t\t\t\t\t\t\t\t\tdata-tag=\"card_id\"\n\t\t\t\t\t\t\tdata-post_ids=\"22476,68380,22621,401432,267909,22624\"\n\t\t\t\t\t\t\tdata-utm=\"wpb\"\n\t\t\t\t\t\t\t>\n\t\t\n    <div class=\"card card-list card-list-header\">\n        <div class=\"shimmer shimmer-bar shimmer-dark shimmer-bar--short card-specs--title\"><\/div>\n        <div class=\"shimmer shimmer-bar shimmer-dark shimmer-bar--short card-specs--title\"><\/div>\n    <\/div>\n\n\n<div class=\"card card-list\">\n\n\t<div class=\"card-list--grid\">\n\n\t\t<div class=\"card-list--card\">\n\t\t\t<div class=\"card-graphic-cta shimmer shimmer-card\"><\/div>\n\t\t<\/div>\n\n\t\t<div class=\"card-list--title-offer\">\n\n\t\t\t<div class=\"card--title\">\n\t\t\t\t<div class=\"shimmer shimmer-bar\"><\/div>\n\t\t\t<\/div>\n\n\t\t\t<div class=\"card-list--offer\">\n\t\t\t\t<div class=\"shimmer shimmer-bar\"><\/div>\n\t\t\t<\/div>\n\n\t\t<\/div>\n\n\t\t<div>\n\t\t\t<div class=\"card--apply\">\n\t\t\t\t<div class=\"shimmer shimmer-btn\"><\/div>\n\t\t\t<\/div>\n\t\t<\/div>\n\n\t<\/div>\n\n<\/div>\n<div class=\"card card-list\">\n\n\t<div class=\"card-list--grid\">\n\n\t\t<div class=\"card-list--card\">\n\t\t\t<div class=\"card-graphic-cta shimmer shimmer-card\"><\/div>\n\t\t<\/div>\n\n\t\t<div class=\"card-list--title-offer\">\n\n\t\t\t<div class=\"card--title\">\n\t\t\t\t<div class=\"shimmer shimmer-bar\"><\/div>\n\t\t\t<\/div>\n\n\t\t\t<div class=\"card-list--offer\">\n\t\t\t\t<div class=\"shimmer shimmer-bar\"><\/div>\n\t\t\t<\/div>\n\n\t\t<\/div>\n\n\t\t<div>\n\t\t\t<div class=\"card--apply\">\n\t\t\t\t<div class=\"shimmer shimmer-btn\"><\/div>\n\t\t\t<\/div>\n\t\t<\/div>\n\n\t<\/div>\n\n<\/div>\n<div class=\"card card-list\">\n\n\t<div class=\"card-list--grid\">\n\n\t\t<div class=\"card-list--card\">\n\t\t\t<div class=\"card-graphic-cta shimmer shimmer-card\"><\/div>\n\t\t<\/div>\n\n\t\t<div class=\"card-list--title-offer\">\n\n\t\t\t<div class=\"card--title\">\n\t\t\t\t<div class=\"shimmer shimmer-bar\"><\/div>\n\t\t\t<\/div>\n\n\t\t\t<div class=\"card-list--offer\">\n\t\t\t\t<div class=\"shimmer shimmer-bar\"><\/div>\n\t\t\t<\/div>\n\n\t\t<\/div>\n\n\t\t<div>\n\t\t\t<div class=\"card--apply\">\n\t\t\t\t<div class=\"shimmer shimmer-btn\"><\/div>\n\t\t\t<\/div>\n\t\t<\/div>\n\n\t<\/div>\n\n<\/div>\n<div class=\"card card-list\">\n\n\t<div class=\"card-list--grid\">\n\n\t\t<div class=\"card-list--card\">\n\t\t\t<div class=\"card-graphic-cta shimmer shimmer-card\"><\/div>\n\t\t<\/div>\n\n\t\t<div class=\"card-list--title-offer\">\n\n\t\t\t<div class=\"card--title\">\n\t\t\t\t<div class=\"shimmer shimmer-bar\"><\/div>\n\t\t\t<\/div>\n\n\t\t\t<div class=\"card-list--offer\">\n\t\t\t\t<div class=\"shimmer shimmer-bar\"><\/div>\n\t\t\t<\/div>\n\n\t\t<\/div>\n\n\t\t<div>\n\t\t\t<div class=\"card--apply\">\n\t\t\t\t<div class=\"shimmer shimmer-btn\"><\/div>\n\t\t\t<\/div>\n\t\t<\/div>\n\n\t<\/div>\n\n<\/div>\t\t<\/div>\n\n\t\t<\/div>[\/vc_column][\/vc_row]<\/p>\n<\/div>","protected":false},"excerpt":{"rendered":"<p>[vc_row][vc_column][vc_custom_heading el_id=&#8221;disney_posts&#8221; text=&#8221;Disney: Posts&#8221; google_fonts=&#8221;&#8221;][vc_column_text el_class=&#8221;checkmarks&#8221;] In the milesopedia member community, many are drawn to Disney parks just as we are! For all those Disney fans, we have gathered on this page all the articles that can help you save on flights, tickets, food, and various parks around the world, so you can fully enjoy [&hellip;]<\/p>","protected":false},"author":3,"featured_media":205211,"parent":0,"menu_order":0,"comment_status":"closed","ping_status":"closed","template":"page-toc.php","meta":{"_acf_changed":false,"_relevanssi_hide_post":"","_relevanssi_hide_content":"","_relevanssi_pin_for_all":"","_relevanssi_pin_keywords":"","_relevanssi_unpin_keywords":"","_relevanssi_related_keywords":"","_relevanssi_related_include_ids":"","_relevanssi_related_exclude_ids":"","_relevanssi_related_no_append":"","_relevanssi_related_not_related":"","_relevanssi_related_posts":"","_relevanssi_noindex_reason":"","footnotes":""},"tags":[],"mc_loyalty_program":[],"class_list":["post-212431","page","type-page","status-publish","has-post-thumbnail","hentry"],"acf":[],"yoast_head":"<!-- This site is optimized with the Yoast SEO Premium plugin v27.4 (Yoast SEO v27.4) - https:\/\/yoast.com\/product\/yoast-seo-premium-wordpress\/ -->\n<title>Disney: our guides and strategies to prepare your Disney Travel | Milesopedia<\/title>\n<meta name=\"description\" content=\"You want to organize your trip to Disney? Check out our strategies and tips with credit card points to save money!\" \/>\n<meta name=\"robots\" content=\"index, follow, max-snippet:-1, max-image-preview:large, max-video-preview:-1\" \/>\n<link rel=\"canonical\" href=\"https:\/\/milesopedia.com\/en\/disney-posts\/\" \/>\n<meta property=\"og:locale\" content=\"en_US\" \/>\n<meta property=\"og:type\" content=\"article\" \/>\n<meta property=\"og:title\" content=\"Disney: our guides and strategies to prepare your Disney Travel\" \/>\n<meta property=\"og:description\" content=\"You want to organize your trip to Disney? Check out our strategies and tips with credit card points to save money!\" \/>\n<meta property=\"og:url\" content=\"https:\/\/milesopedia.com\/en\/disney-posts\/\" \/>\n<meta property=\"og:site_name\" content=\"Milesopedia\" \/>\n<meta property=\"article:publisher\" content=\"https:\/\/www.facebook.com\/milesopedia\" \/>\n<meta property=\"article:modified_time\" content=\"2026-04-01T18:32:08+00:00\" \/>\n<meta property=\"og:image\" content=\"https:\/\/milesopedia.com\/wp-content\/uploads\/2022\/04\/disney-shanghai.jpg\" \/>\n\t<meta property=\"og:image:width\" content=\"1600\" \/>\n\t<meta property=\"og:image:height\" content=\"1068\" \/>\n\t<meta property=\"og:image:type\" content=\"image\/jpeg\" \/>\n<meta name=\"twitter:card\" content=\"summary_large_image\" \/>\n<meta name=\"twitter:site\" content=\"@milesopedia\" \/>\n<script type=\"application\/ld+json\" class=\"yoast-schema-graph\">{\"@context\":\"https:\\\/\\\/schema.org\",\"@graph\":[{\"@type\":\"WebPage\",\"@id\":\"https:\\\/\\\/milesopedia.com\\\/en\\\/disney-posts\\\/\",\"url\":\"https:\\\/\\\/milesopedia.com\\\/en\\\/disney-posts\\\/\",\"name\":\"Disney: our guides and strategies to prepare your Disney Travel | Milesopedia\",\"isPartOf\":{\"@id\":\"https:\\\/\\\/milesopedia.com\\\/en\\\/#website\"},\"primaryImageOfPage\":{\"@id\":\"https:\\\/\\\/milesopedia.com\\\/en\\\/disney-posts\\\/#primaryimage\"},\"image\":{\"@id\":\"https:\\\/\\\/milesopedia.com\\\/en\\\/disney-posts\\\/#primaryimage\"},\"thumbnailUrl\":\"https:\\\/\\\/milesopedia.com\\\/wp-content\\\/uploads\\\/2022\\\/04\\\/disney-shanghai.jpg\",\"datePublished\":\"2022-05-28T10:29:00+00:00\",\"dateModified\":\"2026-04-01T18:32:08+00:00\",\"description\":\"You want to organize your trip to Disney? Check out our strategies and tips with credit card points to save money!\",\"inLanguage\":\"en-CA\",\"potentialAction\":[{\"@type\":\"ReadAction\",\"target\":[\"https:\\\/\\\/milesopedia.com\\\/en\\\/disney-posts\\\/\"]}]},{\"@type\":\"ImageObject\",\"inLanguage\":\"en-CA\",\"@id\":\"https:\\\/\\\/milesopedia.com\\\/en\\\/disney-posts\\\/#primaryimage\",\"url\":\"https:\\\/\\\/milesopedia.com\\\/wp-content\\\/uploads\\\/2022\\\/04\\\/disney-shanghai.jpg\",\"contentUrl\":\"https:\\\/\\\/milesopedia.com\\\/wp-content\\\/uploads\\\/2022\\\/04\\\/disney-shanghai.jpg\",\"width\":1600,\"height\":1068,\"caption\":\"disney shanghai\"},{\"@type\":\"WebSite\",\"@id\":\"https:\\\/\\\/milesopedia.com\\\/en\\\/#website\",\"url\":\"https:\\\/\\\/milesopedia.com\\\/en\\\/\",\"name\":\"Milesopedia\",\"description\":\"Programmes de fid\u00e9lit\u00e9 et cartes de cr\u00e9dit au Canada\",\"publisher\":{\"@id\":\"https:\\\/\\\/milesopedia.com\\\/en\\\/#organization\"},\"potentialAction\":[{\"@type\":\"SearchAction\",\"target\":{\"@type\":\"EntryPoint\",\"urlTemplate\":\"https:\\\/\\\/milesopedia.com\\\/en\\\/?s={search_term_string}\"},\"query-input\":{\"@type\":\"PropertyValueSpecification\",\"valueRequired\":true,\"valueName\":\"search_term_string\"}}],\"inLanguage\":\"en-CA\"},{\"@type\":\"Organization\",\"@id\":\"https:\\\/\\\/milesopedia.com\\\/en\\\/#organization\",\"name\":\"Milesopedia Canada\",\"alternateName\":\"Milesopedia\",\"url\":\"https:\\\/\\\/milesopedia.com\\\/en\\\/\",\"logo\":{\"@type\":\"ImageObject\",\"inLanguage\":\"en-CA\",\"@id\":\"https:\\\/\\\/milesopedia.com\\\/en\\\/#\\\/schema\\\/logo\\\/image\\\/\",\"url\":\"https:\\\/\\\/milesopedia.com\\\/wp-content\\\/uploads\\\/2023\\\/01\\\/MILESOPEDIA-logo-cmjn-black-V3@4x.png\",\"contentUrl\":\"https:\\\/\\\/milesopedia.com\\\/wp-content\\\/uploads\\\/2023\\\/01\\\/MILESOPEDIA-logo-cmjn-black-V3@4x.png\",\"width\":1600,\"height\":261,\"caption\":\"Milesopedia Canada\"},\"image\":{\"@id\":\"https:\\\/\\\/milesopedia.com\\\/en\\\/#\\\/schema\\\/logo\\\/image\\\/\"},\"sameAs\":[\"https:\\\/\\\/www.facebook.com\\\/milesopedia\",\"https:\\\/\\\/x.com\\\/milesopedia\",\"https:\\\/\\\/www.linkedin.com\\\/company\\\/milesopedia\",\"https:\\\/\\\/www.tiktok.com\\\/@milesopedia\",\"https:\\\/\\\/www.youtube.com\\\/milesopedia\"]}]}<\/script>\n<!-- \/ Yoast SEO Premium plugin. -->","yoast_head_json":{"title":"Disney: our guides and strategies to prepare your Disney Travel | Milesopedia","description":"You want to organize your trip to Disney? Check out our strategies and tips with credit card points to save money!","robots":{"index":"index","follow":"follow","max-snippet":"max-snippet:-1","max-image-preview":"max-image-preview:large","max-video-preview":"max-video-preview:-1"},"canonical":"https:\/\/milesopedia.com\/en\/disney-posts\/","og_locale":"en_US","og_type":"article","og_title":"Disney: our guides and strategies to prepare your Disney Travel","og_description":"You want to organize your trip to Disney? Check out our strategies and tips with credit card points to save money!","og_url":"https:\/\/milesopedia.com\/en\/disney-posts\/","og_site_name":"Milesopedia","article_publisher":"https:\/\/www.facebook.com\/milesopedia","article_modified_time":"2026-04-01T18:32:08+00:00","og_image":[{"width":1600,"height":1068,"url":"https:\/\/milesopedia.com\/wp-content\/uploads\/2022\/04\/disney-shanghai.jpg","type":"image\/jpeg"}],"twitter_card":"summary_large_image","twitter_site":"@milesopedia","schema":{"@context":"https:\/\/schema.org","@graph":[{"@type":"WebPage","@id":"https:\/\/milesopedia.com\/en\/disney-posts\/","url":"https:\/\/milesopedia.com\/en\/disney-posts\/","name":"Disney: our guides and strategies to prepare your Disney Travel | Milesopedia","isPartOf":{"@id":"https:\/\/milesopedia.com\/en\/#website"},"primaryImageOfPage":{"@id":"https:\/\/milesopedia.com\/en\/disney-posts\/#primaryimage"},"image":{"@id":"https:\/\/milesopedia.com\/en\/disney-posts\/#primaryimage"},"thumbnailUrl":"https:\/\/milesopedia.com\/wp-content\/uploads\/2022\/04\/disney-shanghai.jpg","datePublished":"2022-05-28T10:29:00+00:00","dateModified":"2026-04-01T18:32:08+00:00","description":"You want to organize your trip to Disney? Check out our strategies and tips with credit card points to save money!","inLanguage":"en-CA","potentialAction":[{"@type":"ReadAction","target":["https:\/\/milesopedia.com\/en\/disney-posts\/"]}]},{"@type":"ImageObject","inLanguage":"en-CA","@id":"https:\/\/milesopedia.com\/en\/disney-posts\/#primaryimage","url":"https:\/\/milesopedia.com\/wp-content\/uploads\/2022\/04\/disney-shanghai.jpg","contentUrl":"https:\/\/milesopedia.com\/wp-content\/uploads\/2022\/04\/disney-shanghai.jpg","width":1600,"height":1068,"caption":"disney shanghai"},{"@type":"WebSite","@id":"https:\/\/milesopedia.com\/en\/#website","url":"https:\/\/milesopedia.com\/en\/","name":"Milesopedia","description":"Programmes de fid\u00e9lit\u00e9 et cartes de cr\u00e9dit au Canada","publisher":{"@id":"https:\/\/milesopedia.com\/en\/#organization"},"potentialAction":[{"@type":"SearchAction","target":{"@type":"EntryPoint","urlTemplate":"https:\/\/milesopedia.com\/en\/?s={search_term_string}"},"query-input":{"@type":"PropertyValueSpecification","valueRequired":true,"valueName":"search_term_string"}}],"inLanguage":"en-CA"},{"@type":"Organization","@id":"https:\/\/milesopedia.com\/en\/#organization","name":"Milesopedia Canada","alternateName":"Milesopedia","url":"https:\/\/milesopedia.com\/en\/","logo":{"@type":"ImageObject","inLanguage":"en-CA","@id":"https:\/\/milesopedia.com\/en\/#\/schema\/logo\/image\/","url":"https:\/\/milesopedia.com\/wp-content\/uploads\/2023\/01\/MILESOPEDIA-logo-cmjn-black-V3@4x.png","contentUrl":"https:\/\/milesopedia.com\/wp-content\/uploads\/2023\/01\/MILESOPEDIA-logo-cmjn-black-V3@4x.png","width":1600,"height":261,"caption":"Milesopedia Canada"},"image":{"@id":"https:\/\/milesopedia.com\/en\/#\/schema\/logo\/image\/"},"sameAs":["https:\/\/www.facebook.com\/milesopedia","https:\/\/x.com\/milesopedia","https:\/\/www.linkedin.com\/company\/milesopedia","https:\/\/www.tiktok.com\/@milesopedia","https:\/\/www.youtube.com\/milesopedia"]}]}},"_links":{"self":[{"href":"https:\/\/milesopedia.com\/en\/wp-json\/wp\/v2\/pages\/212431","targetHints":{"allow":["GET"]}}],"collection":[{"href":"https:\/\/milesopedia.com\/en\/wp-json\/wp\/v2\/pages"}],"about":[{"href":"https:\/\/milesopedia.com\/en\/wp-json\/wp\/v2\/types\/page"}],"author":[{"embeddable":true,"href":"https:\/\/milesopedia.com\/en\/wp-json\/wp\/v2\/users\/3"}],"replies":[{"embeddable":true,"href":"https:\/\/milesopedia.com\/en\/wp-json\/wp\/v2\/comments?post=212431"}],"version-history":[{"count":3,"href":"https:\/\/milesopedia.com\/en\/wp-json\/wp\/v2\/pages\/212431\/revisions"}],"predecessor-version":[{"id":490166,"href":"https:\/\/milesopedia.com\/en\/wp-json\/wp\/v2\/pages\/212431\/revisions\/490166"}],"wp:featuredmedia":[{"embeddable":true,"href":"https:\/\/milesopedia.com\/en\/wp-json\/wp\/v2\/media\/205211"}],"wp:attachment":[{"href":"https:\/\/milesopedia.com\/en\/wp-json\/wp\/v2\/media?parent=212431"}],"wp:term":[{"taxonomy":"post_tag","embeddable":true,"href":"https:\/\/milesopedia.com\/en\/wp-json\/wp\/v2\/tags?post=212431"},{"taxonomy":"mc_loyalty_program","embeddable":true,"href":"https:\/\/milesopedia.com\/en\/wp-json\/wp\/v2\/mc_loyalty_program?post=212431"}],"curies":[{"name":"wp","href":"https:\/\/api.w.org\/{rel}","templated":true}]}}