{"id":207324,"date":"2020-06-28T23:29:00","date_gmt":"2020-06-29T03:29:00","guid":{"rendered":"https:\/\/milesopedia.com\/cards\/stack\/"},"modified":"2026-04-01T14:31:57","modified_gmt":"2026-04-01T18:31:57","slug":"stack","status":"publish","type":"page","link":"https:\/\/milesopedia.com\/en\/cards\/stack\/","title":{"rendered":"Stack"},"content":{"rendered":"<div class=\"wpb-content-wrapper\"><p>[vc_row][vc_column]<div class=\"wpb_content_element wpb_miles_element\"><\/div>[\/vc_column][\/vc_row]<\/p>\n<\/div>","protected":false},"excerpt":{"rendered":"<p>[vc_row][vc_column][\/vc_column][\/vc_row]<\/p>","protected":false},"author":3,"featured_media":86792,"parent":207239,"menu_order":0,"comment_status":"closed","ping_status":"closed","template":"page-toc.php","meta":{"_acf_changed":false,"_relevanssi_hide_post":"","_relevanssi_hide_content":"","_relevanssi_pin_for_all":"","_relevanssi_pin_keywords":"","_relevanssi_unpin_keywords":"","_relevanssi_related_keywords":"","_relevanssi_related_include_ids":"","_relevanssi_related_exclude_ids":"","_relevanssi_related_no_append":"","_relevanssi_related_not_related":"","_relevanssi_related_posts":"","_relevanssi_noindex_reason":"","footnotes":""},"tags":[],"mc_loyalty_program":[],"class_list":["post-207324","page","type-page","status-publish","has-post-thumbnail","hentry"],"acf":[],"yoast_head":"<!-- This site is optimized with the Yoast SEO Premium plugin v27.3 (Yoast SEO v27.3) - https:\/\/yoast.com\/product\/yoast-seo-premium-wordpress\/ -->\n<title>STACK Prepaid card with no fees Stack | Canada | Milesopedia<\/title>\n<meta name=\"description\" content=\"Here is the offer of the Stack Prepaid Mastercard, a prepaid card with no foreign exchange fees and no monthly fees! Ideal for saving money abroad!\" \/>\n<meta name=\"robots\" content=\"index, follow, max-snippet:-1, max-image-preview:large, max-video-preview:-1\" \/>\n<link rel=\"canonical\" href=\"https:\/\/milesopedia.com\/en\/cards\/stack\/\" \/>\n<meta property=\"og:locale\" content=\"en_US\" \/>\n<meta property=\"og:type\" content=\"article\" \/>\n<meta property=\"og:title\" content=\"Stack\" \/>\n<meta property=\"og:description\" content=\"Here is the offer of the Stack Prepaid Mastercard, a prepaid card with no foreign exchange fees and no monthly fees! Ideal for saving money abroad!\" \/>\n<meta property=\"og:url\" content=\"https:\/\/milesopedia.com\/en\/cards\/stack\/\" \/>\n<meta property=\"og:site_name\" content=\"Milesopedia\" \/>\n<meta property=\"article:publisher\" content=\"https:\/\/www.facebook.com\/milesopedia\" \/>\n<meta property=\"article:modified_time\" content=\"2026-04-01T18:31:57+00:00\" \/>\n<meta property=\"og:image\" content=\"https:\/\/milesopedia.com\/wp-content\/uploads\/2020\/06\/stack-featured.jpg\" \/>\n\t<meta property=\"og:image:width\" content=\"1600\" \/>\n\t<meta property=\"og:image:height\" content=\"840\" \/>\n\t<meta property=\"og:image:type\" content=\"image\/jpeg\" \/>\n<meta name=\"twitter:card\" content=\"summary_large_image\" \/>\n<meta name=\"twitter:site\" content=\"@milesopedia\" \/>\n<script type=\"application\/ld+json\" class=\"yoast-schema-graph\">{\"@context\":\"https:\\\/\\\/schema.org\",\"@graph\":[{\"@type\":\"WebPage\",\"@id\":\"https:\\\/\\\/milesopedia.com\\\/en\\\/cards\\\/stack\\\/\",\"url\":\"https:\\\/\\\/milesopedia.com\\\/en\\\/cards\\\/stack\\\/\",\"name\":\"STACK Prepaid card with no fees Stack | Canada | Milesopedia\",\"isPartOf\":{\"@id\":\"https:\\\/\\\/milesopedia.com\\\/en\\\/#website\"},\"primaryImageOfPage\":{\"@id\":\"https:\\\/\\\/milesopedia.com\\\/en\\\/cards\\\/stack\\\/#primaryimage\"},\"image\":{\"@id\":\"https:\\\/\\\/milesopedia.com\\\/en\\\/cards\\\/stack\\\/#primaryimage\"},\"thumbnailUrl\":\"https:\\\/\\\/milesopedia.com\\\/wp-content\\\/uploads\\\/2020\\\/06\\\/stack-featured.jpg\",\"datePublished\":\"2020-06-29T03:29:00+00:00\",\"dateModified\":\"2026-04-01T18:31:57+00:00\",\"description\":\"Here is the offer of the Stack Prepaid Mastercard, a prepaid card with no foreign exchange fees and no monthly fees! Ideal for saving money abroad!\",\"inLanguage\":\"en-CA\",\"potentialAction\":[{\"@type\":\"ReadAction\",\"target\":[\"https:\\\/\\\/milesopedia.com\\\/en\\\/cards\\\/stack\\\/\"]}]},{\"@type\":\"ImageObject\",\"inLanguage\":\"en-CA\",\"@id\":\"https:\\\/\\\/milesopedia.com\\\/en\\\/cards\\\/stack\\\/#primaryimage\",\"url\":\"https:\\\/\\\/milesopedia.com\\\/wp-content\\\/uploads\\\/2020\\\/06\\\/stack-featured.jpg\",\"contentUrl\":\"https:\\\/\\\/milesopedia.com\\\/wp-content\\\/uploads\\\/2020\\\/06\\\/stack-featured.jpg\",\"width\":1600,\"height\":840,\"caption\":\"Stack Featured\"},{\"@type\":\"WebSite\",\"@id\":\"https:\\\/\\\/milesopedia.com\\\/en\\\/#website\",\"url\":\"https:\\\/\\\/milesopedia.com\\\/en\\\/\",\"name\":\"Milesopedia\",\"description\":\"Programmes de fid\u00e9lit\u00e9 et cartes de cr\u00e9dit au Canada\",\"publisher\":{\"@id\":\"https:\\\/\\\/milesopedia.com\\\/en\\\/#organization\"},\"potentialAction\":[{\"@type\":\"SearchAction\",\"target\":{\"@type\":\"EntryPoint\",\"urlTemplate\":\"https:\\\/\\\/milesopedia.com\\\/en\\\/?s={search_term_string}\"},\"query-input\":{\"@type\":\"PropertyValueSpecification\",\"valueRequired\":true,\"valueName\":\"search_term_string\"}}],\"inLanguage\":\"en-CA\"},{\"@type\":\"Organization\",\"@id\":\"https:\\\/\\\/milesopedia.com\\\/en\\\/#organization\",\"name\":\"Milesopedia Canada\",\"alternateName\":\"Milesopedia\",\"url\":\"https:\\\/\\\/milesopedia.com\\\/en\\\/\",\"logo\":{\"@type\":\"ImageObject\",\"inLanguage\":\"en-CA\",\"@id\":\"https:\\\/\\\/milesopedia.com\\\/en\\\/#\\\/schema\\\/logo\\\/image\\\/\",\"url\":\"https:\\\/\\\/milesopedia.com\\\/wp-content\\\/uploads\\\/2023\\\/01\\\/MILESOPEDIA-logo-cmjn-black-V3@4x.png\",\"contentUrl\":\"https:\\\/\\\/milesopedia.com\\\/wp-content\\\/uploads\\\/2023\\\/01\\\/MILESOPEDIA-logo-cmjn-black-V3@4x.png\",\"width\":1600,\"height\":261,\"caption\":\"Milesopedia Canada\"},\"image\":{\"@id\":\"https:\\\/\\\/milesopedia.com\\\/en\\\/#\\\/schema\\\/logo\\\/image\\\/\"},\"sameAs\":[\"https:\\\/\\\/www.facebook.com\\\/milesopedia\",\"https:\\\/\\\/x.com\\\/milesopedia\",\"https:\\\/\\\/www.linkedin.com\\\/company\\\/milesopedia\",\"https:\\\/\\\/www.tiktok.com\\\/@milesopedia\",\"https:\\\/\\\/www.youtube.com\\\/milesopedia\"]}]}<\/script>\n<!-- \/ Yoast SEO Premium plugin. -->","yoast_head_json":{"title":"STACK Prepaid card with no fees Stack | Canada | Milesopedia","description":"Here is the offer of the Stack Prepaid Mastercard, a prepaid card with no foreign exchange fees and no monthly fees! Ideal for saving money abroad!","robots":{"index":"index","follow":"follow","max-snippet":"max-snippet:-1","max-image-preview":"max-image-preview:large","max-video-preview":"max-video-preview:-1"},"canonical":"https:\/\/milesopedia.com\/en\/cards\/stack\/","og_locale":"en_US","og_type":"article","og_title":"Stack","og_description":"Here is the offer of the Stack Prepaid Mastercard, a prepaid card with no foreign exchange fees and no monthly fees! Ideal for saving money abroad!","og_url":"https:\/\/milesopedia.com\/en\/cards\/stack\/","og_site_name":"Milesopedia","article_publisher":"https:\/\/www.facebook.com\/milesopedia","article_modified_time":"2026-04-01T18:31:57+00:00","og_image":[{"width":1600,"height":840,"url":"https:\/\/milesopedia.com\/wp-content\/uploads\/2020\/06\/stack-featured.jpg","type":"image\/jpeg"}],"twitter_card":"summary_large_image","twitter_site":"@milesopedia","schema":{"@context":"https:\/\/schema.org","@graph":[{"@type":"WebPage","@id":"https:\/\/milesopedia.com\/en\/cards\/stack\/","url":"https:\/\/milesopedia.com\/en\/cards\/stack\/","name":"STACK Prepaid card with no fees Stack | Canada | Milesopedia","isPartOf":{"@id":"https:\/\/milesopedia.com\/en\/#website"},"primaryImageOfPage":{"@id":"https:\/\/milesopedia.com\/en\/cards\/stack\/#primaryimage"},"image":{"@id":"https:\/\/milesopedia.com\/en\/cards\/stack\/#primaryimage"},"thumbnailUrl":"https:\/\/milesopedia.com\/wp-content\/uploads\/2020\/06\/stack-featured.jpg","datePublished":"2020-06-29T03:29:00+00:00","dateModified":"2026-04-01T18:31:57+00:00","description":"Here is the offer of the Stack Prepaid Mastercard, a prepaid card with no foreign exchange fees and no monthly fees! Ideal for saving money abroad!","inLanguage":"en-CA","potentialAction":[{"@type":"ReadAction","target":["https:\/\/milesopedia.com\/en\/cards\/stack\/"]}]},{"@type":"ImageObject","inLanguage":"en-CA","@id":"https:\/\/milesopedia.com\/en\/cards\/stack\/#primaryimage","url":"https:\/\/milesopedia.com\/wp-content\/uploads\/2020\/06\/stack-featured.jpg","contentUrl":"https:\/\/milesopedia.com\/wp-content\/uploads\/2020\/06\/stack-featured.jpg","width":1600,"height":840,"caption":"Stack Featured"},{"@type":"WebSite","@id":"https:\/\/milesopedia.com\/en\/#website","url":"https:\/\/milesopedia.com\/en\/","name":"Milesopedia","description":"Programmes de fid\u00e9lit\u00e9 et cartes de cr\u00e9dit au Canada","publisher":{"@id":"https:\/\/milesopedia.com\/en\/#organization"},"potentialAction":[{"@type":"SearchAction","target":{"@type":"EntryPoint","urlTemplate":"https:\/\/milesopedia.com\/en\/?s={search_term_string}"},"query-input":{"@type":"PropertyValueSpecification","valueRequired":true,"valueName":"search_term_string"}}],"inLanguage":"en-CA"},{"@type":"Organization","@id":"https:\/\/milesopedia.com\/en\/#organization","name":"Milesopedia Canada","alternateName":"Milesopedia","url":"https:\/\/milesopedia.com\/en\/","logo":{"@type":"ImageObject","inLanguage":"en-CA","@id":"https:\/\/milesopedia.com\/en\/#\/schema\/logo\/image\/","url":"https:\/\/milesopedia.com\/wp-content\/uploads\/2023\/01\/MILESOPEDIA-logo-cmjn-black-V3@4x.png","contentUrl":"https:\/\/milesopedia.com\/wp-content\/uploads\/2023\/01\/MILESOPEDIA-logo-cmjn-black-V3@4x.png","width":1600,"height":261,"caption":"Milesopedia Canada"},"image":{"@id":"https:\/\/milesopedia.com\/en\/#\/schema\/logo\/image\/"},"sameAs":["https:\/\/www.facebook.com\/milesopedia","https:\/\/x.com\/milesopedia","https:\/\/www.linkedin.com\/company\/milesopedia","https:\/\/www.tiktok.com\/@milesopedia","https:\/\/www.youtube.com\/milesopedia"]}]}},"_links":{"self":[{"href":"https:\/\/milesopedia.com\/en\/wp-json\/wp\/v2\/pages\/207324","targetHints":{"allow":["GET"]}}],"collection":[{"href":"https:\/\/milesopedia.com\/en\/wp-json\/wp\/v2\/pages"}],"about":[{"href":"https:\/\/milesopedia.com\/en\/wp-json\/wp\/v2\/types\/page"}],"author":[{"embeddable":true,"href":"https:\/\/milesopedia.com\/en\/wp-json\/wp\/v2\/users\/3"}],"replies":[{"embeddable":true,"href":"https:\/\/milesopedia.com\/en\/wp-json\/wp\/v2\/comments?post=207324"}],"version-history":[{"count":1,"href":"https:\/\/milesopedia.com\/en\/wp-json\/wp\/v2\/pages\/207324\/revisions"}],"predecessor-version":[{"id":434712,"href":"https:\/\/milesopedia.com\/en\/wp-json\/wp\/v2\/pages\/207324\/revisions\/434712"}],"up":[{"embeddable":true,"href":"https:\/\/milesopedia.com\/en\/wp-json\/wp\/v2\/pages\/207239"}],"wp:featuredmedia":[{"embeddable":true,"href":"https:\/\/milesopedia.com\/en\/wp-json\/wp\/v2\/media\/86792"}],"wp:attachment":[{"href":"https:\/\/milesopedia.com\/en\/wp-json\/wp\/v2\/media?parent=207324"}],"wp:term":[{"taxonomy":"post_tag","embeddable":true,"href":"https:\/\/milesopedia.com\/en\/wp-json\/wp\/v2\/tags?post=207324"},{"taxonomy":"mc_loyalty_program","embeddable":true,"href":"https:\/\/milesopedia.com\/en\/wp-json\/wp\/v2\/mc_loyalty_program?post=207324"}],"curies":[{"name":"wp","href":"https:\/\/api.w.org\/{rel}","templated":true}]}}