{"id":173931,"date":"2024-05-21T00:15:00","date_gmt":"2024-05-21T04:15:00","guid":{"rendered":"https:\/\/milesopedia.com\/?post_type=comparator&#038;p=173931"},"modified":"2026-04-01T14:32:27","modified_gmt":"2026-04-01T18:32:27","slug":"compare-home-insurance","status":"publish","type":"page","link":"https:\/\/milesopedia.com\/en\/compare-home-insurance\/","title":{"rendered":"Compare home insurance in Canada"},"content":{"rendered":"<div class=\"wpb-content-wrapper\"><p>[vc_row][vc_column]<div class=\"wpb_content_element wpb_miles_element\">\t\t<div\n\t\t\t\tdata-template='l'\n\t\t\t\tdata-post_type='post'\n\t\t\t\tdata-per_page='4'\n\t\t\t\tclass='deferred_container--preload container_post container_template--l container_count--1'\n\n\t\t\t\t\t\t\t\t\tdata-tag=\"post_id\"\n\t\t\t\t\t\t\tdata-post_ids=\"175447\"\n\t\t\t\t\t\t\t>\n\t\t<article class=\"post-preview\">\n\n    <div class=\"post-preview-thumbnail\">\n\t    <div class=\"shimmer shimmer-dark shimmer-image\"><\/div>\n    <\/div>\n\n    <div class=\"post-preview-content shimmer-post-preview-content\">\n        <div class=\"simmer-bar-group\">\n            <div class=\"shimmer shimmer-dark shimmer-bar\"><\/div>\n            <div class=\"shimmer shimmer-dark shimmer-bar\"><\/div>\n            <div class=\"shimmer shimmer-dark shimmer-bar\"><\/div>\n        <\/div>\n\n    <\/div>\n<\/article>\t\t<\/div>\n\n\t\t<\/div><div class=\"wpb_content_element wpb_miles_element\">\t\t<div\n\t\t\t\tdata-template='m'\n\t\t\t\tdata-post_type='post'\n\t\t\t\tdata-per_page='12'\n\t\t\t\tclass='deferred_container--preload container_post container_template--m container_count--12 container_count--lots'\n\n\t\t\t\t\t\t\t\t\tdata-tag=\"post_id\"\n\t\t\t\t\t\t\tdata-post_ids=\"179990,179984,179978,179969,179753,210622,179994,179973,179962,179998,210617,210618\"\n\t\t\t\t\t\t\t>\n\t\t<article class=\"post-preview\">\n\n<div class=\"post-preview-thumbnail\">\n\t<div class=\"shimmer shimmer-image\"><\/div>\n<\/div>\n\n<div class=\"post-preview-content\" style=\"top: 1em;\">\n\t<div class=\"simmer-bar-group\">\n\t\t<div class=\"shimmer shimmer-bar\"><\/div>\n\t\t<div class=\"shimmer shimmer-bar\"><\/div>\n\t\t<div class=\"shimmer shimmer-bar\"><\/div>\n\t<\/div>\n<\/div>\n<\/article><article class=\"post-preview\">\n\n<div class=\"post-preview-thumbnail\">\n\t<div class=\"shimmer shimmer-image\"><\/div>\n<\/div>\n\n<div class=\"post-preview-content\" style=\"top: 1em;\">\n\t<div class=\"simmer-bar-group\">\n\t\t<div class=\"shimmer shimmer-bar\"><\/div>\n\t\t<div class=\"shimmer shimmer-bar\"><\/div>\n\t\t<div class=\"shimmer shimmer-bar\"><\/div>\n\t<\/div>\n<\/div>\n<\/article><article class=\"post-preview\">\n\n<div class=\"post-preview-thumbnail\">\n\t<div class=\"shimmer shimmer-image\"><\/div>\n<\/div>\n\n<div class=\"post-preview-content\" style=\"top: 1em;\">\n\t<div class=\"simmer-bar-group\">\n\t\t<div class=\"shimmer shimmer-bar\"><\/div>\n\t\t<div class=\"shimmer shimmer-bar\"><\/div>\n\t\t<div class=\"shimmer shimmer-bar\"><\/div>\n\t<\/div>\n<\/div>\n<\/article><article class=\"post-preview\">\n\n<div class=\"post-preview-thumbnail\">\n\t<div class=\"shimmer shimmer-image\"><\/div>\n<\/div>\n\n<div class=\"post-preview-content\" style=\"top: 1em;\">\n\t<div class=\"simmer-bar-group\">\n\t\t<div class=\"shimmer shimmer-bar\"><\/div>\n\t\t<div class=\"shimmer shimmer-bar\"><\/div>\n\t\t<div class=\"shimmer shimmer-bar\"><\/div>\n\t<\/div>\n<\/div>\n<\/article><article class=\"post-preview\">\n\n<div class=\"post-preview-thumbnail\">\n\t<div class=\"shimmer shimmer-image\"><\/div>\n<\/div>\n\n<div class=\"post-preview-content\" style=\"top: 1em;\">\n\t<div class=\"simmer-bar-group\">\n\t\t<div class=\"shimmer shimmer-bar\"><\/div>\n\t\t<div class=\"shimmer shimmer-bar\"><\/div>\n\t\t<div class=\"shimmer shimmer-bar\"><\/div>\n\t<\/div>\n<\/div>\n<\/article><article class=\"post-preview\">\n\n<div class=\"post-preview-thumbnail\">\n\t<div class=\"shimmer shimmer-image\"><\/div>\n<\/div>\n\n<div class=\"post-preview-content\" style=\"top: 1em;\">\n\t<div class=\"simmer-bar-group\">\n\t\t<div class=\"shimmer shimmer-bar\"><\/div>\n\t\t<div class=\"shimmer shimmer-bar\"><\/div>\n\t\t<div class=\"shimmer shimmer-bar\"><\/div>\n\t<\/div>\n<\/div>\n<\/article><article class=\"post-preview\">\n\n<div class=\"post-preview-thumbnail\">\n\t<div class=\"shimmer shimmer-image\"><\/div>\n<\/div>\n\n<div class=\"post-preview-content\" style=\"top: 1em;\">\n\t<div class=\"simmer-bar-group\">\n\t\t<div class=\"shimmer shimmer-bar\"><\/div>\n\t\t<div class=\"shimmer shimmer-bar\"><\/div>\n\t\t<div class=\"shimmer shimmer-bar\"><\/div>\n\t<\/div>\n<\/div>\n<\/article><article class=\"post-preview\">\n\n<div class=\"post-preview-thumbnail\">\n\t<div class=\"shimmer shimmer-image\"><\/div>\n<\/div>\n\n<div class=\"post-preview-content\" style=\"top: 1em;\">\n\t<div class=\"simmer-bar-group\">\n\t\t<div class=\"shimmer shimmer-bar\"><\/div>\n\t\t<div class=\"shimmer shimmer-bar\"><\/div>\n\t\t<div class=\"shimmer shimmer-bar\"><\/div>\n\t<\/div>\n<\/div>\n<\/article><article class=\"post-preview\">\n\n<div class=\"post-preview-thumbnail\">\n\t<div class=\"shimmer shimmer-image\"><\/div>\n<\/div>\n\n<div class=\"post-preview-content\" style=\"top: 1em;\">\n\t<div class=\"simmer-bar-group\">\n\t\t<div class=\"shimmer shimmer-bar\"><\/div>\n\t\t<div class=\"shimmer shimmer-bar\"><\/div>\n\t\t<div class=\"shimmer shimmer-bar\"><\/div>\n\t<\/div>\n<\/div>\n<\/article><article class=\"post-preview\">\n\n<div class=\"post-preview-thumbnail\">\n\t<div class=\"shimmer shimmer-image\"><\/div>\n<\/div>\n\n<div class=\"post-preview-content\" style=\"top: 1em;\">\n\t<div class=\"simmer-bar-group\">\n\t\t<div class=\"shimmer shimmer-bar\"><\/div>\n\t\t<div class=\"shimmer shimmer-bar\"><\/div>\n\t\t<div class=\"shimmer shimmer-bar\"><\/div>\n\t<\/div>\n<\/div>\n<\/article><article class=\"post-preview\">\n\n<div class=\"post-preview-thumbnail\">\n\t<div class=\"shimmer shimmer-image\"><\/div>\n<\/div>\n\n<div class=\"post-preview-content\" style=\"top: 1em;\">\n\t<div class=\"simmer-bar-group\">\n\t\t<div class=\"shimmer shimmer-bar\"><\/div>\n\t\t<div class=\"shimmer shimmer-bar\"><\/div>\n\t\t<div class=\"shimmer shimmer-bar\"><\/div>\n\t<\/div>\n<\/div>\n<\/article><article class=\"post-preview\">\n\n<div class=\"post-preview-thumbnail\">\n\t<div class=\"shimmer shimmer-image\"><\/div>\n<\/div>\n\n<div class=\"post-preview-content\" style=\"top: 1em;\">\n\t<div class=\"simmer-bar-group\">\n\t\t<div class=\"shimmer shimmer-bar\"><\/div>\n\t\t<div class=\"shimmer shimmer-bar\"><\/div>\n\t\t<div class=\"shimmer shimmer-bar\"><\/div>\n\t<\/div>\n<\/div>\n<\/article>\t\t<\/div>\n\n\t\t<\/div>[\/vc_column][\/vc_row][vc_row][vc_column el_class=&#8221;faq&#8221;][vc_custom_heading text=&#8221;Frequently asked questions about home insurance in Canada&#8221; css=&#8221;&#8221; el_id=&#8221;frequently_asked_questions_about_home_insurance_in_canada&#8221;][vc_toggle title=&#8221;What does home insurance generally cover in Canada?&#8221; open=&#8221;true&#8221; css=&#8221;&#8221;]<\/p>\n<p>Home insurance in Canada generally covers damage to your home caused by risks such as fires, theft, vandalism, and natural disasters. It also includes liability coverage in case of injury or damage caused to third parties on your property. <\/p>\n<p>[\/vc_toggle][vc_toggle title=&#8221;Is home insurance mandatory in Canada?&#8221; open=&#8221;true&#8221; css=&#8221;&#8221;]<\/p>\n<p>Home insurance is not required by law in Canada. However, it is highly recommended and often required by mortgage lenders to protect their investment.<\/p>\n<p>[\/vc_toggle][vc_toggle title=&#8221;How do I determine the value of my home for home insurance purposes?&#8221; open=&#8221;true&#8221; css=&#8221;&#8221;]<\/p>\n<p>To determine the value of your home, you need to consider the cost of rebuilding it to new in the event of a total loss, not its current market value. A professional appraiser or your insurance company can help you estimate this cost.<\/p>\n<p>[\/vc_toggle][vc_toggle title=&#8221;What is third-party liability in a home insurance policy?&#8221; open=&#8221;true&#8221; css=&#8221;&#8221;]<\/p>\n<p>Liability coverage in a home insurance policy covers legal costs and compensation if someone is injured on your property or if you cause property damage to others. This includes medical expenses, repairs, and associated legal costs. <\/p>\n<p>[\/vc_toggle][vc_toggle title=&#8221;What should I do in the event of a loss to file a claim with my insurer?&#8221; open=&#8221;true&#8221; css=&#8221;&#8221;]<\/p>\n<p>In the event of a claim, contact your insurance company as soon as possible to report the incident. Prepare the necessary documents such as proof of ownership, photos of damage, and police reports if applicable. Follow your insurer&#8217;s instructions to complete the claims process.<\/p>\n<p>[\/vc_toggle][vc_toggle title=&#8221;How is the premium for home insurance calculated in Canada?&#8221; open=&#8221;true&#8221; css=&#8221;&#8221;]<\/p>\n<p>To calculate the premium for <a class=\"wpil_keyword_link\" href=\"https:\/\/milesopedia.com\/en\/finances-personnelles\/assurances\/home-insurance-know-how-canada\/\" title=\"Guide to Home Insurance in Canada: Everything You Need to Know\" data-wpil-keyword-link=\"linked\" data-wpil-monitor-id=\"1453\">home insurance<\/a>, the insurance company will rely on various factors such as:<\/p>\n<ul>\n<li>Location<\/li>\n<li>Type of construction<\/li>\n<li>Electricity<\/li>\n<li>Heating<\/li>\n<li>Redemption<\/li>\n<li>Value of personal effects<\/li>\n<li>Security<\/li>\n<li>Swimming Pool<\/li>\n<li>And more!<\/li>\n<\/ul>\n<p>[\/vc_toggle][vc_toggle title=&#8221;Where can you buy home insurance in Canada?&#8221; open=&#8221;true&#8221; css=&#8221;&#8221;]<\/p>\n<p>You can get home insurance online, by phone, or directly through your insurance broker. Take the time to <a title=\"Compare Home Insurance\" href=\"https:\/\/milesopedia.com\/en\/go\/compare-home-insurance\/\" rel=\"noindex\">compare different home insurance policies<\/a> before you decide, to get the best price.<\/p>\n<p>[\/vc_toggle][vc_toggle title=&#8221;How to cancel home insurance in Canada?&#8221; open=&#8221;true&#8221; css=&#8221;&#8221;]<\/p>\n<p>You can cancel your home insurance contract by writing a letter to your insurer. Make sure you respect the notice period stipulated in your contract. Also, if you have prepaid your <a class=\"wpil_keyword_link\" href=\"https:\/\/milesopedia.com\/en\/guide\/tutorials\/negotiate-annual-contribution-credit-card\/\" title=\"Negotiate your annual credit card fee\" data-wpil-keyword-link=\"linked\" data-wpil-monitor-id=\"1454\">premium<\/a> for a year, you should be able to obtain a pro-rated refund.<\/p>\n<p>[\/vc_toggle][\/vc_column][\/vc_row]<\/p>\n<\/div>","protected":false},"excerpt":{"rendered":"<p>[vc_row][vc_column][\/vc_column][\/vc_row][vc_row][vc_column el_class=&#8221;faq&#8221;][vc_custom_heading text=&#8221;Frequently asked questions about home insurance in Canada&#8221; css=&#8221;&#8221; el_id=&#8221;frequently_asked_questions_about_home_insurance_in_canada&#8221;][vc_toggle title=&#8221;What does home insurance generally cover in Canada?&#8221; open=&#8221;true&#8221; css=&#8221;&#8221;] Home insurance in Canada generally covers damage to your home caused by risks such as fires, theft, vandalism, and natural disasters. It also includes liability coverage in case of injury or damage caused [&hellip;]<\/p>","protected":false},"author":3,"featured_media":0,"parent":0,"menu_order":0,"comment_status":"closed","ping_status":"closed","template":"page-landing.php","meta":{"_acf_changed":false,"_relevanssi_hide_post":"","_relevanssi_hide_content":"","_relevanssi_pin_for_all":"","_relevanssi_pin_keywords":"","_relevanssi_unpin_keywords":"","_relevanssi_related_keywords":"","_relevanssi_related_include_ids":"","_relevanssi_related_exclude_ids":"","_relevanssi_related_no_append":"","_relevanssi_related_not_related":"","_relevanssi_related_posts":"","_relevanssi_noindex_reason":"","footnotes":""},"tags":[],"mc_loyalty_program":[],"class_list":["post-173931","page","type-page","status-publish","hentry"],"acf":[],"yoast_head":"<!-- This site is optimized with the Yoast SEO Premium plugin v27.4 (Yoast SEO v27.4) - https:\/\/yoast.com\/product\/yoast-seo-premium-wordpress\/ -->\n<title>Compare home insurance in Canada | Milesopedia<\/title>\n<meta name=\"description\" content=\"Compare the best home insurance in Canada and protect your home at a lower cost. Find the right cover for you!\" \/>\n<meta name=\"robots\" content=\"index, follow, max-snippet:-1, max-image-preview:large, max-video-preview:-1\" \/>\n<link rel=\"canonical\" href=\"https:\/\/milesopedia.com\/en\/compare-home-insurance\/\" \/>\n<meta property=\"og:locale\" content=\"en_US\" \/>\n<meta property=\"og:type\" content=\"article\" \/>\n<meta property=\"og:title\" content=\"Compare home insurance in Canada\" \/>\n<meta property=\"og:description\" content=\"Compare the best home insurance in Canada and protect your home at a lower cost. Find the right cover for you!\" \/>\n<meta property=\"og:url\" content=\"https:\/\/milesopedia.com\/en\/compare-home-insurance\/\" \/>\n<meta property=\"og:site_name\" content=\"Milesopedia\" \/>\n<meta property=\"article:publisher\" content=\"https:\/\/www.facebook.com\/milesopedia\" \/>\n<meta property=\"article:modified_time\" content=\"2026-04-01T18:32:27+00:00\" \/>\n<meta name=\"twitter:card\" content=\"summary_large_image\" \/>\n<meta name=\"twitter:site\" content=\"@milesopedia\" \/>\n<script type=\"application\/ld+json\" class=\"yoast-schema-graph\">{\"@context\":\"https:\\\/\\\/schema.org\",\"@graph\":[{\"@type\":\"WebPage\",\"@id\":\"https:\\\/\\\/milesopedia.com\\\/en\\\/compare-home-insurance\\\/\",\"url\":\"https:\\\/\\\/milesopedia.com\\\/en\\\/compare-home-insurance\\\/\",\"name\":\"Compare home insurance in Canada | Milesopedia\",\"isPartOf\":{\"@id\":\"https:\\\/\\\/milesopedia.com\\\/en\\\/#website\"},\"datePublished\":\"2024-05-21T04:15:00+00:00\",\"dateModified\":\"2026-04-01T18:32:27+00:00\",\"description\":\"Compare the best home insurance in Canada and protect your home at a lower cost. Find the right cover for you!\",\"inLanguage\":\"en-CA\",\"potentialAction\":[{\"@type\":\"ReadAction\",\"target\":[\"https:\\\/\\\/milesopedia.com\\\/en\\\/compare-home-insurance\\\/\"]}]},{\"@type\":\"WebSite\",\"@id\":\"https:\\\/\\\/milesopedia.com\\\/en\\\/#website\",\"url\":\"https:\\\/\\\/milesopedia.com\\\/en\\\/\",\"name\":\"Milesopedia\",\"description\":\"Programmes de fid\u00e9lit\u00e9 et cartes de cr\u00e9dit au Canada\",\"publisher\":{\"@id\":\"https:\\\/\\\/milesopedia.com\\\/en\\\/#organization\"},\"potentialAction\":[{\"@type\":\"SearchAction\",\"target\":{\"@type\":\"EntryPoint\",\"urlTemplate\":\"https:\\\/\\\/milesopedia.com\\\/en\\\/?s={search_term_string}\"},\"query-input\":{\"@type\":\"PropertyValueSpecification\",\"valueRequired\":true,\"valueName\":\"search_term_string\"}}],\"inLanguage\":\"en-CA\"},{\"@type\":\"Organization\",\"@id\":\"https:\\\/\\\/milesopedia.com\\\/en\\\/#organization\",\"name\":\"Milesopedia Canada\",\"alternateName\":\"Milesopedia\",\"url\":\"https:\\\/\\\/milesopedia.com\\\/en\\\/\",\"logo\":{\"@type\":\"ImageObject\",\"inLanguage\":\"en-CA\",\"@id\":\"https:\\\/\\\/milesopedia.com\\\/en\\\/#\\\/schema\\\/logo\\\/image\\\/\",\"url\":\"https:\\\/\\\/milesopedia.com\\\/wp-content\\\/uploads\\\/2023\\\/01\\\/MILESOPEDIA-logo-cmjn-black-V3@4x.png\",\"contentUrl\":\"https:\\\/\\\/milesopedia.com\\\/wp-content\\\/uploads\\\/2023\\\/01\\\/MILESOPEDIA-logo-cmjn-black-V3@4x.png\",\"width\":1600,\"height\":261,\"caption\":\"Milesopedia Canada\"},\"image\":{\"@id\":\"https:\\\/\\\/milesopedia.com\\\/en\\\/#\\\/schema\\\/logo\\\/image\\\/\"},\"sameAs\":[\"https:\\\/\\\/www.facebook.com\\\/milesopedia\",\"https:\\\/\\\/x.com\\\/milesopedia\",\"https:\\\/\\\/www.linkedin.com\\\/company\\\/milesopedia\",\"https:\\\/\\\/www.tiktok.com\\\/@milesopedia\",\"https:\\\/\\\/www.youtube.com\\\/milesopedia\"]}]}<\/script>\n<!-- \/ Yoast SEO Premium plugin. -->","yoast_head_json":{"title":"Compare home insurance in Canada | Milesopedia","description":"Compare the best home insurance in Canada and protect your home at a lower cost. Find the right cover for you!","robots":{"index":"index","follow":"follow","max-snippet":"max-snippet:-1","max-image-preview":"max-image-preview:large","max-video-preview":"max-video-preview:-1"},"canonical":"https:\/\/milesopedia.com\/en\/compare-home-insurance\/","og_locale":"en_US","og_type":"article","og_title":"Compare home insurance in Canada","og_description":"Compare the best home insurance in Canada and protect your home at a lower cost. Find the right cover for you!","og_url":"https:\/\/milesopedia.com\/en\/compare-home-insurance\/","og_site_name":"Milesopedia","article_publisher":"https:\/\/www.facebook.com\/milesopedia","article_modified_time":"2026-04-01T18:32:27+00:00","twitter_card":"summary_large_image","twitter_site":"@milesopedia","schema":{"@context":"https:\/\/schema.org","@graph":[{"@type":"WebPage","@id":"https:\/\/milesopedia.com\/en\/compare-home-insurance\/","url":"https:\/\/milesopedia.com\/en\/compare-home-insurance\/","name":"Compare home insurance in Canada | Milesopedia","isPartOf":{"@id":"https:\/\/milesopedia.com\/en\/#website"},"datePublished":"2024-05-21T04:15:00+00:00","dateModified":"2026-04-01T18:32:27+00:00","description":"Compare the best home insurance in Canada and protect your home at a lower cost. Find the right cover for you!","inLanguage":"en-CA","potentialAction":[{"@type":"ReadAction","target":["https:\/\/milesopedia.com\/en\/compare-home-insurance\/"]}]},{"@type":"WebSite","@id":"https:\/\/milesopedia.com\/en\/#website","url":"https:\/\/milesopedia.com\/en\/","name":"Milesopedia","description":"Programmes de fid\u00e9lit\u00e9 et cartes de cr\u00e9dit au Canada","publisher":{"@id":"https:\/\/milesopedia.com\/en\/#organization"},"potentialAction":[{"@type":"SearchAction","target":{"@type":"EntryPoint","urlTemplate":"https:\/\/milesopedia.com\/en\/?s={search_term_string}"},"query-input":{"@type":"PropertyValueSpecification","valueRequired":true,"valueName":"search_term_string"}}],"inLanguage":"en-CA"},{"@type":"Organization","@id":"https:\/\/milesopedia.com\/en\/#organization","name":"Milesopedia Canada","alternateName":"Milesopedia","url":"https:\/\/milesopedia.com\/en\/","logo":{"@type":"ImageObject","inLanguage":"en-CA","@id":"https:\/\/milesopedia.com\/en\/#\/schema\/logo\/image\/","url":"https:\/\/milesopedia.com\/wp-content\/uploads\/2023\/01\/MILESOPEDIA-logo-cmjn-black-V3@4x.png","contentUrl":"https:\/\/milesopedia.com\/wp-content\/uploads\/2023\/01\/MILESOPEDIA-logo-cmjn-black-V3@4x.png","width":1600,"height":261,"caption":"Milesopedia Canada"},"image":{"@id":"https:\/\/milesopedia.com\/en\/#\/schema\/logo\/image\/"},"sameAs":["https:\/\/www.facebook.com\/milesopedia","https:\/\/x.com\/milesopedia","https:\/\/www.linkedin.com\/company\/milesopedia","https:\/\/www.tiktok.com\/@milesopedia","https:\/\/www.youtube.com\/milesopedia"]}]}},"_links":{"self":[{"href":"https:\/\/milesopedia.com\/en\/wp-json\/wp\/v2\/pages\/173931","targetHints":{"allow":["GET"]}}],"collection":[{"href":"https:\/\/milesopedia.com\/en\/wp-json\/wp\/v2\/pages"}],"about":[{"href":"https:\/\/milesopedia.com\/en\/wp-json\/wp\/v2\/types\/page"}],"author":[{"embeddable":true,"href":"https:\/\/milesopedia.com\/en\/wp-json\/wp\/v2\/users\/3"}],"replies":[{"embeddable":true,"href":"https:\/\/milesopedia.com\/en\/wp-json\/wp\/v2\/comments?post=173931"}],"version-history":[{"count":3,"href":"https:\/\/milesopedia.com\/en\/wp-json\/wp\/v2\/pages\/173931\/revisions"}],"predecessor-version":[{"id":490212,"href":"https:\/\/milesopedia.com\/en\/wp-json\/wp\/v2\/pages\/173931\/revisions\/490212"}],"wp:attachment":[{"href":"https:\/\/milesopedia.com\/en\/wp-json\/wp\/v2\/media?parent=173931"}],"wp:term":[{"taxonomy":"post_tag","embeddable":true,"href":"https:\/\/milesopedia.com\/en\/wp-json\/wp\/v2\/tags?post=173931"},{"taxonomy":"mc_loyalty_program","embeddable":true,"href":"https:\/\/milesopedia.com\/en\/wp-json\/wp\/v2\/mc_loyalty_program?post=173931"}],"curies":[{"name":"wp","href":"https:\/\/api.w.org\/{rel}","templated":true}]}}