{"id":148972,"date":"2021-06-15T07:48:00","date_gmt":"2021-06-15T11:48:00","guid":{"rendered":"https:\/\/milesopedia.com\/working-together\/"},"modified":"2026-04-01T14:31:59","modified_gmt":"2026-04-01T18:31:59","slug":"working-together","status":"publish","type":"page","link":"https:\/\/milesopedia.com\/en\/working-together\/","title":{"rendered":"Let&#8217;s Work Together!"},"content":{"rendered":"<div class=\"wpb-content-wrapper\"><p>[vc_row][vc_column][vc_column_text el_class=&#8221;links&#8221;]Milesopedia.com is Canada&#8217;s leading reference on rewards and credit card programs, reaching tens of thousands of travelers every month.<\/p>\n<p>We regularly publish <a href=\"https:\/\/milesopedia.com\/en\/reviews\/\">reviews<\/a> on our experiences:<\/p>\n<ul>\n<li><a href=\"https:\/\/milesopedia.com\/en\/reviews\/hotels\/\">Hotels<\/a><\/li>\n<li><a href=\"https:\/\/milesopedia.com\/en\/guide\/destination\/\">Destinations<\/a><\/li>\n<li><a href=\"https:\/\/milesopedia.com\/en\/reviews\/flights\/\">Airlines<\/a><\/li>\n<li><a href=\"https:\/\/milesopedia.com\/en\/reviews\/airport-lounges\/\">Airport lounges<\/a><\/li>\n<li><a href=\"https:\/\/milesopedia.com\/en\/reviews\/products\/\">Products<\/a><\/li>\n<\/ul>\n<p>Here are some of them:[\/vc_column_text]<div class=\"wpb_content_element wpb_miles_element\">\t\t<div\n\t\t\t\tdata-template='s'\n\t\t\t\tdata-post_type='post'\n\t\t\t\tdata-per_page='4'\n\t\t\t\tclass='deferred_container--preload container_post container_template--s container_count--4'\n\n\t\t\t\t\t\t\t\t\tdata-tag=\"post_tax\"\n\t\t\t\t\t\t\tdata-post_review=\"11489\"\n\t\t\t\t\t\t\t>\n\t\t<article class=\"post-preview\">\n\t<div class=\"post-preview-thumbnail\">\n\t\t<div class=\"shimmer shimmer-image\"><\/div>\n\t<\/div>\n\t<div class=\"post-preview-content\">\n\t\t<div class=\"simmer-bar-group\">\n\t\t\t<div class=\"shimmer shimmer-bar\"><\/div>\n\t\t\t<div class=\"shimmer shimmer-bar\"><\/div>\n\t\t<\/div>\n\t<\/div>\n<\/article><article class=\"post-preview\">\n\t<div class=\"post-preview-thumbnail\">\n\t\t<div class=\"shimmer shimmer-image\"><\/div>\n\t<\/div>\n\t<div class=\"post-preview-content\">\n\t\t<div class=\"simmer-bar-group\">\n\t\t\t<div class=\"shimmer shimmer-bar\"><\/div>\n\t\t\t<div class=\"shimmer shimmer-bar\"><\/div>\n\t\t<\/div>\n\t<\/div>\n<\/article><article class=\"post-preview\">\n\t<div class=\"post-preview-thumbnail\">\n\t\t<div class=\"shimmer shimmer-image\"><\/div>\n\t<\/div>\n\t<div class=\"post-preview-content\">\n\t\t<div class=\"simmer-bar-group\">\n\t\t\t<div class=\"shimmer shimmer-bar\"><\/div>\n\t\t\t<div class=\"shimmer shimmer-bar\"><\/div>\n\t\t<\/div>\n\t<\/div>\n<\/article><article class=\"post-preview\">\n\t<div class=\"post-preview-thumbnail\">\n\t\t<div class=\"shimmer shimmer-image\"><\/div>\n\t<\/div>\n\t<div class=\"post-preview-content\">\n\t\t<div class=\"simmer-bar-group\">\n\t\t\t<div class=\"shimmer shimmer-bar\"><\/div>\n\t\t\t<div class=\"shimmer shimmer-bar\"><\/div>\n\t\t<\/div>\n\t<\/div>\n<\/article>\t\t<\/div>\n\n\t\t\t\t\t<button type=\"button\" class=\"deferred_button\" data-page=\"1\" data-per_page=\"4\">\n\t\t\t\t<i class=\"fas fa-spinner-third fa-spin\"><\/i>\n\t\t\t\tLoad More\t\t\t<\/button>\n\t\t\t<\/div><div class=\"wpb_content_element wpb_miles_element\">\t\t<div\n\t\t\t\tdata-template='s'\n\t\t\t\tdata-post_type='post'\n\t\t\t\tdata-per_page='4'\n\t\t\t\tclass='deferred_container--preload container_post container_template--s container_count--4'\n\n\t\t\t\t\t\t\t\t\tdata-tag=\"post_tax\"\n\t\t\t\t\t\t\tdata-post_review=\"11492\"\n\t\t\t\t\t\t\t>\n\t\t<article class=\"post-preview\">\n\t<div class=\"post-preview-thumbnail\">\n\t\t<div class=\"shimmer shimmer-image\"><\/div>\n\t<\/div>\n\t<div class=\"post-preview-content\">\n\t\t<div class=\"simmer-bar-group\">\n\t\t\t<div class=\"shimmer shimmer-bar\"><\/div>\n\t\t\t<div class=\"shimmer shimmer-bar\"><\/div>\n\t\t<\/div>\n\t<\/div>\n<\/article><article class=\"post-preview\">\n\t<div class=\"post-preview-thumbnail\">\n\t\t<div class=\"shimmer shimmer-image\"><\/div>\n\t<\/div>\n\t<div class=\"post-preview-content\">\n\t\t<div class=\"simmer-bar-group\">\n\t\t\t<div class=\"shimmer shimmer-bar\"><\/div>\n\t\t\t<div class=\"shimmer shimmer-bar\"><\/div>\n\t\t<\/div>\n\t<\/div>\n<\/article><article class=\"post-preview\">\n\t<div class=\"post-preview-thumbnail\">\n\t\t<div class=\"shimmer shimmer-image\"><\/div>\n\t<\/div>\n\t<div class=\"post-preview-content\">\n\t\t<div class=\"simmer-bar-group\">\n\t\t\t<div class=\"shimmer shimmer-bar\"><\/div>\n\t\t\t<div class=\"shimmer shimmer-bar\"><\/div>\n\t\t<\/div>\n\t<\/div>\n<\/article><article class=\"post-preview\">\n\t<div class=\"post-preview-thumbnail\">\n\t\t<div class=\"shimmer shimmer-image\"><\/div>\n\t<\/div>\n\t<div class=\"post-preview-content\">\n\t\t<div class=\"simmer-bar-group\">\n\t\t\t<div class=\"shimmer shimmer-bar\"><\/div>\n\t\t\t<div class=\"shimmer shimmer-bar\"><\/div>\n\t\t<\/div>\n\t<\/div>\n<\/article>\t\t<\/div>\n\n\t\t\t\t\t<button type=\"button\" class=\"deferred_button\" data-page=\"1\" data-per_page=\"4\">\n\t\t\t\t<i class=\"fas fa-spinner-third fa-spin\"><\/i>\n\t\t\t\tLoad More\t\t\t<\/button>\n\t\t\t<\/div>[vc_column_text el_class=&#8221;checkmarks&#8221;]Currently, we accept:<\/p>\n<ul>\n<li><strong>Affiliate partnerships<\/strong>: we specialize in affiliate marketing and do business with many financial institutions, airlines, travel agencies to promote their products on our site<\/li>\n<li><strong>Press trips<\/strong>: if you represent a tourist destination, hotel, business, restaurant, airline or would like us to cover your event on Milesopedia.com, please contact us!<\/li>\n<li><strong>Sponsored content<\/strong>: if you think your product can match Milesopedia&#8217;s brand image and its readers, we could realize sponsored content on our website or via our social networks.<\/li>\n<\/ul>\n<p>Would you like to work with us? Fill in this short form and we will get back to you very soon:[\/vc_column_text][vc_column_text]<\/p>\n<p style=\"text-align: center;\"><iframe loading=\"lazy\" src=\"https:\/\/docs.google.com\/forms\/d\/e\/1FAIpQLSe4mrCZwUOsbwkKIxnkpeVZ2ZaSQ786SYfFW79QsmNGWVHLxA\/viewform?embedded=true&amp;hl=en\" width=\"640\" height=\"1300\" frameborder=\"0\" marginwidth=\"0\" marginheight=\"0\">Loading in progress&#8230;<\/iframe><\/p>\n<p>[\/vc_column_text][\/vc_column][\/vc_row]<\/p>\n<\/div>","protected":false},"excerpt":{"rendered":"<p>[vc_row][vc_column][vc_column_text el_class=&#8221;links&#8221;]Milesopedia.com is Canada&#8217;s leading reference on rewards and credit card programs, reaching tens of thousands of travelers every month. We regularly publish reviews on our experiences: Hotels Destinations Airlines Airport lounges Products Here are some of them:[\/vc_column_text][vc_column_text el_class=&#8221;checkmarks&#8221;]Currently, we accept: Affiliate partnerships: we specialize in affiliate marketing and do business with many financial institutions, [&hellip;]<\/p>","protected":false},"author":3,"featured_media":431974,"parent":0,"menu_order":0,"comment_status":"closed","ping_status":"closed","template":"","meta":{"_acf_changed":false,"_relevanssi_hide_post":"","_relevanssi_hide_content":"","_relevanssi_pin_for_all":"","_relevanssi_pin_keywords":"","_relevanssi_unpin_keywords":"","_relevanssi_related_keywords":"","_relevanssi_related_include_ids":"","_relevanssi_related_exclude_ids":"","_relevanssi_related_no_append":"","_relevanssi_related_not_related":"","_relevanssi_related_posts":"","_relevanssi_noindex_reason":"","footnotes":""},"tags":[],"mc_loyalty_program":[],"class_list":["post-148972","page","type-page","status-publish","has-post-thumbnail","hentry"],"acf":[],"yoast_head":"<!-- This site is optimized with the Yoast SEO Premium plugin v27.3 (Yoast SEO v27.3) - https:\/\/yoast.com\/product\/yoast-seo-premium-wordpress\/ -->\n<title>Let&#039;s Work Together! | Milesopedia<\/title>\n<meta name=\"description\" content=\"Do you want to reach tens of thousands of Canadians with your brand, services or products? Let&#039;s work together!\" \/>\n<meta name=\"robots\" content=\"index, follow, max-snippet:-1, max-image-preview:large, max-video-preview:-1\" \/>\n<link rel=\"canonical\" href=\"https:\/\/milesopedia.com\/en\/working-together\/\" \/>\n<meta property=\"og:locale\" content=\"en_US\" \/>\n<meta property=\"og:type\" content=\"article\" \/>\n<meta property=\"og:title\" content=\"Let&#039;s Work Together!\" \/>\n<meta property=\"og:description\" content=\"Do you want to reach tens of thousands of Canadians with your brand, services or products? Let&#039;s work together!\" \/>\n<meta property=\"og:url\" content=\"https:\/\/milesopedia.com\/en\/working-together\/\" \/>\n<meta property=\"og:site_name\" content=\"Milesopedia\" \/>\n<meta property=\"article:publisher\" content=\"https:\/\/www.facebook.com\/milesopedia\" \/>\n<meta property=\"article:modified_time\" content=\"2026-04-01T18:31:59+00:00\" \/>\n<meta property=\"og:image\" content=\"https:\/\/milesopedia.com\/wp-content\/uploads\/2025\/02\/Ordinateur-1024x538-01-ENG.jpg\" \/>\n\t<meta property=\"og:image:width\" content=\"1024\" \/>\n\t<meta property=\"og:image:height\" content=\"538\" \/>\n\t<meta property=\"og:image:type\" content=\"image\/jpeg\" \/>\n<meta name=\"twitter:card\" content=\"summary_large_image\" \/>\n<meta name=\"twitter:site\" content=\"@milesopedia\" \/>\n<script type=\"application\/ld+json\" class=\"yoast-schema-graph\">{\"@context\":\"https:\\\/\\\/schema.org\",\"@graph\":[{\"@type\":\"WebPage\",\"@id\":\"https:\\\/\\\/milesopedia.com\\\/en\\\/working-together\\\/\",\"url\":\"https:\\\/\\\/milesopedia.com\\\/en\\\/working-together\\\/\",\"name\":\"Let's Work Together! | Milesopedia\",\"isPartOf\":{\"@id\":\"https:\\\/\\\/milesopedia.com\\\/en\\\/#website\"},\"primaryImageOfPage\":{\"@id\":\"https:\\\/\\\/milesopedia.com\\\/en\\\/working-together\\\/#primaryimage\"},\"image\":{\"@id\":\"https:\\\/\\\/milesopedia.com\\\/en\\\/working-together\\\/#primaryimage\"},\"thumbnailUrl\":\"https:\\\/\\\/milesopedia.com\\\/wp-content\\\/uploads\\\/2025\\\/02\\\/Ordinateur-1024x538-01-ENG.jpg\",\"datePublished\":\"2021-06-15T11:48:00+00:00\",\"dateModified\":\"2026-04-01T18:31:59+00:00\",\"description\":\"Do you want to reach tens of thousands of Canadians with your brand, services or products? Let's work together!\",\"inLanguage\":\"en-CA\",\"potentialAction\":[{\"@type\":\"ReadAction\",\"target\":[\"https:\\\/\\\/milesopedia.com\\\/en\\\/working-together\\\/\"]}]},{\"@type\":\"ImageObject\",\"inLanguage\":\"en-CA\",\"@id\":\"https:\\\/\\\/milesopedia.com\\\/en\\\/working-together\\\/#primaryimage\",\"url\":\"https:\\\/\\\/milesopedia.com\\\/wp-content\\\/uploads\\\/2025\\\/02\\\/Ordinateur-1024x538-01-ENG.jpg\",\"contentUrl\":\"https:\\\/\\\/milesopedia.com\\\/wp-content\\\/uploads\\\/2025\\\/02\\\/Ordinateur-1024x538-01-ENG.jpg\",\"width\":1024,\"height\":538,\"caption\":\"Let's Work Together - Milesopedia Computer\"},{\"@type\":\"WebSite\",\"@id\":\"https:\\\/\\\/milesopedia.com\\\/en\\\/#website\",\"url\":\"https:\\\/\\\/milesopedia.com\\\/en\\\/\",\"name\":\"Milesopedia\",\"description\":\"Programmes de fid\u00e9lit\u00e9 et cartes de cr\u00e9dit au Canada\",\"publisher\":{\"@id\":\"https:\\\/\\\/milesopedia.com\\\/en\\\/#organization\"},\"potentialAction\":[{\"@type\":\"SearchAction\",\"target\":{\"@type\":\"EntryPoint\",\"urlTemplate\":\"https:\\\/\\\/milesopedia.com\\\/en\\\/?s={search_term_string}\"},\"query-input\":{\"@type\":\"PropertyValueSpecification\",\"valueRequired\":true,\"valueName\":\"search_term_string\"}}],\"inLanguage\":\"en-CA\"},{\"@type\":\"Organization\",\"@id\":\"https:\\\/\\\/milesopedia.com\\\/en\\\/#organization\",\"name\":\"Milesopedia Canada\",\"alternateName\":\"Milesopedia\",\"url\":\"https:\\\/\\\/milesopedia.com\\\/en\\\/\",\"logo\":{\"@type\":\"ImageObject\",\"inLanguage\":\"en-CA\",\"@id\":\"https:\\\/\\\/milesopedia.com\\\/en\\\/#\\\/schema\\\/logo\\\/image\\\/\",\"url\":\"https:\\\/\\\/milesopedia.com\\\/wp-content\\\/uploads\\\/2023\\\/01\\\/MILESOPEDIA-logo-cmjn-black-V3@4x.png\",\"contentUrl\":\"https:\\\/\\\/milesopedia.com\\\/wp-content\\\/uploads\\\/2023\\\/01\\\/MILESOPEDIA-logo-cmjn-black-V3@4x.png\",\"width\":1600,\"height\":261,\"caption\":\"Milesopedia Canada\"},\"image\":{\"@id\":\"https:\\\/\\\/milesopedia.com\\\/en\\\/#\\\/schema\\\/logo\\\/image\\\/\"},\"sameAs\":[\"https:\\\/\\\/www.facebook.com\\\/milesopedia\",\"https:\\\/\\\/x.com\\\/milesopedia\",\"https:\\\/\\\/www.linkedin.com\\\/company\\\/milesopedia\",\"https:\\\/\\\/www.tiktok.com\\\/@milesopedia\",\"https:\\\/\\\/www.youtube.com\\\/milesopedia\"]}]}<\/script>\n<!-- \/ Yoast SEO Premium plugin. -->","yoast_head_json":{"title":"Let's Work Together! | Milesopedia","description":"Do you want to reach tens of thousands of Canadians with your brand, services or products? Let's work together!","robots":{"index":"index","follow":"follow","max-snippet":"max-snippet:-1","max-image-preview":"max-image-preview:large","max-video-preview":"max-video-preview:-1"},"canonical":"https:\/\/milesopedia.com\/en\/working-together\/","og_locale":"en_US","og_type":"article","og_title":"Let's Work Together!","og_description":"Do you want to reach tens of thousands of Canadians with your brand, services or products? Let's work together!","og_url":"https:\/\/milesopedia.com\/en\/working-together\/","og_site_name":"Milesopedia","article_publisher":"https:\/\/www.facebook.com\/milesopedia","article_modified_time":"2026-04-01T18:31:59+00:00","og_image":[{"width":1024,"height":538,"url":"https:\/\/milesopedia.com\/wp-content\/uploads\/2025\/02\/Ordinateur-1024x538-01-ENG.jpg","type":"image\/jpeg"}],"twitter_card":"summary_large_image","twitter_site":"@milesopedia","schema":{"@context":"https:\/\/schema.org","@graph":[{"@type":"WebPage","@id":"https:\/\/milesopedia.com\/en\/working-together\/","url":"https:\/\/milesopedia.com\/en\/working-together\/","name":"Let's Work Together! | Milesopedia","isPartOf":{"@id":"https:\/\/milesopedia.com\/en\/#website"},"primaryImageOfPage":{"@id":"https:\/\/milesopedia.com\/en\/working-together\/#primaryimage"},"image":{"@id":"https:\/\/milesopedia.com\/en\/working-together\/#primaryimage"},"thumbnailUrl":"https:\/\/milesopedia.com\/wp-content\/uploads\/2025\/02\/Ordinateur-1024x538-01-ENG.jpg","datePublished":"2021-06-15T11:48:00+00:00","dateModified":"2026-04-01T18:31:59+00:00","description":"Do you want to reach tens of thousands of Canadians with your brand, services or products? Let's work together!","inLanguage":"en-CA","potentialAction":[{"@type":"ReadAction","target":["https:\/\/milesopedia.com\/en\/working-together\/"]}]},{"@type":"ImageObject","inLanguage":"en-CA","@id":"https:\/\/milesopedia.com\/en\/working-together\/#primaryimage","url":"https:\/\/milesopedia.com\/wp-content\/uploads\/2025\/02\/Ordinateur-1024x538-01-ENG.jpg","contentUrl":"https:\/\/milesopedia.com\/wp-content\/uploads\/2025\/02\/Ordinateur-1024x538-01-ENG.jpg","width":1024,"height":538,"caption":"Let's Work Together - Milesopedia Computer"},{"@type":"WebSite","@id":"https:\/\/milesopedia.com\/en\/#website","url":"https:\/\/milesopedia.com\/en\/","name":"Milesopedia","description":"Programmes de fid\u00e9lit\u00e9 et cartes de cr\u00e9dit au Canada","publisher":{"@id":"https:\/\/milesopedia.com\/en\/#organization"},"potentialAction":[{"@type":"SearchAction","target":{"@type":"EntryPoint","urlTemplate":"https:\/\/milesopedia.com\/en\/?s={search_term_string}"},"query-input":{"@type":"PropertyValueSpecification","valueRequired":true,"valueName":"search_term_string"}}],"inLanguage":"en-CA"},{"@type":"Organization","@id":"https:\/\/milesopedia.com\/en\/#organization","name":"Milesopedia Canada","alternateName":"Milesopedia","url":"https:\/\/milesopedia.com\/en\/","logo":{"@type":"ImageObject","inLanguage":"en-CA","@id":"https:\/\/milesopedia.com\/en\/#\/schema\/logo\/image\/","url":"https:\/\/milesopedia.com\/wp-content\/uploads\/2023\/01\/MILESOPEDIA-logo-cmjn-black-V3@4x.png","contentUrl":"https:\/\/milesopedia.com\/wp-content\/uploads\/2023\/01\/MILESOPEDIA-logo-cmjn-black-V3@4x.png","width":1600,"height":261,"caption":"Milesopedia Canada"},"image":{"@id":"https:\/\/milesopedia.com\/en\/#\/schema\/logo\/image\/"},"sameAs":["https:\/\/www.facebook.com\/milesopedia","https:\/\/x.com\/milesopedia","https:\/\/www.linkedin.com\/company\/milesopedia","https:\/\/www.tiktok.com\/@milesopedia","https:\/\/www.youtube.com\/milesopedia"]}]}},"_links":{"self":[{"href":"https:\/\/milesopedia.com\/en\/wp-json\/wp\/v2\/pages\/148972","targetHints":{"allow":["GET"]}}],"collection":[{"href":"https:\/\/milesopedia.com\/en\/wp-json\/wp\/v2\/pages"}],"about":[{"href":"https:\/\/milesopedia.com\/en\/wp-json\/wp\/v2\/types\/page"}],"author":[{"embeddable":true,"href":"https:\/\/milesopedia.com\/en\/wp-json\/wp\/v2\/users\/3"}],"replies":[{"embeddable":true,"href":"https:\/\/milesopedia.com\/en\/wp-json\/wp\/v2\/comments?post=148972"}],"version-history":[{"count":18,"href":"https:\/\/milesopedia.com\/en\/wp-json\/wp\/v2\/pages\/148972\/revisions"}],"predecessor-version":[{"id":490548,"href":"https:\/\/milesopedia.com\/en\/wp-json\/wp\/v2\/pages\/148972\/revisions\/490548"}],"wp:featuredmedia":[{"embeddable":true,"href":"https:\/\/milesopedia.com\/en\/wp-json\/wp\/v2\/media\/431974"}],"wp:attachment":[{"href":"https:\/\/milesopedia.com\/en\/wp-json\/wp\/v2\/media?parent=148972"}],"wp:term":[{"taxonomy":"post_tag","embeddable":true,"href":"https:\/\/milesopedia.com\/en\/wp-json\/wp\/v2\/tags?post=148972"},{"taxonomy":"mc_loyalty_program","embeddable":true,"href":"https:\/\/milesopedia.com\/en\/wp-json\/wp\/v2\/mc_loyalty_program?post=148972"}],"curies":[{"name":"wp","href":"https:\/\/api.w.org\/{rel}","templated":true}]}}